{"id":28371,"date":"2021-06-08T12:13:03","date_gmt":"2021-06-08T10:13:03","guid":{"rendered":"https:\/\/www.climatecoating.com\/domaines-dapplication\/batir-et-vivre\/"},"modified":"2026-02-16T09:49:21","modified_gmt":"2026-02-16T08:49:21","slug":"batir-et-vivre","status":"publish","type":"page","link":"https:\/\/www.climatecoating.com\/fr\/domaines-dapplication\/batir-et-vivre\/","title":{"rendered":"B\u00e2tir et vivre"},"content":{"rendered":"<div class=\"wpb-content-wrapper\"><p>[vc_row row_type=&#8221;row&#8221; use_row_as_full_screen_section=&#8221;no&#8221; type=&#8221;full_width&#8221; text_align=&#8221;left&#8221; background_animation=&#8221;none&#8221; padding_bottom=&#8221;45&#8243; css_animation=&#8221;&#8221;][vc_column][vc_single_image image=&#8221;56248&#8243; img_size=&#8221;full&#8221; css=&#8221;.vc_custom_1762170199058{padding-bottom: 30px !important;}&#8221; qode_css_animation=&#8221;&#8221;][vc_column_text]<\/p>\n<h1>B\u00e2tir et vivre<\/h1>\n<p>[\/vc_column_text][vc_column_text css=&#8221;.vc_custom_1771231055953{padding-bottom: 30px !important;}&#8221;]<\/p>\n<p data-start=\"109\" data-end=\"204\"><span style=\"font-size: 20px;\">Avec ClimateCoating<sup>\u00ae<\/sup> \u2013 Climat int\u00e9rieur sain. \u00c9conomies d\u2019\u00e9nergie. Surfaces durables.<\/span><\/p>\n<p data-start=\"206\" data-end=\"703\">Imaginez un foyer confortable, sain et \u00e9conome en \u00e9nergie \u00e0 tous points de vue \u2013 c\u2019est exactement ce que permet ClimateCoating<sup>\u00ae<\/sup>. Nos rev\u00eatements fonctionnels r\u00e9duisent <em>les pertes de chaleur, diminuent de mani\u00e8re significative les co\u00fbts de chauffage et d\u2019\u00e9nergie<\/em>, et cr\u00e9ent un <em>climat int\u00e9rieur agr\u00e9able et sain<\/em> gr\u00e2ce \u00e0 des temp\u00e9ratures de surface plus \u00e9lev\u00e9es. Les surfaces durables maintiennent votre maison en parfait \u00e9tat pendant des ann\u00e9es, rendant <em>les r\u00e9novations co\u00fbteuses moins fr\u00e9quentes<\/em>. La r\u00e9partition uniforme de la temp\u00e9rature garantit que chaque pi\u00e8ce est confortable \u2013 du salon \u00e0 la chambre. Que ce soit un appartement en location ou une maison individuelle, une construction neuve ou une r\u00e9novation, ClimateCoating<sup>\u00ae<\/sup> peut \u00eatre appliqu\u00e9 facilement sur tous les supports \u2013 <em>sans travaux de construction complexes<\/em>. Avec <em>un seul rev\u00eatement<\/em>, vous combinez <em>confort, efficacit\u00e9 \u00e9conomique et habitat durable<\/em> \u2013 pour une maison o\u00f9 vous vous sentez parfaitement \u00e0 l\u2019aise.<\/p>\n<p>[\/vc_column_text][vc_row_inner row_type=&#8221;row&#8221; type=&#8221;full_width&#8221; use_row_as_full_screen_section_slide=&#8221;no&#8221; text_align=&#8221;left&#8221; css_animation=&#8221;&#8221;][vc_column_inner width=&#8221;1\/4&#8243;][vc_column_text]APPLICATIONS<br \/>\nINT\u00c9RIEUR[\/vc_column_text][vc_gallery interval=&#8221;3&#8243; images=&#8221;62458,29235,63865&#8243; img_size=&#8221;full&#8221; onclick=&#8221;&#8221; css=&#8221;&#8221; el_class=&#8221;flex-noarrows&#8221;][vc_separator type=&#8221;small&#8221; position=&#8221;left&#8221; border_style=&#8221;&#8221; up=&#8221;18&#8243; down=&#8221;20&#8243; color=&#8221;#d6202d&#8221;][vc_column_text css=&#8221;&#8221;]<a href=\"https:\/\/www.climatecoating.com\/fr\/domaines-dapplication\/protection-contre-les-moisissures\/\" target=\"_blank\" rel=\"noopener\">Protection contre les moisissures<\/a><\/p>\n<p>Hygi\u00e8ne des chambres<\/p>\n<p>Pr\u00e9vention des condensats<\/p>\n<p>R\u00e9gulation de l&#8217;humidit\u00e9<\/p>\n<p>Am\u00e9lioration du climat de la pi\u00e8ce<\/p>\n<p>Confort de vie<\/p>\n<p>Neutralit\u00e9 des odeurs<\/p>\n<p>R\u00e9sistance \u00e0 la salet\u00e9<\/p>\n<p>\u00c9conomie d&#8217;\u00e9nergie<\/p>\n<p>Stabilit\u00e9 de la couleur<\/p>\n<p>Am\u00e9lioration de l&#8217;acoustique<\/p>\n<p>\u00c9limination de la salet\u00e9 par photocatalyse<\/p>\n<p>\u00c9claircissement des pi\u00e8ces par r\u00e9flexion de la lumi\u00e8re<\/p>\n<p>Rafra\u00eechissement des carreaux de plafond<\/p>\n<p>Rev\u00eatement de protection pour la mousse de PU[\/vc_column_text][\/vc_column_inner][vc_column_inner width=&#8221;1\/4&#8243;][vc_column_text]APPLICATIONS<br \/>\nEXT\u00c9RIEUR[\/vc_column_text][vc_gallery interval=&#8221;3&#8243; images=&#8221;30521,30543,30537&#8243; img_size=&#8221;full&#8221; onclick=&#8221;&#8221; css=&#8221;&#8221; el_class=&#8221;flex-noarrows&#8221;][vc_separator type=&#8221;small&#8221; position=&#8221;left&#8221; border_style=&#8221;&#8221; up=&#8221;18&#8243; down=&#8221;20&#8243; color=&#8221;#d6202d&#8221;][vc_column_text]\u00c9conomie d&#8217;\u00e9nergie<\/p>\n<p>Long\u00e9vit\u00e9<\/p>\n<p>Sans fissures<\/p>\n<p>Robustesse<\/p>\n<p>Repousse la salet\u00e9<\/p>\n<p>Gestion de l&#8217;humidit\u00e9<\/p>\n<p>Ignifugation<\/p>\n<p>D\u00e9shumidification douce des fa\u00e7ades historiques<\/p>\n<p>Conservation de la valeur des fa\u00e7ades historiques<\/p>\n<p>Rev\u00eatement de protection pour la mousse de PU[\/vc_column_text][\/vc_column_inner][vc_column_inner width=&#8221;1\/4&#8243;][vc_column_text]APPLICATIONS<br \/>\nTOITURE[\/vc_column_text][vc_gallery interval=&#8221;3&#8243; images=&#8221;27747,27807,27846&#8243; img_size=&#8221;full&#8221; onclick=&#8221;&#8221; css=&#8221;&#8221; el_class=&#8221;flex-noarrows&#8221;][vc_separator type=&#8221;small&#8221; position=&#8221;left&#8221; border_style=&#8221;&#8221; up=&#8221;18&#8243; down=&#8221;20&#8243; color=&#8221;#d6202d&#8221;][vc_column_text css=&#8221;&#8221;]<a href=\"https:\/\/www.climatecoating.com\/fr\/domaines-dapplication\/refroidissement-et-reduction-des-couts-de-refroidissement\/\" target=\"_blank\" rel=\"noopener\">Refroidissement et r\u00e9duction des co\u00fbts de refroidissement<\/a><\/p>\n<p>Protection contre les intemp\u00e9ries<\/p>\n<p>\u00c9tanch\u00e9it\u00e9<\/p>\n<p>D\u00e9tente thermique[\/vc_column_text][\/vc_column_inner][vc_column_inner width=&#8221;1\/4&#8243;][vc_column_text]APPLICATIONS<br \/>\nBOIS[\/vc_column_text][vc_gallery interval=&#8221;3&#8243; images=&#8221;30743,30741,30745&#8243; img_size=&#8221;full&#8221; onclick=&#8221;&#8221; css=&#8221;&#8221; el_class=&#8221;flex-noarrows&#8221;][vc_separator type=&#8221;small&#8221; position=&#8221;left&#8221; border_style=&#8221;&#8221; up=&#8221;18&#8243; down=&#8221;20&#8243; color=&#8221;#d6202d&#8221;][vc_column_text]Protection \u00e0 long terme du bois contre les intemp\u00e9ries[\/vc_column_text][\/vc_column_inner][\/vc_row_inner][\/vc_column][\/vc_row][vc_row row_type=&#8221;row&#8221; use_row_as_full_screen_section=&#8221;no&#8221; type=&#8221;full_width&#8221; text_align=&#8221;left&#8221; background_animation=&#8221;none&#8221; css_animation=&#8221;&#8221;][vc_column][\/vc_column][\/vc_row]<\/p>\n<\/div>","protected":false},"excerpt":{"rendered":"B\u00e2tir et vivre Avec ClimateCoating\u00ae \u2013 Climat int\u00e9rieur sain. \u00c9conomies d\u2019\u00e9nergie. Surfaces durables. Imaginez un foyer confortable, sain et \u00e9conome en \u00e9nergie \u00e0 tous points de vue \u2013 c\u2019est exactement ce que permet ClimateCoating\u00ae. Nos rev\u00eatements fonctionnels r\u00e9duisent les pertes de chaleur, diminuent de mani\u00e8re...","protected":false},"author":1,"featured_media":0,"parent":27739,"menu_order":105,"comment_status":"closed","ping_status":"closed","template":"","meta":{"footnotes":""},"class_list":["post-28371","page","type-page","status-publish","hentry"],"_links":{"self":[{"href":"https:\/\/www.climatecoating.com\/fr\/wp-json\/wp\/v2\/pages\/28371","targetHints":{"allow":["GET"]}}],"collection":[{"href":"https:\/\/www.climatecoating.com\/fr\/wp-json\/wp\/v2\/pages"}],"about":[{"href":"https:\/\/www.climatecoating.com\/fr\/wp-json\/wp\/v2\/types\/page"}],"author":[{"embeddable":true,"href":"https:\/\/www.climatecoating.com\/fr\/wp-json\/wp\/v2\/users\/1"}],"replies":[{"embeddable":true,"href":"https:\/\/www.climatecoating.com\/fr\/wp-json\/wp\/v2\/comments?post=28371"}],"version-history":[{"count":9,"href":"https:\/\/www.climatecoating.com\/fr\/wp-json\/wp\/v2\/pages\/28371\/revisions"}],"predecessor-version":[{"id":63869,"href":"https:\/\/www.climatecoating.com\/fr\/wp-json\/wp\/v2\/pages\/28371\/revisions\/63869"}],"up":[{"embeddable":true,"href":"https:\/\/www.climatecoating.com\/fr\/wp-json\/wp\/v2\/pages\/27739"}],"wp:attachment":[{"href":"https:\/\/www.climatecoating.com\/fr\/wp-json\/wp\/v2\/media?parent=28371"}],"curies":[{"name":"wp","href":"https:\/\/api.w.org\/{rel}","templated":true}]}}