{"id":28458,"date":"2021-06-08T12:13:09","date_gmt":"2021-06-08T10:13:09","guid":{"rendered":"https:\/\/www.climatecoating.com\/domaines-dapplication\/industrie-alimentaire\/"},"modified":"2026-02-16T10:47:32","modified_gmt":"2026-02-16T09:47:32","slug":"industrie-alimentaire","status":"publish","type":"page","link":"https:\/\/www.climatecoating.com\/fr\/domaines-dapplication\/industrie-alimentaire\/","title":{"rendered":"Industrie alimentaire"},"content":{"rendered":"<div class=\"wpb-content-wrapper\"><p>[vc_row row_type=&#8221;row&#8221; use_row_as_full_screen_section=&#8221;no&#8221; type=&#8221;full_width&#8221; text_align=&#8221;left&#8221; background_animation=&#8221;none&#8221; padding_bottom=&#8221;45&#8243; css_animation=&#8221;&#8221;][vc_column][vc_single_image image=&#8221;30717&#8243; img_size=&#8221;full&#8221; css=&#8221;.vc_custom_1605018080810{padding-bottom: 30px !important;}&#8221; qode_css_animation=&#8221;&#8221;][vc_column_text]<\/p>\n<h1>Industrie alimentaire<\/h1>\n<p>[\/vc_column_text][vc_column_text css=&#8221;.vc_custom_1771235226265{padding-bottom: 30px !important;}&#8221;]<span style=\"font-size: 20px;\">Avec ClimateCoating<sup>\u00ae<\/sup><sup>\u00a0<\/sup><\/span><span style=\"font-size: 20px;\">&#8211; Un niveau d&#8217;hygi\u00e8ne \u00e9lev\u00e9. R\u00e9duction des co\u00fbts de refroidissement. R\u00e9sistance des surfaces. <\/span><\/p>\n<p>Dans l&#8217;industrie alimentaire, l&#8217;hygi\u00e8ne est une priorit\u00e9 absolue &#8211; toutes les surfaces doivent r\u00e9sister aux exigences les plus strictes en mati\u00e8re de nettoyage et de d\u00e9sinfection. Les peintures fonctionnelles ClimateCoating<sup>\u00ae<\/sup> vous aident \u00e0 <em>respecter ces normes de mani\u00e8re fiable<\/em>. Elles r\u00e9duisent la formation de salet\u00e9 et d&#8217;humidit\u00e9 et facilitent le nettoyage. En m\u00eame temps, elles contribuent \u00e0 <em>r\u00e9duire les co\u00fbts de refroidissement et d&#8217;\u00e9nergie \u00e0 long terme<\/em> en minimisant les pertes de chaleur et en r\u00e9duisant la consommation d&#8217;\u00e9lectricit\u00e9. Nos rev\u00eatements durables r\u00e9sistent aux d\u00e9tergents agressifs, \u00e0 l&#8217;humidit\u00e9 et aux temp\u00e9ratures extr\u00eames, permettant ainsi <em>des op\u00e9rations s\u00fbres, propres et efficaces sur le plan \u00e9nerg\u00e9tique<\/em>. Demandez conseil et d\u00e9couvrez comment ClimateCoating<sup>\u00ae<\/sup> peut <em>rendre votre entreprise durablement plus hygi\u00e9nique et plus rentable.<\/em>[\/vc_column_text][vc_row_inner row_type=&#8221;row&#8221; type=&#8221;full_width&#8221; use_row_as_full_screen_section_slide=&#8221;no&#8221; text_align=&#8221;left&#8221; css_animation=&#8221;&#8221;][vc_column_inner width=&#8221;1\/2&#8243;][vc_column_text]HYGI\u00c8NE[\/vc_column_text][vc_gallery interval=&#8221;3&#8243; images=&#8221;29235,30731,29256&#8243; img_size=&#8221;full&#8221; onclick=&#8221;&#8221; css=&#8221;&#8221; el_class=&#8221;flex-noarrows&#8221;][vc_separator type=&#8221;small&#8221; position=&#8221;left&#8221; border_style=&#8221;&#8221; up=&#8221;18&#8243; down=&#8221;20&#8243; color=&#8221;#d6202d&#8221;][vc_column_text css=&#8221;&#8221;]<a href=\"https:\/\/www.climatecoating.com\/fr\/domaines-dapplication\/protection-contre-les-moisissures\/\" target=\"_blank\" rel=\"noopener\">Protection contre les moisissures<\/a><\/p>\n<p>Hygi\u00e8ne des chambres<\/p>\n<p>Pr\u00e9vention des condensats<\/p>\n<p>R\u00e9gulation de l&#8217;humidit\u00e9<\/p>\n<p>Neutralit\u00e9 des odeurs<\/p>\n<p>R\u00e9sistance \u00e0 la salet\u00e9<\/p>\n<p>\u00c9conomie d&#8217;\u00e9nergie<\/p>\n<p>\u00c9limination de la salet\u00e9 par photocatalyse<\/p>\n<p>\u00c9claircissement des pi\u00e8ces par r\u00e9flexion de la lumi\u00e8re<\/p>\n<p>Rafra\u00eechissement des carreaux de plafond[\/vc_column_text][\/vc_column_inner][vc_column_inner width=&#8221;1\/2&#8243;][vc_column_text]REFROIDISSEMENT DES B\u00c2TIMENTS[\/vc_column_text][vc_gallery interval=&#8221;3&#8243; images=&#8221;27747,30521,29387&#8243; img_size=&#8221;full&#8221; onclick=&#8221;&#8221; css=&#8221;&#8221; el_class=&#8221;flex-noarrows&#8221;][vc_separator type=&#8221;small&#8221; position=&#8221;left&#8221; border_style=&#8221;&#8221; up=&#8221;18&#8243; down=&#8221;20&#8243; color=&#8221;#d6202d&#8221;][vc_column_text]\u00c9conomie d&#8217;\u00e9nergie<\/p>\n<p>Long\u00e9vit\u00e9<\/p>\n<p>Sans fissures<\/p>\n<p>Robustesse<\/p>\n<p>Repousse la salet\u00e9<\/p>\n<p>Gestion de l&#8217;humidit\u00e9<\/p>\n<p>Ignifugation<\/p>\n<p>Refroidissement et r\u00e9duction des co\u00fbts de refroidissement<\/p>\n<p>Protection contre les intemp\u00e9ries<\/p>\n<p>\u00c9tanch\u00e9it\u00e9<\/p>\n<p>D\u00e9tente thermique[\/vc_column_text][\/vc_column_inner][\/vc_row_inner][\/vc_column][\/vc_row][vc_row row_type=&#8221;row&#8221; use_row_as_full_screen_section=&#8221;no&#8221; type=&#8221;full_width&#8221; text_align=&#8221;left&#8221; background_animation=&#8221;none&#8221; css_animation=&#8221;&#8221;][vc_column][\/vc_column][\/vc_row]<\/p>\n<\/div>","protected":false},"excerpt":{"rendered":"Industrie alimentaire Avec ClimateCoating\u00ae\u00a0- Un niveau d'hygi\u00e8ne \u00e9lev\u00e9. R\u00e9duction des co\u00fbts de refroidissement. R\u00e9sistance des surfaces. Dans l'industrie alimentaire, l'hygi\u00e8ne est une priorit\u00e9 absolue - toutes les surfaces doivent r\u00e9sister aux exigences les plus strictes en mati\u00e8re de nettoyage et de d\u00e9sinfection. Les peintures fonctionnelles...","protected":false},"author":1,"featured_media":0,"parent":27739,"menu_order":115,"comment_status":"closed","ping_status":"closed","template":"","meta":{"footnotes":""},"class_list":["post-28458","page","type-page","status-publish","hentry"],"_links":{"self":[{"href":"https:\/\/www.climatecoating.com\/fr\/wp-json\/wp\/v2\/pages\/28458","targetHints":{"allow":["GET"]}}],"collection":[{"href":"https:\/\/www.climatecoating.com\/fr\/wp-json\/wp\/v2\/pages"}],"about":[{"href":"https:\/\/www.climatecoating.com\/fr\/wp-json\/wp\/v2\/types\/page"}],"author":[{"embeddable":true,"href":"https:\/\/www.climatecoating.com\/fr\/wp-json\/wp\/v2\/users\/1"}],"replies":[{"embeddable":true,"href":"https:\/\/www.climatecoating.com\/fr\/wp-json\/wp\/v2\/comments?post=28458"}],"version-history":[{"count":6,"href":"https:\/\/www.climatecoating.com\/fr\/wp-json\/wp\/v2\/pages\/28458\/revisions"}],"predecessor-version":[{"id":63907,"href":"https:\/\/www.climatecoating.com\/fr\/wp-json\/wp\/v2\/pages\/28458\/revisions\/63907"}],"up":[{"embeddable":true,"href":"https:\/\/www.climatecoating.com\/fr\/wp-json\/wp\/v2\/pages\/27739"}],"wp:attachment":[{"href":"https:\/\/www.climatecoating.com\/fr\/wp-json\/wp\/v2\/media?parent=28458"}],"curies":[{"name":"wp","href":"https:\/\/api.w.org\/{rel}","templated":true}]}}