{"id":28476,"date":"2021-06-08T12:13:11","date_gmt":"2021-06-08T10:13:11","guid":{"rendered":"https:\/\/www.climatecoating.com\/domaines-dapplication\/jardin-et-loisirs\/"},"modified":"2026-02-16T11:36:46","modified_gmt":"2026-02-16T10:36:46","slug":"jardin-et-loisirs","status":"publish","type":"page","link":"https:\/\/www.climatecoating.com\/fr\/domaines-dapplication\/jardin-et-loisirs\/","title":{"rendered":"Jardin et loisirs"},"content":{"rendered":"<div class=\"wpb-content-wrapper\"><p>[vc_row row_type=&#8221;row&#8221; use_row_as_full_screen_section=&#8221;no&#8221; type=&#8221;full_width&#8221; text_align=&#8221;left&#8221; background_animation=&#8221;none&#8221; padding_bottom=&#8221;45&#8243; css_animation=&#8221;&#8221;][vc_column][vc_single_image image=&#8221;30709&#8243; img_size=&#8221;full&#8221; css=&#8221;.vc_custom_1605018940325{padding-bottom: 30px !important;}&#8221; qode_css_animation=&#8221;&#8221;][vc_column_text]<\/p>\n<h1>Jardin et loisirs<\/h1>\n<p>[\/vc_column_text][vc_column_text css=&#8221;.vc_custom_1771238195701{padding-bottom: 30px !important;}&#8221;]<span style=\"font-size: 20px;\">Avec ClimateCoating<sup>\u00ae<\/sup> \u2013 Protection du bois. R\u00e9sistance aux UV. Protection de surface.<\/span><\/p>\n<p>Avec le syst\u00e8me de rev\u00eatement de haute technologie pour les \u00e9l\u00e9ments en bois ext\u00e9rieurs, ClimateCoating<sup>\u00ae<\/sup> r\u00e9ussit l\u00e0 o\u00f9 d&#8217;autres \u00e9chouent : une protection \u00e0 long terme sup\u00e9rieure \u00e0 la moyenne qui ne s&#8217;\u00e9caille pas. Une transformation parfaite pour la pergola, la cl\u00f4ture et la cabane de jardin.<\/p>\n<p><strong>Le plus beau mat\u00e9riau du monde <\/strong><br \/>\nAucun autre mat\u00e9riau ne combine autant d&#8217;avantages en termes de diversit\u00e9, de design, de fonctionnalit\u00e9, d&#8217;\u00e9motion, d&#8217;\u00e9cologie et de qualit\u00e9 de vie que le bois. Le bois est le mat\u00e9riau de construction le plus ancien et le plus naturel connu de l&#8217;homme. Mais comme le bois est tr\u00e8s vivant, il r\u00e9agit de mani\u00e8re sensible aux influences climatiques telles que l&#8217;humidit\u00e9, les rayons UV, la pollution atmosph\u00e9rique ainsi que les champignons, les parasites et les insectes. Le bois a donc besoin d&#8217;un entretien r\u00e9gulier afin de conserver sa beaut\u00e9 et sa fonction \u00e0 long terme.<\/p>\n<p><strong>Exemples d&#8217;application<br \/>\n<\/strong>Nous vous proposons des rev\u00eatements opaques et vitrifi\u00e9s pour tous les \u00e9l\u00e9ments ext\u00e9rieurs en bois \u00e0 stabilit\u00e9 dimensionnelle limit\u00e9e et \u00e0 stabilit\u00e9 non dimensionnelle. Prot\u00e9ger et embellir, par exemple, les planches \u00e0 rainure et languette, les fermes, les volets, les parapets de balcon, les bardeaux, les pergolas et les cl\u00f4tures. Vous voulez en savoir plus ? Jetez un coup d&#8217;\u0153il \u00e0 ces <a href=\"https:\/\/www.climatecoating.com\/fr\/references\/maison-en-bois\/\" target=\"_blank\" rel=\"noopener\">projets<\/a> ou envoyez-nous votre <a href=\"https:\/\/www.climatecoating.com\/fr\/produkt\/nature\/\" target=\"_blank\" rel=\"noopener\">demande de renseignements sur ClimateCoating<sup>\u00ae<\/sup> &#8211; Nature .<\/a>[\/vc_column_text][vc_row_inner row_type=&#8221;row&#8221; type=&#8221;full_width&#8221; use_row_as_full_screen_section_slide=&#8221;no&#8221; text_align=&#8221;left&#8221; css_animation=&#8221;&#8221;][vc_column_inner width=&#8221;1\/4&#8243;][vc_column_text]PROTECTION DU BOIS COLOR\u00c9[\/vc_column_text][vc_gallery interval=&#8221;3&#8243; images=&#8221;30743,30741,30745&#8243; img_size=&#8221;full&#8221; onclick=&#8221;&#8221; el_class=&#8221;flex-noarrows&#8221;][vc_separator type=&#8221;small&#8221; position=&#8221;left&#8221; border_style=&#8221;&#8221; up=&#8221;18&#8243; down=&#8221;20&#8243; color=&#8221;#d6202d&#8221;][\/vc_column_inner][vc_column_inner width=&#8221;3\/4&#8243;][\/vc_column_inner][\/vc_row_inner][vc_column_text]Protection \u00e0 long terme du bois contre les intemp\u00e9ries[\/vc_column_text][\/vc_column][\/vc_row][vc_row row_type=&#8221;row&#8221; use_row_as_full_screen_section=&#8221;no&#8221; type=&#8221;full_width&#8221; text_align=&#8221;left&#8221; background_animation=&#8221;none&#8221; css_animation=&#8221;&#8221;][vc_column][\/vc_column][\/vc_row]<\/p>\n<\/div>","protected":false},"excerpt":{"rendered":"Jardin et loisirs Avec ClimateCoating\u00ae \u2013 Protection du bois. R\u00e9sistance aux UV. Protection de surface. Avec le syst\u00e8me de rev\u00eatement de haute technologie pour les \u00e9l\u00e9ments en bois ext\u00e9rieurs, ClimateCoating\u00ae r\u00e9ussit l\u00e0 o\u00f9 d'autres \u00e9chouent : une protection \u00e0 long terme sup\u00e9rieure \u00e0 la moyenne...","protected":false},"author":1,"featured_media":0,"parent":27739,"menu_order":135,"comment_status":"closed","ping_status":"closed","template":"","meta":{"footnotes":""},"class_list":["post-28476","page","type-page","status-publish","hentry"],"_links":{"self":[{"href":"https:\/\/www.climatecoating.com\/fr\/wp-json\/wp\/v2\/pages\/28476","targetHints":{"allow":["GET"]}}],"collection":[{"href":"https:\/\/www.climatecoating.com\/fr\/wp-json\/wp\/v2\/pages"}],"about":[{"href":"https:\/\/www.climatecoating.com\/fr\/wp-json\/wp\/v2\/types\/page"}],"author":[{"embeddable":true,"href":"https:\/\/www.climatecoating.com\/fr\/wp-json\/wp\/v2\/users\/1"}],"replies":[{"embeddable":true,"href":"https:\/\/www.climatecoating.com\/fr\/wp-json\/wp\/v2\/comments?post=28476"}],"version-history":[{"count":5,"href":"https:\/\/www.climatecoating.com\/fr\/wp-json\/wp\/v2\/pages\/28476\/revisions"}],"predecessor-version":[{"id":63937,"href":"https:\/\/www.climatecoating.com\/fr\/wp-json\/wp\/v2\/pages\/28476\/revisions\/63937"}],"up":[{"embeddable":true,"href":"https:\/\/www.climatecoating.com\/fr\/wp-json\/wp\/v2\/pages\/27739"}],"wp:attachment":[{"href":"https:\/\/www.climatecoating.com\/fr\/wp-json\/wp\/v2\/media?parent=28476"}],"curies":[{"name":"wp","href":"https:\/\/api.w.org\/{rel}","templated":true}]}}