{"id":28496,"date":"2021-06-08T12:13:14","date_gmt":"2021-06-08T10:13:14","guid":{"rendered":"https:\/\/www.climatecoating.com\/domaines-dapplication\/hotellerie-et-gastronomie\/"},"modified":"2026-02-17T11:09:53","modified_gmt":"2026-02-17T10:09:53","slug":"hotellerie-et-gastronomie","status":"publish","type":"page","link":"https:\/\/www.climatecoating.com\/fr\/domaines-dapplication\/hotellerie-et-gastronomie\/","title":{"rendered":"H\u00f4tellerie et restauration"},"content":{"rendered":"<div class=\"wpb-content-wrapper\"><p>[vc_row row_type=&#8221;row&#8221; use_row_as_full_screen_section=&#8221;no&#8221; type=&#8221;full_width&#8221; text_align=&#8221;left&#8221; background_animation=&#8221;none&#8221; padding_bottom=&#8221;45&#8243; css_animation=&#8221;&#8221;][vc_column][vc_single_image image=&#8221;30713&#8243; img_size=&#8221;full&#8221; css=&#8221;.vc_custom_1605019224314{padding-bottom: 30px !important;}&#8221; qode_css_animation=&#8221;&#8221;][vc_column_text]<\/p>\n<h1>H\u00f4tellerie et restauration<\/h1>\n<p>[\/vc_column_text][vc_column_text css=&#8221;.vc_custom_1771322960345{padding-bottom: 30px !important;}&#8221;]<span style=\"font-size: 20px;\">Avec ClimateCoating<sup>\u00ae<\/sup><sup>\u00a0<\/sup><\/span><span style=\"font-size: 20px;\">&#8211; Surfaces hygi\u00e9niques. Confort de l&#8217;espace. \u00c9conomie d&#8217;\u00e9nergie. <\/span><\/p>\n<p>Dans les h\u00f4tels et les \u00e9tablissements de restauration, tous les espaces doivent r\u00e9pondre aux exigences les plus \u00e9lev\u00e9es : Des surfaces propres et hygi\u00e9niques aux rev\u00eatements durables et r\u00e9sistants, en passant par un climat int\u00e9rieur agr\u00e9able, tout est requis. Les peintures fonctionnelles ClimateCoating<sup>\u00ae<\/sup> r\u00e9pondent de mani\u00e8re fiable \u00e0 ces exigences : elles <em>facilitent le nettoyage<\/em> des surfaces fortement sollicit\u00e9es, <em>stabilisent l&#8217;aspect des couleurs<\/em>,<em> \u00e9quilibrent la temp\u00e9rature ambiante<\/em> et <em>prot\u00e8gent les murs, les plafonds et les surfaces contre l&#8217;usure.<\/em><\/p>\n<p>M\u00eame dans les zones tr\u00e8s fr\u00e9quent\u00e9es comme les cuisines, les couloirs, les salles de bains ou les zones de service, les espaces restent soign\u00e9s et accueillants. <em>Les intervalles de r\u00e9novation et d&#8217;entretien sont allong\u00e9s<\/em>, l&#8217;entretien est r\u00e9duit et la <em>satisfaction des clients<\/em> augmente. Gr\u00e2ce \u00e0 leur polyvalence, les peintures fonctionnent sur tous les supports muraux, qu&#8217;il s&#8217;agisse de nouvelles constructions, de b\u00e2timents anciens ou de chambres \u00e0 r\u00e9nover, et elles ne n\u00e9cessitent pas de travaux de construction co\u00fbteux. Ainsi, ClimateCoating<sup>\u00ae<\/sup> aide les h\u00f4tels et les \u00e9tablissements de restauration \u00e0 cr\u00e9er des espaces qui sont \u00e0 <em>la fois hygi\u00e9niques, confortables, faciles \u00e0 entretenir et \u00e9conomiques<\/em> &#8211; de la chambre d&#8217;h\u00f4tes \u00e0 la salle de restaurant et aux zones de service.[\/vc_column_text][vc_row_inner row_type=&#8221;row&#8221; type=&#8221;full_width&#8221; use_row_as_full_screen_section_slide=&#8221;no&#8221; text_align=&#8221;left&#8221; css_animation=&#8221;&#8221;][vc_column_inner width=&#8221;1\/4&#8243;][vc_column_text]APPLICATIONS<br \/>\nINT\u00c9RIEUR[\/vc_column_text][vc_gallery interval=&#8221;3&#8243; images=&#8221;29235,30731,62458,62459&#8243; img_size=&#8221;full&#8221; onclick=&#8221;&#8221; css=&#8221;&#8221; el_class=&#8221;flex-noarrows&#8221;][vc_separator type=&#8221;small&#8221; position=&#8221;left&#8221; border_style=&#8221;&#8221; up=&#8221;18&#8243; down=&#8221;20&#8243; color=&#8221;#d6202d&#8221;][vc_column_text]Hygi\u00e8ne des locaux et protection contre les moisissures<\/p>\n<p>Pr\u00e9vention de la condensation et r\u00e9gulation de l&#8217;humidit\u00e9<\/p>\n<p>Am\u00e9lioration du climat int\u00e9rieur et du confort de vie<\/p>\n<p>R\u00e9sistance \u00e0 la salet\u00e9 et photocatalyse<\/p>\n<p>\u00c9conomie d&#8217;\u00e9nergie et efficacit\u00e9 \u00e9conomique<\/p>\n<p>Rafra\u00eechissement des carreaux de plafond<\/p>\n<p>\u00c9claircissement des pi\u00e8ces par r\u00e9flexion de la lumi\u00e8re<\/p>\n<p>Rev\u00eatement de protection pour la mousse de PU[\/vc_column_text][\/vc_column_inner][vc_column_inner width=&#8221;1\/4&#8243;][vc_column_text]APPLICATIONS<br \/>\nEXT\u00c9RIEUR[\/vc_column_text][vc_gallery interval=&#8221;3&#8243; images=&#8221;30531,30541,30545&#8243; img_size=&#8221;full&#8221; onclick=&#8221;&#8221; css=&#8221;&#8221; el_class=&#8221;flex-noarrows&#8221;][vc_separator type=&#8221;small&#8221; position=&#8221;left&#8221; border_style=&#8221;&#8221; up=&#8221;18&#8243; down=&#8221;20&#8243; color=&#8221;#d6202d&#8221;][vc_column_text]Am\u00e9lioration du bilan \u00e9nerg\u00e9tique du b\u00e2timent<\/p>\n<p>Durabilit\u00e9, absence de fissures et robustesse<\/p>\n<p>R\u00e9duction de la croissance des algues, des mousses et des champignons.<\/p>\n<p>Gestion de l&#8217;humidit\u00e9 et r\u00e9gulation de la temp\u00e9rature<\/p>\n<p>Fa\u00e7ades historiques : D\u00e9shumidification douce et conservation de la valeur<\/p>\n<p>Ignifugation<\/p>\n<p>Rev\u00eatement de protection pour la mousse de PU[\/vc_column_text][\/vc_column_inner][vc_column_inner width=&#8221;1\/4&#8243;][vc_column_text]APPLICATIONS<br \/>\nTOITURE[\/vc_column_text][vc_gallery interval=&#8221;3&#8243; images=&#8221;30535,27807,27846&#8243; img_size=&#8221;full&#8221; onclick=&#8221;&#8221; css=&#8221;&#8221; el_class=&#8221;flex-noarrows&#8221;][vc_separator type=&#8221;small&#8221; position=&#8221;left&#8221; border_style=&#8221;&#8221; up=&#8221;18&#8243; down=&#8221;20&#8243; color=&#8221;#d6202d&#8221;][vc_column_text css=&#8221;&#8221;]<a href=\"https:\/\/www.climatecoating.com\/fr\/domaines-dapplication\/refroidissement-et-reduction-des-couts-de-refroidissement\/\" target=\"_blank\" rel=\"noopener\">Refroidissement et r\u00e9duction de la puissance de refroidissement<\/a><\/p>\n<p>Protection contre les intemp\u00e9ries et long\u00e9vit\u00e9<\/p>\n<p>\u00c9tanch\u00e9it\u00e9<\/p>\n<p>D\u00e9tente thermique[\/vc_column_text][\/vc_column_inner][vc_column_inner width=&#8221;1\/4&#8243;][vc_column_text]APPLICATIONS<br \/>\nBOIS[\/vc_column_text][vc_gallery interval=&#8221;3&#8243; images=&#8221;30743,30741,30745&#8243; img_size=&#8221;full&#8221; onclick=&#8221;&#8221; el_class=&#8221;flex-noarrows&#8221;][vc_separator type=&#8221;small&#8221; position=&#8221;left&#8221; border_style=&#8221;&#8221; up=&#8221;18&#8243; down=&#8221;20&#8243; color=&#8221;#d6202d&#8221;][vc_column_text]Protection \u00e0 long terme contre les intemp\u00e9ries[\/vc_column_text][\/vc_column_inner][\/vc_row_inner][\/vc_column][\/vc_row][vc_row row_type=&#8221;row&#8221; use_row_as_full_screen_section=&#8221;no&#8221; type=&#8221;full_width&#8221; text_align=&#8221;left&#8221; background_animation=&#8221;none&#8221; css_animation=&#8221;&#8221;][vc_column][\/vc_column][\/vc_row]<\/p>\n<\/div>","protected":false},"excerpt":{"rendered":"H\u00f4tellerie et restauration Avec ClimateCoating\u00ae\u00a0- Surfaces hygi\u00e9niques. Confort de l'espace. \u00c9conomie d'\u00e9nergie. Dans les h\u00f4tels et les \u00e9tablissements de restauration, tous les espaces doivent r\u00e9pondre aux exigences les plus \u00e9lev\u00e9es : Des surfaces propres et hygi\u00e9niques aux rev\u00eatements durables et r\u00e9sistants, en passant par un...","protected":false},"author":1,"featured_media":0,"parent":27739,"menu_order":150,"comment_status":"closed","ping_status":"closed","template":"","meta":{"footnotes":""},"class_list":["post-28496","page","type-page","status-publish","hentry"],"_links":{"self":[{"href":"https:\/\/www.climatecoating.com\/fr\/wp-json\/wp\/v2\/pages\/28496","targetHints":{"allow":["GET"]}}],"collection":[{"href":"https:\/\/www.climatecoating.com\/fr\/wp-json\/wp\/v2\/pages"}],"about":[{"href":"https:\/\/www.climatecoating.com\/fr\/wp-json\/wp\/v2\/types\/page"}],"author":[{"embeddable":true,"href":"https:\/\/www.climatecoating.com\/fr\/wp-json\/wp\/v2\/users\/1"}],"replies":[{"embeddable":true,"href":"https:\/\/www.climatecoating.com\/fr\/wp-json\/wp\/v2\/comments?post=28496"}],"version-history":[{"count":8,"href":"https:\/\/www.climatecoating.com\/fr\/wp-json\/wp\/v2\/pages\/28496\/revisions"}],"predecessor-version":[{"id":63976,"href":"https:\/\/www.climatecoating.com\/fr\/wp-json\/wp\/v2\/pages\/28496\/revisions\/63976"}],"up":[{"embeddable":true,"href":"https:\/\/www.climatecoating.com\/fr\/wp-json\/wp\/v2\/pages\/27739"}],"wp:attachment":[{"href":"https:\/\/www.climatecoating.com\/fr\/wp-json\/wp\/v2\/media?parent=28496"}],"curies":[{"name":"wp","href":"https:\/\/api.w.org\/{rel}","templated":true}]}}