{"id":28498,"date":"2021-06-08T12:13:14","date_gmt":"2021-06-08T10:13:14","guid":{"rendered":"https:\/\/www.climatecoating.com\/domaines-dapplication\/constructions-techniques\/"},"modified":"2026-02-17T11:39:28","modified_gmt":"2026-02-17T10:39:28","slug":"constructions-techniques","status":"publish","type":"page","link":"https:\/\/www.climatecoating.com\/fr\/domaines-dapplication\/constructions-techniques\/","title":{"rendered":"Constructions techniques"},"content":{"rendered":"<div class=\"wpb-content-wrapper\"><p>[vc_row row_type=&#8221;row&#8221; use_row_as_full_screen_section=&#8221;no&#8221; type=&#8221;full_width&#8221; text_align=&#8221;left&#8221; background_animation=&#8221;none&#8221; padding_bottom=&#8221;45&#8243; css_animation=&#8221;&#8221;][vc_column][vc_single_image image=&#8221;30723&#8243; img_size=&#8221;full&#8221; css=&#8221;.vc_custom_1605019300402{padding-bottom: 30px !important;}&#8221; qode_css_animation=&#8221;&#8221;][vc_column_text]<\/p>\n<h1>Constructions techniques<\/h1>\n<p>[\/vc_column_text][vc_column_text css=&#8221;.vc_custom_1771324753912{padding-bottom: 30px !important;}&#8221;]<span style=\"font-size: 20px;\">Avec ClimateCoating<sup>\u00ae<\/sup><sup>\u00a0<\/sup><\/span><span style=\"font-size: 20px;\">&#8211; Protection contre la condensation. Stabilisation de la temp\u00e9rature. Protection des surfaces. <\/span><\/p>\n<p>Les cuves, conteneurs, tuyauteries et autres \u00e9quipements industriels sont soumis \u00e0 des contraintes extr\u00eames. Les variations de temp\u00e9rature, les tensions thermiques, l&#8217;humidit\u00e9 et les contraintes m\u00e9caniques imposent des exigences particuli\u00e8res aux rev\u00eatements. Une peinture avec IndustrySpecial de ClimateCoating<sup>\u00ae<\/sup> r\u00e9pond de mani\u00e8re fiable \u00e0 ces exigences. Il <em>emp\u00eache la formation de condensation, stabilise les temp\u00e9ratures, r\u00e9duit les tensions thermiques et prot\u00e8ge les surfaces contre l&#8217;usure, la corrosion et les influences chimiques<\/em>.<\/p>\n<p>Avec IndustrySpecial, les \u00e9quipements industriels restent <em>efficaces, s\u00fbrs et durables<\/em>. Le rev\u00eatement <em>r\u00e9duit la maintenance<\/em>, <em>diminue les temps d&#8217;arr\u00eat<\/em> et permet un <em>fonctionnement \u00e9conomique m\u00eame dans des conditions d&#8217;utilisation extr\u00eames<\/em>. Il permet \u00e9galement de prot\u00e9ger de mani\u00e8re optimale les installations particuli\u00e8rement complexes ou personnalis\u00e9es, car chaque couche de peinture est con\u00e7ue pour r\u00e9pondre exactement aux exigences de vos installations industrielles.[\/vc_column_text][vc_row_inner row_type=&#8221;row&#8221; type=&#8221;full_width&#8221; use_row_as_full_screen_section_slide=&#8221;no&#8221; text_align=&#8221;left&#8221; css_animation=&#8221;&#8221;][vc_column_inner width=&#8221;1\/3&#8243;][vc_column_text]APPLICATIONS<br \/>\nEXT\u00c9RIEUR[\/vc_column_text][vc_gallery interval=&#8221;3&#8243; images=&#8221;30531,29387,30555&#8243; img_size=&#8221;full&#8221; onclick=&#8221;&#8221; css=&#8221;&#8221; el_class=&#8221;flex-noarrows&#8221;][vc_separator type=&#8221;small&#8221; position=&#8221;left&#8221; border_style=&#8221;&#8221; up=&#8221;18&#8243; down=&#8221;20&#8243; color=&#8221;#d6202d&#8221;][vc_column_text]Am\u00e9lioration du bilan \u00e9nerg\u00e9tique du b\u00e2timent<\/p>\n<p>Durabilit\u00e9, absence de fissures et robustesse<\/p>\n<p>R\u00e9duction de la croissance des algues, des mousses et des champignons.<\/p>\n<p>Gestion de l&#8217;humidit\u00e9 et r\u00e9gulation de la temp\u00e9rature<\/p>\n<p>Fa\u00e7ades historiques : D\u00e9shumidification douce et conservation de la valeur<\/p>\n<p>Ignifugation<\/p>\n<p>Rev\u00eatement de protection pour la mousse de PU[\/vc_column_text][\/vc_column_inner][vc_column_inner width=&#8221;1\/3&#8243;][vc_column_text]APPLICATIONS<br \/>\nTOITURE[\/vc_column_text][vc_gallery interval=&#8221;3&#8243; images=&#8221;30535,27807,27846&#8243; img_size=&#8221;full&#8221; onclick=&#8221;&#8221; el_class=&#8221;flex-noarrows&#8221;][vc_separator type=&#8221;small&#8221; position=&#8221;left&#8221; border_style=&#8221;&#8221; up=&#8221;18&#8243; down=&#8221;20&#8243; color=&#8221;#d6202d&#8221;][vc_column_text css=&#8221;&#8221;]<a href=\"https:\/\/www.climatecoating.com\/fr\/domaines-dapplication\/refroidissement-et-reduction-des-couts-de-refroidissement\/\" target=\"_blank\" rel=\"noopener\">Refroidissement et r\u00e9duction de la puissance de refroidissement<\/a><\/p>\n<p>Protection contre les intemp\u00e9ries et long\u00e9vit\u00e9<\/p>\n<p>\u00c9tanch\u00e9it\u00e9<\/p>\n<p>D\u00e9tente thermique[\/vc_column_text][\/vc_column_inner][vc_column_inner width=&#8221;1\/3&#8243;][vc_column_text]APPLICATIONS<br \/>\nBOIS[\/vc_column_text][vc_gallery interval=&#8221;3&#8243; images=&#8221;30745,30743,30741&#8243; img_size=&#8221;full&#8221; onclick=&#8221;&#8221; el_class=&#8221;flex-noarrows&#8221;][vc_separator type=&#8221;small&#8221; position=&#8221;left&#8221; border_style=&#8221;&#8221; up=&#8221;18&#8243; down=&#8221;20&#8243; color=&#8221;#d6202d&#8221;][vc_column_text]Protection \u00e0 long terme contre les intemp\u00e9ries[\/vc_column_text][\/vc_column_inner][\/vc_row_inner][\/vc_column][\/vc_row][vc_row row_type=&#8221;row&#8221; use_row_as_full_screen_section=&#8221;no&#8221; type=&#8221;full_width&#8221; text_align=&#8221;left&#8221; background_animation=&#8221;none&#8221; css_animation=&#8221;&#8221;][vc_column][\/vc_column][\/vc_row]<\/p>\n<\/div>","protected":false},"excerpt":{"rendered":"Constructions techniques Avec ClimateCoating\u00ae\u00a0- Protection contre la condensation. Stabilisation de la temp\u00e9rature. Protection des surfaces. Les cuves, conteneurs, tuyauteries et autres \u00e9quipements industriels sont soumis \u00e0 des contraintes extr\u00eames. Les variations de temp\u00e9rature, les tensions thermiques, l'humidit\u00e9 et les contraintes m\u00e9caniques imposent des exigences particuli\u00e8res...","protected":false},"author":1,"featured_media":0,"parent":27739,"menu_order":155,"comment_status":"closed","ping_status":"closed","template":"","meta":{"footnotes":""},"class_list":["post-28498","page","type-page","status-publish","hentry"],"_links":{"self":[{"href":"https:\/\/www.climatecoating.com\/fr\/wp-json\/wp\/v2\/pages\/28498","targetHints":{"allow":["GET"]}}],"collection":[{"href":"https:\/\/www.climatecoating.com\/fr\/wp-json\/wp\/v2\/pages"}],"about":[{"href":"https:\/\/www.climatecoating.com\/fr\/wp-json\/wp\/v2\/types\/page"}],"author":[{"embeddable":true,"href":"https:\/\/www.climatecoating.com\/fr\/wp-json\/wp\/v2\/users\/1"}],"replies":[{"embeddable":true,"href":"https:\/\/www.climatecoating.com\/fr\/wp-json\/wp\/v2\/comments?post=28498"}],"version-history":[{"count":7,"href":"https:\/\/www.climatecoating.com\/fr\/wp-json\/wp\/v2\/pages\/28498\/revisions"}],"predecessor-version":[{"id":63995,"href":"https:\/\/www.climatecoating.com\/fr\/wp-json\/wp\/v2\/pages\/28498\/revisions\/63995"}],"up":[{"embeddable":true,"href":"https:\/\/www.climatecoating.com\/fr\/wp-json\/wp\/v2\/pages\/27739"}],"wp:attachment":[{"href":"https:\/\/www.climatecoating.com\/fr\/wp-json\/wp\/v2\/media?parent=28498"}],"curies":[{"name":"wp","href":"https:\/\/api.w.org\/{rel}","templated":true}]}}