{"id":29074,"date":"2021-06-08T12:16:14","date_gmt":"2021-06-08T10:16:14","guid":{"rendered":"https:\/\/www.climatecoating.com\/references\/ferme\/"},"modified":"2021-07-15T12:28:00","modified_gmt":"2021-07-15T10:28:00","slug":"ferme","status":"publish","type":"page","link":"https:\/\/www.climatecoating.com\/fr\/references\/ferme\/","title":{"rendered":"Ferme"},"content":{"rendered":"<div class=\"wpb-content-wrapper\"><p>[vc_row row_type=&#8221;row&#8221; use_row_as_full_screen_section=&#8221;no&#8221; type=&#8221;full_width&#8221; text_align=&#8221;left&#8221; background_animation=&#8221;none&#8221; padding_top=&#8221;14&#8243; padding_bottom=&#8221;100&#8243; css_animation=&#8221;&#8221;][vc_column][vc_column_text]<\/p>\n<h1>R\u00e9f\u00e9rences &#8211; Ferme<\/h1>\n<p>[\/vc_column_text]<div class='projects_holder_outer v3 portfolio_with_space portfolio_with_hover_text  qode-filter-position-left'>\n\t    \t<div class='projects_holder clearfix v3 hover_text portfolio_default_image '>\n\t\t<article class=\"mix portfolio_category_1067\">\n    <div class='image_holder elegant_hover'>\n        \n<span class='image'><img loading=\"lazy\" decoding=\"async\" width=\"550\" height=\"498\" src=\"https:\/\/www.climatecoating.com\/wp-content\/uploads\/2020\/07\/Sanierung-Bauernhaus-in-den-Niederlanden_07-550x498.jpg\" class=\"attachment-portfolio-default size-portfolio-default wp-post-image\" alt=\"R\u00e9novation d&#039;une ferme aux Pays-Bas 07\" srcset=\"https:\/\/www.climatecoating.com\/wp-content\/uploads\/2020\/07\/Sanierung-Bauernhaus-in-den-Niederlanden_07-550x498.jpg 550w, https:\/\/www.climatecoating.com\/wp-content\/uploads\/2020\/07\/Sanierung-Bauernhaus-in-den-Niederlanden_07-480x434.jpg 480w, https:\/\/www.climatecoating.com\/wp-content\/uploads\/2020\/07\/Sanierung-Bauernhaus-in-den-Niederlanden_07-125x112.jpg 125w\" sizes=\"auto, (max-width: 550px) 100vw, 550px\" \/><\/span>\n                    <a class='portfolio_link_class' href='https:\/\/www.climatecoating.com\/fr\/references\/reference\/renovation-dune-ferme-aux-pays-bas\/' target='_self'><\/a>\n\t\t\n        <div class=\"portfolio_shader\"><\/div>\n<div class=\"text_holder\">\n\t<div class=\"text_holder_inner\">\n\t\t<div class=\"text_holder_inner2\">\n\t\t\t<h4 class=\"portfolio_title\" > R\u00e9novation d&#8217;une ferme aux Pays-Bas<\/h4><h6 class=\"portfolio_subtitle\"> <\/h6>\t\t<\/div>\n\t<\/div>\n<\/div>\n\n\n\t    \n    <\/div>\n<\/article>\n\t\t\t\t\t<div class='filler'><\/div>\n\t\t\t\t\t\t\t\t\t<div class='filler'><\/div>\n\t\t\t\t\t\t\t\t\t<div class='filler'><\/div>\n\t\t\t\t\t<\/div>\n\n    \n\t<\/div>\n[\/vc_column][\/vc_row][vc_row row_type=&#8221;row&#8221; use_row_as_full_screen_section=&#8221;no&#8221; type=&#8221;full_width&#8221; text_align=&#8221;left&#8221; background_animation=&#8221;none&#8221; css_animation=&#8221;&#8221;][vc_column][\/vc_column][\/vc_row]<\/p>\n<\/div>","protected":false},"excerpt":{"rendered":"Murs tach\u00e9s repeints Ce vieux b\u00e2timent aux Pays-Bas a \u00e9t\u00e9 r\u00e9nov\u00e9 en 2013 avec ClimateCoating\u00ae ThermoProtect. Le probl\u00e8me \u00e9tait qu'en raison de leur utilisation ant\u00e9rieure comme b\u00e2timent d'\u00e9curie, les murs ext\u00e9rieurs avaient absorb\u00e9 certains liquides et s'\u00e9taient tach\u00e9s. La d\u00e9cision d'utiliser ClimateCoating\u00ae Exterior a \u00e9t\u00e9...","protected":false},"author":1,"featured_media":0,"parent":28842,"menu_order":420,"comment_status":"closed","ping_status":"closed","template":"","meta":{"footnotes":""},"class_list":["post-29074","page","type-page","status-publish","hentry"],"_links":{"self":[{"href":"https:\/\/www.climatecoating.com\/fr\/wp-json\/wp\/v2\/pages\/29074","targetHints":{"allow":["GET"]}}],"collection":[{"href":"https:\/\/www.climatecoating.com\/fr\/wp-json\/wp\/v2\/pages"}],"about":[{"href":"https:\/\/www.climatecoating.com\/fr\/wp-json\/wp\/v2\/types\/page"}],"author":[{"embeddable":true,"href":"https:\/\/www.climatecoating.com\/fr\/wp-json\/wp\/v2\/users\/1"}],"replies":[{"embeddable":true,"href":"https:\/\/www.climatecoating.com\/fr\/wp-json\/wp\/v2\/comments?post=29074"}],"version-history":[{"count":0,"href":"https:\/\/www.climatecoating.com\/fr\/wp-json\/wp\/v2\/pages\/29074\/revisions"}],"up":[{"embeddable":true,"href":"https:\/\/www.climatecoating.com\/fr\/wp-json\/wp\/v2\/pages\/28842"}],"wp:attachment":[{"href":"https:\/\/www.climatecoating.com\/fr\/wp-json\/wp\/v2\/media?parent=29074"}],"curies":[{"name":"wp","href":"https:\/\/api.w.org\/{rel}","templated":true}]}}