{"id":29102,"date":"2021-06-08T12:16:18","date_gmt":"2021-06-08T10:16:18","guid":{"rendered":"https:\/\/www.climatecoating.com\/references\/moulin-a-vent\/"},"modified":"2021-07-15T12:27:42","modified_gmt":"2021-07-15T10:27:42","slug":"moulin-a-vent","status":"publish","type":"page","link":"https:\/\/www.climatecoating.com\/fr\/references\/moulin-a-vent\/","title":{"rendered":"Moulin \u00e0 vent"},"content":{"rendered":"<div class=\"wpb-content-wrapper\"><p>[vc_row row_type=&#8221;row&#8221; use_row_as_full_screen_section=&#8221;no&#8221; type=&#8221;full_width&#8221; text_align=&#8221;left&#8221; background_animation=&#8221;none&#8221; padding_top=&#8221;14&#8243; padding_bottom=&#8221;100&#8243; css_animation=&#8221;&#8221;][vc_column][vc_column_text]<\/p>\n<h1>R\u00e9f\u00e9rences &#8211; Moulin \u00e0 vent<\/h1>\n<p>[\/vc_column_text]<div class='projects_holder_outer v3 portfolio_with_space portfolio_with_hover_text  qode-filter-position-left'>\n\t    \t<div class='projects_holder clearfix v3 hover_text portfolio_default_image '>\n\t\t<article class=\"mix portfolio_category_1057\">\n    <div class='image_holder elegant_hover'>\n        \n<span class='image'><img loading=\"lazy\" decoding=\"async\" width=\"550\" height=\"498\" src=\"https:\/\/www.climatecoating.com\/wp-content\/uploads\/2021\/02\/Nature-fuer-Windmuehlen_01-550x498.jpg\" class=\"attachment-portfolio-default size-portfolio-default wp-post-image\" alt=\"La nature pour les moulins \u00e0 vent 01\" srcset=\"https:\/\/www.climatecoating.com\/wp-content\/uploads\/2021\/02\/Nature-fuer-Windmuehlen_01-550x498.jpg 550w, https:\/\/www.climatecoating.com\/wp-content\/uploads\/2021\/02\/Nature-fuer-Windmuehlen_01-480x434.jpg 480w, https:\/\/www.climatecoating.com\/wp-content\/uploads\/2021\/02\/Nature-fuer-Windmuehlen_01-125x112.jpg 125w\" sizes=\"auto, (max-width: 550px) 100vw, 550px\" \/><\/span>\n                    <a class='portfolio_link_class' href='https:\/\/www.climatecoating.com\/fr\/references\/reference\/la-nature-pour-les-moulins-a-vent\/' target='_self'><\/a>\n\t\t\n        <div class=\"portfolio_shader\"><\/div>\n<div class=\"text_holder\">\n\t<div class=\"text_holder_inner\">\n\t\t<div class=\"text_holder_inner2\">\n\t\t\t<h4 class=\"portfolio_title\" > La nature pour les moulins \u00e0 vent<\/h4><h6 class=\"portfolio_subtitle\"> <\/h6>\t\t<\/div>\n\t<\/div>\n<\/div>\n\n\n\t    \n    <\/div>\n<\/article>\n\t\t\t\t\t<div class='filler'><\/div>\n\t\t\t\t\t\t\t\t\t<div class='filler'><\/div>\n\t\t\t\t\t\t\t\t\t<div class='filler'><\/div>\n\t\t\t\t\t<\/div>\n\n    \n\t<\/div>\n[\/vc_column][\/vc_row][vc_row row_type=&#8221;row&#8221; use_row_as_full_screen_section=&#8221;no&#8221; type=&#8221;full_width&#8221; text_align=&#8221;left&#8221; background_animation=&#8221;none&#8221; css_animation=&#8221;&#8221;][vc_column][\/vc_column][\/vc_row]<\/p>\n<\/div>","protected":false},"excerpt":{"rendered":"Une r\u00e9novation de fa\u00e7ade avec ClimateCoating\u00ae Nature. La Hollande - c'est les canaux d'Amsterdam, le fromage, les bicyclettes. Et des moulins \u00e0 vent. La Hollande et ses moulins \u00e0 vent sont ins\u00e9parables, ils sont l'un des symboles les plus connus des Pays-Bas. Les moulins \u00e0...","protected":false},"author":1,"featured_media":0,"parent":28842,"menu_order":470,"comment_status":"closed","ping_status":"closed","template":"","meta":{"footnotes":""},"class_list":["post-29102","page","type-page","status-publish","hentry"],"_links":{"self":[{"href":"https:\/\/www.climatecoating.com\/fr\/wp-json\/wp\/v2\/pages\/29102","targetHints":{"allow":["GET"]}}],"collection":[{"href":"https:\/\/www.climatecoating.com\/fr\/wp-json\/wp\/v2\/pages"}],"about":[{"href":"https:\/\/www.climatecoating.com\/fr\/wp-json\/wp\/v2\/types\/page"}],"author":[{"embeddable":true,"href":"https:\/\/www.climatecoating.com\/fr\/wp-json\/wp\/v2\/users\/1"}],"replies":[{"embeddable":true,"href":"https:\/\/www.climatecoating.com\/fr\/wp-json\/wp\/v2\/comments?post=29102"}],"version-history":[{"count":0,"href":"https:\/\/www.climatecoating.com\/fr\/wp-json\/wp\/v2\/pages\/29102\/revisions"}],"up":[{"embeddable":true,"href":"https:\/\/www.climatecoating.com\/fr\/wp-json\/wp\/v2\/pages\/28842"}],"wp:attachment":[{"href":"https:\/\/www.climatecoating.com\/fr\/wp-json\/wp\/v2\/media?parent=29102"}],"curies":[{"name":"wp","href":"https:\/\/api.w.org\/{rel}","templated":true}]}}