{"id":29126,"date":"2021-06-08T12:16:22","date_gmt":"2021-06-08T10:16:22","guid":{"rendered":"https:\/\/www.climatecoating.com\/mentions-legales\/impression\/"},"modified":"2021-07-15T12:27:15","modified_gmt":"2021-07-15T10:27:15","slug":"impression","status":"publish","type":"page","link":"https:\/\/www.climatecoating.com\/fr\/mentions-legales\/impression\/","title":{"rendered":"Impression"},"content":{"rendered":"<div class=\"wpb-content-wrapper\"><p>[vc_row row_type=&#8221;row&#8221; use_row_as_full_screen_section=&#8221;no&#8221; type=&#8221;full_width&#8221; text_align=&#8221;left&#8221; background_animation=&#8221;none&#8221; padding_bottom=&#8221;45&#8243; css_animation=&#8221;&#8221;][vc_column][vc_column_text]<\/p>\n<h1>Impression<\/h1>\n<p><strong>SICC Coatings GmbH<\/strong><br \/>\nWackenbergstrasse 78 &#8211; 82<br \/>\nDE-13156 Berlin<\/p>\n<p>T\u00e9l\u00e9phone : +49 (0) 30 \/ 50 01 96-0<br \/>\nFax : +49 (0) 30 \/ 50 01 96-20<br \/>\nCourriel : <span id=\"cloakd78a1e11def09a9b63740395e79511bf\"><br \/>\n  <a href=\"mailto:info@sicc.de\">info@sicc.de<\/a><br \/>\n<\/span><\/p>\n<p><strong>Directeur g\u00e9n\u00e9ral :<\/strong> Waldemar Walczok<br \/>\n<strong>Tribunal d&#8217;enregistrement :<\/strong> Tribunal d&#8217;instance de Berlin-Charlottenburg<br \/>\n<strong>Num\u00e9ro d&#8217;enregistrement :<\/strong> HRB 88630<br \/>\n<strong>Num\u00e9ro d&#8217;identification de la taxe sur les ventes :<\/strong> DE813670303<\/p>\n<p><strong>Cr\u00e9dits photos<\/strong><br \/>\n\u00a92010 Terry J Alcorn, Inc.[\/vc_column_text][vc_separator type=&#8221;transparent&#8221; border_style=&#8221;&#8221; up=&#8221;20&#8243; down=&#8221;0&#8243; icon_pack=&#8221;font_awesome&#8221;][vc_column_text]<\/p>\n<h2 class=\"\">CLAUSE DE NON-RESPONSABILIT\u00c9<\/h2>\n<h3 class=\"\">Responsabilit\u00e9 du contenu<\/h3>\n<p class=\"hyp hyphenate\">Le contenu de nos pages a \u00e9t\u00e9 cr\u00e9\u00e9 avec le plus grand soin. Toutefois, nous ne pouvons assumer aucune responsabilit\u00e9 quant \u00e0 l&#8217;exactitude, l&#8217;exhaustivit\u00e9 et l&#8217;actualit\u00e9 des contenus. En tant que prestataire de services, nous sommes responsables de notre propre contenu sur ces pages, conform\u00e9ment aux lois g\u00e9n\u00e9rales. Toutefois, en tant que prestataire de services, nous ne sommes pas tenus de surveiller les informations transmises ou stock\u00e9es par des tiers ou d&#8217;enqu\u00eater sur des circonstances qui indiquent une activit\u00e9 ill\u00e9gale. Les obligations de supprimer ou de bloquer l&#8217;utilisation des informations conform\u00e9ment aux lois g\u00e9n\u00e9rales ne sont pas affect\u00e9es. Toutefois, la responsabilit\u00e9 \u00e0 cet \u00e9gard n&#8217;est possible qu&#8217;\u00e0 partir du moment o\u00f9 l&#8217;on a connaissance d&#8217;une infraction concr\u00e8te. Si nous avons connaissance de telles infractions, nous retirerons imm\u00e9diatement le contenu concern\u00e9.<\/p>\n<h3>Responsabilit\u00e9 pour les liens<\/h3>\n<p class=\"hyp hyphenate\">Notre offre contient des liens vers des sites externes de tiers, sur le contenu desquels nous n&#8217;avons aucune influence. Par cons\u00e9quent, nous ne pouvons assumer aucune garantie pour ces contenus \u00e9trangers. Le fournisseur ou l&#8217;exploitant respectif des pages est toujours responsable du contenu des pages li\u00e9es. Les pages li\u00e9es ont \u00e9t\u00e9 v\u00e9rifi\u00e9es au moment de l&#8217;\u00e9tablissement du lien afin de d\u00e9tecter d&#8217;\u00e9ventuelles violations de la loi. Les contenus ill\u00e9gaux n&#8217;\u00e9taient pas reconnaissables au moment de l&#8217;\u00e9tablissement du lien. Cependant, un contr\u00f4le permanent du contenu des pages li\u00e9es n&#8217;est pas raisonnable sans preuve concr\u00e8te d&#8217;une violation de la loi. Si nous avons connaissance d&#8217;infractions \u00e0 la loi, nous supprimerons imm\u00e9diatement ces liens.<\/p>\n<h3>Copyright<\/h3>\n<p class=\"hyp hyphenate\">Les contenus et les \u0153uvres cr\u00e9\u00e9s par les exploitants du site sur ces pages sont soumis \u00e0 la l\u00e9gislation allemande sur le droit d&#8217;auteur. La duplication, le traitement, la distribution ou toute forme de commercialisation de ce mat\u00e9riel au-del\u00e0 de la port\u00e9e de la loi sur le droit d&#8217;auteur n\u00e9cessite le consentement \u00e9crit pr\u00e9alable de son auteur ou cr\u00e9ateur respectif. Les t\u00e9l\u00e9chargements et les copies de ce site ne sont autoris\u00e9s que pour un usage priv\u00e9 et non commercial. Dans la mesure o\u00f9 le contenu de ce site n&#8217;a pas \u00e9t\u00e9 cr\u00e9\u00e9 par l&#8217;op\u00e9rateur, les droits d&#8217;auteur des tiers sont respect\u00e9s. En particulier, les contenus de tiers sont identifi\u00e9s comme tels. Si vous avez n\u00e9anmoins connaissance d&#8217;une violation du droit d&#8217;auteur, veuillez nous en informer. Si nous avons connaissance d&#8217;infractions, nous supprimerons imm\u00e9diatement ce contenu.<\/p>\n<h3>Cr\u00e9dits photos<\/h3>\n<p class=\"hyp hyphenate\">Images propres, Photodune.net, iStockphoto.com, \u00a9Kadmy &#8211; Fotolia.de<\/p>\n<h3>Plate-forme de r\u00e9solution des litiges en ligne (Plate-forme OS)<\/h3>\n<p class=\"hyp hyphenate\">La Commission europ\u00e9enne a mis en place un site web pour la r\u00e9solution en ligne des litiges entre entrepreneurs et consommateurs (plateforme ODR), auquel vous pouvez acc\u00e9der \u00e0 l&#8217;adresse <a href=\"http:\/\/ec.europa.eu\/consumers\/odr\/\" target=\"_blank\" rel=\"noopener noreferrer\">http:\/\/ec.europa.eu\/consumers\/odr\/<\/a>.<\/p>\n<p>[\/vc_column_text][\/vc_column][\/vc_row]<\/p>\n<\/div>","protected":false},"excerpt":{"rendered":"<p>[vc_row row_type=&#8221;row&#8221; use_row_as_full_screen_section=&#8221;no&#8221; type=&#8221;full_width&#8221; text_align=&#8221;left&#8221; background_animation=&#8221;none&#8221; padding_bottom=&#8221;45&#8243; css_animation=&#8221;&#8221;][vc_column][vc_column_text] Impression SICC Coatings GmbH Wackenbergstrasse 78 &#8211; 82 DE-13156 Berlin T\u00e9l\u00e9phone : +49 (0) 30 \/ 50 01 96-0 Fax : +49 (0) 30 \/ 50 01 96-20 Courriel : info@sicc.de Directeur g\u00e9n\u00e9ral : Waldemar Walczok Tribunal&#8230;<\/p>\n","protected":false},"author":1,"featured_media":0,"parent":28029,"menu_order":810,"comment_status":"closed","ping_status":"closed","template":"","meta":{"footnotes":""},"class_list":["post-29126","page","type-page","status-publish","hentry"],"_links":{"self":[{"href":"https:\/\/www.climatecoating.com\/fr\/wp-json\/wp\/v2\/pages\/29126","targetHints":{"allow":["GET"]}}],"collection":[{"href":"https:\/\/www.climatecoating.com\/fr\/wp-json\/wp\/v2\/pages"}],"about":[{"href":"https:\/\/www.climatecoating.com\/fr\/wp-json\/wp\/v2\/types\/page"}],"author":[{"embeddable":true,"href":"https:\/\/www.climatecoating.com\/fr\/wp-json\/wp\/v2\/users\/1"}],"replies":[{"embeddable":true,"href":"https:\/\/www.climatecoating.com\/fr\/wp-json\/wp\/v2\/comments?post=29126"}],"version-history":[{"count":0,"href":"https:\/\/www.climatecoating.com\/fr\/wp-json\/wp\/v2\/pages\/29126\/revisions"}],"up":[{"embeddable":true,"href":"https:\/\/www.climatecoating.com\/fr\/wp-json\/wp\/v2\/pages\/28029"}],"wp:attachment":[{"href":"https:\/\/www.climatecoating.com\/fr\/wp-json\/wp\/v2\/media?parent=29126"}],"curies":[{"name":"wp","href":"https:\/\/api.w.org\/{rel}","templated":true}]}}