{"id":29323,"date":"2021-06-08T12:17:18","date_gmt":"2021-06-08T10:17:18","guid":{"rendered":"https:\/\/www.climatecoating.com\/entreprise\/durabilite-et-environnement\/"},"modified":"2026-02-05T14:31:17","modified_gmt":"2026-02-05T13:31:17","slug":"durabilite-et-environnement","status":"publish","type":"page","link":"https:\/\/www.climatecoating.com\/fr\/entreprise\/durabilite-et-environnement\/","title":{"rendered":"Durabilit\u00e9 et environnement"},"content":{"rendered":"<div class=\"wpb-content-wrapper\"><p>[vc_row row_type=&#8221;row&#8221; use_row_as_full_screen_section=&#8221;no&#8221; type=&#8221;full_width&#8221; text_align=&#8221;left&#8221; background_animation=&#8221;none&#8221; padding_bottom=&#8221;45&#8243; css_animation=&#8221;&#8221;][vc_column][vc_single_image image=&#8221;60336&#8243; img_size=&#8221;full&#8221; css=&#8221;.vc_custom_1764336284784{padding-bottom: 30px !important;}&#8221; qode_css_animation=&#8221;&#8221;][vc_row_inner row_type=&#8221;row&#8221; type=&#8221;full_width&#8221; use_row_as_full_screen_section_slide=&#8221;no&#8221; text_align=&#8221;left&#8221; css_animation=&#8221;&#8221;][vc_column_inner width=&#8221;1\/4&#8243;]<div class=\"ult_row_spacer\"><div class=\"ult-sticky-anchor\"><div class=\"ult-sticky-section ult-sticky \"  data-gutter= '100' data-stick_behaviour= 'stick_with_scroll_row'  data-sticky_position= 'top' data-mobile='no' data-support='no'>[vc_raw_html css=&#8221;&#8221;]JTVCY213aXphcmQlMjB3aWRnZXQlM0QyJTJGJTVE[\/vc_raw_html]<\/div><div class=\"ult-space\"><\/div><\/div><\/div>[\/vc_column_inner][vc_column_inner width=&#8221;3\/4&#8243;][vc_column_text]<\/p>\n<h1>Durabilit\u00e9 et environnement<\/h1>\n<p><strong>Guide pour le d\u00e9veloppement de nos produits : <em>Moins, c&#8217;est plus !<\/em><\/strong><\/p>\n<p>Nous fabriquons des produits \u00e0 valeur ajout\u00e9e pour les personnes et l&#8217;environnement. Moins de consommation d&#8217;\u00e9nergie, moins de consommation de ressources. En retour, plus d&#8217;\u00e9nergie est \u00e9conomis\u00e9e et la valeur des b\u00e2timents est maintenue \u00e0 long terme.<\/p>\n<p><strong>Signalisation de la qualit\u00e9 des produits : <em>niveau le plus \u00e9lev\u00e9<\/em><\/strong><\/p>\n<p>Nous cherchons \u00e0 remettre en question chaque geste que nous faisons et chaque approche que nous adoptons chaque jour. Nous veillons \u00e0 ce que chaque lot qui quitte nos locaux soit de la plus haute qualit\u00e9.<\/p>\n<p><strong>Guide de la compatibilit\u00e9 environnementale :<em> Responsabilit\u00e9 <\/em> <\/strong><\/p>\n<p>Nous avons cherch\u00e9 des fournisseurs qui suivent eux-m\u00eames le principe d&#8217;une gestion \u00e9cologique et qui assument la responsabilit\u00e9 de l&#8217;environnement.[\/vc_column_text][vc_single_image image=&#8221;57244&#8243; css=&#8221;&#8221; qode_css_animation=&#8221;&#8221;][vc_column_text css=&#8221;&#8221;]Une Environmental Product Declaration (EPD) est une d\u00e9claration standardis\u00e9e, scientifiquement fond\u00e9e, qui pr\u00e9sente de mani\u00e8re transparente l&#8217;impact environnemental d&#8217;un produit tout au long de son cycle de vie. En 2025, SICC Coatings a obtenu les EPD pour plusieurs produits, v\u00e9rifi\u00e9es par <a href=\"https:\/\/www.mrpi.nl\/\" target=\"_blank\" rel=\"noopener\">MRPI Pays-Bas<\/a> et confirm\u00e9es via <a href=\"https:\/\/www.eco-platform.org\/home.html\" target=\"_blank\" rel=\"noopener\">ECO-Platform<\/a>. Cette distinction reconna\u00eet la durabilit\u00e9 et la pr\u00e9servation des ressources des produits et souligne l&#8217;engagement de SICC Coatings en faveur de solutions respectueuses de l&#8217;environnement.<\/p>\n<p><a href=\"https:\/\/www.climatecoating.com\/wp-content\/uploads\/2025\/10\/1.1.00872.2025-MRPI-EPD-SICC-ThermoPlus-indoor-wall-coating-getekend.pdf\" target=\"_blank\" rel=\"noopener\">EPD ThermoPlus<\/a> \u00a0\u00a0 \u00a0\u00a0 \u00a0\u00a0 \u00a0\u00a0 \u00a0\u00a0<a href=\"https:\/\/www.climatecoating.com\/wp-content\/uploads\/2025\/10\/1.1.00874.2025-MRPI-EPD-SICC-ThermoVital-indoor-wall-coating-getekend.pdf\" target=\"_blank\" rel=\"noopener\">EPD ThermoVital <\/a> \u00a0\u00a0 \u00a0\u00a0 \u00a0\u00a0 \u00a0\u00a0 <a href=\"https:\/\/www.climatecoating.com\/wp-content\/uploads\/2025\/10\/1.1.00869.2025-MRPI-EPD-SICC-Lumen-indoor-wall-coating-getekend.pdf\" target=\"_blank\" rel=\"noopener\">EPD Lumen<\/a><\/p>\n<p><a href=\"https:\/\/www.climatecoating.com\/wp-content\/uploads\/2025\/10\/1.1.00873.2025-MRPI-EPD-SICC-ThermoProtect-facade-coating-getekend.pdf\" target=\"_blank\" rel=\"noopener\">EPD ThermoProtect <\/a> \u00a0\u00a0 \u00a0\u00a0 \u00a0\u00a0 <a href=\"https:\/\/www.climatecoating.com\/wp-content\/uploads\/2025\/10\/1.1.00870.2025-MRPI-EPD-SICC-ThermoActiveThermoActive-roof-coating-getekend.pdf\" target=\"_blank\" rel=\"noopener\">EPD ThermoActive<\/a> \u00a0\u00a0 \u00a0\u00a0 \u00a0\u00a0 <a href=\"https:\/\/www.climatecoating.com\/wp-content\/uploads\/2025\/10\/1.1.00871.2025-MRPI-EPD-SICC-History-facade-coating-getekend.pdf\" target=\"_blank\" rel=\"noopener\">EPD Historique<\/a> <a href=\"https:\/\/www.climatecoating.com\/wp-content\/uploads\/2025\/10\/1.1.00868.2025-MRPI-EPD-SICC-Nature-outdoor-wood-coating-getekend.pdf\" target=\"_blank\" rel=\"noopener\">EPD Nature<\/a>[\/vc_column_text][\/vc_column_inner][\/vc_row_inner][\/vc_column][\/vc_row][vc_row row_type=&#8221;row&#8221; use_row_as_full_screen_section=&#8221;no&#8221; type=&#8221;full_width&#8221; text_align=&#8221;left&#8221; background_animation=&#8221;none&#8221; css_animation=&#8221;&#8221; css=&#8221;.vc_custom_1613667582104{padding-bottom: 30px !important;}&#8221;][vc_column][vc_separator type=&#8221;normal&#8221; border_style=&#8221;&#8221;][vc_row_inner row_type=&#8221;row&#8221; type=&#8221;full_width&#8221; use_row_as_full_screen_section_slide=&#8221;no&#8221; text_align=&#8221;left&#8221; css_animation=&#8221;&#8221;][vc_column_inner width=&#8221;2\/5&#8243;][vc_column_text]<\/p>\n<h3>Nos principes dans la politique de qualit\u00e9 et dans la politique environnementale<\/h3>\n<p>La politique de qualit\u00e9 et la politique environnementale sont des \u00e9l\u00e9ments de notre politique d&#8217;entreprise et expliquent l&#8217;exigence de SICC Coatings GmbH en ce qui concerne la haute qualit\u00e9 du produit et du service envers nos clients, les employ\u00e9s de l&#8217;entreprise et tous les groupes d&#8217;int\u00e9r\u00eat.<\/p>\n<p>En m\u00eame temps, SICC Coatings GmbH s&#8217;engage \u00e0 r\u00e9duire toutes les nuisances environnementales sp\u00e9cifiques \u00e0 l&#8217;entreprise et, si possible, m\u00eame \u00e0 les \u00e9viter. Ceci est bas\u00e9 sur les aspects environnementaux sp\u00e9cifiques \u00e0 l&#8217;entreprise qui ont \u00e9t\u00e9 identifi\u00e9s et qui montrent o\u00f9 se trouvent les charges environnementales.<\/p>\n<p>SICC Coatings GmbH s&#8217;engage \u00e0 travailler \u00e0 l&#8217;am\u00e9lioration continue afin d&#8217;\u00e9viter la pollution de l&#8217;environnement et de respecter les obligations l\u00e9gales et les r\u00e9glementations applicables.<\/p>\n<p>Le travail et la mise en \u0153uvre de notre politique de qualit\u00e9 et d&#8217;environnement ont un effet positif sur la qualit\u00e9 des produits, l&#8217;efficacit\u00e9 des processus et la r\u00e9duction de l&#8217;impact environnemental. La confiance et la satisfaction de nos clients, de nos employ\u00e9s et des groupes d&#8217;int\u00e9r\u00eat ainsi que l&#8217;influence active sur tous les processus relatifs \u00e0 l&#8217;environnement sont le contenu de notre politique de qualit\u00e9 et d&#8217;environnement.<\/p>\n<p>Les syst\u00e8mes de gestion de la qualit\u00e9 et de l&#8217;environnement sont toujours v\u00e9rifi\u00e9s pour s&#8217;assurer de leur ad\u00e9quation et de la r\u00e9alisation de leur objectif.[\/vc_column_text][vc_single_image image=&#8221;54029&#8243; img_size=&#8221;full&#8221; css=&#8221;&#8221; qode_css_animation=&#8221;&#8221;][\/vc_column_inner][vc_column_inner width=&#8221;3\/5&#8243;][vc_column_text]<strong>Principe 1 &#8211; Impacts sur l&#8217;environnement &#8211; Impacts sur l&#8217;environnement<br \/>\n<\/strong>R\u00e9duire, ou mieux encore pr\u00e9venir, les impacts environnementaux propres \u00e0 l&#8217;entreprise. Nous examinons et influen\u00e7ons r\u00e9guli\u00e8rement la nature, la port\u00e9e et l&#8217;impact environnemental de nos activit\u00e9s, produits et services.<\/p>\n<p><strong>Principe 2 &#8211; Respect de la l\u00e9gislation<\/strong><br \/>\nObligation de respecter les obligations l\u00e9gales et la l\u00e9gislation en vigueur.<\/p>\n<p><strong>Principe 3 &#8211; Objectifs<\/strong><br \/>\nLes objectifs en mati\u00e8re de qualit\u00e9 et d&#8217;environnement s&#8217;inspirent de notre politique de qualit\u00e9 et d&#8217;environnement.<\/p>\n<p><strong>Principe 4 &#8211; Orientation client<\/strong><br \/>\nNous promettons \u00e0 nos clients et partenaires la qualit\u00e9 attendue ou assur\u00e9e de nos produits. Nous utilisons nos connaissances et notre exp\u00e9rience pour rencontrer nos clients de mani\u00e8re professionnelle et pour r\u00e9pondre \u00e0 leurs questions et suggestions.<\/p>\n<p><strong>Principe 5 &#8211; Am\u00e9lioration continue<\/strong><br \/>\nDans le cadre du d\u00e9veloppement \u00e0 long terme de notre entreprise, l&#8217;am\u00e9lioration et la modification des produits sont les objectifs de notre travail. \u00c0 cette fin, nous am\u00e9liorons constamment notre propre niveau de formation. Le syst\u00e8me de gestion de la qualit\u00e9 et de l&#8217;environnement est \u00e9galement soumis \u00e0 ce travail et \u00e0 cette am\u00e9lioration constante.<\/p>\n<p><strong>Principe 6 &#8211; Sensibilisation \u00e0 la qualit\u00e9<\/strong><br \/>\nPar le biais de processus, d&#8217;informations, de formations et d&#8217;instructions appropri\u00e9s, nous maintenons la sensibilisation \u00e0 la qualit\u00e9 au sein de notre entreprise et transmettons constamment cet \u00e9tat d&#8217;esprit \u00e0 nos partenaires de distribution.<\/p>\n<p><strong>Principe 7 &#8211; Communication<\/strong><br \/>\nNous communiquons la politique qualit\u00e9 et environnement et les objectifs qui en d\u00e9coulent au sein de notre entreprise ainsi qu&#8217;aupr\u00e8s de nos clients et parties prenantes. Les r\u00e9sultats de cette communication sont d\u00e9terminants pour les conclusions et les actions futures.[\/vc_column_text][\/vc_column_inner][\/vc_row_inner][\/vc_column][\/vc_row]<\/p>\n<\/div>","protected":false},"excerpt":{"rendered":"<p>[vc_row row_type=&#8221;row&#8221; use_row_as_full_screen_section=&#8221;no&#8221; type=&#8221;full_width&#8221; text_align=&#8221;left&#8221; background_animation=&#8221;none&#8221; padding_bottom=&#8221;45&#8243; css_animation=&#8221;&#8221;][vc_column][vc_single_image image=&#8221;60336&#8243; img_size=&#8221;full&#8221; css=&#8221;.vc_custom_1764336284784{padding-bottom: 30px !important;}&#8221; qode_css_animation=&#8221;&#8221;][vc_row_inner row_type=&#8221;row&#8221; type=&#8221;full_width&#8221; use_row_as_full_screen_section_slide=&#8221;no&#8221; text_align=&#8221;left&#8221; css_animation=&#8221;&#8221;][vc_column_inner width=&#8221;1\/4&#8243;][\/vc_column_inner][vc_column_inner width=&#8221;3\/4&#8243;][vc_column_text] Durabilit\u00e9 et environnement Guide pour le d\u00e9veloppement de nos produits : Moins, c&#8217;est plus ! Nous fabriquons des produits \u00e0 valeur ajout\u00e9e pour les&#8230;<\/p>\n","protected":false},"author":1,"featured_media":0,"parent":28201,"menu_order":610,"comment_status":"closed","ping_status":"closed","template":"","meta":{"footnotes":""},"class_list":["post-29323","page","type-page","status-publish","hentry"],"_links":{"self":[{"href":"https:\/\/www.climatecoating.com\/fr\/wp-json\/wp\/v2\/pages\/29323","targetHints":{"allow":["GET"]}}],"collection":[{"href":"https:\/\/www.climatecoating.com\/fr\/wp-json\/wp\/v2\/pages"}],"about":[{"href":"https:\/\/www.climatecoating.com\/fr\/wp-json\/wp\/v2\/types\/page"}],"author":[{"embeddable":true,"href":"https:\/\/www.climatecoating.com\/fr\/wp-json\/wp\/v2\/users\/1"}],"replies":[{"embeddable":true,"href":"https:\/\/www.climatecoating.com\/fr\/wp-json\/wp\/v2\/comments?post=29323"}],"version-history":[{"count":7,"href":"https:\/\/www.climatecoating.com\/fr\/wp-json\/wp\/v2\/pages\/29323\/revisions"}],"predecessor-version":[{"id":63420,"href":"https:\/\/www.climatecoating.com\/fr\/wp-json\/wp\/v2\/pages\/29323\/revisions\/63420"}],"up":[{"embeddable":true,"href":"https:\/\/www.climatecoating.com\/fr\/wp-json\/wp\/v2\/pages\/28201"}],"wp:attachment":[{"href":"https:\/\/www.climatecoating.com\/fr\/wp-json\/wp\/v2\/media?parent=29323"}],"curies":[{"name":"wp","href":"https:\/\/api.w.org\/{rel}","templated":true}]}}