{"id":29325,"date":"2021-06-08T12:17:20","date_gmt":"2021-06-08T10:17:20","guid":{"rendered":"https:\/\/www.climatecoating.com\/domaines-dapplication\/transport-et-circulation\/"},"modified":"2026-02-16T11:26:09","modified_gmt":"2026-02-16T10:26:09","slug":"transport-et-circulation","status":"publish","type":"page","link":"https:\/\/www.climatecoating.com\/fr\/domaines-dapplication\/transport-et-circulation\/","title":{"rendered":"Transport et circulation"},"content":{"rendered":"<div class=\"wpb-content-wrapper\"><p>[vc_row row_type=&#8221;row&#8221; use_row_as_full_screen_section=&#8221;no&#8221; type=&#8221;full_width&#8221; text_align=&#8221;left&#8221; background_animation=&#8221;none&#8221; padding_bottom=&#8221;45&#8243; css_animation=&#8221;&#8221;][vc_column][vc_single_image image=&#8221;30725&#8243; img_size=&#8221;full&#8221; css=&#8221;.vc_custom_1605018699445{padding-bottom: 30px !important;}&#8221; qode_css_animation=&#8221;&#8221;][vc_column_text]<\/p>\n<h1>Transport et circulation<\/h1>\n<p>[\/vc_column_text][vc_column_text css=&#8221;.vc_custom_1771237554467{padding-bottom: 30px !important;}&#8221;]<span style=\"font-size: 20px;\">Avec ClimateCoating<sup>\u00ae<\/sup><sup>\u00a0<\/sup><\/span><span style=\"font-size: 20px;\">&#8211; Protection contre la condensation. Stabilisation de la temp\u00e9rature. R\u00e9sistance aux temp\u00e9ratures extr\u00eames. <\/span><\/p>\n<p>Dans le secteur des transports, les temp\u00e9ratures extr\u00eames, l&#8217;humidit\u00e9 \u00e9lev\u00e9e, la formation de condensation et les charges \u00e9lectrostatiques imposent des exigences particuli\u00e8res aux surfaces. Les peintures fonctionnelles ClimateCoating<sup>\u00ae<\/sup> offrent des solutions fiables \u00e0 ces probl\u00e8mes. Elles<em> emp\u00eachent la formation de condensation, stabilisent les temp\u00e9ratures<\/em> dans les v\u00e9hicules, les conteneurs ou les zones de stockage et <em>prot\u00e8gent contre les effets \u00e9lectrostatiques<\/em>. En m\u00eame temps, elles assurent <em>une protection contre la chaleur et des surfaces r\u00e9sistantes<\/em>, m\u00eame \u00e0 des temp\u00e9ratures extr\u00eames de -40 \u00b0C \u00e0 +150 \u00b0C. Ils permettent ainsi d <em>&#8216;obtenir des surfaces s\u00fbres, \u00e9conomes en \u00e9nergie et r\u00e9sistantes<\/em>, pour une s\u00e9curit\u00e9 op\u00e9rationnelle maximale et une <em>maintenance r\u00e9duite.<\/em>[\/vc_column_text][vc_row_inner row_type=&#8221;row&#8221; type=&#8221;full_width&#8221; use_row_as_full_screen_section_slide=&#8221;no&#8221; text_align=&#8221;left&#8221; css_animation=&#8221;&#8221;][vc_column_inner width=&#8221;1\/3&#8243;][vc_column_text]ROUTE[\/vc_column_text][vc_gallery interval=&#8221;3&#8243; images=&#8221;29387&#8243; img_size=&#8221;full&#8221; onclick=&#8221;&#8221; el_class=&#8221;flex-noarrows&#8221;][vc_separator type=&#8221;small&#8221; position=&#8221;left&#8221; border_style=&#8221;&#8221; up=&#8221;18&#8243; down=&#8221;20&#8243; color=&#8221;#d6202d&#8221;][vc_column_text]D\u00e9tente thermique<\/p>\n<p>Refroidissement<\/p>\n<p>R\u00e9duction de la condensation[\/vc_column_text][\/vc_column_inner][vc_column_inner width=&#8221;1\/3&#8243;][vc_column_text]RAIL[\/vc_column_text][vc_gallery interval=&#8221;3&#8243; images=&#8221;29387&#8243; img_size=&#8221;full&#8221; onclick=&#8221;&#8221; el_class=&#8221;flex-noarrows&#8221;][vc_separator type=&#8221;small&#8221; position=&#8221;left&#8221; border_style=&#8221;&#8221; up=&#8221;18&#8243; down=&#8221;20&#8243; color=&#8221;#d6202d&#8221;][vc_column_text]Refroidissement<\/p>\n<p>Protection contre le gauchissement des rails[\/vc_column_text][\/vc_column_inner][vc_column_inner width=&#8221;1\/3&#8243;][vc_column_text]CONTAINER[\/vc_column_text][vc_gallery interval=&#8221;3&#8243; images=&#8221;29387&#8243; img_size=&#8221;full&#8221; onclick=&#8221;&#8221; el_class=&#8221;flex-noarrows&#8221;][vc_separator type=&#8221;small&#8221; position=&#8221;left&#8221; border_style=&#8221;&#8221; up=&#8221;18&#8243; down=&#8221;20&#8243; color=&#8221;#d6202d&#8221;][vc_column_text]Protection contre les rayons du soleil<\/p>\n<p>Refroidissement[\/vc_column_text][\/vc_column_inner][\/vc_row_inner][\/vc_column][\/vc_row][vc_row row_type=&#8221;row&#8221; use_row_as_full_screen_section=&#8221;no&#8221; type=&#8221;full_width&#8221; text_align=&#8221;left&#8221; background_animation=&#8221;none&#8221; css_animation=&#8221;&#8221;][vc_column][\/vc_column][\/vc_row]<\/p>\n<\/div>","protected":false},"excerpt":{"rendered":"Transport et circulation Avec ClimateCoating\u00ae\u00a0- Protection contre la condensation. Stabilisation de la temp\u00e9rature. R\u00e9sistance aux temp\u00e9ratures extr\u00eames. Dans le secteur des transports, les temp\u00e9ratures extr\u00eames, l'humidit\u00e9 \u00e9lev\u00e9e, la formation de condensation et les charges \u00e9lectrostatiques imposent des exigences particuli\u00e8res aux surfaces. Les peintures fonctionnelles ClimateCoating\u00ae...","protected":false},"author":1,"featured_media":0,"parent":27739,"menu_order":130,"comment_status":"closed","ping_status":"closed","template":"","meta":{"footnotes":""},"class_list":["post-29325","page","type-page","status-publish","hentry"],"_links":{"self":[{"href":"https:\/\/www.climatecoating.com\/fr\/wp-json\/wp\/v2\/pages\/29325","targetHints":{"allow":["GET"]}}],"collection":[{"href":"https:\/\/www.climatecoating.com\/fr\/wp-json\/wp\/v2\/pages"}],"about":[{"href":"https:\/\/www.climatecoating.com\/fr\/wp-json\/wp\/v2\/types\/page"}],"author":[{"embeddable":true,"href":"https:\/\/www.climatecoating.com\/fr\/wp-json\/wp\/v2\/users\/1"}],"replies":[{"embeddable":true,"href":"https:\/\/www.climatecoating.com\/fr\/wp-json\/wp\/v2\/comments?post=29325"}],"version-history":[{"count":7,"href":"https:\/\/www.climatecoating.com\/fr\/wp-json\/wp\/v2\/pages\/29325\/revisions"}],"predecessor-version":[{"id":63930,"href":"https:\/\/www.climatecoating.com\/fr\/wp-json\/wp\/v2\/pages\/29325\/revisions\/63930"}],"up":[{"embeddable":true,"href":"https:\/\/www.climatecoating.com\/fr\/wp-json\/wp\/v2\/pages\/27739"}],"wp:attachment":[{"href":"https:\/\/www.climatecoating.com\/fr\/wp-json\/wp\/v2\/media?parent=29325"}],"curies":[{"name":"wp","href":"https:\/\/api.w.org\/{rel}","templated":true}]}}