{"id":29335,"date":"2021-06-08T12:17:23","date_gmt":"2021-06-08T10:17:23","guid":{"rendered":"https:\/\/www.climatecoating.com\/domaines-dapplication\/agriculture-et-elevage\/"},"modified":"2026-02-17T09:09:26","modified_gmt":"2026-02-17T08:09:26","slug":"agriculture-et-elevage","status":"publish","type":"page","link":"https:\/\/www.climatecoating.com\/fr\/domaines-dapplication\/agriculture-et-elevage\/","title":{"rendered":"Agriculture et \u00e9levage"},"content":{"rendered":"<div class=\"wpb-content-wrapper\"><p>[vc_row row_type=&#8221;row&#8221; use_row_as_full_screen_section=&#8221;no&#8221; type=&#8221;full_width&#8221; text_align=&#8221;left&#8221; background_animation=&#8221;none&#8221; padding_bottom=&#8221;45&#8243; css_animation=&#8221;&#8221;][vc_column][vc_single_image image=&#8221;30715&#8243; img_size=&#8221;full&#8221; css=&#8221;.vc_custom_1605019142328{padding-bottom: 30px !important;}&#8221; qode_css_animation=&#8221;&#8221;][vc_column_text]<\/p>\n<h1>Agriculture et \u00e9levage<\/h1>\n<p>[\/vc_column_text][vc_column_text css=&#8221;.vc_custom_1771315744517{padding-bottom: 30px !important;}&#8221;]<span style=\"font-size: 20px;\">Avec ClimateCoating<sup>\u00ae<\/sup><sup>\u00a0<\/sup><\/span><span style=\"font-size: 20px;\">&#8211; Protection contre l&#8217;humidit\u00e9. \u00c9conomies d&#8217;\u00e9nergie. Surfaces r\u00e9sistantes au nettoyage. <\/span><\/p>\n<p data-start=\"257\" data-end=\"837\">Les b\u00e2timents agricoles tels que les \u00e9tables, les granges ou les entrep\u00f4ts sont constamment expos\u00e9s \u00e0 l&#8217;humidit\u00e9, \u00e0 la salet\u00e9, aux moisissures et aux variations de temp\u00e9rature. Les peintures murales, les enduits et les rev\u00eatements de toiture de ClimateCoating<sup>\u00ae<\/sup> <em>prot\u00e8gent de mani\u00e8re fiable la structure des b\u00e2timents<\/em> contre ces agressions. Les peintures fonctionnelles <em>minimisent la formation de moisissures et d&#8217;algues<\/em>, <em>r\u00e9duisent les salissures et diminuent en m\u00eame temps les co\u00fbts de chauffage et d&#8217;\u00e9nergie<\/em>. Les exploitants b\u00e9n\u00e9ficient ainsi d&#8217;avantages \u00e9conomiques, de conditions d&#8217;\u00e9levage saines et de surfaces durables et faciles \u00e0 entretenir &#8211; pour des exploitations efficaces, s\u00fbres et durables.<\/p>\n<p>[\/vc_column_text][vc_row_inner row_type=&#8221;row&#8221; type=&#8221;full_width&#8221; use_row_as_full_screen_section_slide=&#8221;no&#8221; text_align=&#8221;left&#8221; css_animation=&#8221;&#8221;][vc_column_inner width=&#8221;1\/4&#8243;][vc_column_text]APPLICATIONS<br \/>\nINT\u00c9RIEUR[\/vc_column_text][vc_gallery interval=&#8221;3&#8243; images=&#8221;29235,30731,29256&#8243; img_size=&#8221;full&#8221; onclick=&#8221;&#8221; el_class=&#8221;flex-noarrows&#8221;][vc_separator type=&#8221;small&#8221; position=&#8221;left&#8221; border_style=&#8221;&#8221; up=&#8221;18&#8243; down=&#8221;20&#8243; color=&#8221;#d6202d&#8221;][vc_column_text]Hygi\u00e8ne des locaux et protection contre les moisissures<\/p>\n<p>Pr\u00e9vention de la condensation et r\u00e9gulation de l&#8217;humidit\u00e9<\/p>\n<p>Am\u00e9lioration du climat int\u00e9rieur et du confort de vie<\/p>\n<p>R\u00e9sistance \u00e0 la salet\u00e9 et photocatalyse<\/p>\n<p>\u00c9conomie d&#8217;\u00e9nergie et efficacit\u00e9 \u00e9conomique<\/p>\n<p>Rafra\u00eechissement des carreaux de plafond<\/p>\n<p>\u00c9claircissement des pi\u00e8ces par r\u00e9flexion de la lumi\u00e8re<\/p>\n<p>Rev\u00eatement de protection pour la mousse de PU[\/vc_column_text][\/vc_column_inner][vc_column_inner width=&#8221;1\/4&#8243;][vc_column_text]APPLICATIONS<br \/>\nEXT\u00c9RIEUR[\/vc_column_text][vc_gallery interval=&#8221;3&#8243; images=&#8221;30521,30543,29387&#8243; img_size=&#8221;full&#8221; onclick=&#8221;&#8221; el_class=&#8221;flex-noarrows&#8221;][vc_separator type=&#8221;small&#8221; position=&#8221;left&#8221; border_style=&#8221;&#8221; up=&#8221;18&#8243; down=&#8221;20&#8243; color=&#8221;#d6202d&#8221;][vc_column_text]Am\u00e9lioration du bilan \u00e9nerg\u00e9tique du b\u00e2timent<\/p>\n<p>Durabilit\u00e9, absence de fissures et robustesse<\/p>\n<p>R\u00e9duction de la croissance des algues, des mousses et des champignons.<\/p>\n<p>Gestion de l&#8217;humidit\u00e9 et r\u00e9gulation de la temp\u00e9rature<\/p>\n<p>Fa\u00e7ades historiques : D\u00e9shumidification douce et conservation de la valeur<\/p>\n<p>Ignifugation<\/p>\n<p>Rev\u00eatement de protection pour la mousse de PU[\/vc_column_text][\/vc_column_inner][vc_column_inner width=&#8221;1\/4&#8243;][vc_column_text]APPLICATIONS<br \/>\nTOITURE[\/vc_column_text][vc_gallery interval=&#8221;3&#8243; images=&#8221;27747,27846,27807&#8243; img_size=&#8221;full&#8221; onclick=&#8221;&#8221; el_class=&#8221;flex-noarrows&#8221;][vc_separator type=&#8221;small&#8221; position=&#8221;left&#8221; border_style=&#8221;&#8221; up=&#8221;18&#8243; down=&#8221;20&#8243; color=&#8221;#d6202d&#8221;][vc_column_text css=&#8221;&#8221;]<a href=\"https:\/\/www.climatecoating.com\/fr\/domaines-dapplication\/refroidissement-et-reduction-des-couts-de-refroidissement\/\" target=\"_blank\" rel=\"noopener\">Refroidissement et r\u00e9duction de la puissance de refroidissement<\/a><\/p>\n<p>Protection contre les intemp\u00e9ries et long\u00e9vit\u00e9<\/p>\n<p>\u00c9tanch\u00e9it\u00e9<\/p>\n<p>D\u00e9tente thermique[\/vc_column_text][\/vc_column_inner][vc_column_inner width=&#8221;1\/4&#8243;][vc_column_text]APPLICATIONS<br \/>\nBOIS[\/vc_column_text][vc_gallery interval=&#8221;3&#8243; images=&#8221;30743,30741,30745&#8243; img_size=&#8221;full&#8221; onclick=&#8221;&#8221; el_class=&#8221;flex-noarrows&#8221;][vc_separator type=&#8221;small&#8221; position=&#8221;left&#8221; border_style=&#8221;&#8221; up=&#8221;18&#8243; down=&#8221;20&#8243; color=&#8221;#d6202d&#8221;][vc_column_text]Protection \u00e0 long terme contre les intemp\u00e9ries[\/vc_column_text][\/vc_column_inner][\/vc_row_inner][\/vc_column][\/vc_row][vc_row row_type=&#8221;row&#8221; use_row_as_full_screen_section=&#8221;no&#8221; type=&#8221;full_width&#8221; text_align=&#8221;left&#8221; background_animation=&#8221;none&#8221; css_animation=&#8221;&#8221;][vc_column][\/vc_column][\/vc_row]<\/p>\n<\/div>","protected":false},"excerpt":{"rendered":"Agriculture et \u00e9levage Avec ClimateCoating\u00ae\u00a0- Protection contre l'humidit\u00e9. \u00c9conomies d'\u00e9nergie. Surfaces r\u00e9sistantes au nettoyage. Les b\u00e2timents agricoles tels que les \u00e9tables, les granges ou les entrep\u00f4ts sont constamment expos\u00e9s \u00e0 l'humidit\u00e9, \u00e0 la salet\u00e9, aux moisissures et aux variations de temp\u00e9rature. Les peintures murales, les...","protected":false},"author":1,"featured_media":0,"parent":27739,"menu_order":140,"comment_status":"closed","ping_status":"closed","template":"","meta":{"footnotes":""},"class_list":["post-29335","page","type-page","status-publish","hentry"],"_links":{"self":[{"href":"https:\/\/www.climatecoating.com\/fr\/wp-json\/wp\/v2\/pages\/29335","targetHints":{"allow":["GET"]}}],"collection":[{"href":"https:\/\/www.climatecoating.com\/fr\/wp-json\/wp\/v2\/pages"}],"about":[{"href":"https:\/\/www.climatecoating.com\/fr\/wp-json\/wp\/v2\/types\/page"}],"author":[{"embeddable":true,"href":"https:\/\/www.climatecoating.com\/fr\/wp-json\/wp\/v2\/users\/1"}],"replies":[{"embeddable":true,"href":"https:\/\/www.climatecoating.com\/fr\/wp-json\/wp\/v2\/comments?post=29335"}],"version-history":[{"count":9,"href":"https:\/\/www.climatecoating.com\/fr\/wp-json\/wp\/v2\/pages\/29335\/revisions"}],"predecessor-version":[{"id":63944,"href":"https:\/\/www.climatecoating.com\/fr\/wp-json\/wp\/v2\/pages\/29335\/revisions\/63944"}],"up":[{"embeddable":true,"href":"https:\/\/www.climatecoating.com\/fr\/wp-json\/wp\/v2\/pages\/27739"}],"wp:attachment":[{"href":"https:\/\/www.climatecoating.com\/fr\/wp-json\/wp\/v2\/media?parent=29335"}],"curies":[{"name":"wp","href":"https:\/\/api.w.org\/{rel}","templated":true}]}}