{"id":29346,"date":"2021-06-08T12:17:24","date_gmt":"2021-06-08T10:17:24","guid":{"rendered":"https:\/\/www.climatecoating.com\/domaines-dapplication\/industrie-et-solutions-speciales\/"},"modified":"2026-02-17T12:08:22","modified_gmt":"2026-02-17T11:08:22","slug":"industrie-et-solutions-speciales","status":"publish","type":"page","link":"https:\/\/www.climatecoating.com\/fr\/domaines-dapplication\/industrie-et-solutions-speciales\/","title":{"rendered":"Industrie et solutions sp\u00e9ciales"},"content":{"rendered":"<div class=\"wpb-content-wrapper\"><p>[vc_row row_type=&#8221;row&#8221; use_row_as_full_screen_section=&#8221;no&#8221; type=&#8221;full_width&#8221; text_align=&#8221;left&#8221; background_animation=&#8221;none&#8221; padding_bottom=&#8221;45&#8243; css_animation=&#8221;&#8221;][vc_column][vc_single_image image=&#8221;30705&#8243; img_size=&#8221;full&#8221; css=&#8221;.vc_custom_1605019348238{padding-bottom: 30px !important;}&#8221; qode_css_animation=&#8221;&#8221;][vc_column_text]<\/p>\n<h1>Industrie et solutions sp\u00e9ciales<\/h1>\n<p>[\/vc_column_text][vc_column_text css=&#8221;.vc_custom_1771326489773{padding-bottom: 30px !important;}&#8221;]<span style=\"font-size: 20px;\">Avec ClimateCoating<sup>\u00ae<\/sup><sup>\u00a0<\/sup><\/span><span style=\"font-size: 20px;\">&#8211; Protection des mat\u00e9riaux. Diversit\u00e9 des fonctions. Solutions personnalis\u00e9es. <\/span><\/p>\n<p>Certaines exigences ne peuvent pas \u00eatre class\u00e9es dans des cat\u00e9gories standard, par exemple le rev\u00eatement de <em>plastiques, de textiles ou d&#8217;autres mat\u00e9riaux sp\u00e9ciaux<\/em>. De m\u00eame, des propri\u00e9t\u00e9s ou des effets particuliers peuvent \u00eatre demand\u00e9s, comme <em>l&#8217;acoustique, la flexibilit\u00e9 ou la catalyse<\/em>. ClimateCoating<sup>\u00ae<\/sup> propose des rev\u00eatements fonctionnels sur mesure qui r\u00e9pondent exactement \u00e0 vos besoins. Cela permet de <em>r\u00e9soudre de mani\u00e8re fiable les probl\u00e8mes les plus inhabituels<\/em>, d&#8217;optimiser les propri\u00e9t\u00e9s des mat\u00e9riaux et de r\u00e9aliser de nouvelles fonctions. Quel que soit le probl\u00e8me que vous souhaitez r\u00e9soudre : ClimateCoating<sup>\u00ae<\/sup> vous aide \u00e0 <em>trouver des solutions personnalis\u00e9es pour chaque secteur<\/em>. <a href=\"https:\/\/www.climatecoating.com\/fr\/contact\/\" target=\"_blank\" rel=\"noopener\">N&#8217;h\u00e9sitez pas \u00e0 nous contacter !<\/a>[\/vc_column_text][\/vc_column][\/vc_row][vc_row row_type=&#8221;row&#8221; use_row_as_full_screen_section=&#8221;no&#8221; type=&#8221;full_width&#8221; text_align=&#8221;left&#8221; background_animation=&#8221;none&#8221; css_animation=&#8221;&#8221;][vc_column][\/vc_column][\/vc_row]<\/p>\n<\/div>","protected":false},"excerpt":{"rendered":"Industrie et solutions sp\u00e9ciales Avec ClimateCoating\u00ae\u00a0- Protection des mat\u00e9riaux. Diversit\u00e9 des fonctions. Solutions personnalis\u00e9es. Certaines exigences ne peuvent pas \u00eatre class\u00e9es dans des cat\u00e9gories standard, par exemple le rev\u00eatement de plastiques, de textiles ou d'autres mat\u00e9riaux sp\u00e9ciaux. De m\u00eame, des propri\u00e9t\u00e9s ou des effets particuliers...","protected":false},"author":1,"featured_media":0,"parent":27739,"menu_order":160,"comment_status":"closed","ping_status":"closed","template":"","meta":{"footnotes":""},"class_list":["post-29346","page","type-page","status-publish","hentry"],"_links":{"self":[{"href":"https:\/\/www.climatecoating.com\/fr\/wp-json\/wp\/v2\/pages\/29346","targetHints":{"allow":["GET"]}}],"collection":[{"href":"https:\/\/www.climatecoating.com\/fr\/wp-json\/wp\/v2\/pages"}],"about":[{"href":"https:\/\/www.climatecoating.com\/fr\/wp-json\/wp\/v2\/types\/page"}],"author":[{"embeddable":true,"href":"https:\/\/www.climatecoating.com\/fr\/wp-json\/wp\/v2\/users\/1"}],"replies":[{"embeddable":true,"href":"https:\/\/www.climatecoating.com\/fr\/wp-json\/wp\/v2\/comments?post=29346"}],"version-history":[{"count":12,"href":"https:\/\/www.climatecoating.com\/fr\/wp-json\/wp\/v2\/pages\/29346\/revisions"}],"predecessor-version":[{"id":64011,"href":"https:\/\/www.climatecoating.com\/fr\/wp-json\/wp\/v2\/pages\/29346\/revisions\/64011"}],"up":[{"embeddable":true,"href":"https:\/\/www.climatecoating.com\/fr\/wp-json\/wp\/v2\/pages\/27739"}],"wp:attachment":[{"href":"https:\/\/www.climatecoating.com\/fr\/wp-json\/wp\/v2\/media?parent=29346"}],"curies":[{"name":"wp","href":"https:\/\/api.w.org\/{rel}","templated":true}]}}