{"id":29369,"date":"2021-06-08T12:17:32","date_gmt":"2021-06-08T10:17:32","guid":{"rendered":"https:\/\/www.climatecoating.com\/entreprise\/service\/"},"modified":"2026-02-05T15:46:56","modified_gmt":"2026-02-05T14:46:56","slug":"service","status":"publish","type":"page","link":"https:\/\/www.climatecoating.com\/fr\/entreprise\/service\/","title":{"rendered":"Service"},"content":{"rendered":"<div class=\"wpb-content-wrapper\"><p>[vc_row row_type=&#8221;row&#8221; use_row_as_full_screen_section=&#8221;no&#8221; type=&#8221;full_width&#8221; text_align=&#8221;left&#8221; background_animation=&#8221;none&#8221; css_animation=&#8221;&#8221;][vc_column width=&#8221;1\/4&#8243; el_class=&#8221;serviceboxes&#8221;]<div class=\"ult_row_spacer\"><div class=\"ult-sticky-anchor\"><div class=\"ult-sticky-section ult-sticky \"  data-gutter= '100' data-stick_behaviour= 'stick_with_scroll_row'  data-sticky_position= 'top' data-mobile='no' data-support='no'>[vc_raw_html]JTVCY213aXphcmQlMjB3aWRnZXQlM0QyJTJGJTVE[\/vc_raw_html]<\/div><div class=\"ult-space\"><\/div><\/div><\/div>[\/vc_column][vc_column width=&#8221;3\/4&#8243;][vc_column_text css=&#8221;.vc_custom_1610449799770{padding-bottom: 20px !important;}&#8221;]<\/p>\n<h1>Service<\/h1>\n<p>[\/vc_column_text][vc_row_inner row_type=&#8221;row&#8221; type=&#8221;full_width&#8221; use_row_as_full_screen_section_slide=&#8221;no&#8221; text_align=&#8221;left&#8221; css_animation=&#8221;&#8221; css=&#8221;.vc_custom_1610450945201{padding-bottom: 30px !important;}&#8221;][vc_column_inner width=&#8221;1\/3&#8243;]<div class=\"image_with_text\"><img decoding=\"async\" src=\"https:\/\/www.climatecoating.com\/wp-content\/uploads\/2020\/12\/service_Planer-Beratung.jpg\" alt=\"Service - Planer Beratung\" \/><h2 >Conseils aux planificateurs<\/h2><span style=\"margin: 6px 0px;\" class=\"separator transparent\"><\/span>Vos projets sont notre travail quotidien. Nous vous soutenons dans les t\u00e2ches de rev\u00eatement, de la planification \u00e0 la mise en \u0153uvre.<\/div>[\/vc_column_inner][vc_column_inner width=&#8221;1\/3&#8243;]<div class=\"image_with_text\"><img decoding=\"async\" src=\"https:\/\/www.climatecoating.com\/wp-content\/uploads\/2020\/12\/service_Farbfaecher.jpg\" alt=\"Service - Farbf\u00e4cher\" \/><h2 >Vari\u00e9t\u00e9 de couleurs pour votre projet<\/h2><span style=\"margin: 6px 0px;\" class=\"separator transparent\"><\/span>Ils donnent le ton. Nous r\u00e9alisons vos r\u00eaves de couleurs &#8211; avec plus de 100 000 nuances de couleurs, volontiers aussi selon RAL, NCS ou d&#8217;autres syst\u00e8mes de couleurs courants.<\/div>[\/vc_column_inner][vc_column_inner width=&#8221;1\/3&#8243;]<div class=\"image_with_text\"><img decoding=\"async\" src=\"https:\/\/www.climatecoating.com\/wp-content\/uploads\/2020\/12\/service_Broschuere-Werbemittel.jpg\" alt=\"Service - Brosch\u00fcre Werbemittel\" \/><h2 >Informations sp\u00e9ciales sur le produit<\/h2><span style=\"margin: 6px 0px;\" class=\"separator transparent\"><\/span>D\u00e9couvrez-le. <a href=\"https:\/\/www.climatecoating.com\/fr\/mediatheque\/\">Vous trouverez ici des informations actuelles sur les produits, sous forme de fichiers \u00e0 t\u00e9l\u00e9charger ou interactifs.<\/a><\/div>[\/vc_column_inner][\/vc_row_inner][vc_row_inner row_type=&#8221;row&#8221; type=&#8221;full_width&#8221; use_row_as_full_screen_section_slide=&#8221;no&#8221; text_align=&#8221;left&#8221; css_animation=&#8221;&#8221; css=&#8221;.vc_custom_1610451346022{padding-bottom: 20px !important;}&#8221;][vc_column_inner width=&#8221;1\/3&#8243;]<div class=\"image_with_text\"><img decoding=\"async\" src=\"https:\/\/www.climatecoating.com\/wp-content\/uploads\/2020\/12\/service_Versand.jpg\" alt=\"Service - Versand\" \/><h2 >Exp\u00e9dition mondiale<\/h2><span style=\"margin: 6px 0px;\" class=\"separator transparent\"><\/span>Vous avez besoin de diff\u00e9rents assortiments de conteneurs \u00e0 court terme en Asie ? Nous organisons chaque transport pour vous, selon vos souhaits.<\/div>[\/vc_column_inner][vc_column_inner width=&#8221;1\/3&#8243;]<div class=\"image_with_text\"><img decoding=\"async\" src=\"https:\/\/www.climatecoating.com\/wp-content\/uploads\/2020\/12\/service_Referenzen.jpg\" alt=\"Service - Referenzen\" \/><h2 >R\u00e9f\u00e9rences mondiales<\/h2><span style=\"margin: 6px 0px;\" class=\"separator transparent\"><\/span>Convainquez-vous des solutions de rev\u00eatement et des d\u00e9fis ma\u00eetris\u00e9s. <a href=\"https:\/\/www.climatecoating.com\/fr\/references\/\">Plongez dans nos t\u00e9moignages.<\/a><\/div>[\/vc_column_inner][vc_column_inner width=&#8221;1\/3&#8243;]<div class=\"image_with_text\"><img decoding=\"async\" src=\"https:\/\/www.climatecoating.com\/wp-content\/uploads\/2020\/12\/service_SocialMedia.jpg\" alt=\"Service - SocialMedia\" \/><h2 >Des m\u00e9dias sociaux<\/h2><span style=\"margin: 6px 0px;\" class=\"separator transparent\"><\/span>Ici, vous pouvez nous trouver ainsi que nos partenaires :<\/p>\n<ul>\n<li><a href=\"https:\/\/www.facebook.com\/climatecoating\">Facebook<\/a><\/li>\n<li><a href=\"https:\/\/www.youtube.com\/channel\/UCSMRr-e31t2xlUXyIAlmw-Q\">YouTube<\/a><\/li>\n<\/ul>\n<p><\/div>[\/vc_column_inner][\/vc_row_inner][vc_column_text css=&#8221;.vc_custom_1610451352838{padding-bottom: 30px !important;}&#8221;]Nous sommes heureux de vous aider gr\u00e2ce \u00e0 notre expertise et \u00e0 notre r\u00e9seau mondial.<br \/>\n<a href=\"https:\/\/www.climatecoating.com\/fr\/contact\/\">Faites appel \u00e0 nous !<\/a>[\/vc_column_text][\/vc_column][\/vc_row]<\/p>\n<\/div>","protected":false},"excerpt":{"rendered":"<p>[vc_row row_type=&#8221;row&#8221; use_row_as_full_screen_section=&#8221;no&#8221; type=&#8221;full_width&#8221; text_align=&#8221;left&#8221; background_animation=&#8221;none&#8221; css_animation=&#8221;&#8221;][vc_column width=&#8221;1\/4&#8243; el_class=&#8221;serviceboxes&#8221;][\/vc_column][vc_column width=&#8221;3\/4&#8243;][vc_column_text css=&#8221;.vc_custom_1610449799770{padding-bottom: 20px !important;}&#8221;] Service [\/vc_column_text][vc_row_inner row_type=&#8221;row&#8221; type=&#8221;full_width&#8221; use_row_as_full_screen_section_slide=&#8221;no&#8221; text_align=&#8221;left&#8221; css_animation=&#8221;&#8221; css=&#8221;.vc_custom_1610450945201{padding-bottom: 30px !important;}&#8221;][vc_column_inner width=&#8221;1\/3&#8243;][\/vc_column_inner][vc_column_inner width=&#8221;1\/3&#8243;][\/vc_column_inner][vc_column_inner width=&#8221;1\/3&#8243;][\/vc_column_inner][\/vc_row_inner][vc_row_inner row_type=&#8221;row&#8221; type=&#8221;full_width&#8221; use_row_as_full_screen_section_slide=&#8221;no&#8221; text_align=&#8221;left&#8221; css_animation=&#8221;&#8221; css=&#8221;.vc_custom_1610451346022{padding-bottom: 20px !important;}&#8221;][vc_column_inner width=&#8221;1\/3&#8243;][\/vc_column_inner][vc_column_inner width=&#8221;1\/3&#8243;][\/vc_column_inner][vc_column_inner width=&#8221;1\/3&#8243;][\/vc_column_inner][\/vc_row_inner][vc_column_text css=&#8221;.vc_custom_1610451352838{padding-bottom: 30px !important;}&#8221;]Nous sommes heureux de vous aider&#8230;<\/p>\n","protected":false},"author":1,"featured_media":0,"parent":28201,"menu_order":685,"comment_status":"closed","ping_status":"closed","template":"","meta":{"footnotes":""},"class_list":["post-29369","page","type-page","status-publish","hentry"],"_links":{"self":[{"href":"https:\/\/www.climatecoating.com\/fr\/wp-json\/wp\/v2\/pages\/29369","targetHints":{"allow":["GET"]}}],"collection":[{"href":"https:\/\/www.climatecoating.com\/fr\/wp-json\/wp\/v2\/pages"}],"about":[{"href":"https:\/\/www.climatecoating.com\/fr\/wp-json\/wp\/v2\/types\/page"}],"author":[{"embeddable":true,"href":"https:\/\/www.climatecoating.com\/fr\/wp-json\/wp\/v2\/users\/1"}],"replies":[{"embeddable":true,"href":"https:\/\/www.climatecoating.com\/fr\/wp-json\/wp\/v2\/comments?post=29369"}],"version-history":[{"count":1,"href":"https:\/\/www.climatecoating.com\/fr\/wp-json\/wp\/v2\/pages\/29369\/revisions"}],"predecessor-version":[{"id":63457,"href":"https:\/\/www.climatecoating.com\/fr\/wp-json\/wp\/v2\/pages\/29369\/revisions\/63457"}],"up":[{"embeddable":true,"href":"https:\/\/www.climatecoating.com\/fr\/wp-json\/wp\/v2\/pages\/28201"}],"wp:attachment":[{"href":"https:\/\/www.climatecoating.com\/fr\/wp-json\/wp\/v2\/media?parent=29369"}],"curies":[{"name":"wp","href":"https:\/\/api.w.org\/{rel}","templated":true}]}}