{"id":40284,"date":"2022-03-23T18:24:08","date_gmt":"2022-03-23T17:24:08","guid":{"rendered":"https:\/\/www.climatecoating.com\/produits-2\/"},"modified":"2023-08-15T15:04:58","modified_gmt":"2023-08-15T13:04:58","slug":"produits-2","status":"publish","type":"page","link":"https:\/\/www.climatecoating.com\/fr\/produits-2\/","title":{"rendered":"Produits"},"content":{"rendered":"<div class=\"wpb-content-wrapper\"><p>[vc_row row_type=&#8221;row&#8221; use_row_as_full_screen_section=&#8221;no&#8221; type=&#8221;full_width&#8221; text_align=&#8221;left&#8221; background_animation=&#8221;none&#8221; css_animation=&#8221;&#8221;][vc_column][vc_column_text]<\/p>\n<h1>Produits<\/h1>\n<p>[\/vc_column_text][\/vc_column][\/vc_row][vc_row row_type=&#8221;row&#8221; use_row_as_full_screen_section=&#8221;no&#8221; type=&#8221;full_width&#8221; text_align=&#8221;left&#8221; background_animation=&#8221;none&#8221; css_animation=&#8221;&#8221;][vc_column width=&#8221;2\/3&#8243;][vc_column_text]Les produits ClimateCoating<sup>\u00ae<\/sup> offrent des <strong>solutions pratiques aux probl\u00e8mes<\/strong>. Les moisissures sur les murs, la prolif\u00e9ration des algues, les fa\u00e7ades fragiles et sales sont combattues ou pr\u00e9venues efficacement. L&#8217;entr\u00e9e d&#8217;humidit\u00e9 par la pluie battante est r\u00e9duite ou \u00e9vit\u00e9e. Le chauffage des toits, des int\u00e9rieurs, des conteneurs ou des r\u00e9servoirs est consid\u00e9rablement r\u00e9duit.<\/p>\n<p><strong>Technologie des membranes r\u00e9fl\u00e9chissantes<br \/>\n<\/strong>Le secret r\u00e9side dans les <strong>corps creux en vitroc\u00e9ramique<\/strong> sp\u00e9cialement con\u00e7us, qui renferment un <strong>vide<\/strong>. Nous avons combin\u00e9 ces corps creux en vitroc\u00e9ramique avec une dispersion extr\u00eamement adh\u00e9sive, sp\u00e9cialement d\u00e9velopp\u00e9e, et des activateurs s\u00e9lectionn\u00e9s. Apr\u00e8s application, le rev\u00eatement forme une membrane dite r\u00e9fl\u00e9chissante.<\/p>\n<p>L&#8217;effet et les avantages du rev\u00eatement sont bas\u00e9s sur ces<strong> processus de la physique du b\u00e2timent :<\/strong> R\u00e9flexion, \u00e9vaporation dirig\u00e9e et anti\u00e9lectrostatique. L&#8217;extraordinaire r\u00e9sistance des mat\u00e9riaux rend les rev\u00eatements robustes, adaptables et tr\u00e8s durables.<\/p>\n<p><strong>Le plus environnemental :<\/strong> Tous les produits ClimateCoating<sup>\u00ae<\/sup> sont \u00e0 base d&#8217;eau et sans solvant.<br \/>\n<strong>L&#8217;avantage du design :<\/strong> presque toutes les nuances de couleurs sont possibles.[\/vc_column_text][\/vc_column][vc_column width=&#8221;1\/3&#8243;][vc_single_image image=&#8221;37400&#8243; img_size=&#8221;full&#8221; add_caption=&#8221;yes&#8221; alignment=&#8221;right&#8221; onclick=&#8221;custom_link&#8221; img_link_target=&#8221;_blank&#8221; qode_css_animation=&#8221;&#8221; link=&#8221;https:\/\/www.youtube.com\/watch?v=wZovk682oss&#8221;][\/vc_column][\/vc_row][vc_row row_type=&#8221;row&#8221; use_row_as_full_screen_section=&#8221;no&#8221; type=&#8221;full_width&#8221; text_align=&#8221;left&#8221; background_animation=&#8221;none&#8221; css_animation=&#8221;&#8221;][vc_column][vc_separator type=&#8221;normal&#8221; border_style=&#8221;&#8221; thickness=&#8221;1&#8243; color=&#8221;#c4c4c4&#8243;][\/vc_column][\/vc_row][vc_row row_type=&#8221;row&#8221; use_row_as_full_screen_section=&#8221;no&#8221; type=&#8221;full_width&#8221; text_align=&#8221;left&#8221; background_animation=&#8221;none&#8221; css_animation=&#8221;&#8221;][vc_column width=&#8221;1\/4&#8243;][vc_single_image image=&#8221;35893&#8243; style=&#8221;vc_box_shadow&#8221; onclick=&#8221;link_image&#8221; qode_css_animation=&#8221;&#8221;][\/vc_column][vc_column width=&#8221;1\/4&#8243;][vc_column_text]<strong>Tout ce que vous devez savoir. La pr\u00e9sentation du produit \u00e0 t\u00e9l\u00e9charger.<\/strong><\/p>\n<p><a href=\"https:\/\/www.climatecoating.com\/wp-content\/uploads\/2022\/01\/Leporello_DL_18S_EN.pdf\" target=\"_blank\" rel=\"noopener\">Leporello<\/a> PDF | <a href=\"mailto:siedentopf@sicc.de\">Impression \u00e0 la demande<\/a>[\/vc_column_text][\/vc_column][vc_column width=&#8221;1\/4&#8243;][vc_column_text]<strong>R\u00e9ponses aux questions relatives aux demandes individuelles sur le site :<\/strong><\/p>\n<p><strong>Fon +33 47 42 80 111<br \/>\n<\/strong>[\/vc_column_text][\/vc_column][vc_column width=&#8221;1\/4&#8243;][vc_column_text]<strong>Vous souhaitez commander, r\u00e9pertorier ou \u00e9changer des produits ?<\/strong><\/p>\n<p><a href=\"mailto:steiert@sicc.de\" target=\"_blank\" rel=\"noopener\">Contactez la direction des ventes.<\/a>[\/vc_column_text][\/vc_column][\/vc_row][vc_row row_type=&#8221;row&#8221; use_row_as_full_screen_section=&#8221;no&#8221; type=&#8221;full_width&#8221; text_align=&#8221;left&#8221; background_animation=&#8221;none&#8221; css_animation=&#8221;&#8221;][vc_column][vc_separator type=&#8221;normal&#8221; border_style=&#8221;&#8221; thickness=&#8221;1&#8243; color=&#8221;#c4c4c4&#8243;][\/vc_column][\/vc_row]<\/p>\n<\/div>","protected":false},"excerpt":{"rendered":"<p>[vc_row row_type=&#8221;row&#8221; use_row_as_full_screen_section=&#8221;no&#8221; type=&#8221;full_width&#8221; text_align=&#8221;left&#8221; background_animation=&#8221;none&#8221; css_animation=&#8221;&#8221;][vc_column][vc_column_text] Produits [\/vc_column_text][\/vc_column][\/vc_row][vc_row row_type=&#8221;row&#8221; use_row_as_full_screen_section=&#8221;no&#8221; type=&#8221;full_width&#8221; text_align=&#8221;left&#8221; background_animation=&#8221;none&#8221; css_animation=&#8221;&#8221;][vc_column width=&#8221;2\/3&#8243;][vc_column_text]Les produits ClimateCoating\u00ae offrent des solutions pratiques aux probl\u00e8mes. Les moisissures sur les murs, la prolif\u00e9ration des algues, les fa\u00e7ades fragiles et sales sont combattues ou pr\u00e9venues efficacement. L&#8217;entr\u00e9e d&#8217;humidit\u00e9&#8230;<\/p>\n","protected":false},"author":1,"featured_media":0,"parent":0,"menu_order":200,"comment_status":"closed","ping_status":"closed","template":"","meta":{"footnotes":""},"class_list":["post-40284","page","type-page","status-publish","hentry"],"_links":{"self":[{"href":"https:\/\/www.climatecoating.com\/fr\/wp-json\/wp\/v2\/pages\/40284","targetHints":{"allow":["GET"]}}],"collection":[{"href":"https:\/\/www.climatecoating.com\/fr\/wp-json\/wp\/v2\/pages"}],"about":[{"href":"https:\/\/www.climatecoating.com\/fr\/wp-json\/wp\/v2\/types\/page"}],"author":[{"embeddable":true,"href":"https:\/\/www.climatecoating.com\/fr\/wp-json\/wp\/v2\/users\/1"}],"replies":[{"embeddable":true,"href":"https:\/\/www.climatecoating.com\/fr\/wp-json\/wp\/v2\/comments?post=40284"}],"version-history":[{"count":0,"href":"https:\/\/www.climatecoating.com\/fr\/wp-json\/wp\/v2\/pages\/40284\/revisions"}],"wp:attachment":[{"href":"https:\/\/www.climatecoating.com\/fr\/wp-json\/wp\/v2\/media?parent=40284"}],"curies":[{"name":"wp","href":"https:\/\/api.w.org\/{rel}","templated":true}]}}