{"id":40432,"date":"2022-03-23T18:48:19","date_gmt":"2022-03-23T17:48:19","guid":{"rendered":"https:\/\/www.climatecoating.com\/produits-2\/etancheite-des-fenetres\/"},"modified":"2022-03-23T18:48:25","modified_gmt":"2022-03-23T17:48:25","slug":"etancheite-des-fenetres","status":"publish","type":"page","link":"https:\/\/www.climatecoating.com\/fr\/produits-2\/etancheite-des-fenetres\/","title":{"rendered":"Etanch\u00e9it\u00e9 des fen\u00eatres"},"content":{"rendered":"<div class=\"wpb-content-wrapper\"><p>[vc_row row_type=&#8221;row&#8221; use_row_as_full_screen_section=&#8221;no&#8221; type=&#8221;full_width&#8221; text_align=&#8221;left&#8221; background_animation=&#8221;none&#8221; padding_top=&#8221;50&#8243; css_animation=&#8221;&#8221;][vc_column][vc_column_text]<\/p>\n<h1>Produits &#8211; Etanch\u00e9it\u00e9 des fen\u00eatres<\/h1>\n<p>[\/vc_column_text]<div class=\"woocommerce columns-4 \"><ul class=\"products columns-4 clearfix default\">        <li class=\"product type-product post-27872 status-publish first instock product_cat-domaines-dapplication product_cat-batir-et-vivre product_cat-applications-a-lexterieur product_cat-batiments-publics product_cat-etancheite-des-fenetres product_cat-hotellerie-et-gastronomie has-post-thumbnail taxable shipping-taxable purchasable product-type-variable\">\n\n                        <div class=\"top-product-section\">\n\n                <a class=\"product_list_thumb_link\" href=\"https:\/\/www.climatecoating.com\/fr\/produkt\/pu-safe-coating\/\">\n                    <span class=\"image-wrapper\">\n                    <img loading=\"lazy\" decoding=\"async\" width=\"300\" height=\"300\" src=\"https:\/\/www.climatecoating.com\/wp-content\/uploads\/2020\/08\/2_8L_PU-SAFE-m_frei-300x300.png\" class=\"attachment-woocommerce_thumbnail size-woocommerce_thumbnail\" alt=\"Rev\u00eatement PU-Safe 2,8L\" srcset=\"https:\/\/www.climatecoating.com\/wp-content\/uploads\/2020\/08\/2_8L_PU-SAFE-m_frei-300x300.png 300w, https:\/\/www.climatecoating.com\/wp-content\/uploads\/2020\/08\/2_8L_PU-SAFE-m_frei-100x100.png 100w, https:\/\/www.climatecoating.com\/wp-content\/uploads\/2020\/08\/2_8L_PU-SAFE-m_frei-600x600.png 600w, https:\/\/www.climatecoating.com\/wp-content\/uploads\/2020\/08\/2_8L_PU-SAFE-m_frei-1024x1024.png 1024w, https:\/\/www.climatecoating.com\/wp-content\/uploads\/2020\/08\/2_8L_PU-SAFE-m_frei-150x150.png 150w, https:\/\/www.climatecoating.com\/wp-content\/uploads\/2020\/08\/2_8L_PU-SAFE-m_frei-768x768.png 768w, https:\/\/www.climatecoating.com\/wp-content\/uploads\/2020\/08\/2_8L_PU-SAFE-m_frei-1536x1536.png 1536w, https:\/\/www.climatecoating.com\/wp-content\/uploads\/2020\/08\/2_8L_PU-SAFE-m_frei-550x550.png 550w, https:\/\/www.climatecoating.com\/wp-content\/uploads\/2020\/08\/2_8L_PU-SAFE-m_frei-500x500.png 500w, https:\/\/www.climatecoating.com\/wp-content\/uploads\/2020\/08\/2_8L_PU-SAFE-m_frei-1000x1000.png 1000w, https:\/\/www.climatecoating.com\/wp-content\/uploads\/2020\/08\/2_8L_PU-SAFE-m_frei-700x700.png 700w, https:\/\/www.climatecoating.com\/wp-content\/uploads\/2020\/08\/2_8L_PU-SAFE-m_frei-1100x1100.png 1100w, https:\/\/www.climatecoating.com\/wp-content\/uploads\/2020\/08\/2_8L_PU-SAFE-m_frei.png 1920w\" sizes=\"auto, (max-width: 300px) 100vw, 300px\" \/>                    <\/span>\n                <\/a>\n\n                <div class=\"add-to-cart-button-outer\"><div class=\"add-to-cart-button-inner\"><div class=\"add-to-cart-button-inner2\"><a href=\"https:\/\/www.climatecoating.com\/fr\/produkt\/pu-safe-coating\/\" aria-describedby=\"woocommerce_loop_add_to_cart_link_describedby_27872\" data-quantity=\"1\" class=\"qbutton add-to-cart-button button product_type_variable add_to_cart_button\" data-product_id=\"27872\" data-product_sku=\"\" aria-label=\"S\u00e9lectionner les options pour &ldquo;PU Safe Coating&rdquo;\" rel=\"nofollow\">Optionen w\u00e4hlen<\/a><\/div><\/div><\/div>\t<span id=\"woocommerce_loop_add_to_cart_link_describedby_27872\" class=\"screen-reader-text\">\n\t\tCe produit a plusieurs variations. Les options peuvent \u00eatre choisies sur la page du produit\t<\/span>\n\n            <\/div>\n\n            <div class=\"product_info_box\">\n\t            <span class=\"product-categories\"><a href=\"https:\/\/www.climatecoating.com\/fr\/domaines-dapplication\/\" rel=\"tag\">Domaines d'application<\/a>, <a href=\"https:\/\/www.climatecoating.com\/fr\/domaines-dapplication\/batir-et-vivre\/\" rel=\"tag\">B\u00e2tir et vivre<\/a>, <a href=\"https:\/\/www.climatecoating.com\/fr\/domaines-dapplication\/hotellerie-et-gastronomie\/applications-a-lexterieur\/\" rel=\"tag\">Applications \u00e0 l'ext\u00e9rieur<\/a>, <a href=\"https:\/\/www.climatecoating.com\/fr\/domaines-dapplication\/batiments-publics\/\" rel=\"tag\">B\u00e2timents publics<\/a>, <a href=\"https:\/\/www.climatecoating.com\/fr\/produits\/etancheite-des-fenetres\/\" rel=\"tag\">Etanch\u00e9it\u00e9 des fen\u00eatres<\/a>, <a href=\"https:\/\/www.climatecoating.com\/fr\/domaines-dapplication\/hotellerie-et-gastronomie\/\" rel=\"tag\">H\u00f4tellerie et gastronomie<\/a><\/span>\n                <a href=\"https:\/\/www.climatecoating.com\/fr\/produkt\/pu-safe-coating\/\" class=\"product-category\">\n                    <span class=\"product-title\">PU Safe Coating<\/span>\n\n                    \n\n\t<span class=\"price\">ab <span class=\"woocommerce-Price-amount amount\"><bdi>65,40&nbsp;<span class=\"woocommerce-Price-currencySymbol\">&euro;<\/span><\/bdi><\/span><\/span>\n\n\t<p class=\"price price-unit smaller wc-gzd-additional-info wc-gzd-additional-info-loop\"><span class=\"woocommerce-Price-amount amount\">65,40&nbsp;<span class=\"woocommerce-Price-currencySymbol\">&euro;<\/span><\/span> \/  <span class=\"unit\">l<\/span><\/p>\n\n                <\/a>\n            <\/div>\n\n            \n\t<p class=\"wc-gzd-additional-info wc-gzd-additional-info-loop tax-info\">incl. VAT<\/p>\n\n\t<p class=\"wc-gzd-additional-info wc-gzd-additional-info-loop shipping-costs-info\">zzgl. <a href=\"https:\/\/www.climatecoating.com\/shop\/versand\/\" target=\"_blank\">Versandkosten<\/a><\/p>\n\n\n\t<p class=\"wc-gzd-additional-info wc-gzd-additional-info-loop product-units-wrapper product-units\">Produkt enth\u00e4lt: 1 <span class=\"unit\">l<\/span> &ndash; 2,8 <span class=\"unit\">l<\/span> <\/p>\n<div class=\"add-to-cart-button-outer\"><div class=\"add-to-cart-button-inner\"><div class=\"add-to-cart-button-inner2\"><a href=\"https:\/\/www.climatecoating.com\/fr\/produkt\/pu-safe-coating\/\" aria-describedby=\"woocommerce_loop_add_to_cart_link_describedby_27872\" data-quantity=\"1\" class=\"qbutton add-to-cart-button button product_type_variable add_to_cart_button\" data-product_id=\"27872\" data-product_sku=\"\" aria-label=\"S\u00e9lectionner les options pour &ldquo;PU Safe Coating&rdquo;\" rel=\"nofollow\">Optionen w\u00e4hlen<\/a><\/div><\/div><\/div>\t<span id=\"woocommerce_loop_add_to_cart_link_describedby_27872\" class=\"screen-reader-text\">\n\t\tCe produit a plusieurs variations. Les options peuvent \u00eatre choisies sur la page du produit\t<\/span>\n        <\/li>\n\n                <li class=\"product type-product post-27811 status-publish instock product_cat-applications-a-lexterieur product_cat-domaines-dapplication product_cat-batir-et-vivre product_cat-produits product_cat-etancheite-des-fenetres product_cat-batiments-publics product_cat-hotellerie-et-gastronomie has-post-thumbnail taxable shipping-taxable purchasable product-type-simple\">\n\n                        <div class=\"top-product-section\">\n\n                <a class=\"product_list_thumb_link\" href=\"https:\/\/www.climatecoating.com\/fr\/produkt\/pu-safe-filler\/\">\n                    <span class=\"image-wrapper\">\n                    <img loading=\"lazy\" decoding=\"async\" width=\"300\" height=\"300\" src=\"https:\/\/www.climatecoating.com\/wp-content\/uploads\/2020\/08\/CC_PU_SAFE_Filler_200GR_vorn_frei-300x300.png\" class=\"attachment-woocommerce_thumbnail size-woocommerce_thumbnail\" alt=\"PU-Safe Filler\" srcset=\"https:\/\/www.climatecoating.com\/wp-content\/uploads\/2020\/08\/CC_PU_SAFE_Filler_200GR_vorn_frei-300x300.png 300w, https:\/\/www.climatecoating.com\/wp-content\/uploads\/2020\/08\/CC_PU_SAFE_Filler_200GR_vorn_frei-100x100.png 100w, https:\/\/www.climatecoating.com\/wp-content\/uploads\/2020\/08\/CC_PU_SAFE_Filler_200GR_vorn_frei-150x150.png 150w, https:\/\/www.climatecoating.com\/wp-content\/uploads\/2020\/08\/CC_PU_SAFE_Filler_200GR_vorn_frei-550x550.png 550w, https:\/\/www.climatecoating.com\/wp-content\/uploads\/2020\/08\/CC_PU_SAFE_Filler_200GR_vorn_frei-500x500.png 500w, https:\/\/www.climatecoating.com\/wp-content\/uploads\/2020\/08\/CC_PU_SAFE_Filler_200GR_vorn_frei.png 600w\" sizes=\"auto, (max-width: 300px) 100vw, 300px\" \/>                    <\/span>\n                <\/a>\n\n                \t<span id=\"woocommerce_loop_add_to_cart_link_describedby_27811\" class=\"screen-reader-text\">\n\t\t\t<\/span>\n\n            <\/div>\n\n            <div class=\"product_info_box\">\n\t            <span class=\"product-categories\"><a href=\"https:\/\/www.climatecoating.com\/fr\/domaines-dapplication\/hotellerie-et-gastronomie\/applications-a-lexterieur\/\" rel=\"tag\">Applications \u00e0 l'ext\u00e9rieur<\/a>, <a href=\"https:\/\/www.climatecoating.com\/fr\/domaines-dapplication\/\" rel=\"tag\">Domaines d'application<\/a>, <a href=\"https:\/\/www.climatecoating.com\/fr\/domaines-dapplication\/batir-et-vivre\/\" rel=\"tag\">B\u00e2tir et vivre<\/a>, <a href=\"https:\/\/www.climatecoating.com\/fr\/produits\/\" rel=\"tag\">Produits<\/a>, <a href=\"https:\/\/www.climatecoating.com\/fr\/produits\/etancheite-des-fenetres\/\" rel=\"tag\">Etanch\u00e9it\u00e9 des fen\u00eatres<\/a>, <a href=\"https:\/\/www.climatecoating.com\/fr\/domaines-dapplication\/batiments-publics\/\" rel=\"tag\">B\u00e2timents publics<\/a>, <a href=\"https:\/\/www.climatecoating.com\/fr\/domaines-dapplication\/hotellerie-et-gastronomie\/\" rel=\"tag\">H\u00f4tellerie et gastronomie<\/a><\/span>\n                <a href=\"https:\/\/www.climatecoating.com\/fr\/produkt\/pu-safe-filler\/\" class=\"product-category\">\n                    <span class=\"product-title\">PU Safe Filler<\/span>\n\n                    \n\n\t<span class=\"price\"><span class=\"woocommerce-Price-amount amount\"><bdi>14,25&nbsp;<span class=\"woocommerce-Price-currencySymbol\">&euro;<\/span><\/bdi><\/span><\/span>\n\n\n                <\/a>\n            <\/div>\n\n            \n\t<p class=\"wc-gzd-additional-info wc-gzd-additional-info-loop tax-info\">incl. 19% VAT<\/p>\n\n\t<p class=\"wc-gzd-additional-info wc-gzd-additional-info-loop shipping-costs-info\">zzgl. <a href=\"https:\/\/www.climatecoating.com\/shop\/versand\/\" target=\"_blank\">Versandkosten<\/a><\/p>\n\n\n        <\/li>\n\n        <\/ul>\n<\/div>[\/vc_column][\/vc_row]<\/p>\n<\/div>","protected":false},"excerpt":{"rendered":"<p>[vc_row row_type=&#8221;row&#8221; use_row_as_full_screen_section=&#8221;no&#8221; type=&#8221;full_width&#8221; text_align=&#8221;left&#8221; background_animation=&#8221;none&#8221; padding_top=&#8221;50&#8243; css_animation=&#8221;&#8221;][vc_column][vc_column_text] Produits &#8211; Etanch\u00e9it\u00e9 des fen\u00eatres [\/vc_column_text][\/vc_column][\/vc_row]<\/p>\n","protected":false},"author":1,"featured_media":0,"parent":40284,"menu_order":230,"comment_status":"closed","ping_status":"closed","template":"","meta":{"footnotes":""},"class_list":["post-40432","page","type-page","status-publish","hentry"],"_links":{"self":[{"href":"https:\/\/www.climatecoating.com\/fr\/wp-json\/wp\/v2\/pages\/40432","targetHints":{"allow":["GET"]}}],"collection":[{"href":"https:\/\/www.climatecoating.com\/fr\/wp-json\/wp\/v2\/pages"}],"about":[{"href":"https:\/\/www.climatecoating.com\/fr\/wp-json\/wp\/v2\/types\/page"}],"author":[{"embeddable":true,"href":"https:\/\/www.climatecoating.com\/fr\/wp-json\/wp\/v2\/users\/1"}],"replies":[{"embeddable":true,"href":"https:\/\/www.climatecoating.com\/fr\/wp-json\/wp\/v2\/comments?post=40432"}],"version-history":[{"count":0,"href":"https:\/\/www.climatecoating.com\/fr\/wp-json\/wp\/v2\/pages\/40432\/revisions"}],"up":[{"embeddable":true,"href":"https:\/\/www.climatecoating.com\/fr\/wp-json\/wp\/v2\/pages\/40284"}],"wp:attachment":[{"href":"https:\/\/www.climatecoating.com\/fr\/wp-json\/wp\/v2\/media?parent=40432"}],"curies":[{"name":"wp","href":"https:\/\/api.w.org\/{rel}","templated":true}]}}