{"id":61494,"date":"2021-06-08T12:12:40","date_gmt":"2021-06-08T10:12:40","guid":{"rendered":"https:\/\/www.climatecoating.com\/entreprise\/glossaire\/"},"modified":"2026-02-03T15:40:59","modified_gmt":"2026-02-03T14:40:59","slug":"espace-client","status":"publish","type":"page","link":"https:\/\/www.climatecoating.com\/fr\/espace-client\/","title":{"rendered":"Espace client"},"content":{"rendered":"<div class=\"wpb-content-wrapper\"><p>[vc_row row_type=&#8221;row&#8221; use_row_as_full_screen_section=&#8221;no&#8221; type=&#8221;full_width&#8221; text_align=&#8221;left&#8221; background_animation=&#8221;none&#8221; css_animation=&#8221;&#8221;][vc_column][vc_single_image image=&#8221;62819&#8243; img_size=&#8221;full&#8221; css=&#8221;.vc_custom_1766060041546{padding-bottom: 30px !important;}&#8221; qode_css_animation=&#8221;&#8221;][\/vc_column][\/vc_row][vc_row row_type=&#8221;row&#8221; use_row_as_full_screen_section=&#8221;no&#8221; type=&#8221;full_width&#8221; text_align=&#8221;left&#8221; background_animation=&#8221;none&#8221; padding_bottom=&#8221;45&#8243; css_animation=&#8221;&#8221;][vc_column width=&#8221;1\/4&#8243;]<div class=\"ult_row_spacer\"><div class=\"ult-sticky-anchor\"><div class=\"ult-sticky-section ult-sticky \"  data-gutter= '100' data-stick_behaviour= 'stick_with_scroll_row'  data-sticky_position= 'top' data-mobile='no' data-support='no'>[vc_raw_html css=&#8221;&#8221;]JTVCY213aXphcmQlMjB3aWRnZXQlM0QyJTJGJTVEJTBEJTBB[\/vc_raw_html]<\/div><div class=\"ult-space\"><\/div><\/div><\/div>[\/vc_column][vc_column width=&#8221;3\/4&#8243;][vc_column_text css=&#8221;.vc_custom_1766480460093{padding-bottom: 30px !important;}&#8221;]<\/p>\n<h1>Espace client<\/h1>\n<p>L&#8217;espace client de <strong data-start=\"339\" data-end=\"356\">SICC Coatings<\/strong> est votre plate-forme centrale pour les connaissances, les outils num\u00e9riques et les solutions pratiques concernant les peintures fonctionnelles actives sur le climat. Il vous aide \u00e0 planifier efficacement vos projets, \u00e0 prendre des d\u00e9cisions \u00e9clair\u00e9es et \u00e0 exploiter pleinement le potentiel de notre technologie.<\/p>\n<p data-start=\"646\" data-end=\"886\">\ud83d\udd0d <strong data-start=\"646\" data-end=\"664\">IA-Calculus<\/strong><br data-start=\"664\" data-end=\"667\" \/>Outils de planification intelligents pour \u00e9valuer l&#8217;efficacit\u00e9 \u00e9nerg\u00e9tique, la r\u00e9duction des \u00e9missions de CO\u2082 et les \u00e9conomies potentielles. Simulez des sc\u00e9narios et obtenez des bases de d\u00e9cision solides &#8211; rapidement, en toute transparence et sur la base de donn\u00e9es.<\/p>\n<p data-start=\"888\" data-end=\"1066\">\ud83d\udcc1 <strong data-start=\"888\" data-end=\"904\">M\u00e9diath\u00e8que<\/strong><br data-start=\"904\" data-end=\"907\" \/>Acc\u00e8s centralis\u00e9 aux vid\u00e9os sur nos produits et leurs avantages, la technologie des produits et bien plus encore &#8211; de mani\u00e8re claire, actuelle et disponible \u00e0 tout moment.<\/p>\n<p data-start=\"1068\" data-end=\"1309\">\ud83c\udf0d <strong data-start=\"1068\" data-end=\"1085\">R\u00e9f\u00e9rences<\/strong><br data-start=\"1085\" data-end=\"1088\" \/>Laissez-vous inspirer par des projets r\u00e9alis\u00e9s dans le monde entier. D\u00e9couvrez des exemples d&#8217;applications pratiques et apprenez comment nos solutions fonctionnent dans diff\u00e9rentes zones climatiques et applications.<\/p>\n<p data-start=\"1311\" data-end=\"1476\">\u2753 <strong data-start=\"1311\" data-end=\"1320\">FAQ<\/strong><br data-start=\"1320\" data-end=\"1323\" \/>R\u00e9ponses concises aux questions fr\u00e9quentes sur la technologie, l&#8217;application, les effets et la mise en \u0153uvre &#8211; pr\u00e9sent\u00e9es de mani\u00e8re compr\u00e9hensible pour la planification, le conseil et la prise de d\u00e9cision.<\/p>\n<p data-start=\"1478\" data-end=\"1664\">\ud83d\udcf0 <strong data-start=\"1478\" data-end=\"1489\">Blog<\/strong><br data-start=\"1489\" data-end=\"1492\" \/>Articles d&#8217;actualit\u00e9 sur la technologie, la durabilit\u00e9, la recherche et les tendances du march\u00e9. Restez inform\u00e9 des innovations et des d\u00e9veloppements dans le domaine des surfaces actives pour le climat.<\/p>\n<p data-start=\"1666\" data-end=\"1833\">\ud83d\udcd8 <strong data-start=\"1666\" data-end=\"1680\">Glossaire<\/strong><br data-start=\"1680\" data-end=\"1683\" \/>Orientation rapide dans la terminologie technique. Des termes clairement expliqu\u00e9s garantissent la s\u00e9curit\u00e9 dans l&#8217;utilisation de contenus techniques et scientifiques.<\/p>\n<p>[\/vc_column_text][\/vc_column][\/vc_row]<\/p>\n<\/div>","protected":false},"excerpt":{"rendered":"<p>[vc_row row_type=&#8221;row&#8221; use_row_as_full_screen_section=&#8221;no&#8221; type=&#8221;full_width&#8221; text_align=&#8221;left&#8221; background_animation=&#8221;none&#8221; css_animation=&#8221;&#8221;][vc_column][vc_single_image image=&#8221;62819&#8243; img_size=&#8221;full&#8221; css=&#8221;.vc_custom_1766060041546{padding-bottom: 30px !important;}&#8221; qode_css_animation=&#8221;&#8221;][\/vc_column][\/vc_row][vc_row row_type=&#8221;row&#8221; use_row_as_full_screen_section=&#8221;no&#8221; type=&#8221;full_width&#8221; text_align=&#8221;left&#8221; background_animation=&#8221;none&#8221; padding_bottom=&#8221;45&#8243; css_animation=&#8221;&#8221;][vc_column width=&#8221;1\/4&#8243;][\/vc_column][vc_column width=&#8221;3\/4&#8243;][vc_column_text css=&#8221;.vc_custom_1766480460093{padding-bottom: 30px !important;}&#8221;] Espace client L&#8217;espace client de SICC Coatings est votre plate-forme centrale pour les connaissances, les outils num\u00e9riques et les solutions&#8230;<\/p>\n","protected":false},"author":1,"featured_media":0,"parent":0,"menu_order":600,"comment_status":"closed","ping_status":"closed","template":"","meta":{"footnotes":""},"class_list":["post-61494","page","type-page","status-publish","hentry"],"_links":{"self":[{"href":"https:\/\/www.climatecoating.com\/fr\/wp-json\/wp\/v2\/pages\/61494","targetHints":{"allow":["GET"]}}],"collection":[{"href":"https:\/\/www.climatecoating.com\/fr\/wp-json\/wp\/v2\/pages"}],"about":[{"href":"https:\/\/www.climatecoating.com\/fr\/wp-json\/wp\/v2\/types\/page"}],"author":[{"embeddable":true,"href":"https:\/\/www.climatecoating.com\/fr\/wp-json\/wp\/v2\/users\/1"}],"replies":[{"embeddable":true,"href":"https:\/\/www.climatecoating.com\/fr\/wp-json\/wp\/v2\/comments?post=61494"}],"version-history":[{"count":9,"href":"https:\/\/www.climatecoating.com\/fr\/wp-json\/wp\/v2\/pages\/61494\/revisions"}],"predecessor-version":[{"id":63013,"href":"https:\/\/www.climatecoating.com\/fr\/wp-json\/wp\/v2\/pages\/61494\/revisions\/63013"}],"wp:attachment":[{"href":"https:\/\/www.climatecoating.com\/fr\/wp-json\/wp\/v2\/media?parent=61494"}],"curies":[{"name":"wp","href":"https:\/\/api.w.org\/{rel}","templated":true}]}}