{"id":62688,"date":"2026-02-02T18:56:46","date_gmt":"2026-02-02T17:56:46","guid":{"rendered":"https:\/\/www.climatecoating.com\/glossaire\/blog\/"},"modified":"2026-02-19T13:27:58","modified_gmt":"2026-02-19T12:27:58","slug":"blog","status":"publish","type":"page","link":"https:\/\/www.climatecoating.com\/fr\/espace-client\/blog\/","title":{"rendered":"Blog"},"content":{"rendered":"<div class=\"wpb-content-wrapper\"><p>[vc_row row_type=&#8221;row&#8221; use_row_as_full_screen_section=&#8221;no&#8221; type=&#8221;full_width&#8221; text_align=&#8221;left&#8221; background_animation=&#8221;none&#8221; css_animation=&#8221;&#8221;][vc_column][vc_single_image image=&#8221;62695&#8243; img_size=&#8221;full&#8221; css=&#8221;.vc_custom_1765980611037{padding-bottom: 30px !important;}&#8221; qode_css_animation=&#8221;&#8221;][\/vc_column][\/vc_row][vc_row row_type=&#8221;row&#8221; use_row_as_full_screen_section=&#8221;no&#8221; type=&#8221;full_width&#8221; text_align=&#8221;left&#8221; background_animation=&#8221;none&#8221; padding_bottom=&#8221;45&#8243; css_animation=&#8221;&#8221;][vc_column][vc_column_text css=&#8221;&#8221;]<\/p>\n<h1>Blog<\/h1>\n<p>[\/vc_column_text][vc_separator type=&#8221;normal&#8221; border_style=&#8221;&#8221; down=&#8221;30&#8243;]<div class='latest_post_holder boxes three_columns six_rows'><ul><li class=\"clearfix\"><div class=\"boxes_image\"><a href=\"https:\/\/www.climatecoating.com\/fr\/eviter-efficacement-les-moisissures-en-hiver\/\"><img loading=\"lazy\" decoding=\"async\" width=\"550\" height=\"498\" src=\"https:\/\/www.climatecoating.com\/wp-content\/uploads\/2026\/01\/Schimmel-in-der-Wohnung-1-550x498.png\" class=\"attachment-portfolio-default size-portfolio-default wp-post-image\" alt=\"Moisissure dans le logement\" srcset=\"https:\/\/www.climatecoating.com\/wp-content\/uploads\/2026\/01\/Schimmel-in-der-Wohnung-1-550x498.png 550w, https:\/\/www.climatecoating.com\/wp-content\/uploads\/2026\/01\/Schimmel-in-der-Wohnung-1-480x434.png 480w, https:\/\/www.climatecoating.com\/wp-content\/uploads\/2026\/01\/Schimmel-in-der-Wohnung-1-125x112.png 125w\" sizes=\"auto, (max-width: 550px) 100vw, 550px\" \/><span class=\"latest_post_overlay\"><i class=\"icon_plus\" aria-hidden=\"true\"><\/i><\/span><\/a><\/div><div class=\"latest_post\" ><div class=\"latest_post_text\"><span class=\"date_holder post_info_section\"><span class=\"date\">5 f\u00e9vrier 2026<\/span><\/span><h2 class=\"latest_post_title \"><a href=\"https:\/\/www.climatecoating.com\/fr\/eviter-efficacement-les-moisissures-en-hiver\/\">\u00c9viter efficacement les moisissures en hiver<\/a><\/h2><p class=\"excerpt\">Analyse des causes et pr\u00e9vention avec les couleurs fonctionnelles La formation de moisissures dans les habitations et les bureaux se produit surtout en automne et en hiver. M\u00eame avec un chauffage r\u00e9gulier, des traces d&#8217;humidit\u00e9 ou des taches de moisissure peuvent appara\u00eetre sur les murs,......<\/p><\/div><\/div><\/li><li class=\"clearfix\"><div class=\"boxes_image\"><a href=\"https:\/\/www.climatecoating.com\/fr\/pourquoi-les-pieces-sont-elles-froides-malgre-le-chauffage\/\"><img loading=\"lazy\" decoding=\"async\" width=\"550\" height=\"498\" src=\"https:\/\/www.climatecoating.com\/wp-content\/uploads\/2025\/12\/PS_Kalter-Raum-1-550x498.png\" class=\"attachment-portfolio-default size-portfolio-default wp-post-image\" alt=\"Chambre froide\" srcset=\"https:\/\/www.climatecoating.com\/wp-content\/uploads\/2025\/12\/PS_Kalter-Raum-1-550x498.png 550w, https:\/\/www.climatecoating.com\/wp-content\/uploads\/2025\/12\/PS_Kalter-Raum-1-480x434.png 480w, https:\/\/www.climatecoating.com\/wp-content\/uploads\/2025\/12\/PS_Kalter-Raum-1-125x112.png 125w\" sizes=\"auto, (max-width: 550px) 100vw, 550px\" \/><span class=\"latest_post_overlay\"><i class=\"icon_plus\" aria-hidden=\"true\"><\/i><\/span><\/a><\/div><div class=\"latest_post\" ><div class=\"latest_post_text\"><span class=\"date_holder post_info_section\"><span class=\"date\">5 f\u00e9vrier 2026<\/span><\/span><h2 class=\"latest_post_title \"><a href=\"https:\/\/www.climatecoating.com\/fr\/pourquoi-les-pieces-sont-elles-froides-malgre-le-chauffage\/\">Pourquoi les pi\u00e8ces sont-elles froides malgr\u00e9 le chauffage ?<\/a><\/h2><p class=\"excerpt\">Causes physiques et solutions avec les couleurs fonctionnelles La sensation subjective de froid dans les pi\u00e8ces chauff\u00e9es est un probl\u00e8me tr\u00e8s r\u00e9pandu. Elle ne s&#8217;explique pas uniquement par la temp\u00e9rature de l&#8217;air mesur\u00e9e. Le facteur d\u00e9terminant est plut\u00f4t la temp\u00e9rature moyenne de rayonnement des surfaces......<\/p><\/div><\/div><\/li><li class=\"clearfix\"><div class=\"boxes_image\"><a href=\"https:\/\/www.climatecoating.com\/fr\/une-protection-intelligente-contre-le-froid-hivernal\/\"><img loading=\"lazy\" decoding=\"async\" width=\"550\" height=\"498\" src=\"https:\/\/www.climatecoating.com\/wp-content\/uploads\/2025\/12\/GPT-PS_Winterlicher-Waermeschutz_2-550x498.png\" class=\"attachment-portfolio-default size-portfolio-default wp-post-image\" alt=\"Protection thermique hivernale\" srcset=\"https:\/\/www.climatecoating.com\/wp-content\/uploads\/2025\/12\/GPT-PS_Winterlicher-Waermeschutz_2-550x498.png 550w, https:\/\/www.climatecoating.com\/wp-content\/uploads\/2025\/12\/GPT-PS_Winterlicher-Waermeschutz_2-480x434.png 480w, https:\/\/www.climatecoating.com\/wp-content\/uploads\/2025\/12\/GPT-PS_Winterlicher-Waermeschutz_2-125x112.png 125w\" sizes=\"auto, (max-width: 550px) 100vw, 550px\" \/><span class=\"latest_post_overlay\"><i class=\"icon_plus\" aria-hidden=\"true\"><\/i><\/span><\/a><\/div><div class=\"latest_post\" ><div class=\"latest_post_text\"><span class=\"date_holder post_info_section\"><span class=\"date\">5 f\u00e9vrier 2026<\/span><\/span><h2 class=\"latest_post_title \"><a href=\"https:\/\/www.climatecoating.com\/fr\/une-protection-intelligente-contre-le-froid-hivernal\/\">Une protection intelligente contre le froid hivernal<\/a><\/h2><p class=\"excerpt\">Protection thermique hivernale des espaces int\u00e9rieurs : des solutions efficaces sur le plan \u00e9nerg\u00e9tique gr\u00e2ce aux couleurs fonctionnelles La protection thermique hivernale est un \u00e9l\u00e9ment central de la conception de b\u00e2timents efficaces sur le plan \u00e9nerg\u00e9tique. L&#8217;objectif est de minimiser les pertes de chaleur pendant......<\/p><\/div><\/div><\/li><\/ul><\/div>[\/vc_column][\/vc_row]<\/p>\n<\/div>","protected":false},"excerpt":{"rendered":"<p>[vc_row row_type=&#8221;row&#8221; use_row_as_full_screen_section=&#8221;no&#8221; type=&#8221;full_width&#8221; text_align=&#8221;left&#8221; background_animation=&#8221;none&#8221; css_animation=&#8221;&#8221;][vc_column][vc_single_image image=&#8221;62695&#8243; img_size=&#8221;full&#8221; css=&#8221;.vc_custom_1765980611037{padding-bottom: 30px !important;}&#8221; qode_css_animation=&#8221;&#8221;][\/vc_column][\/vc_row][vc_row row_type=&#8221;row&#8221; use_row_as_full_screen_section=&#8221;no&#8221; type=&#8221;full_width&#8221; text_align=&#8221;left&#8221; background_animation=&#8221;none&#8221; padding_bottom=&#8221;45&#8243; css_animation=&#8221;&#8221;][vc_column][vc_column_text css=&#8221;&#8221;] Blog [\/vc_column_text][vc_separator type=&#8221;normal&#8221; border_style=&#8221;&#8221; down=&#8221;30&#8243;][\/vc_column][\/vc_row]<\/p>\n","protected":false},"author":1,"featured_media":0,"parent":61494,"menu_order":670,"comment_status":"closed","ping_status":"closed","template":"","meta":{"footnotes":""},"class_list":["post-62688","page","type-page","status-publish","hentry"],"_links":{"self":[{"href":"https:\/\/www.climatecoating.com\/fr\/wp-json\/wp\/v2\/pages\/62688","targetHints":{"allow":["GET"]}}],"collection":[{"href":"https:\/\/www.climatecoating.com\/fr\/wp-json\/wp\/v2\/pages"}],"about":[{"href":"https:\/\/www.climatecoating.com\/fr\/wp-json\/wp\/v2\/types\/page"}],"author":[{"embeddable":true,"href":"https:\/\/www.climatecoating.com\/fr\/wp-json\/wp\/v2\/users\/1"}],"replies":[{"embeddable":true,"href":"https:\/\/www.climatecoating.com\/fr\/wp-json\/wp\/v2\/comments?post=62688"}],"version-history":[{"count":6,"href":"https:\/\/www.climatecoating.com\/fr\/wp-json\/wp\/v2\/pages\/62688\/revisions"}],"predecessor-version":[{"id":64109,"href":"https:\/\/www.climatecoating.com\/fr\/wp-json\/wp\/v2\/pages\/62688\/revisions\/64109"}],"up":[{"embeddable":true,"href":"https:\/\/www.climatecoating.com\/fr\/wp-json\/wp\/v2\/pages\/61494"}],"wp:attachment":[{"href":"https:\/\/www.climatecoating.com\/fr\/wp-json\/wp\/v2\/media?parent=62688"}],"curies":[{"name":"wp","href":"https:\/\/api.w.org\/{rel}","templated":true}]}}