{"id":27604,"date":"2020-08-26T10:14:18","date_gmt":"2020-08-26T08:14:18","guid":{"rendered":"https:\/\/www.climatecoating.com\/produkte\/sanosil-s010-2\/"},"modified":"2026-02-02T13:20:10","modified_gmt":"2026-02-02T12:20:10","slug":"sanosil-s010","status":"publish","type":"product","link":"https:\/\/www.climatecoating.com\/fr\/produkt\/sanosil-s010\/","title":{"rendered":"Sanosil S010"},"content":{"rendered":"<p>Sanosil S010 est vaporis\u00e9 sur les zones visiblement d\u00e9color\u00e9es.<br \/>\nLe temps d&#8217;action n&#8217;est que de 25 \u00e0 30 minutes.<\/p>\n<p><strong>Un duo efficace<\/strong><br \/>\nSanosil S003 &amp; S010 d\u00e9sactivent les toxines des moisissures et leurs allerg\u00e8nes \u00e0 la fois sur les murs et dans l&#8217;air. Jusqu&#8217;\u00e0 pr\u00e9sent, on ne conna\u00eet aucun micro-organisme que Sanosil S003 &amp; S010 n&#8217;inactive pas. Gr\u00e2ce \u00e0 la bonne compatibilit\u00e9 des mat\u00e9riaux, le tissu du b\u00e2timent est prot\u00e9g\u00e9.<\/p>\n<p>Sanosil S003 &amp; S010 sont respectueux de l&#8217;environnement et totalement inoffensifs pour l&#8217;organisme humain apr\u00e8s application. Les produits peuvent donc \u00eatre utilis\u00e9s sans h\u00e9sitation dans tous les espaces de vie, m\u00eame dans la cuisine ou la chambre des enfants. Les pi\u00e8ces sont de nouveau habitables imm\u00e9diatement apr\u00e8s le traitement.<\/p>\n<p>Sanosil S003 &amp; S010 ont un potentiel de d\u00e9sinfection \u00e9lev\u00e9 et sont non toxiques, ils se d\u00e9gradent apr\u00e8s le traitement pour retrouver les ingr\u00e9dients originaux contenus dans l&#8217;eau. Les papiers peints et autres mat\u00e9riaux d\u00e9tach\u00e9s sont simplement jet\u00e9s avec les d\u00e9chets m\u00e9nagers apr\u00e8s traitement.<\/p>\n<p>Des mesures de protection individuelle telles qu&#8217;une combinaison de protection et un masque respiratoire sont n\u00e9cessaires pour se prot\u00e9ger contre une exposition accrue aux spores lors de l&#8217;utilisation de Sanosil S003 &amp; S010.<\/p>\n","protected":false},"excerpt":{"rendered":"<hr \/>\n<p>Sanosil S010 est un destructeur de moisissures qui permet de traiter les cultures de moisissures visibles.<\/p>\n","protected":false},"featured_media":27605,"template":"","meta":[],"product_brand":[],"product_cat":[1253,1260],"product_tag":[],"class_list":{"0":"post-27604","1":"product","2":"type-product","3":"status-publish","4":"has-post-thumbnail","6":"product_cat-produits","7":"product_cat-produits-supplementaires","9":"first","10":"instock","11":"taxable","12":"shipping-taxable","13":"purchasable","14":"product-type-simple"},"_links":{"self":[{"href":"https:\/\/www.climatecoating.com\/fr\/wp-json\/wp\/v2\/product\/27604","targetHints":{"allow":["GET"]}}],"collection":[{"href":"https:\/\/www.climatecoating.com\/fr\/wp-json\/wp\/v2\/product"}],"about":[{"href":"https:\/\/www.climatecoating.com\/fr\/wp-json\/wp\/v2\/types\/product"}],"wp:featuredmedia":[{"embeddable":true,"href":"https:\/\/www.climatecoating.com\/fr\/wp-json\/wp\/v2\/media\/27605"}],"wp:attachment":[{"href":"https:\/\/www.climatecoating.com\/fr\/wp-json\/wp\/v2\/media?parent=27604"}],"wp:term":[{"taxonomy":"product_brand","embeddable":true,"href":"https:\/\/www.climatecoating.com\/fr\/wp-json\/wp\/v2\/product_brand?post=27604"},{"taxonomy":"product_cat","embeddable":true,"href":"https:\/\/www.climatecoating.com\/fr\/wp-json\/wp\/v2\/product_cat?post=27604"},{"taxonomy":"product_tag","embeddable":true,"href":"https:\/\/www.climatecoating.com\/fr\/wp-json\/wp\/v2\/product_tag?post=27604"}],"curies":[{"name":"wp","href":"https:\/\/api.w.org\/{rel}","templated":true}]}}