{"id":27650,"date":"2020-05-26T19:37:20","date_gmt":"2020-05-26T17:37:20","guid":{"rendered":"https:\/\/www.climatecoating.com\/produkte\/thermoprotect-2\/"},"modified":"2026-01-30T13:37:49","modified_gmt":"2026-01-30T12:37:49","slug":"thermoprotect","status":"publish","type":"product","link":"https:\/\/www.climatecoating.com\/fr\/produkt\/thermoprotect\/","title":{"rendered":"ThermoProtect"},"content":{"rendered":"<p><strong>Technologie de membrane r\u00e9fl\u00e9chissante &#8211; le c\u0153ur de ThermoProtect<br \/>\n<\/strong>ThermoProtect n&#8217;est pas une isolation de fa\u00e7ade ou un isolant classique, mais une peinture fonctionnelle innovante et une protection de fa\u00e7ade durable. Sa <a href=\"https:\/\/www.climatecoating.com\/fr\/glossaire\/glossaire\/\" target=\"_blank\" rel=\"noopener\">technologie unique de membrane r\u00e9fl\u00e9chissante<\/a> combine une dispersion de polyacrylate extr\u00eamement adh\u00e9rente, sp\u00e9cialement con\u00e7ue, avec <a href=\"https:\/\/www.climatecoating.com\/fr\/glossaire\/glossaire\/\" target=\"_blank\" rel=\"noopener\">des corps creux en vitroc\u00e9ramique<\/a> et des activateurs. Une fois la peinture appliqu\u00e9e, une <a href=\"https:\/\/www.climatecoating.com\/fr\/glossaire\/glossaire\/\" target=\"_blank\" rel=\"noopener\">membrane r\u00e9fl\u00e9chissante<\/a> respirante se forme, r\u00e9gulant l&#8217;humidit\u00e9 et prot\u00e9geant la ma\u00e7onnerie tout en r\u00e9duisant la consommation d&#8217;\u00e9nergie. La fa\u00e7ade reste ainsi s\u00e8che, r\u00e9sistante et facile \u00e0 entretenir \u00e0 long terme, tout en optimisant l&#8217;effet d&#8217;isolation naturelle.<\/p>\n<p><strong>R\u00e9gulation de l&#8217;humidit\u00e9 &amp; climat int\u00e9rieur sain<br \/>\n<\/strong>En cas de pluie, la membrane r\u00e9fl\u00e9chissante agit comme une barri\u00e8re de protection contre les pr\u00e9cipitations et la condensation. Elle emp\u00eache l&#8217;humidit\u00e9 de p\u00e9n\u00e9trer dans la ma\u00e7onnerie en formant une barri\u00e8re. En m\u00eame temps, la ma\u00e7onnerie est d\u00e9shumidifi\u00e9e de mani\u00e8re r\u00e9gul\u00e9e. Gr\u00e2ce \u00e0 sa structure capillaire particuli\u00e8re, la technologie ThermoProtect ne permet le transport de l&#8217;humidit\u00e9 que dans une seule direction &#8211; de l&#8217;int\u00e9rieur vers l&#8217;ext\u00e9rieur. L&#8217;humidit\u00e9 peut ainsi s&#8217;\u00e9chapper vers l&#8217;ext\u00e9rieur, mais ne peut pas p\u00e9n\u00e9trer dans la ma\u00e7onnerie. Les murs secs isolent mieux que les murs humides, conservent la chaleur plus longtemps et augmentent l&#8217;efficacit\u00e9 \u00e9nerg\u00e9tique. De plus, l&#8217;effet d\u00e9shumidifiant \u00e9limine les moisissures, les algues et les mousses, emp\u00eachant ainsi leur d\u00e9veloppement sur la fa\u00e7ade ext\u00e9rieure.<\/p>\n<p><img loading=\"lazy\" decoding=\"async\" class=\"aligncenter wp-image-56197 size-full\" title=\"ThermoProtect R\u00e9gulation de l'humidit\u00e9\" src=\"https:\/\/www.climatecoating.com\/wp-content\/uploads\/2026\/01\/ThermoProtect_Wetterbestaendiger-Wandaufbau_FR.png\" alt=\"ThermoProtect R\u00e9gulation de l'humidit\u00e9\" width=\"1536\" height=\"1024\" \/><\/p>\n<p><strong>Protection thermique estivale &amp; refroidissement par \u00e9vaporation<br \/>\n<\/strong>ThermoProtect r\u00e9fl\u00e9chit le rayonnement solaire sur le mur ext\u00e9rieur en \u00e9t\u00e9 et prot\u00e8ge ainsi efficacement contre la surchauffe. Les pi\u00e8ces int\u00e9rieures restent ainsi agr\u00e9ablement fra\u00eeches, m\u00eame par temps chaud, sans avoir recours \u00e0 la climatisation. La combinaison de la r\u00e9flexion et de l&#8217;\u00e9vaporation cibl\u00e9e assure une <a href=\"https:\/\/www.climatecoating.com\/fr\/glossaire\/glossaire\/\" target=\"_blank\" rel=\"noopener\">protection efficace contre la chaleur estivale<\/a> et un climat int\u00e9rieur sain qui contribue sensiblement au bien-\u00eatre. La consommation d&#8217;\u00e9nergie et les co\u00fbts sont consid\u00e9rablement r\u00e9duits.<\/p>\n<p>En m\u00eame temps, la fa\u00e7ade reste s\u00e8che, ce qui emp\u00eache la croissance d&#8217;algues &#8211; ce qui est particuli\u00e8rement important pour les fa\u00e7ades isol\u00e9es (voir <a href=\"https:\/\/www.climatecoating.com\/pressemitteilung-innovative-fassadenbeschichtung-hilft-beim-sparen\/\" target=\"_blank\" rel=\"noopener\">le projet de Perleberg<\/a>)<strong>.<\/strong> En cas d&#8217;application dans des zones climatiques chaudes, les transferts de chaleur de l&#8217;ext\u00e9rieur vers l&#8217;int\u00e9rieur sont en outre r\u00e9duits.<\/p>\n<p><img loading=\"lazy\" decoding=\"async\" class=\"alignnone wp-image-57162 size-full\" title=\"Refroidissement par \u00e9vaporation ThermoProtect\" src=\"https:\/\/www.climatecoating.com\/wp-content\/uploads\/2026\/01\/ThermoProtect_Verdunstungskuehlung_FR.png\" alt=\"Refroidissement par \u00e9vaporation ThermoProtect\" width=\"1500\" height=\"1024\" \/><\/p>\n<p><strong>Protection thermique hivernale &amp; efficacit\u00e9 \u00e9nerg\u00e9tique<br \/>\n<\/strong>La ma\u00e7onnerie s\u00e8che stocke plus efficacement les gains solaires, r\u00e9duit les pertes de chaleur et optimise l&#8217;effet d&#8217;isolation naturelle. Gr\u00e2ce \u00e0 une <a href=\"https:\/\/www.climatecoating.com\/fr\/glossaire\/glossaire\/\" target=\"_blank\" rel=\"noopener\">protection thermique hivernale<\/a> efficace, les pi\u00e8ces int\u00e9rieures restent sensiblement plus chaudes, les besoins en chauffage diminuent et un climat int\u00e9rieur confortable est cr\u00e9\u00e9, ce qui augmente votre bien-\u00eatre. Vous \u00e9conomisez ainsi des frais de chauffage, de l&#8217;\u00e9lectricit\u00e9 et de l&#8217;\u00e9nergie tout en contribuant \u00e0 la protection du climat. <a href=\"https:\/\/www.climatecoating.com\/fr\/references\/reference\/immeubles-a-appartements-a-botkyrka\/\" target=\"_blank\" rel=\"noopener\">Un exemple en Su\u00e8de avec 12% d&#8217;\u00e9conomie d&#8217;\u00e9nergie.<\/a><\/p>\n<p><strong>Prot\u00e9gez votre fa\u00e7ade \u00e0 long terme, \u00e9conomisez des frais de chauffage, de l&#8217;\u00e9lectricit\u00e9 &amp; de l&#8217;\u00e9nergie &#8211; avec ThermoProtect, la peinture fonctionnelle pour l&#8217;ext\u00e9rieur.<\/strong><\/p>\n<p><a href=\"https:\/\/www.climatecoating.com\/fr\/calculus\/\" target=\"_blank\" rel=\"noopener\"><strong><img loading=\"lazy\" decoding=\"async\" class=\"size-full wp-image-44757 alignleft\" title=\"Calculus\" src=\"https:\/\/www.climatecoating.com\/wp-content\/uploads\/2023\/02\/Calculus_Button_80px.png\" alt=\"Calculus\" width=\"80\" height=\"80\" \/><\/strong>Vers le calculateur de temp\u00e9rature Calculus<sup><strong>\u00ae<\/strong>, <\/sup><\/a>l&#8217;outil Web bas\u00e9 sur l&#8217;intelligence artificielle qui permet de pr\u00e9dire la diff\u00e9rence de temp\u00e9rature int\u00e9rieure et de d\u00e9duire les \u00e9conomies d&#8217;\u00e9nergie possibles lorsque les murs et\/ou les toits sont recouverts des produits ThermoProtect et ThermoActive de ClimateCoating<sup>\u00ae<\/sup>.<\/p>\n","protected":false},"excerpt":{"rendered":"<hr \/>\n<p><strong>Protection \u00e0 long terme de votre fa\u00e7ade<br \/>\n<\/strong>La peinture \u00e0 \u00e9conomie d&#8217;\u00e9nergie ThermoProtect pr\u00eate \u00e0 l&#8217;emploi prot\u00e8ge votre fa\u00e7ade de mani\u00e8re fiable contre l&#8217;humidit\u00e9 ainsi que contre les algues, les mousses et les champignons, r\u00e9gule la temp\u00e9rature et am\u00e9liore le bilan \u00e9nerg\u00e9tique du b\u00e2timent tout au long de l&#8217;ann\u00e9e. Elle est efficace sur le plan \u00e9nerg\u00e9tique, \u00e9conomique, durable et extr\u00eamement robuste et r\u00e9siste \u00e0 toutes les intemp\u00e9ries. Il est \u00e9galement r\u00e9sistant aux UV, ce qui \u00e9vite que les couleurs ne s&#8217;estompent \u00e0 long terme.<\/p>\n<p><strong>Les principaux avantages en un coup d&#8217;\u0153il : <\/strong><\/p>\n<blockquote>\n<div><img loading=\"lazy\" decoding=\"async\" class=\"alignnone wp-image-59777\" title=\"Ic\u00f4ne de r\u00e9gulation de l'humidit\u00e9 et de la temp\u00e9rature verte 2\" src=\"https:\/\/www.climatecoating.com\/wp-content\/uploads\/2025\/11\/Icon_humidity-and-temperature-regulating_green_2-1.png\" alt=\"Ic\u00f4ne de r\u00e9gulation de l'humidit\u00e9 et de la temp\u00e9rature verte 2\" width=\"50\" height=\"50\" srcset=\"https:\/\/www.climatecoating.com\/wp-content\/uploads\/2025\/11\/Icon_humidity-and-temperature-regulating_green_2-1.png 242w, https:\/\/www.climatecoating.com\/wp-content\/uploads\/2025\/11\/Icon_humidity-and-temperature-regulating_green_2-1-150x150.png 150w, https:\/\/www.climatecoating.com\/wp-content\/uploads\/2025\/11\/Icon_humidity-and-temperature-regulating_green_2-1-100x100.png 100w\" sizes=\"auto, (max-width: 50px) 100vw, 50px\" \/> r\u00e9gulation de l&#8217;humidit\u00e9 et de la temp\u00e9rature<\/div>\n<div><img loading=\"lazy\" decoding=\"async\" class=\"alignnone wp-image-59778\" title=\"Ic\u00f4ne d'\u00e9conomie d'\u00e9nergie verte\" src=\"https:\/\/www.climatecoating.com\/wp-content\/uploads\/2025\/11\/Icon_energy-saving_green-1.png\" alt=\"Ic\u00f4ne d'\u00e9conomie d'\u00e9nergie verte\" width=\"50\" height=\"50\" srcset=\"https:\/\/www.climatecoating.com\/wp-content\/uploads\/2025\/11\/Icon_energy-saving_green-1.png 242w, https:\/\/www.climatecoating.com\/wp-content\/uploads\/2025\/11\/Icon_energy-saving_green-1-150x150.png 150w, https:\/\/www.climatecoating.com\/wp-content\/uploads\/2025\/11\/Icon_energy-saving_green-1-100x100.png 100w\" sizes=\"auto, (max-width: 50px) 100vw, 50px\" \/> efficace sur le plan \u00e9nerg\u00e9tique et \u00e9conomique<\/div>\n<div><img loading=\"lazy\" decoding=\"async\" class=\"alignnone wp-image-60030\" title=\"Ic\u00f4ne verte robuste et durable\" src=\"https:\/\/www.climatecoating.com\/wp-content\/uploads\/2020\/05\/Icon_robust_and_durable_green_2.png\" alt=\"Ic\u00f4ne verte robuste et durable\" width=\"50\" height=\"50\" srcset=\"https:\/\/www.climatecoating.com\/wp-content\/uploads\/2020\/05\/Icon_robust_and_durable_green_2.png 242w, https:\/\/www.climatecoating.com\/wp-content\/uploads\/2020\/05\/Icon_robust_and_durable_green_2-150x150.png 150w, https:\/\/www.climatecoating.com\/wp-content\/uploads\/2020\/05\/Icon_robust_and_durable_green_2-100x100.png 100w\" sizes=\"auto, (max-width: 50px) 100vw, 50px\" \/> extr\u00eamement robuste &amp; durable<\/div>\n<div><img loading=\"lazy\" decoding=\"async\" class=\"alignnone wp-image-60031\" title=\"L'ic\u00f4ne refl\u00e8te les rayons UV en vert\" src=\"https:\/\/www.climatecoating.com\/wp-content\/uploads\/2020\/05\/Icon_reflects_UV-radiation_green_2.png\" alt=\"L'ic\u00f4ne refl\u00e8te les rayons UV en vert\" width=\"50\" height=\"50\" srcset=\"https:\/\/www.climatecoating.com\/wp-content\/uploads\/2020\/05\/Icon_reflects_UV-radiation_green_2.png 242w, https:\/\/www.climatecoating.com\/wp-content\/uploads\/2020\/05\/Icon_reflects_UV-radiation_green_2-150x150.png 150w, https:\/\/www.climatecoating.com\/wp-content\/uploads\/2020\/05\/Icon_reflects_UV-radiation_green_2-100x100.png 100w\" sizes=\"auto, (max-width: 50px) 100vw, 50px\" \/> r\u00e9sistance de longue dur\u00e9e aux UV<\/div>\n<div><img loading=\"lazy\" decoding=\"async\" class=\"alignnone wp-image-60498\" title=\"Icon protection algae, mold and weather green\" src=\"https:\/\/www.climatecoating.com\/wp-content\/uploads\/2020\/05\/Icon_protection-algae-mold-and-weather_green.png\" alt=\"Icon protection algae, mold and weather green\" width=\"50\" height=\"50\" srcset=\"https:\/\/www.climatecoating.com\/wp-content\/uploads\/2020\/05\/Icon_protection-algae-mold-and-weather_green.png 242w, https:\/\/www.climatecoating.com\/wp-content\/uploads\/2020\/05\/Icon_protection-algae-mold-and-weather_green-150x150.png 150w, https:\/\/www.climatecoating.com\/wp-content\/uploads\/2020\/05\/Icon_protection-algae-mold-and-weather_green-100x100.png 100w\" sizes=\"auto, (max-width: 50px) 100vw, 50px\" \/> prot\u00e8ge contre les algues, la mousse, les champignons et les intemp\u00e9ries<\/div>\n<div><img loading=\"lazy\" decoding=\"async\" class=\"alignnone wp-image-59791\" title=\"Icon 100 000 colors green 2\" src=\"https:\/\/www.climatecoating.com\/wp-content\/uploads\/2020\/08\/Icon_100-000-colors_green_2.png\" alt=\"Icon 100 000 colors green 2\" width=\"50\" height=\"50\" srcset=\"https:\/\/www.climatecoating.com\/wp-content\/uploads\/2020\/08\/Icon_100-000-colors_green_2.png 242w, https:\/\/www.climatecoating.com\/wp-content\/uploads\/2020\/08\/Icon_100-000-colors_green_2-150x150.png 150w, https:\/\/www.climatecoating.com\/wp-content\/uploads\/2020\/08\/Icon_100-000-colors_green_2-100x100.png 100w\" sizes=\"auto, (max-width: 50px) 100vw, 50px\" \/> &gt; 100.000 teintes<\/div>\n<\/blockquote>\n","protected":false},"featured_media":30521,"template":"","meta":[],"product_brand":[],"product_cat":[1142,1150,1153,1152,1271],"product_tag":[],"class_list":{"0":"post-27650","1":"product","2":"type-product","3":"status-publish","4":"has-post-thumbnail","6":"product_cat-domaines-dapplication","7":"product_cat-batir-et-vivre","8":"product_cat-exterieur","9":"product_cat-batiments-publics","10":"product_cat-hotellerie-et-gastronomie","12":"first","13":"instock","14":"taxable","15":"shipping-taxable","16":"purchasable","17":"product-type-variable"},"_links":{"self":[{"href":"https:\/\/www.climatecoating.com\/fr\/wp-json\/wp\/v2\/product\/27650","targetHints":{"allow":["GET"]}}],"collection":[{"href":"https:\/\/www.climatecoating.com\/fr\/wp-json\/wp\/v2\/product"}],"about":[{"href":"https:\/\/www.climatecoating.com\/fr\/wp-json\/wp\/v2\/types\/product"}],"wp:featuredmedia":[{"embeddable":true,"href":"https:\/\/www.climatecoating.com\/fr\/wp-json\/wp\/v2\/media\/30521"}],"wp:attachment":[{"href":"https:\/\/www.climatecoating.com\/fr\/wp-json\/wp\/v2\/media?parent=27650"}],"wp:term":[{"taxonomy":"product_brand","embeddable":true,"href":"https:\/\/www.climatecoating.com\/fr\/wp-json\/wp\/v2\/product_brand?post=27650"},{"taxonomy":"product_cat","embeddable":true,"href":"https:\/\/www.climatecoating.com\/fr\/wp-json\/wp\/v2\/product_cat?post=27650"},{"taxonomy":"product_tag","embeddable":true,"href":"https:\/\/www.climatecoating.com\/fr\/wp-json\/wp\/v2\/product_tag?post=27650"}],"curies":[{"name":"wp","href":"https:\/\/api.w.org\/{rel}","templated":true}]}}