{"id":27681,"date":"2020-08-26T09:54:18","date_gmt":"2020-08-26T07:54:18","guid":{"rendered":"https:\/\/www.climatecoating.com\/produkte\/fixplus-2\/"},"modified":"2026-02-02T13:18:55","modified_gmt":"2026-02-02T12:18:55","slug":"fixplus","status":"publish","type":"product","link":"https:\/\/www.climatecoating.com\/fr\/produkt\/fixplus\/","title":{"rendered":"FixPlus"},"content":{"rendered":"<p>FixPlus renforce tous les supports de pl\u00e2tre selon la norme DIN 18500 si leur capacit\u00e9 de charge est insuffisante et ajuste leur pouvoir absorbant. FixPlus a une tr\u00e8s bonne p\u00e9n\u00e9tration du substrat, s\u00e8che rapidement, est ouvert \u00e0 la diffusion, sans solvant et a une r\u00e9sistance finale \u00e9lev\u00e9e.<\/p>\n","protected":false},"excerpt":{"rendered":"<hr>\n<p>Une bonne pr\u00e9paration est la moiti\u00e9 de la bataille.<\/p>\n","protected":false},"featured_media":27683,"template":"","meta":[],"product_brand":[],"product_cat":[1142,1150,1260],"product_tag":[],"class_list":{"0":"post-27681","1":"product","2":"type-product","3":"status-publish","4":"has-post-thumbnail","6":"product_cat-domaines-dapplication","7":"product_cat-batir-et-vivre","8":"product_cat-produits-supplementaires","10":"first","11":"instock","12":"taxable","13":"shipping-taxable","14":"purchasable","15":"product-type-variable"},"_links":{"self":[{"href":"https:\/\/www.climatecoating.com\/fr\/wp-json\/wp\/v2\/product\/27681","targetHints":{"allow":["GET"]}}],"collection":[{"href":"https:\/\/www.climatecoating.com\/fr\/wp-json\/wp\/v2\/product"}],"about":[{"href":"https:\/\/www.climatecoating.com\/fr\/wp-json\/wp\/v2\/types\/product"}],"wp:featuredmedia":[{"embeddable":true,"href":"https:\/\/www.climatecoating.com\/fr\/wp-json\/wp\/v2\/media\/27683"}],"wp:attachment":[{"href":"https:\/\/www.climatecoating.com\/fr\/wp-json\/wp\/v2\/media?parent=27681"}],"wp:term":[{"taxonomy":"product_brand","embeddable":true,"href":"https:\/\/www.climatecoating.com\/fr\/wp-json\/wp\/v2\/product_brand?post=27681"},{"taxonomy":"product_cat","embeddable":true,"href":"https:\/\/www.climatecoating.com\/fr\/wp-json\/wp\/v2\/product_cat?post=27681"},{"taxonomy":"product_tag","embeddable":true,"href":"https:\/\/www.climatecoating.com\/fr\/wp-json\/wp\/v2\/product_tag?post=27681"}],"curies":[{"name":"wp","href":"https:\/\/api.w.org\/{rel}","templated":true}]}}