{"id":27745,"date":"2020-08-09T15:35:45","date_gmt":"2020-08-09T13:35:45","guid":{"rendered":"https:\/\/www.climatecoating.com\/produkte\/thermoactive-2\/"},"modified":"2026-01-30T13:35:53","modified_gmt":"2026-01-30T12:35:53","slug":"thermoactif","status":"publish","type":"product","link":"https:\/\/www.climatecoating.com\/fr\/produkt\/thermoactif\/","title":{"rendered":"ThermoActive"},"content":{"rendered":"<p data-pm-slice=\"1 1 []\"><strong>Technologie de membrane r\u00e9fl\u00e9chissante &#8211; la cl\u00e9 de la protection contre la chaleur<\/strong><\/p>\n<p>Gr\u00e2ce \u00e0 sa formule innovante et \u00e0 ses mati\u00e8res premi\u00e8res de qualit\u00e9, une <a href=\"https:\/\/www.climatecoating.com\/fr\/glossaire\/glossaire\/\" target=\"_blank\" rel=\"noopener\">membrane souple et r\u00e9fl\u00e9chissante<\/a> aux propri\u00e9t\u00e9s exceptionnelles se forme apr\u00e8s l&#8217;application de la peinture fonctionnelle :<\/p>\n<ul>\n<li>tr\u00e8s haute r\u00e9flexion de la lumi\u00e8re du soleil<\/li>\n<li>r\u00e9sistance \u00e0 long terme des mat\u00e9riaux<\/li>\n<li>\u00e9lasticit\u00e9 et robustesse sup\u00e9rieures \u00e0 la moyenne<\/li>\n<li>\u00e9tanch\u00e9it\u00e9 \u00e0 l&#8217;eau\/\u00e9tanch\u00e9it\u00e9 \u00e0 la pluie<\/li>\n<li>r\u00e9sistance \u00e0 la temp\u00e9rature de -40\u00b0C \u00e0 +150\u00b0C<\/li>\n<\/ul>\n<p><strong>Valeurs de r\u00e9flexion \u00e9lev\u00e9es &#8211; presque comme la neige<\/strong><br \/>\nLa peinture de toiture ThermoActive est capable de r\u00e9fl\u00e9chir la lumi\u00e8re du soleil \u00e0 plus de 91% &#8211; une valeur record prouv\u00e9e. A titre de comparaison, la neige pure atteint une r\u00e9flexion d&#8217;environ 100%.<\/p>\n<p>En raison de ce pouvoir de r\u00e9flexion \u00e9lev\u00e9, une grande partie du rayonnement solaire est d\u00e9j\u00e0 renvoy\u00e9e \u00e0 la surface. Le toit s&#8217;\u00e9chauffe beaucoup moins et le transfert de chaleur vers l&#8217;int\u00e9rieur du b\u00e2timent est fortement r\u00e9duit. ThermoActive offre ainsi une <a href=\"https:\/\/www.climatecoating.com\/fr\/glossaire\/glossaire\/\" target=\"_blank\" rel=\"noopener\">protection thermique estivale<\/a> efficace : la surface du toit reste fra\u00eeche m\u00eame en cas de rayonnement solaire intense, les temp\u00e9ratures int\u00e9rieures baissent et les besoins en \u00e9nergie pour la climatisation sont durablement r\u00e9duits.<\/p>\n<p><img loading=\"lazy\" decoding=\"async\" class=\"alignnone wp-image-59690 size-full\" title=\"ThermoActive ThermoActive\" src=\"https:\/\/www.climatecoating.com\/wp-content\/uploads\/2026\/01\/ThermoActive_Funktionsweise_FR.png\" alt=\"ThermoActive Funktionsweise \" width=\"1500\" height=\"1024\" \/><\/p>\n<p><strong>R\u00e9duction des co\u00fbts gr\u00e2ce \u00e0 la climatisation passive<\/strong><\/p>\n<p>La peinture r\u00e9fl\u00e9chissante ThermoActive utilise un effet de refroidissement par \u00e9vaporation suppl\u00e9mentaire : elle absorbe l&#8217;humidit\u00e9 qui s&#8217;\u00e9vapore sous l&#8217;effet du rayonnement solaire et assure ainsi un refroidissement suppl\u00e9mentaire de la toiture. Il n&#8217;est pas n\u00e9cessaire que la couleur fonctionnelle soit blanche, car les teintes plus fonc\u00e9es permettent \u00e9galement d&#8217;obtenir des performances de refroidissement \u00e9lev\u00e9es.<\/p>\n<p>Le toit devient ainsi un climatiseur passif qui r\u00e9duit la consommation d&#8217;\u00e9nergie pour le refroidissement, contribue \u00e0 la r\u00e9duction des \u00e9missions de CO\u2082 et aide \u00e0 garantir l&#8217;efficacit\u00e9 \u00e9nerg\u00e9tique du b\u00e2timent \u00e0 long terme (voir <a href=\"https:\/\/www.climatecoating.com\/fr\/references\/reference\/usine-schindler-en-slovaquie\/\" target=\"_blank\" rel=\"noopener\">le projet Schindler<\/a>).<\/p>\n<p><img loading=\"lazy\" decoding=\"async\" class=\"size-full wp-image-44757 alignleft\" title=\"Calculus\" src=\"https:\/\/www.climatecoating.com\/wp-content\/uploads\/2023\/02\/Calculus_Button_80px.png\" alt=\"Calculus\" width=\"80\" height=\"80\" \/><\/p>\n<p><a href=\"https:\/\/www.climatecoating.com\/fr\/calculus\/\" target=\"_blank\" rel=\"noopener\"><strong>Vers le calculateur de temp\u00e9rature Calculus<\/strong><sup><strong>\u00ae<\/strong>, <\/sup><\/a>l&#8217;outil Web bas\u00e9 sur l&#8217;IA qui permet de pr\u00e9dire la diff\u00e9rence de temp\u00e9rature int\u00e9rieure et de d\u00e9duire les \u00e9conomies d&#8217;\u00e9nergie possibles lorsque les murs et\/ou les toits sont recouverts des produits ThermoProtect et ThermoActive de ClimateCoating\u00ae.<\/p>\n<p><strong>Dur\u00e9e de vie prolong\u00e9e de la structure du toit<\/strong><br \/>\nL&#8217;excellente \u00e9lasticit\u00e9 de ThermoActive permet de combler facilement les transitions entre les mat\u00e9riaux, et ce \u00e0 des temp\u00e9ratures comprises entre -40\u00b0C et +150\u00b0C. Le toit reste \u00e9tanche. La peinture pour toiture est extr\u00eamement robuste et insensible aux influences environnementales telles que les acides, les bases, l&#8217;ozone, les oxydes d&#8217;azote et de soufre. De plus, la peinture est extr\u00eamement r\u00e9sistante aux UV. Pas de fragilisation, pas d&#8217;\u00e9caillage de la peinture, pas d&#8217;alt\u00e9ration et cela \u00e0 long terme. L&#8217;ensemble de ces mesures permet de prolonger la dur\u00e9e de vie de la structure du toit et de r\u00e9duire les co\u00fbts d&#8217;entretien.<\/p>\n<p><strong>Refroidir efficacement les toits, \u00e9conomiser de l&#8217;\u00e9nergie &amp; de l&#8217;\u00e9lectricit\u00e9 &#8211; avec ThermoActive, la peinture fonctionnelle r\u00e9fl\u00e9chissante pour l&#8217;ext\u00e9rieur.<\/strong><\/p>\n","protected":false},"excerpt":{"rendered":"<hr \/>\n<p><strong>Protection \u00e0 long terme pour tous les types de toitures<\/strong><\/p>\n<p><a href=\"https:\/\/www.climatecoating.com\/fr\/mediatheque\/brochures\/thermoactive-fr\/\" target=\"_blank\" rel=\"noopener\"><img loading=\"lazy\" decoding=\"async\" class=\"size-full wp-image-31149 alignleft\" title=\"Flip ThermoActive FR\" src=\"https:\/\/www.climatecoating.com\/wp-content\/uploads\/2021\/03\/Flip_ThermoActive_FR.png\" alt=\"\" width=\"80\" height=\"80\" \/><\/a>La peinture de toiture climatisante ThermoActive transforme les toits en surfaces de protection et d&#8217;\u00e9conomie d&#8217;\u00e9nergie efficaces. Elle offre une <a href=\"https:\/\/www.climatecoating.com\/fr\/glossaire\/glossaire\/\" target=\"_blank\" rel=\"noopener\">protection thermique estivale<\/a> efficace en r\u00e9duisant consid\u00e9rablement l&#8217;\u00e9chauffement de la structure du toit et en abaissant sensiblement les temp\u00e9ratures int\u00e9rieures. ThermoActive prolonge ainsi la dur\u00e9e de vie de la structure du toit tout en r\u00e9duisant la consommation d&#8217;\u00e9nergie pour la climatisation. ThermoActive r\u00e9pond aux exigences du <a href=\"https:\/\/www.climatecoating.com\/fr\/entreprise\/prix-et-certificats\/\" target=\"_blank\" rel=\"noopener\">Cool Roof Rating Council (CRRC), voir Notification 004450.<\/a><\/p>\n<p><strong>Les principaux avantages en un coup d&#8217;\u0153il :<\/strong><\/p>\n<div><img loading=\"lazy\" decoding=\"async\" class=\"alignnone wp-image-60480\" title=\"Icon elastic and robust green 2\" src=\"https:\/\/www.climatecoating.com\/wp-content\/uploads\/2020\/08\/Icon_elastic-and-robust_green_2-1.png\" alt=\"Icon elastic and robust green 2\" width=\"50\" height=\"50\" srcset=\"https:\/\/www.climatecoating.com\/wp-content\/uploads\/2020\/08\/Icon_elastic-and-robust_green_2-1.png 242w, https:\/\/www.climatecoating.com\/wp-content\/uploads\/2020\/08\/Icon_elastic-and-robust_green_2-1-150x150.png 150w, https:\/\/www.climatecoating.com\/wp-content\/uploads\/2020\/08\/Icon_elastic-and-robust_green_2-1-100x100.png 100w\" sizes=\"auto, (max-width: 50px) 100vw, 50px\" \/> \u00e9lastique &amp; particuli\u00e8rement robuste<\/div>\n<div><img loading=\"lazy\" decoding=\"async\" class=\"alignnone wp-image-60478\" title=\"Icon weather resistant green 2\" src=\"https:\/\/www.climatecoating.com\/wp-content\/uploads\/2020\/08\/Icon_weather_resistant_green_2.png\" alt=\"Icon weather resistant green 2\" width=\"50\" height=\"50\" srcset=\"https:\/\/www.climatecoating.com\/wp-content\/uploads\/2020\/08\/Icon_weather_resistant_green_2.png 242w, https:\/\/www.climatecoating.com\/wp-content\/uploads\/2020\/08\/Icon_weather_resistant_green_2-150x150.png 150w, https:\/\/www.climatecoating.com\/wp-content\/uploads\/2020\/08\/Icon_weather_resistant_green_2-100x100.png 100w\" sizes=\"auto, (max-width: 50px) 100vw, 50px\" \/> \u00e9tanche \u00e0 l&#8217;eau et \u00e0 la pluie battante<\/div>\n<div><img loading=\"lazy\" decoding=\"async\" class=\"alignnone wp-image-60031\" title=\"L'ic\u00f4ne refl\u00e8te les rayons UV en vert\" src=\"https:\/\/www.climatecoating.com\/wp-content\/uploads\/2020\/05\/Icon_reflects_UV-radiation_green_2.png\" alt=\"L'ic\u00f4ne refl\u00e8te les rayons UV en vert\" width=\"50\" height=\"50\" srcset=\"https:\/\/www.climatecoating.com\/wp-content\/uploads\/2020\/05\/Icon_reflects_UV-radiation_green_2.png 242w, https:\/\/www.climatecoating.com\/wp-content\/uploads\/2020\/05\/Icon_reflects_UV-radiation_green_2-150x150.png 150w, https:\/\/www.climatecoating.com\/wp-content\/uploads\/2020\/05\/Icon_reflects_UV-radiation_green_2-100x100.png 100w\" sizes=\"auto, (max-width: 50px) 100vw, 50px\" \/> r\u00e9sistance de longue dur\u00e9e aux UV<\/div>\n<div><img loading=\"lazy\" decoding=\"async\" class=\"alignnone wp-image-60505\" title=\"Icon temperature resistant green 2\" src=\"https:\/\/www.climatecoating.com\/wp-content\/uploads\/2020\/08\/Icon_temperature-resistant_green_2-2.png\" alt=\"Icon temperature resistant green 2\" width=\"45\" height=\"45\" srcset=\"https:\/\/www.climatecoating.com\/wp-content\/uploads\/2020\/08\/Icon_temperature-resistant_green_2-2.png 242w, https:\/\/www.climatecoating.com\/wp-content\/uploads\/2020\/08\/Icon_temperature-resistant_green_2-2-150x150.png 150w, https:\/\/www.climatecoating.com\/wp-content\/uploads\/2020\/08\/Icon_temperature-resistant_green_2-2-100x100.png 100w\" sizes=\"auto, (max-width: 45px) 100vw, 45px\" \/> r\u00e9sistant aux temp\u00e9ratures de -40 \u00b0C \u00e0 +150 \u00b0C<\/div>\n<div><img loading=\"lazy\" decoding=\"async\" class=\"alignnone wp-image-60500\" title=\"Icon resistant to acids, alkalis, ozone green\" src=\"https:\/\/www.climatecoating.com\/wp-content\/uploads\/2020\/07\/Icon_resistant-to-acids-alkalis-ozone_green.png\" alt=\"Icon resistant to acids, alkalis, ozone green\" width=\"50\" height=\"50\" srcset=\"https:\/\/www.climatecoating.com\/wp-content\/uploads\/2020\/07\/Icon_resistant-to-acids-alkalis-ozone_green.png 242w, https:\/\/www.climatecoating.com\/wp-content\/uploads\/2020\/07\/Icon_resistant-to-acids-alkalis-ozone_green-150x150.png 150w, https:\/\/www.climatecoating.com\/wp-content\/uploads\/2020\/07\/Icon_resistant-to-acids-alkalis-ozone_green-100x100.png 100w\" sizes=\"auto, (max-width: 50px) 100vw, 50px\" \/> robuste contre les acides, les bases, l&#8217;ozone, les oxydes d&#8217;azote et de soufre<\/div>\n<div><img loading=\"lazy\" decoding=\"async\" class=\"alignnone wp-image-59791\" title=\"Icon 100 000 colors green 2\" src=\"https:\/\/www.climatecoating.com\/wp-content\/uploads\/2020\/08\/Icon_100-000-colors_green_2.png\" alt=\"Icon 100 000 colors green 2\" width=\"50\" height=\"50\" srcset=\"https:\/\/www.climatecoating.com\/wp-content\/uploads\/2020\/08\/Icon_100-000-colors_green_2.png 242w, https:\/\/www.climatecoating.com\/wp-content\/uploads\/2020\/08\/Icon_100-000-colors_green_2-150x150.png 150w, https:\/\/www.climatecoating.com\/wp-content\/uploads\/2020\/08\/Icon_100-000-colors_green_2-100x100.png 100w\" sizes=\"auto, (max-width: 50px) 100vw, 50px\" \/> &gt; 100.000 teintes<\/div>\n","protected":false},"featured_media":27747,"template":"","meta":[],"product_brand":[],"product_cat":[1142,1150,1153,1419,1420,1152,1421],"product_tag":[],"class_list":{"0":"post-27745","1":"product","2":"type-product","3":"status-publish","4":"has-post-thumbnail","6":"product_cat-domaines-dapplication","7":"product_cat-batir-et-vivre","8":"product_cat-exterieur","9":"product_cat-industrie-alimentaire","10":"product_cat-industrie-manufacturiere","11":"product_cat-batiments-publics","12":"product_cat-agriculture-et-elevage","14":"first","15":"instock","16":"taxable","17":"shipping-taxable","18":"purchasable","19":"product-type-variable"},"_links":{"self":[{"href":"https:\/\/www.climatecoating.com\/fr\/wp-json\/wp\/v2\/product\/27745","targetHints":{"allow":["GET"]}}],"collection":[{"href":"https:\/\/www.climatecoating.com\/fr\/wp-json\/wp\/v2\/product"}],"about":[{"href":"https:\/\/www.climatecoating.com\/fr\/wp-json\/wp\/v2\/types\/product"}],"wp:featuredmedia":[{"embeddable":true,"href":"https:\/\/www.climatecoating.com\/fr\/wp-json\/wp\/v2\/media\/27747"}],"wp:attachment":[{"href":"https:\/\/www.climatecoating.com\/fr\/wp-json\/wp\/v2\/media?parent=27745"}],"wp:term":[{"taxonomy":"product_brand","embeddable":true,"href":"https:\/\/www.climatecoating.com\/fr\/wp-json\/wp\/v2\/product_brand?post=27745"},{"taxonomy":"product_cat","embeddable":true,"href":"https:\/\/www.climatecoating.com\/fr\/wp-json\/wp\/v2\/product_cat?post=27745"},{"taxonomy":"product_tag","embeddable":true,"href":"https:\/\/www.climatecoating.com\/fr\/wp-json\/wp\/v2\/product_tag?post=27745"}],"curies":[{"name":"wp","href":"https:\/\/api.w.org\/{rel}","templated":true}]}}