{"id":27805,"date":"2020-08-26T10:09:51","date_gmt":"2020-08-26T08:09:51","guid":{"rendered":"https:\/\/www.climatecoating.com\/produkte\/zincprimer-2\/"},"modified":"2026-02-02T13:06:08","modified_gmt":"2026-02-02T12:06:08","slug":"zincprimer","status":"publish","type":"product","link":"https:\/\/www.climatecoating.com\/fr\/produkt\/zincprimer\/","title":{"rendered":"ZincPrimer"},"content":{"rendered":"<p>ZincPrimer est un primaire d&#8217;accroche \u00e0 base de r\u00e9sine acrylique aqueuse, sans solvant, sans plomb ni chromate, destin\u00e9 \u00e0 un usage int\u00e9rieur et ext\u00e9rieur. ZincPrimer est utilis\u00e9 comme primaire d&#8217;adh\u00e9sion pour les m\u00e9taux non ferreux tels que le zinc, l&#8217;acier galvanis\u00e9, l&#8217;acier inoxydable, l&#8217;acier aluminium, l&#8217;aluminium et le cuivre et peut \u00e9galement \u00eatre utilis\u00e9 comme primaire de protection l\u00e9g\u00e8re contre la corrosion sur les surfaces en fer et en acier.<\/p>\n","protected":false},"excerpt":{"rendered":"<hr \/>\n<p>Une bonne adh\u00e9sion n\u00e9cessite un partenaire solide. Le ZincPrimer est le compl\u00e9ment id\u00e9al pour tous les rev\u00eatements ClimateCoating<sup>\u00ae<\/sup> sur les m\u00e9taux non ferreux.<\/p>\n","protected":false},"featured_media":27807,"template":"","meta":[],"product_brand":[],"product_cat":[1142,1150,1260],"product_tag":[],"class_list":{"0":"post-27805","1":"product","2":"type-product","3":"status-publish","4":"has-post-thumbnail","6":"product_cat-domaines-dapplication","7":"product_cat-batir-et-vivre","8":"product_cat-produits-supplementaires","10":"first","11":"instock","12":"taxable","13":"shipping-taxable","14":"purchasable","15":"product-type-variable"},"_links":{"self":[{"href":"https:\/\/www.climatecoating.com\/fr\/wp-json\/wp\/v2\/product\/27805","targetHints":{"allow":["GET"]}}],"collection":[{"href":"https:\/\/www.climatecoating.com\/fr\/wp-json\/wp\/v2\/product"}],"about":[{"href":"https:\/\/www.climatecoating.com\/fr\/wp-json\/wp\/v2\/types\/product"}],"wp:featuredmedia":[{"embeddable":true,"href":"https:\/\/www.climatecoating.com\/fr\/wp-json\/wp\/v2\/media\/27807"}],"wp:attachment":[{"href":"https:\/\/www.climatecoating.com\/fr\/wp-json\/wp\/v2\/media?parent=27805"}],"wp:term":[{"taxonomy":"product_brand","embeddable":true,"href":"https:\/\/www.climatecoating.com\/fr\/wp-json\/wp\/v2\/product_brand?post=27805"},{"taxonomy":"product_cat","embeddable":true,"href":"https:\/\/www.climatecoating.com\/fr\/wp-json\/wp\/v2\/product_cat?post=27805"},{"taxonomy":"product_tag","embeddable":true,"href":"https:\/\/www.climatecoating.com\/fr\/wp-json\/wp\/v2\/product_tag?post=27805"}],"curies":[{"name":"wp","href":"https:\/\/api.w.org\/{rel}","templated":true}]}}