{"id":27811,"date":"2020-08-09T15:05:04","date_gmt":"2020-08-09T13:05:04","guid":{"rendered":"https:\/\/www.climatecoating.com\/produkte\/remplisseur-de-securite-pu\/"},"modified":"2026-01-06T14:38:25","modified_gmt":"2026-01-06T13:38:25","slug":"pu-safe-filler","status":"publish","type":"product","link":"https:\/\/www.climatecoating.com\/fr\/produkt\/pu-safe-filler\/","title":{"rendered":"PU Safe Filler"},"content":{"rendered":"<p>L&#8217;ouverture de diffusion variable de PU Safe Filler permet son application tant \u00e0 l&#8217;int\u00e9rieur qu&#8217;\u00e0 l&#8217;ext\u00e9rieur. PU Safe Filler s\u00e8che en \u00e9tant plasto-\u00e9lastique, imperm\u00e9able, chimiquement neutre et inodore. La grande flexibilit\u00e9 du mastic est particuli\u00e8rement importante en cas de mouvements thermiques et structurels des composants, car elle garantit une surface d&#8217;\u00e9tanch\u00e9it\u00e9 ininterrompue. PU Safe Filler adh\u00e8re bien \u00e0 tous les mat\u00e9riaux de construction conventionnels, tels que le PVC et l&#8217;aluminium recouvert de peinture ou de film plastique color\u00e9. Classiquement, le mastic est utilis\u00e9 dans l&#8217;assemblage des portes et des fen\u00eatres lorsqu&#8217;on travaille avec de la mousse PU.<\/p>\n","protected":false},"excerpt":{"rendered":"<p><strong>Produit d&#8217;\u00e9tanch\u00e9it\u00e9 pour la mousse de PU<\/strong><\/p>\n<p>PU Safe Filler est un produit d&#8217;\u00e9tanch\u00e9it\u00e9 ou de remplissage \u00e0 appliquer sur la mousse de polyur\u00e9thane. La charge ferme les pores de la mousse de PU et cr\u00e9e une surface homog\u00e8ne pour un traitement ult\u00e9rieur avec PU Safe Coating.<\/p>\n","protected":false},"featured_media":27812,"template":"","meta":[],"product_brand":[],"product_cat":[1277,1142,1150,1253,1278,1152,1271],"product_tag":[],"class_list":{"0":"post-27811","1":"product","2":"type-product","3":"status-publish","4":"has-post-thumbnail","6":"product_cat-applications-a-lexterieur","7":"product_cat-domaines-dapplication","8":"product_cat-batir-et-vivre","9":"product_cat-produits","10":"product_cat-etancheite-des-fenetres","11":"product_cat-batiments-publics","12":"product_cat-hotellerie-et-gastronomie","14":"first","15":"instock","16":"taxable","17":"shipping-taxable","18":"purchasable","19":"product-type-simple"},"_links":{"self":[{"href":"https:\/\/www.climatecoating.com\/fr\/wp-json\/wp\/v2\/product\/27811","targetHints":{"allow":["GET"]}}],"collection":[{"href":"https:\/\/www.climatecoating.com\/fr\/wp-json\/wp\/v2\/product"}],"about":[{"href":"https:\/\/www.climatecoating.com\/fr\/wp-json\/wp\/v2\/types\/product"}],"wp:featuredmedia":[{"embeddable":true,"href":"https:\/\/www.climatecoating.com\/fr\/wp-json\/wp\/v2\/media\/27812"}],"wp:attachment":[{"href":"https:\/\/www.climatecoating.com\/fr\/wp-json\/wp\/v2\/media?parent=27811"}],"wp:term":[{"taxonomy":"product_brand","embeddable":true,"href":"https:\/\/www.climatecoating.com\/fr\/wp-json\/wp\/v2\/product_brand?post=27811"},{"taxonomy":"product_cat","embeddable":true,"href":"https:\/\/www.climatecoating.com\/fr\/wp-json\/wp\/v2\/product_cat?post=27811"},{"taxonomy":"product_tag","embeddable":true,"href":"https:\/\/www.climatecoating.com\/fr\/wp-json\/wp\/v2\/product_tag?post=27811"}],"curies":[{"name":"wp","href":"https:\/\/api.w.org\/{rel}","templated":true}]}}