{"id":27843,"date":"2020-08-26T10:09:34","date_gmt":"2020-08-26T08:09:34","guid":{"rendered":"https:\/\/www.climatecoating.com\/produkte\/rustprimer-2\/"},"modified":"2026-02-02T12:51:15","modified_gmt":"2026-02-02T11:51:15","slug":"rustprimer","status":"publish","type":"product","link":"https:\/\/www.climatecoating.com\/fr\/produkt\/rustprimer\/","title":{"rendered":"RustPrimer"},"content":{"rendered":"<p>RustPrimer est un primaire anticorrosion \u00e0 base de r\u00e9sine acrylique, \u00e0 l&#8217;eau, sans solvant, sans plomb et sans chromate, destin\u00e9 \u00e0 une utilisation int\u00e9rieure et ext\u00e9rieure. RustPrimer est utilis\u00e9 comme primaire pour une protection moyenne contre la corrosion sur les surfaces en fer et en acier.<\/p>\n","protected":false},"excerpt":{"rendered":"<hr \/>\n<p>Lorsque la rouille est tr\u00e8s pr\u00e9sente, RustPrimer peut faire des merveilles et assurer une adh\u00e9rence ad\u00e9quate.<\/p>\n","protected":false},"featured_media":27846,"template":"","meta":[],"product_brand":[],"product_cat":[1142,1150,1260],"product_tag":[],"class_list":{"0":"post-27843","1":"product","2":"type-product","3":"status-publish","4":"has-post-thumbnail","6":"product_cat-domaines-dapplication","7":"product_cat-batir-et-vivre","8":"product_cat-produits-supplementaires","10":"first","11":"instock","12":"taxable","13":"shipping-taxable","14":"purchasable","15":"product-type-variable"},"_links":{"self":[{"href":"https:\/\/www.climatecoating.com\/fr\/wp-json\/wp\/v2\/product\/27843","targetHints":{"allow":["GET"]}}],"collection":[{"href":"https:\/\/www.climatecoating.com\/fr\/wp-json\/wp\/v2\/product"}],"about":[{"href":"https:\/\/www.climatecoating.com\/fr\/wp-json\/wp\/v2\/types\/product"}],"wp:featuredmedia":[{"embeddable":true,"href":"https:\/\/www.climatecoating.com\/fr\/wp-json\/wp\/v2\/media\/27846"}],"wp:attachment":[{"href":"https:\/\/www.climatecoating.com\/fr\/wp-json\/wp\/v2\/media?parent=27843"}],"wp:term":[{"taxonomy":"product_brand","embeddable":true,"href":"https:\/\/www.climatecoating.com\/fr\/wp-json\/wp\/v2\/product_brand?post=27843"},{"taxonomy":"product_cat","embeddable":true,"href":"https:\/\/www.climatecoating.com\/fr\/wp-json\/wp\/v2\/product_cat?post=27843"},{"taxonomy":"product_tag","embeddable":true,"href":"https:\/\/www.climatecoating.com\/fr\/wp-json\/wp\/v2\/product_tag?post=27843"}],"curies":[{"name":"wp","href":"https:\/\/api.w.org\/{rel}","templated":true}]}}