{"id":27872,"date":"2020-08-09T14:37:27","date_gmt":"2020-08-09T12:37:27","guid":{"rendered":"https:\/\/www.climatecoating.com\/produkte\/revetement-de-securite-pu\/"},"modified":"2026-01-06T14:33:55","modified_gmt":"2026-01-06T13:33:55","slug":"pu-safe-coating","status":"publish","type":"product","link":"https:\/\/www.climatecoating.com\/fr\/produkt\/pu-safe-coating\/","title":{"rendered":"PU Safe Coating"},"content":{"rendered":"<p>Cette m\u00e9thode d&#8217;\u00e9tanch\u00e9it\u00e9 des fen\u00eatres et des portes lors de l&#8217;installation est plus simple et plus \u00e9conomique que les m\u00e9thodes conventionnelles utilisant le Compriband, la bande d&#8217;\u00e9tanch\u00e9it\u00e9 des joints ou le film. Avec cette nouvelle m\u00e9thode, la fen\u00eatre reste \u00e9tanche sur tout son pourtour, par temps froid comme par temps chaud, sous une pluie battante ou pendant de longues p\u00e9riodes de s\u00e9cheresse.<\/p>\n<p>L&#8217;ouverture de diffusion variable du PU Safe Coating permet de l&#8217;utiliser aussi bien \u00e0 l&#8217;int\u00e9rieur qu&#8217;\u00e0 l&#8217;ext\u00e9rieur. Le PU Safe Coating forme une membrane flexible. Ce qui est bien, c&#8217;est que l&#8217;\u00e9tanch\u00e9it\u00e9 \u00e0 la vapeur du rev\u00eatement d&#8217;\u00e9tanch\u00e9it\u00e9 formant la membrane est variable. Il s&#8217;adapte aux conditions ambiantes de telle sorte qu&#8217;il bloque ou laisse passer &#8211; en fonction du gradient de pression de vapeur.<\/p>\n<p>PU Safe Coating adh\u00e8re bien \u00e0 tous les mat\u00e9riaux conventionnels et s&#8217;applique simplement \u00e0 la brosse &#8211; de pr\u00e9f\u00e9rence deux fois, afin que les propri\u00e9t\u00e9s du produit puissent avoir un effet optimal. La dispersion doit couvrir \u00e0 la fois la couche d&#8217;isolation thermique (mousse de montage PU) et tous les joints, ainsi que minimalement les surfaces de contact autour du cadre de la fen\u00eatre ou de la porte.<\/p>\n<p>Le PU Safe Coating utilis\u00e9 en combinaison avec la peinture murale int\u00e9rieure ThermoPlus ou la peinture de fa\u00e7ade ThermoProtect minimise ou \u00e9vite les ponts thermiques ! Pour plus d&#8217;informations, veuillez contacter nos consultants exp\u00e9riment\u00e9s en mati\u00e8re d&#8217;applications.<\/p>\n","protected":false},"excerpt":{"rendered":"<p><strong>Le rev\u00eatement de protection efficace pour la mousse de PU<\/strong><\/p>\n<p>PU Safe Coating est un rev\u00eatement d&#8217;\u00e9tanch\u00e9it\u00e9 destin\u00e9 \u00e0 \u00eatre appliqu\u00e9 sur la mousse de polyur\u00e9thane comme couche de protection pour l&#8217;installation de fen\u00eatres et de portes. Appliqu\u00e9 simplement et rapidement, il forme une membrane imperm\u00e9able, flexible et protectrice exactement l\u00e0 o\u00f9 diff\u00e9rents mat\u00e9riaux se rencontrent.<\/p>\n<p>Le PU Safe Coating est innovant, respectueux de l&#8217;environnement, efficace et puissant.<\/p>\n","protected":false},"featured_media":27877,"template":"","meta":[],"product_brand":[],"product_cat":[1150,1277,1142,1152,1278,1271],"product_tag":[],"class_list":{"0":"post-27872","1":"product","2":"type-product","3":"status-publish","4":"has-post-thumbnail","6":"product_cat-batir-et-vivre","7":"product_cat-applications-a-lexterieur","8":"product_cat-domaines-dapplication","9":"product_cat-batiments-publics","10":"product_cat-etancheite-des-fenetres","11":"product_cat-hotellerie-et-gastronomie","13":"first","14":"instock","15":"taxable","16":"shipping-taxable","17":"purchasable","18":"product-type-variable"},"_links":{"self":[{"href":"https:\/\/www.climatecoating.com\/fr\/wp-json\/wp\/v2\/product\/27872","targetHints":{"allow":["GET"]}}],"collection":[{"href":"https:\/\/www.climatecoating.com\/fr\/wp-json\/wp\/v2\/product"}],"about":[{"href":"https:\/\/www.climatecoating.com\/fr\/wp-json\/wp\/v2\/types\/product"}],"wp:featuredmedia":[{"embeddable":true,"href":"https:\/\/www.climatecoating.com\/fr\/wp-json\/wp\/v2\/media\/27877"}],"wp:attachment":[{"href":"https:\/\/www.climatecoating.com\/fr\/wp-json\/wp\/v2\/media?parent=27872"}],"wp:term":[{"taxonomy":"product_brand","embeddable":true,"href":"https:\/\/www.climatecoating.com\/fr\/wp-json\/wp\/v2\/product_brand?post=27872"},{"taxonomy":"product_cat","embeddable":true,"href":"https:\/\/www.climatecoating.com\/fr\/wp-json\/wp\/v2\/product_cat?post=27872"},{"taxonomy":"product_tag","embeddable":true,"href":"https:\/\/www.climatecoating.com\/fr\/wp-json\/wp\/v2\/product_tag?post=27872"}],"curies":[{"name":"wp","href":"https:\/\/api.w.org\/{rel}","templated":true}]}}