{"id":28028,"date":"2020-07-22T22:57:30","date_gmt":"2020-07-22T20:57:30","guid":{"rendered":"https:\/\/www.climatecoating.com\/produkte\/stuccoprimer\/"},"modified":"2026-03-16T11:13:10","modified_gmt":"2026-03-16T10:13:10","slug":"stuccoprimer","status":"publish","type":"product","link":"https:\/\/www.climatecoating.com\/fr\/produkt\/stuccoprimer\/","title":{"rendered":"StuccoPrimer"},"content":{"rendered":"<p><strong>Adapt\u00e9 au m\u00e9tro !<\/strong><\/p>\n<p>L&#8217;application est tr\u00e8s simple : StuccoPrimer peut \u00eatre appliqu\u00e9 directement \u00e0 l&#8217;aide d&#8217;une brosse, d&#8217;un pinceau ou d&#8217;un rouleau \u00e0 peinture. Pr\u00eat \u00e0 l&#8217;emploi, il ne n\u00e9cessite aucun m\u00e9lange &#8211; pour un travail efficace et propre.<\/p>\n<p><strong>Domaines d&#8217;application<\/strong><\/p>\n<ul>\n<li data-start=\"1457\" data-end=\"1489\">Surfaces lisses de l&#8217;ancien et du nouveau cr\u00e9pi<\/li>\n<li data-start=\"1492\" data-end=\"1541\">Supports avec diff\u00e9rentes capacit\u00e9s d&#8217;absorption<\/li>\n<li data-start=\"1544\" data-end=\"1579\">Construction, r\u00e9habilitation et r\u00e9novation<\/li>\n<li data-start=\"1582\" data-end=\"1642\">Une base parfaite pour StuccoTex<\/li>\n<\/ul>\n<p><img loading=\"lazy\" decoding=\"async\" class=\"alignnone wp-image-59689 size-full\" title=\"StuccoTex Putz System Funktionsweise\" src=\"https:\/\/www.climatecoating.com\/wp-content\/uploads\/2026\/01\/StuccoTex-Putz-System_Funktionsweise_FR.png\" alt=\"StuccoTex Putz System Funktionsweise\" width=\"1600\" height=\"1150\" \/><\/p>\n<p><strong>La couche de fond StuccoPrimer pose la base parfaite pour une surface uniforme, durable et de haute qualit\u00e9. Il suffit de l&#8217;appliquer &#8211; c&#8217;est termin\u00e9 ! <\/strong><\/p>\n","protected":false},"excerpt":{"rendered":"<hr \/>\n<p><strong>Promoteur d&#8217;adh\u00e9rence pr\u00eat \u00e0 l&#8217;emploi <\/strong><\/p>\n<p>StuccoPrimer r\u00e9duit la capacit\u00e9 d&#8217;absorption du support et cr\u00e9e une base uniform\u00e9ment absorbante &#8211; pour une adh\u00e9rence s\u00fbre de <a href=\"https:\/\/www.climatecoating.com\/fr\/product\/stuccotex-80\/\" target=\"_blank\" rel=\"noopener\">StuccoTex 80<\/a> et <a href=\"https:\/\/www.climatecoating.com\/fr\/product\/stuccotex-280\/\" target=\"_blank\" rel=\"noopener\">StuccoTex 280<\/a> sur presque toutes les surfaces d&#8217;enduit anciennes et neuves. La couche de fond est bas\u00e9e sur la <a href=\"https:\/\/www.climatecoating.com\/fr\/glossaire\/glossaire\/\" target=\"_blank\" rel=\"noopener\">technologie des membranes r\u00e9fl\u00e9chissantes<\/a>, est ouverte \u00e0 la diffusion de mani\u00e8re variable et est donc le &#8220;co\u00e9quipier&#8221; parfait du syst\u00e8me d&#8217;enduit StuccoTex.<\/p>\n","protected":false},"featured_media":28044,"template":"","meta":[],"product_brand":[],"product_cat":[4320,1153,1142,1150,1275,1152],"product_tag":[],"class_list":{"0":"post-28028","1":"product","2":"type-product","3":"status-publish","4":"has-post-thumbnail","6":"product_cat-enduits-exterieurs-interieurs","7":"product_cat-exterieur","8":"product_cat-domaines-dapplication","9":"product_cat-batir-et-vivre","10":"product_cat-a-linterieur-de","11":"product_cat-batiments-publics","13":"first","14":"instock","15":"taxable","16":"shipping-taxable","17":"purchasable","18":"product-type-variable"},"_links":{"self":[{"href":"https:\/\/www.climatecoating.com\/fr\/wp-json\/wp\/v2\/product\/28028","targetHints":{"allow":["GET"]}}],"collection":[{"href":"https:\/\/www.climatecoating.com\/fr\/wp-json\/wp\/v2\/product"}],"about":[{"href":"https:\/\/www.climatecoating.com\/fr\/wp-json\/wp\/v2\/types\/product"}],"wp:featuredmedia":[{"embeddable":true,"href":"https:\/\/www.climatecoating.com\/fr\/wp-json\/wp\/v2\/media\/28044"}],"wp:attachment":[{"href":"https:\/\/www.climatecoating.com\/fr\/wp-json\/wp\/v2\/media?parent=28028"}],"wp:term":[{"taxonomy":"product_brand","embeddable":true,"href":"https:\/\/www.climatecoating.com\/fr\/wp-json\/wp\/v2\/product_brand?post=28028"},{"taxonomy":"product_cat","embeddable":true,"href":"https:\/\/www.climatecoating.com\/fr\/wp-json\/wp\/v2\/product_cat?post=28028"},{"taxonomy":"product_tag","embeddable":true,"href":"https:\/\/www.climatecoating.com\/fr\/wp-json\/wp\/v2\/product_tag?post=28028"}],"curies":[{"name":"wp","href":"https:\/\/api.w.org\/{rel}","templated":true}]}}