{"id":28103,"date":"2020-07-22T23:05:45","date_gmt":"2020-07-22T21:05:45","guid":{"rendered":"https:\/\/www.climatecoating.com\/produkte\/nature\/"},"modified":"2026-02-02T12:02:38","modified_gmt":"2026-02-02T11:02:38","slug":"nature","status":"publish","type":"product","link":"https:\/\/www.climatecoating.com\/fr\/produkt\/nature\/","title":{"rendered":"Nature"},"content":{"rendered":"<p><strong>Un rev\u00eatement high-tech qui tient ses promesses<\/strong><br \/>\nAvec ClimateCoating\u00ae-Nature, les \u00e9l\u00e9ments en bois sont prot\u00e9g\u00e9s et conservent leur beaut\u00e9 pendant une dur\u00e9e exceptionnellement longue. L&#8217;interaction de l&#8217;adh\u00e9rence, de l&#8217;\u00e9lasticit\u00e9 et de l&#8217;extr\u00eame r\u00e9sistance, combin\u00e9e \u00e0 la r\u00e9duction du gonflement et du r\u00e9tr\u00e9cissement, retarde le processus de vieillissement du bois de mani\u00e8re id\u00e9ale. Pas d&#8217;\u00e9caillage de la peinture, pas de d\u00e9coloration. Je te le promets.<\/p>\n<p>La technologie de la membrane r\u00e9fl\u00e9chissante fait en sorte que m\u00eame les couleurs fonc\u00e9es gardent la surface relativement fra\u00eeche \u00e0 la lumi\u00e8re du soleil. <strong>M\u00eame dans un bungalow en bois peint de couleur sombre, il reste agr\u00e9ablement temp\u00e9r\u00e9 en \u00e9t\u00e9, gr\u00e2ce \u00e0 la haute r\u00e9flectance du rev\u00eatement.<\/strong> Les sph\u00e8res creuses en vitroc\u00e9ramique le permettent.<\/p>\n<p><strong>Domaines d&#8217;application<\/strong><br \/>\nNature est con\u00e7u pour les \u00e9l\u00e9ments de construction en bois \u00e0 stabilit\u00e9 dimensionnelle limit\u00e9e (planches \u00e0 rainure et languette, colombages, volets et portails) et pour les \u00e9l\u00e9ments de construction en bois \u00e0 stabilit\u00e9 dimensionnelle non limit\u00e9e (balustrades de balcon, bardeaux, pergolas et cl\u00f4tures).<\/p>\n<p>Alors que Nature est disponible en tant que rev\u00eatement opaque dans de nombreuses nuances de couleurs, un spectre de couleurs limit\u00e9 est disponible avec la couche \u00e9paisse NatureGlaze. Le primer NaturePrimer pr\u00eat \u00e0 l&#8217;emploi compl\u00e8te l&#8217;ensemble des produits.<\/p>\n","protected":false},"excerpt":{"rendered":"<hr \/>\n<p>Nature est un rev\u00eatement couvrant de haute technologie pour tous les \u00e9l\u00e9ments de construction en bois \u00e0 stabilit\u00e9 dimensionnelle limit\u00e9e et<br \/>\n\u00e0 stabilit\u00e9 dimensionnelle non limit\u00e9e en ext\u00e9rieur. Hoch witterungsbest\u00e4ndig und mit bleibender Elastizit\u00e4t ist Nature der perfekte Holzschutz f\u00fcr Jahre!<\/p>\n","protected":false},"featured_media":28132,"template":"","meta":[],"product_brand":[],"product_cat":[1142,1195],"product_tag":[],"class_list":{"0":"post-28103","1":"product","2":"type-product","3":"status-publish","4":"has-post-thumbnail","6":"product_cat-domaines-dapplication","7":"product_cat-preservation-du-bois","9":"first","10":"instock","11":"taxable","12":"shipping-taxable","13":"purchasable","14":"product-type-variable"},"_links":{"self":[{"href":"https:\/\/www.climatecoating.com\/fr\/wp-json\/wp\/v2\/product\/28103","targetHints":{"allow":["GET"]}}],"collection":[{"href":"https:\/\/www.climatecoating.com\/fr\/wp-json\/wp\/v2\/product"}],"about":[{"href":"https:\/\/www.climatecoating.com\/fr\/wp-json\/wp\/v2\/types\/product"}],"wp:featuredmedia":[{"embeddable":true,"href":"https:\/\/www.climatecoating.com\/fr\/wp-json\/wp\/v2\/media\/28132"}],"wp:attachment":[{"href":"https:\/\/www.climatecoating.com\/fr\/wp-json\/wp\/v2\/media?parent=28103"}],"wp:term":[{"taxonomy":"product_brand","embeddable":true,"href":"https:\/\/www.climatecoating.com\/fr\/wp-json\/wp\/v2\/product_brand?post=28103"},{"taxonomy":"product_cat","embeddable":true,"href":"https:\/\/www.climatecoating.com\/fr\/wp-json\/wp\/v2\/product_cat?post=28103"},{"taxonomy":"product_tag","embeddable":true,"href":"https:\/\/www.climatecoating.com\/fr\/wp-json\/wp\/v2\/product_tag?post=28103"}],"curies":[{"name":"wp","href":"https:\/\/api.w.org\/{rel}","templated":true}]}}