{"id":28109,"date":"2020-07-22T23:18:11","date_gmt":"2020-07-22T21:18:11","guid":{"rendered":"https:\/\/www.climatecoating.com\/produkte\/natureprimer\/"},"modified":"2026-02-02T12:24:10","modified_gmt":"2026-02-02T11:24:10","slug":"natureprimer","status":"publish","type":"product","link":"https:\/\/www.climatecoating.com\/fr\/produkt\/natureprimer\/","title":{"rendered":"NaturePrimer"},"content":{"rendered":"<p>ClimateCoating<sup>\u00ae<\/sup>\u2013NaturePrimer et -Nature forment un duo parfait pour une protection couvrante des \u00e9l\u00e9ments de construction en bois \u00e0 l&#8217;ext\u00e9rieur. L&#8217;interaction de l&#8217;adh\u00e9rence, de l&#8217;\u00e9lasticit\u00e9 et de l&#8217;extr\u00eame r\u00e9sistance, combin\u00e9e \u00e0 la r\u00e9duction du gonflement et du r\u00e9tr\u00e9cissement, retarde le processus de vieillissement du bois de mani\u00e8re id\u00e9ale.<\/p>\n","protected":false},"excerpt":{"rendered":"<hr \/>\n<p>NaturePrimer est un primaire pr\u00eat \u00e0 l&#8217;emploi pour les \u00e9l\u00e9ments de bois ext\u00e9rieurs \u00e0 stabilit\u00e9 dimensionnelle limit\u00e9e et \u00e0 stabilit\u00e9 non dimensionnelle. Il est bas\u00e9 sur la technologie des membranes r\u00e9fl\u00e9chissantes, est ouvert \u00e0 la diffusion de mani\u00e8re variable et est adapt\u00e9 aux propri\u00e9t\u00e9s de la nature.<\/p>\n","protected":false},"featured_media":28129,"template":"","meta":[],"product_brand":[],"product_cat":[1142,1195],"product_tag":[],"class_list":{"0":"post-28109","1":"product","2":"type-product","3":"status-publish","4":"has-post-thumbnail","6":"product_cat-domaines-dapplication","7":"product_cat-preservation-du-bois","9":"first","10":"instock","11":"taxable","12":"shipping-taxable","13":"purchasable","14":"product-type-variable"},"_links":{"self":[{"href":"https:\/\/www.climatecoating.com\/fr\/wp-json\/wp\/v2\/product\/28109","targetHints":{"allow":["GET"]}}],"collection":[{"href":"https:\/\/www.climatecoating.com\/fr\/wp-json\/wp\/v2\/product"}],"about":[{"href":"https:\/\/www.climatecoating.com\/fr\/wp-json\/wp\/v2\/types\/product"}],"wp:featuredmedia":[{"embeddable":true,"href":"https:\/\/www.climatecoating.com\/fr\/wp-json\/wp\/v2\/media\/28129"}],"wp:attachment":[{"href":"https:\/\/www.climatecoating.com\/fr\/wp-json\/wp\/v2\/media?parent=28109"}],"wp:term":[{"taxonomy":"product_brand","embeddable":true,"href":"https:\/\/www.climatecoating.com\/fr\/wp-json\/wp\/v2\/product_brand?post=28109"},{"taxonomy":"product_cat","embeddable":true,"href":"https:\/\/www.climatecoating.com\/fr\/wp-json\/wp\/v2\/product_cat?post=28109"},{"taxonomy":"product_tag","embeddable":true,"href":"https:\/\/www.climatecoating.com\/fr\/wp-json\/wp\/v2\/product_tag?post=28109"}],"curies":[{"name":"wp","href":"https:\/\/api.w.org\/{rel}","templated":true}]}}