{"id":28342,"date":"2020-08-26T10:11:15","date_gmt":"2020-08-26T08:11:15","guid":{"rendered":"https:\/\/www.climatecoating.com\/produkte\/sanosil-s003\/"},"modified":"2026-02-02T12:54:18","modified_gmt":"2026-02-02T11:54:18","slug":"sanosil-s003","status":"publish","type":"product","link":"https:\/\/www.climatecoating.com\/fr\/produkt\/sanosil-s003\/","title":{"rendered":"Sanosil S003"},"content":{"rendered":"<p>Sanosil S003 est n\u00e9bulis\u00e9 dans la pi\u00e8ce \u00e0 traiter \u00e0 l&#8217;aide d&#8217;un appareil de n\u00e9bulisation \u00e0 froid. Pour d\u00e9sactiver toutes les spores, l&#8217;ensemble de l&#8217;inventaire reste dans la pi\u00e8ce.<br \/>\nLe temps d&#8217;action est d&#8217;environ 120 minutes.<\/p>\n<p><strong>Un duo efficace<br \/>\n<\/strong>Sanosil S003 &amp; S010 d\u00e9sactivent les toxines des moisissures et leurs allerg\u00e8nes \u00e0 la fois sur les murs et dans l&#8217;air. Aucun micro-organisme connu \u00e0 ce jour n&#8217;est inactiv\u00e9 par Sanosil 003 &amp; 010. Gr\u00e2ce \u00e0 la bonne compatibilit\u00e9 des mat\u00e9riaux, le tissu du b\u00e2timent est prot\u00e9g\u00e9.<\/p>\n<p>Sanosil S003 &amp; S010 sont respectueux de l&#8217;environnement et totalement inoffensifs pour l&#8217;organisme humain apr\u00e8s application. Les produits peuvent donc \u00eatre utilis\u00e9s sans h\u00e9sitation dans tous les espaces de vie, m\u00eame dans la cuisine ou la chambre des enfants. Les pi\u00e8ces sont de nouveau habitables imm\u00e9diatement apr\u00e8s le traitement.<\/p>\n<p>Sanosil S003 &amp; S010 ont un potentiel de d\u00e9sinfection \u00e9lev\u00e9 et sont non toxiques, ils se d\u00e9gradent apr\u00e8s le traitement pour retrouver les ingr\u00e9dients originaux contenus dans l&#8217;eau. Les papiers peints et autres mat\u00e9riaux d\u00e9tach\u00e9s sont simplement jet\u00e9s avec les d\u00e9chets m\u00e9nagers apr\u00e8s traitement.<\/p>\n<p>Des mesures de protection individuelle telles qu&#8217;une combinaison de protection et un masque respiratoire sont n\u00e9cessaires pour se prot\u00e9ger contre une exposition accrue aux spores lors de l&#8217;utilisation de Sanosil S003 &amp; S010.<\/p>\n","protected":false},"excerpt":{"rendered":"<hr>\n<p>Sanosil S003 est l&#8217;\u00e9liminateur de spores de moisissures qui permet de traiter l&#8217;air ambiant et la contamination secondaire.<\/p>\n","protected":false},"featured_media":28368,"template":"","meta":[],"product_brand":[],"product_cat":[1253,1260],"product_tag":[],"class_list":{"0":"post-28342","1":"product","2":"type-product","3":"status-publish","4":"has-post-thumbnail","6":"product_cat-produits","7":"product_cat-produits-supplementaires","9":"first","10":"instock","11":"taxable","12":"shipping-taxable","13":"purchasable","14":"product-type-simple"},"_links":{"self":[{"href":"https:\/\/www.climatecoating.com\/fr\/wp-json\/wp\/v2\/product\/28342","targetHints":{"allow":["GET"]}}],"collection":[{"href":"https:\/\/www.climatecoating.com\/fr\/wp-json\/wp\/v2\/product"}],"about":[{"href":"https:\/\/www.climatecoating.com\/fr\/wp-json\/wp\/v2\/types\/product"}],"wp:featuredmedia":[{"embeddable":true,"href":"https:\/\/www.climatecoating.com\/fr\/wp-json\/wp\/v2\/media\/28368"}],"wp:attachment":[{"href":"https:\/\/www.climatecoating.com\/fr\/wp-json\/wp\/v2\/media?parent=28342"}],"wp:term":[{"taxonomy":"product_brand","embeddable":true,"href":"https:\/\/www.climatecoating.com\/fr\/wp-json\/wp\/v2\/product_brand?post=28342"},{"taxonomy":"product_cat","embeddable":true,"href":"https:\/\/www.climatecoating.com\/fr\/wp-json\/wp\/v2\/product_cat?post=28342"},{"taxonomy":"product_tag","embeddable":true,"href":"https:\/\/www.climatecoating.com\/fr\/wp-json\/wp\/v2\/product_tag?post=28342"}],"curies":[{"name":"wp","href":"https:\/\/api.w.org\/{rel}","templated":true}]}}