{"id":28343,"date":"2020-08-26T09:46:31","date_gmt":"2020-08-26T07:46:31","guid":{"rendered":"https:\/\/www.climatecoating.com\/produkte\/lumen\/"},"modified":"2026-01-30T13:56:12","modified_gmt":"2026-01-30T12:56:12","slug":"lumen","status":"publish","type":"product","link":"https:\/\/www.climatecoating.com\/fr\/produkt\/lumen\/","title":{"rendered":"Lumen"},"content":{"rendered":"<p><strong>Technologie de membrane r\u00e9fl\u00e9chissante pour une luminosit\u00e9 maximale<br \/>\n<\/strong>L&#8217;innovation particuli\u00e8re de Lumen est la <a href=\"https:\/\/www.climatecoating.com\/fr\/glossaire\/glossaire\/\" target=\"_blank\" rel=\"noopener\">technologie de membrane r\u00e9fl\u00e9chissante<\/a>. Des millions de minuscules <a href=\"https:\/\/www.climatecoating.com\/fr\/glossaire\/glossaire\/\" target=\"_blank\" rel=\"noopener\">billes creuses en vitroc\u00e9ramique<\/a> augmentent la r\u00e9flexion diffuse de la lumi\u00e8re &#8211; de 6 % pour le blanc et jusqu&#8217;\u00e0 420 % pour le noir. Lumen r\u00e9partit la lumi\u00e8re uniform\u00e9ment dans la pi\u00e8ce, r\u00e9duit les ombres g\u00eanantes et permet aux teintes sombres de conserver leur profondeur &#8211; pour des espaces clairs et harmonieux avec un effet lumineux optimal.<\/p>\n<p>Des \u00e9tudes ind\u00e9pendantes montrent que : La valeur de r\u00e9flexion r\u00e9ellement mesur\u00e9e pour chaque teinte est nettement sup\u00e9rieure aux valeurs standard des programmes professionnels de calcul de la lumi\u00e8re comme <a href=\"https:\/\/www.dialux.com\/de-DE\/\" target=\"_blank\" rel=\"noopener\">Dialux<\/a>. Les architectes et les designers peuvent ainsi utiliser les teintes sombres de mani\u00e8re cr\u00e9ative sans renoncer \u00e0 la luminosit\u00e9.<\/p>\n<p><img loading=\"lazy\" decoding=\"async\" class=\"alignnone wp-image-57143 size-full\" title=\"Lumen Reflexionswerte\" src=\"https:\/\/www.climatecoating.com\/wp-content\/uploads\/2026\/01\/Lumen-Reflexionswerte_FR_2025-scaled.png\" alt=\"Lumen Reflexionswerte \" width=\"2560\" height=\"1244\" \/><\/p>\n<p>Cette peinture murale innovante allie une fonctionnalit\u00e9 maximale \u00e0 une technologie innovante et \u00e0 une grande vari\u00e9t\u00e9 de couleurs. Elle est utilis\u00e9e partout o\u00f9 un rendement lumineux optimal est essentiel :<\/p>\n<ul>\n<li>bureaux, \u00e9coles, \u00e9tablissements de soins,<\/li>\n<li>ateliers, ateliers, mus\u00e9es<\/li>\n<li>garages souterrains, passages souterrains<\/li>\n<li>et bien s\u00fbr \u00e0 la maison.<\/li>\n<\/ul>\n<p data-start=\"2127\" data-end=\"2298\">Un exemple particuli\u00e8rement impressionnant est la <a href=\"https:\/\/www.climatecoating.com\/references\/reference\/opelvillen-ruesselsheim\/?hilite=lumen\" target=\"_blank\" rel=\"noopener\">fondation artistique et culturelle Opelvillen \u00e0 R\u00fcsselsheim<\/a>. Lumen met en sc\u00e8ne les expositions de mani\u00e8re cibl\u00e9e.<\/p>\n<p data-start=\"2300\" data-end=\"2535\"><em>&#8220;Lors d&#8217;une exposition, il est important de mettre en valeur les pi\u00e8ces pr\u00e9sent\u00e9es&#8230; Lors de la conception de l&#8217;exposition, nous disposions gr\u00e2ce \u00e0 &#8216;Lumen&#8217; d&#8217;\u00e9normes possibilit\u00e9s pour jouer avec la lumi\u00e8re&#8221;,<\/em> explique Dr Beate Kemfert, conservatrice et directrice de la fondation artistique et culturelle Opelvillen R\u00fcsselsheim. La r\u00e9flexion \u00e9lev\u00e9e permet de mettre en sc\u00e8ne les \u0153uvres de mani\u00e8re cibl\u00e9e, de sorte que les visiteurs puissent percevoir l&#8217;art plus intens\u00e9ment tout en donnant \u00e0 l&#8217;espace un aspect harmonieux.<\/p>\n<p><strong><img class=\"alignnone size-medium wp-image-58420\" title=\"Flip Lumen FR\" alt=\"\" \/><img class=\"alignnone size-medium wp-image-58775\" title=\"Flip Lumen FR\" alt=\"\" \/><img class=\"alignnone size-medium wp-image-58775\" title=\"Flip Lumen FR\" alt=\"\" \/>Lumen fait litt\u00e9ralement rayonner les espaces &#8211; pour un environnement de vie et de travail agr\u00e9able, sain et inspirant.<\/strong><\/p>\n","protected":false},"excerpt":{"rendered":"<hr \/>\n<p><strong>Plus de luminosit\u00e9 et de bien-\u00eatre pour les int\u00e9rieurs<br \/>\n<\/strong>Lumen est plus qu&#8217;une simple peinture pour murs et plafonds int\u00e9rieurs &#8211; c&#8217;est un puissant amplificateur de lumi\u00e8re pour les int\u00e9rieurs. Cette peinture fonctionnelle tr\u00e8s efficace assure un \u00e9quilibre optimal de la luminosit\u00e9 et rend les pi\u00e8ces visiblement plus lumineuses, m\u00eame dans les teintes sombres. Il en r\u00e9sulte un effet de lumi\u00e8re naturelle, une ambiance int\u00e9rieure harmonieuse et un climat d&#8217;habitation sain et confortable. En m\u00eame temps, Lumen am\u00e9liore l&#8217;acoustique de la pi\u00e8ce et contribue au bien-\u00eatre.<\/p>\n<p data-start=\"639\" data-end=\"688\"><strong data-start=\"643\" data-end=\"688\">Les principaux avantages en un coup d&#8217;\u0153il :<\/strong><\/p>\n<div><img loading=\"lazy\" decoding=\"async\" class=\"alignnone wp-image-59776\" title=\"Icon healthy indoor climate green\" src=\"https:\/\/www.climatecoating.com\/wp-content\/uploads\/2025\/11\/Icon_healthy-indoor-climate_green.png\" alt=\"Icon healthy indoor climate green\" width=\"50\" height=\"50\" srcset=\"https:\/\/www.climatecoating.com\/wp-content\/uploads\/2025\/11\/Icon_healthy-indoor-climate_green.png 242w, https:\/\/www.climatecoating.com\/wp-content\/uploads\/2025\/11\/Icon_healthy-indoor-climate_green-150x150.png 150w, https:\/\/www.climatecoating.com\/wp-content\/uploads\/2025\/11\/Icon_healthy-indoor-climate_green-100x100.png 100w\" sizes=\"auto, (max-width: 50px) 100vw, 50px\" \/> un climat int\u00e9rieur sain<\/div>\n<div><img loading=\"lazy\" decoding=\"async\" class=\"alignnone wp-image-59777\" title=\"Ic\u00f4ne de r\u00e9gulation de l'humidit\u00e9 et de la temp\u00e9rature verte 2\" src=\"https:\/\/www.climatecoating.com\/wp-content\/uploads\/2025\/11\/Icon_humidity-and-temperature-regulating_green_2-1.png\" alt=\"Ic\u00f4ne de r\u00e9gulation de l'humidit\u00e9 et de la temp\u00e9rature verte 2\" width=\"50\" height=\"50\" srcset=\"https:\/\/www.climatecoating.com\/wp-content\/uploads\/2025\/11\/Icon_humidity-and-temperature-regulating_green_2-1.png 242w, https:\/\/www.climatecoating.com\/wp-content\/uploads\/2025\/11\/Icon_humidity-and-temperature-regulating_green_2-1-150x150.png 150w, https:\/\/www.climatecoating.com\/wp-content\/uploads\/2025\/11\/Icon_humidity-and-temperature-regulating_green_2-1-100x100.png 100w\" sizes=\"auto, (max-width: 50px) 100vw, 50px\" \/> r\u00e9gulation de l&#8217;humidit\u00e9 et de la temp\u00e9rature<\/div>\n<div><img loading=\"lazy\" decoding=\"async\" class=\"alignnone wp-image-59778\" title=\"Ic\u00f4ne d'\u00e9conomie d'\u00e9nergie verte\" src=\"https:\/\/www.climatecoating.com\/wp-content\/uploads\/2025\/11\/Icon_energy-saving_green-1.png\" alt=\"Ic\u00f4ne d'\u00e9conomie d'\u00e9nergie verte\" width=\"50\" height=\"50\" srcset=\"https:\/\/www.climatecoating.com\/wp-content\/uploads\/2025\/11\/Icon_energy-saving_green-1.png 242w, https:\/\/www.climatecoating.com\/wp-content\/uploads\/2025\/11\/Icon_energy-saving_green-1-150x150.png 150w, https:\/\/www.climatecoating.com\/wp-content\/uploads\/2025\/11\/Icon_energy-saving_green-1-100x100.png 100w\" sizes=\"auto, (max-width: 50px) 100vw, 50px\" \/> efficace sur le plan \u00e9nerg\u00e9tique et \u00e9conomique<\/div>\n<div><img loading=\"lazy\" decoding=\"async\" class=\"alignnone wp-image-59779\" title=\"Icon dirt &amp; nicotine repellent\" src=\"https:\/\/www.climatecoating.com\/wp-content\/uploads\/2025\/11\/Icon_dirt-nicotine-repellent.png\" alt=\"Icon dirt &amp; nicotine repellent\" width=\"50\" height=\"50\" srcset=\"https:\/\/www.climatecoating.com\/wp-content\/uploads\/2025\/11\/Icon_dirt-nicotine-repellent.png 242w, https:\/\/www.climatecoating.com\/wp-content\/uploads\/2025\/11\/Icon_dirt-nicotine-repellent-150x150.png 150w, https:\/\/www.climatecoating.com\/wp-content\/uploads\/2025\/11\/Icon_dirt-nicotine-repellent-100x100.png 100w\" sizes=\"auto, (max-width: 50px) 100vw, 50px\" \/> r\u00e9sistant \u00e0 la salet\u00e9 et \u00e0 la nicotine<\/div>\n<div><img loading=\"lazy\" decoding=\"async\" class=\"alignnone wp-image-59780\" title=\"Icon renovation intervals green\" src=\"https:\/\/www.climatecoating.com\/wp-content\/uploads\/2025\/11\/Icon_renovation-intervals_green.png\" alt=\"Icon renovation intervals green\" width=\"50\" height=\"50\" srcset=\"https:\/\/www.climatecoating.com\/wp-content\/uploads\/2025\/11\/Icon_renovation-intervals_green.png 242w, https:\/\/www.climatecoating.com\/wp-content\/uploads\/2025\/11\/Icon_renovation-intervals_green-150x150.png 150w, https:\/\/www.climatecoating.com\/wp-content\/uploads\/2025\/11\/Icon_renovation-intervals_green-100x100.png 100w\" sizes=\"auto, (max-width: 50px) 100vw, 50px\" \/> prolonge les intervalles de r\u00e9novation<\/div>\n<div><img loading=\"lazy\" decoding=\"async\" class=\"alignnone wp-image-59791\" title=\"Icon 100 000 colors green 2\" src=\"https:\/\/www.climatecoating.com\/wp-content\/uploads\/2020\/08\/Icon_100-000-colors_green_2.png\" alt=\"Icon 100 000 colors green 2\" width=\"50\" height=\"50\" srcset=\"https:\/\/www.climatecoating.com\/wp-content\/uploads\/2020\/08\/Icon_100-000-colors_green_2.png 242w, https:\/\/www.climatecoating.com\/wp-content\/uploads\/2020\/08\/Icon_100-000-colors_green_2-150x150.png 150w, https:\/\/www.climatecoating.com\/wp-content\/uploads\/2020\/08\/Icon_100-000-colors_green_2-100x100.png 100w\" sizes=\"auto, (max-width: 50px) 100vw, 50px\" \/> &gt; 100 000 teintes<\/div>\n","protected":false},"featured_media":28378,"template":"","meta":[],"product_brand":[],"product_cat":[1142,1150,1275,1152,1271],"product_tag":[],"class_list":{"0":"post-28343","1":"product","2":"type-product","3":"status-publish","4":"has-post-thumbnail","6":"product_cat-domaines-dapplication","7":"product_cat-batir-et-vivre","8":"product_cat-a-linterieur-de","9":"product_cat-batiments-publics","10":"product_cat-hotellerie-et-gastronomie","12":"first","13":"instock","14":"taxable","15":"shipping-taxable","16":"purchasable","17":"product-type-variable"},"_links":{"self":[{"href":"https:\/\/www.climatecoating.com\/fr\/wp-json\/wp\/v2\/product\/28343","targetHints":{"allow":["GET"]}}],"collection":[{"href":"https:\/\/www.climatecoating.com\/fr\/wp-json\/wp\/v2\/product"}],"about":[{"href":"https:\/\/www.climatecoating.com\/fr\/wp-json\/wp\/v2\/types\/product"}],"wp:featuredmedia":[{"embeddable":true,"href":"https:\/\/www.climatecoating.com\/fr\/wp-json\/wp\/v2\/media\/28378"}],"wp:attachment":[{"href":"https:\/\/www.climatecoating.com\/fr\/wp-json\/wp\/v2\/media?parent=28343"}],"wp:term":[{"taxonomy":"product_brand","embeddable":true,"href":"https:\/\/www.climatecoating.com\/fr\/wp-json\/wp\/v2\/product_brand?post=28343"},{"taxonomy":"product_cat","embeddable":true,"href":"https:\/\/www.climatecoating.com\/fr\/wp-json\/wp\/v2\/product_cat?post=28343"},{"taxonomy":"product_tag","embeddable":true,"href":"https:\/\/www.climatecoating.com\/fr\/wp-json\/wp\/v2\/product_tag?post=28343"}],"curies":[{"name":"wp","href":"https:\/\/api.w.org\/{rel}","templated":true}]}}