{"id":28937,"date":"2020-07-22T22:26:08","date_gmt":"2020-07-22T20:26:08","guid":{"rendered":"https:\/\/www.climatecoating.com\/produkte\/histoire\/"},"modified":"2026-01-23T13:36:39","modified_gmt":"2026-01-23T12:36:39","slug":"history","status":"publish","type":"product","link":"https:\/\/www.climatecoating.com\/fr\/produkt\/history\/","title":{"rendered":"Histoire"},"content":{"rendered":"<p><strong>S\u00e9chage par capillarit\u00e9 en douceur &#8211; Protection avec syst\u00e8me<br \/>\n<\/strong>Presque tous les supports min\u00e9raux des b\u00e2timents anciens portent en eux de l&#8217;eau et des sels. C&#8217;est pourquoi la protection des monuments historiques exige un rev\u00eatement optimal, ouvert \u00e0 la capillarit\u00e9 et \u00e0 la diffusion. Celui-ci emp\u00eache l&#8217;accumulation de sel et d&#8217;humidit\u00e9 tout en r\u00e9sistant \u00e0 toutes les nuisances environnementales modernes. Une protection de fa\u00e7ade pr\u00e9servant la valeur des b\u00e2timents class\u00e9s ne r\u00e9pond pas seulement \u00e0 des exigences optiques, mais r\u00e9gule \u00e9galement l&#8217;humidit\u00e9 en douceur, de sorte que le b\u00e2timent reste prot\u00e9g\u00e9 \u00e0 long terme.<\/p>\n<p>Le m\u00e9canisme de d\u00e9shumidification le plus efficace est le <a href=\"https:\/\/www.climatecoating.com\/fr\/glossaire\/glossaire\/\" target=\"_blank\" rel=\"noopener\">s\u00e9chage par cap<\/a>illarit\u00e9, dans lequel les forces capillaires transportent l&#8217;eau et le sel de l&#8217;int\u00e9rieur vers l&#8217;ext\u00e9rieur \u00e0 la surface du mur. History propose une technologie qui permet une d\u00e9shumidification plus douce jusqu&#8217;\u00e0 l&#8217;humidit\u00e9 d&#8217;\u00e9quilibre de la construction et qui emp\u00eache de nouveaux apports d&#8217;humidit\u00e9 gr\u00e2ce \u00e0 <a href=\"https:\/\/www.climatecoating.com\/fr\/glossaire\/glossaire\/\" target=\"_blank\" rel=\"noopener\">la diode hygrisante<\/a>.<\/p>\n<p>Les algues, les mousses et les champignons ne trouvent plus de terrain favorable et les fa\u00e7ades conservent leur aspect pr\u00e9cieux pendant de nombreuses ann\u00e9es &#8211; une contribution d\u00e9cisive \u00e0 la pr\u00e9servation de la valeur des b\u00e2timents class\u00e9s gr\u00e2ce \u00e0 une r\u00e9gulation de l&#8217;humidit\u00e9 qui fonctionne durablement.<\/p>\n<p><img loading=\"lazy\" decoding=\"async\" class=\"alignnone wp-image-57174 size-full\" title=\"History Mauerwerksentfeuchtung\" src=\"https:\/\/www.climatecoating.com\/wp-content\/uploads\/2026\/01\/History_Mauerwerksentfeuchtung_FR-1.png\" alt=\"History Mauerwerksentfeuchtung\" width=\"1500\" height=\"1024\" \/><\/p>\n<p><strong>R\u00e9duction des co\u00fbts de chauffage et de la consommation d&#8217;\u00e9nergie<br \/>\n<\/strong>Une ma\u00e7onnerie s\u00e8che retient beaucoup mieux la chaleur que des murs humides. Gr\u00e2ce \u00e0 la d\u00e9shumidification contr\u00f4l\u00e9e par History, la perte de chaleur diminue, ce qui r\u00e9duit les co\u00fbts de chauffage et la consommation d&#8217;\u00e9nergie pour le b\u00e2timent. Le s\u00e9chage par capillarit\u00e9 r\u00e9duit en m\u00eame temps l&#8217;utilisation du chauffage et de la climatisation, \u00e9conomise de l&#8217;\u00e9nergie et rend l&#8217;exploitation du b\u00e2timent plus durable. History associe ainsi la pr\u00e9servation du patrimoine \u00e0 une gestion moderne de l&#8217;\u00e9nergie &#8211; pour un climat int\u00e9rieur sain et une conservation efficace de la chaleur pendant de nombreuses ann\u00e9es.<\/p>\n<p><strong>Prot\u00e9gez durablement votre fa\u00e7ade historique, pr\u00e9servez son aspect pr\u00e9cieux et \u00e9conomisez des co\u00fbts de chauffage, d\u2019\u00e9lectricit\u00e9 et d\u2019\u00e9nergie \u2013 avec History, la peinture fonctionnelle pour les b\u00e2timents class\u00e9s monuments historiques.<\/strong><\/p>\n","protected":false},"excerpt":{"rendered":"<hr \/>\n<p><strong>La haute technologie rencontre la protection des monuments<br \/>\n<\/strong>La peinture fonctionnelle innovante History allie la technologie la plus moderne aux exigences de la protection des monuments. Gr\u00e2ce \u00e0 un s\u00e9chage capillaire doux et \u00e0 une gestion de l&#8217;humidit\u00e9 \u00e9quilibrante, elle garantit des fa\u00e7ades s\u00e8ches, propres et esth\u00e9tiques pour les b\u00e2timents class\u00e9s monuments historiques. En m\u00eame temps, il emp\u00eache efficacement toute nouvelle p\u00e9n\u00e9tration d&#8217;humidit\u00e9, par exemple par la pluie, de mani\u00e8re naturelle et purement physique &#8211; sans aucun additif chimique.<\/p>\n<p><strong>Les principaux avantages en un coup d&#8217;\u0153il :<\/strong><\/p>\n<div><img loading=\"lazy\" decoding=\"async\" class=\"alignnone wp-image-60446\" title=\"Icon evaporative cooling moisture regulating green\" src=\"https:\/\/www.climatecoating.com\/wp-content\/uploads\/2020\/08\/Icon_evaporative-cooling_moisture-regulating_green.png\" alt=\"Icon evaporative cooling moisture regulating green\" width=\"50\" height=\"50\" srcset=\"https:\/\/www.climatecoating.com\/wp-content\/uploads\/2020\/08\/Icon_evaporative-cooling_moisture-regulating_green.png 242w, https:\/\/www.climatecoating.com\/wp-content\/uploads\/2020\/08\/Icon_evaporative-cooling_moisture-regulating_green-150x150.png 150w, https:\/\/www.climatecoating.com\/wp-content\/uploads\/2020\/08\/Icon_evaporative-cooling_moisture-regulating_green-100x100.png 100w\" sizes=\"auto, (max-width: 50px) 100vw, 50px\" \/> gestion \u00e9quilibr\u00e9e de l&#8217;humidit\u00e9 &amp; s\u00e9chage par capillarit\u00e9 en douceur<\/div>\n<div><img loading=\"lazy\" decoding=\"async\" class=\"alignnone wp-image-60500\" title=\"Icon resistant to acids, alkalis, ozone green\" src=\"https:\/\/www.climatecoating.com\/wp-content\/uploads\/2020\/07\/Icon_resistant-to-acids-alkalis-ozone_green.png\" alt=\"Icon resistant to acids, alkalis, ozone green\" width=\"50\" height=\"50\" srcset=\"https:\/\/www.climatecoating.com\/wp-content\/uploads\/2020\/07\/Icon_resistant-to-acids-alkalis-ozone_green.png 242w, https:\/\/www.climatecoating.com\/wp-content\/uploads\/2020\/07\/Icon_resistant-to-acids-alkalis-ozone_green-150x150.png 150w, https:\/\/www.climatecoating.com\/wp-content\/uploads\/2020\/07\/Icon_resistant-to-acids-alkalis-ozone_green-100x100.png 100w\" sizes=\"auto, (max-width: 50px) 100vw, 50px\" \/> robuste contre les acides, les bases, l&#8217;ozone, les oxydes d&#8217;azote et de soufre<\/div>\n<div><img loading=\"lazy\" decoding=\"async\" class=\"alignnone wp-image-60470\" title=\"Icon dirt repellent green\" src=\"https:\/\/www.climatecoating.com\/wp-content\/uploads\/2020\/07\/Icon_dirt-repellent_green.png\" alt=\"Icon dirt repellent green\" width=\"50\" height=\"50\" srcset=\"https:\/\/www.climatecoating.com\/wp-content\/uploads\/2020\/07\/Icon_dirt-repellent_green.png 242w, https:\/\/www.climatecoating.com\/wp-content\/uploads\/2020\/07\/Icon_dirt-repellent_green-150x150.png 150w, https:\/\/www.climatecoating.com\/wp-content\/uploads\/2020\/07\/Icon_dirt-repellent_green-100x100.png 100w\" sizes=\"auto, (max-width: 50px) 100vw, 50px\" \/> r\u00e9sistant \u00e0 la salet\u00e9<\/div>\n<div><img loading=\"lazy\" decoding=\"async\" class=\"alignnone wp-image-59778\" title=\"Ic\u00f4ne d'\u00e9conomie d'\u00e9nergie verte\" src=\"https:\/\/www.climatecoating.com\/wp-content\/uploads\/2025\/11\/Icon_energy-saving_green-1.png\" alt=\"Ic\u00f4ne d'\u00e9conomie d'\u00e9nergie verte\" width=\"50\" height=\"50\" srcset=\"https:\/\/www.climatecoating.com\/wp-content\/uploads\/2025\/11\/Icon_energy-saving_green-1.png 242w, https:\/\/www.climatecoating.com\/wp-content\/uploads\/2025\/11\/Icon_energy-saving_green-1-150x150.png 150w, https:\/\/www.climatecoating.com\/wp-content\/uploads\/2025\/11\/Icon_energy-saving_green-1-100x100.png 100w\" sizes=\"auto, (max-width: 50px) 100vw, 50px\" \/> efficace sur le plan \u00e9nerg\u00e9tique et \u00e9conomique<\/div>\n<div><img loading=\"lazy\" decoding=\"async\" class=\"alignnone wp-image-60471\" title=\"Icon works physically green\" src=\"https:\/\/www.climatecoating.com\/wp-content\/uploads\/2020\/07\/Icon_works-physically_green.png\" alt=\"Icon works physically green\" width=\"50\" height=\"50\" srcset=\"https:\/\/www.climatecoating.com\/wp-content\/uploads\/2020\/07\/Icon_works-physically_green.png 242w, https:\/\/www.climatecoating.com\/wp-content\/uploads\/2020\/07\/Icon_works-physically_green-150x150.png 150w, https:\/\/www.climatecoating.com\/wp-content\/uploads\/2020\/07\/Icon_works-physically_green-100x100.png 100w\" sizes=\"auto, (max-width: 50px) 100vw, 50px\" \/> agit physiquement plut\u00f4t que chimiquement<\/div>\n","protected":false},"featured_media":28942,"template":"","meta":[],"product_brand":[],"product_cat":[1142,1153,1344,1340],"product_tag":[],"class_list":{"0":"post-28937","1":"product","2":"type-product","3":"status-publish","4":"has-post-thumbnail","6":"product_cat-domaines-dapplication","7":"product_cat-exterieur","8":"product_cat-protection-des-facades-historiques","9":"product_cat-protection-des-monuments","11":"first","12":"instock","13":"taxable","14":"shipping-taxable","15":"purchasable","16":"product-type-variable"},"_links":{"self":[{"href":"https:\/\/www.climatecoating.com\/fr\/wp-json\/wp\/v2\/product\/28937","targetHints":{"allow":["GET"]}}],"collection":[{"href":"https:\/\/www.climatecoating.com\/fr\/wp-json\/wp\/v2\/product"}],"about":[{"href":"https:\/\/www.climatecoating.com\/fr\/wp-json\/wp\/v2\/types\/product"}],"wp:featuredmedia":[{"embeddable":true,"href":"https:\/\/www.climatecoating.com\/fr\/wp-json\/wp\/v2\/media\/28942"}],"wp:attachment":[{"href":"https:\/\/www.climatecoating.com\/fr\/wp-json\/wp\/v2\/media?parent=28937"}],"wp:term":[{"taxonomy":"product_brand","embeddable":true,"href":"https:\/\/www.climatecoating.com\/fr\/wp-json\/wp\/v2\/product_brand?post=28937"},{"taxonomy":"product_cat","embeddable":true,"href":"https:\/\/www.climatecoating.com\/fr\/wp-json\/wp\/v2\/product_cat?post=28937"},{"taxonomy":"product_tag","embeddable":true,"href":"https:\/\/www.climatecoating.com\/fr\/wp-json\/wp\/v2\/product_tag?post=28937"}],"curies":[{"name":"wp","href":"https:\/\/api.w.org\/{rel}","templated":true}]}}