{"id":28938,"date":"2020-07-22T22:40:07","date_gmt":"2020-07-22T20:40:07","guid":{"rendered":"https:\/\/www.climatecoating.com\/produkte\/stuccotex-80\/"},"modified":"2026-03-16T11:15:10","modified_gmt":"2026-03-16T10:15:10","slug":"stuccotex-80","status":"publish","type":"product","link":"https:\/\/www.climatecoating.com\/fr\/produkt\/stuccotex-80\/","title":{"rendered":"StuccoTex 80"},"content":{"rendered":"<p><strong>Une structure innovante pour les supports exigeants<\/strong><\/p>\n<p>L\u00e9ger, rapide \u00e0 appliquer et extr\u00eamement r\u00e9sistant aux intemp\u00e9ries &#8211; c&#8217;est ainsi qu&#8217;un pl\u00e2tre doit \u00eatre en termes de traitement et de propri\u00e9t\u00e9s. StuccoTex 80 peut faire encore plus, car il est tr\u00e8s \u00e9lastique et r\u00e9duit les contraintes thermiques, de sorte qu&#8217;il peut \u00e9galement \u00eatre appliqu\u00e9 sur des substrats exigeants, comme le bois. Ceci est rendu possible par la <a href=\"https:\/\/www.climatecoating.com\/fr\/glossaire\/glossaire\/\" target=\"_blank\" rel=\"noopener\">technologie innovante de membrane r\u00e9fl\u00e9chissante<\/a>. <a href=\"https:\/\/www.climatecoating.com\/fr\/product\/stuccoprimer\/\" target=\"_blank\" rel=\"noopener\">StuccoPrimer<\/a> permet de pr\u00e9parer le support de mani\u00e8re optimale, de r\u00e9duire l&#8217;absorption et d&#8217;assurer l&#8217;adh\u00e9rence de StuccoTex 80 sur presque tous les supports.<\/p>\n<p><strong>Conception \u00e0 votre go\u00fbt<\/strong><\/p>\n<p>La fine structure granulaire d&#8217;environ 1,0 mm cr\u00e9e une surface d\u00e9corative \u00e0 la structure homog\u00e8ne. Vous avez le choix entre un blanc classique et de magnifiques teintes pastel modernes. La peinture \u00e0 \u00e9conomie d&#8217;\u00e9nergie <a href=\"https:\/\/www.climatecoating.com\/fr\/product\/thermoprotect\/\" target=\"_blank\" rel=\"noopener\">ThermoProtect<\/a> vous permet d&#8217;apporter des touches de couleur fortes. Cette peinture fonctionnelle conserve toutes les propri\u00e9t\u00e9s fonctionnelles de StuccoTex 80, sans que vous ayez \u00e0 tenir compte des valeurs de r\u00e9f\u00e9rence de luminosit\u00e9.<\/p>\n<p><img loading=\"lazy\" decoding=\"async\" class=\"alignnone wp-image-59689 size-full\" title=\"StuccoTex Putz System Funktionsweise\" src=\"https:\/\/www.climatecoating.com\/wp-content\/uploads\/2026\/01\/StuccoTex-Putz-System_Funktionsweise_FR.png\" alt=\"StuccoTex Putz System Funktionsweise \" width=\"1600\" height=\"1150\" \/><\/p>\n<p><strong>Facilit\u00e9 d&#8217;utilisation<\/strong><\/p>\n<p>StuccoTex 80 est appliqu\u00e9 au pistolet \u00e0 une pression de 3,5 bars et ne n\u00e9cessite pas de lissage ult\u00e9rieur. Le mat\u00e9riau est pr\u00eat \u00e0 l&#8217;emploi et peut, si n\u00e9cessaire, \u00eatre ajust\u00e9 \u00e0 la viscosit\u00e9 d&#8217;application souhait\u00e9e avec de l&#8217;eau.<\/p>\n","protected":false},"excerpt":{"rendered":"<hr \/>\n<p><strong>Le premier enduit l\u00e9ger structurel flexible<\/strong><\/p>\n<p>Avec une masse s\u00e8che de seulement 0,85 kg\/dm\u00b3, l&#8217;enduit structur\u00e9 l\u00e9ger ultime StuccoTex 80 est si l\u00e9ger qu&#8217;il n&#8217;affecte pas les conditions statiques de la fa\u00e7ade. Gr\u00e2ce \u00e0 sa grande \u00e9lasticit\u00e9, les tensions thermiques sont consid\u00e9rablement r\u00e9duites, m\u00eame sur des supports exigeants comme le bois. Cet enduit l\u00e9ger s&#8217;adapte aux mouvements du support. Vous pouvez pratiquement plier ce pl\u00e2tre l\u00e9ger !<\/p>\n<p><strong>Les principaux avantages en un coup d&#8217;\u0153il :<\/strong><\/p>\n<div><img loading=\"lazy\" decoding=\"async\" class=\"alignnone wp-image-60501\" title=\"Icon lightweight facade plaster 2 green\" src=\"https:\/\/www.climatecoating.com\/wp-content\/uploads\/2020\/07\/Icon_lightweight-facade-plaster_2_green.png\" alt=\"Icon lightweight facade plaster 2 green\" width=\"50\" height=\"50\" srcset=\"https:\/\/www.climatecoating.com\/wp-content\/uploads\/2020\/07\/Icon_lightweight-facade-plaster_2_green.png 242w, https:\/\/www.climatecoating.com\/wp-content\/uploads\/2020\/07\/Icon_lightweight-facade-plaster_2_green-150x150.png 150w, https:\/\/www.climatecoating.com\/wp-content\/uploads\/2020\/07\/Icon_lightweight-facade-plaster_2_green-100x100.png 100w\" sizes=\"auto, (max-width: 50px) 100vw, 50px\" \/> 0,85 kg\/dm\u00b3 l\u00e9ger<\/div>\n<div><img loading=\"lazy\" decoding=\"async\" class=\"alignnone wp-image-60480\" title=\"Icon elastic and robust green 2\" src=\"https:\/\/www.climatecoating.com\/wp-content\/uploads\/2020\/08\/Icon_elastic-and-robust_green_2-1.png\" alt=\"Icon elastic and robust green 2\" width=\"50\" height=\"50\" srcset=\"https:\/\/www.climatecoating.com\/wp-content\/uploads\/2020\/08\/Icon_elastic-and-robust_green_2-1.png 242w, https:\/\/www.climatecoating.com\/wp-content\/uploads\/2020\/08\/Icon_elastic-and-robust_green_2-1-150x150.png 150w, https:\/\/www.climatecoating.com\/wp-content\/uploads\/2020\/08\/Icon_elastic-and-robust_green_2-1-100x100.png 100w\" sizes=\"auto, (max-width: 50px) 100vw, 50px\" \/> \u00e9lasticit\u00e9 maximale contre les tensions thermiques<\/div>\n<div><img loading=\"lazy\" decoding=\"async\" class=\"alignnone wp-image-60449\" title=\"Icon protection mold green\" src=\"https:\/\/www.climatecoating.com\/wp-content\/uploads\/2020\/08\/Icon_protection-mold_green.png\" alt=\"Icon protection mold green\" width=\"50\" height=\"50\" srcset=\"https:\/\/www.climatecoating.com\/wp-content\/uploads\/2020\/08\/Icon_protection-mold_green.png 242w, https:\/\/www.climatecoating.com\/wp-content\/uploads\/2020\/08\/Icon_protection-mold_green-150x150.png 150w, https:\/\/www.climatecoating.com\/wp-content\/uploads\/2020\/08\/Icon_protection-mold_green-100x100.png 100w\" sizes=\"auto, (max-width: 50px) 100vw, 50px\" \/> pr\u00e9vention des lichens, algues, mousses et champignons<\/div>\n<div><img loading=\"lazy\" decoding=\"async\" class=\"alignnone wp-image-60470\" title=\"Icon dirt repellent green\" src=\"https:\/\/www.climatecoating.com\/wp-content\/uploads\/2020\/07\/Icon_dirt-repellent_green.png\" alt=\"Icon dirt repellent green\" width=\"50\" height=\"50\" srcset=\"https:\/\/www.climatecoating.com\/wp-content\/uploads\/2020\/07\/Icon_dirt-repellent_green.png 242w, https:\/\/www.climatecoating.com\/wp-content\/uploads\/2020\/07\/Icon_dirt-repellent_green-150x150.png 150w, https:\/\/www.climatecoating.com\/wp-content\/uploads\/2020\/07\/Icon_dirt-repellent_green-100x100.png 100w\" sizes=\"auto, (max-width: 50px) 100vw, 50px\" \/> r\u00e9sistant \u00e0 la salet\u00e9<\/div>\n<div><img loading=\"lazy\" decoding=\"async\" class=\"alignnone wp-image-59778\" title=\"Ic\u00f4ne d'\u00e9conomie d'\u00e9nergie verte\" src=\"https:\/\/www.climatecoating.com\/wp-content\/uploads\/2025\/11\/Icon_energy-saving_green-1.png\" alt=\"Ic\u00f4ne d'\u00e9conomie d'\u00e9nergie verte\" width=\"50\" height=\"50\" srcset=\"https:\/\/www.climatecoating.com\/wp-content\/uploads\/2025\/11\/Icon_energy-saving_green-1.png 242w, https:\/\/www.climatecoating.com\/wp-content\/uploads\/2025\/11\/Icon_energy-saving_green-1-150x150.png 150w, https:\/\/www.climatecoating.com\/wp-content\/uploads\/2025\/11\/Icon_energy-saving_green-1-100x100.png 100w\" sizes=\"auto, (max-width: 50px) 100vw, 50px\" \/> \u00e9conomise les frais de chauffage, l&#8217;\u00e9lectricit\u00e9 et l&#8217;\u00e9nergie en hiver<\/div>\n","protected":false},"featured_media":28947,"template":"","meta":[],"product_brand":[],"product_cat":[4320,1142,1150,1153,1275,1152],"product_tag":[],"class_list":{"0":"post-28938","1":"product","2":"type-product","3":"status-publish","4":"has-post-thumbnail","6":"product_cat-enduits-exterieurs-interieurs","7":"product_cat-domaines-dapplication","8":"product_cat-batir-et-vivre","9":"product_cat-exterieur","10":"product_cat-a-linterieur-de","11":"product_cat-batiments-publics","13":"first","14":"instock","15":"taxable","16":"shipping-taxable","17":"purchasable","18":"product-type-variable"},"_links":{"self":[{"href":"https:\/\/www.climatecoating.com\/fr\/wp-json\/wp\/v2\/product\/28938","targetHints":{"allow":["GET"]}}],"collection":[{"href":"https:\/\/www.climatecoating.com\/fr\/wp-json\/wp\/v2\/product"}],"about":[{"href":"https:\/\/www.climatecoating.com\/fr\/wp-json\/wp\/v2\/types\/product"}],"wp:featuredmedia":[{"embeddable":true,"href":"https:\/\/www.climatecoating.com\/fr\/wp-json\/wp\/v2\/media\/28947"}],"wp:attachment":[{"href":"https:\/\/www.climatecoating.com\/fr\/wp-json\/wp\/v2\/media?parent=28938"}],"wp:term":[{"taxonomy":"product_brand","embeddable":true,"href":"https:\/\/www.climatecoating.com\/fr\/wp-json\/wp\/v2\/product_brand?post=28938"},{"taxonomy":"product_cat","embeddable":true,"href":"https:\/\/www.climatecoating.com\/fr\/wp-json\/wp\/v2\/product_cat?post=28938"},{"taxonomy":"product_tag","embeddable":true,"href":"https:\/\/www.climatecoating.com\/fr\/wp-json\/wp\/v2\/product_tag?post=28938"}],"curies":[{"name":"wp","href":"https:\/\/api.w.org\/{rel}","templated":true}]}}