{"id":29037,"date":"2020-07-22T23:13:11","date_gmt":"2020-07-22T21:13:11","guid":{"rendered":"https:\/\/www.climatecoating.com\/produkte\/natureglaze\/"},"modified":"2026-02-02T12:11:41","modified_gmt":"2026-02-02T11:11:41","slug":"natureglaze","status":"publish","type":"product","link":"https:\/\/www.climatecoating.com\/fr\/produkt\/natureglaze\/","title":{"rendered":"NatureGlaze"},"content":{"rendered":"<p><strong>Un rev\u00eatement high-tech qui tient ses promesses<\/strong><br \/>\nAvec ClimateCoating<sup>\u00ae<\/sup> NatureGlaze, les \u00e9l\u00e9ments en bois sont prot\u00e9g\u00e9s et conservent leur beaut\u00e9 pendant une dur\u00e9e exceptionnellement longue. L&#8217;interaction de l&#8217;adh\u00e9rence, de l&#8217;\u00e9lasticit\u00e9 et de l&#8217;extr\u00eame r\u00e9sistance, combin\u00e9e \u00e0 la r\u00e9duction du gonflement et du r\u00e9tr\u00e9cissement, retarde le processus de vieillissement du bois de mani\u00e8re id\u00e9ale. Pas d&#8217;\u00e9caillage de la peinture, pas de d\u00e9coloration. Je te le promets.<\/p>\n<p><strong>Domaines d&#8217;application<\/strong><br \/>\nNatureGlaze est con\u00e7u pour les \u00e9l\u00e9ments en bois \u00e0 stabilit\u00e9 dimensionnelle limit\u00e9e (planches \u00e0 rainures et languettes, colombages, volets et portails) et pour les \u00e9l\u00e9ments en bois \u00e0 stabilit\u00e9 dimensionnelle non limit\u00e9e (balustrades de balcons, bardeaux, pergolas et cl\u00f4tures).<\/p>\n<p>Alors que la lasure \u00e9paisse NatureGlaze offre une gamme de couleurs bien d\u00e9finie, le rev\u00eatement couvrant Nature est disponible dans de nombreuses nuances. Le primer NaturePrimer pr\u00eat \u00e0 l&#8217;emploi compl\u00e8te l&#8217;ensemble des produits.<\/p>\n","protected":false},"excerpt":{"rendered":"<hr \/>\n<p>NatureGlaze est un rev\u00eatement lasur\u00e9 de haute technologie pour tous les \u00e9l\u00e9ments de construction en bois \u00e0 stabilit\u00e9 dimensionnelle limit\u00e9e et non dimensionnelle en ext\u00e9rieur. Tr\u00e8s r\u00e9sistant aux intemp\u00e9ries et d&#8217;une \u00e9lasticit\u00e9 durable, NatureGlaze est la protection parfaite du bois pour des ann\u00e9es !<\/p>\n<p><strong>Uniquement pour les professionnels ! N&#8217;h\u00e9sitez pas \u00e0 nous contacter \u00e0 propos de ce produit. <\/strong><\/p>\n","protected":false},"featured_media":28153,"template":"","meta":[],"product_brand":[],"product_cat":[1142,1195],"product_tag":[],"class_list":{"0":"post-29037","1":"product","2":"type-product","3":"status-publish","4":"has-post-thumbnail","6":"product_cat-domaines-dapplication","7":"product_cat-preservation-du-bois","9":"first","10":"instock","11":"taxable","12":"shipping-taxable","13":"product-type-variable"},"_links":{"self":[{"href":"https:\/\/www.climatecoating.com\/fr\/wp-json\/wp\/v2\/product\/29037","targetHints":{"allow":["GET"]}}],"collection":[{"href":"https:\/\/www.climatecoating.com\/fr\/wp-json\/wp\/v2\/product"}],"about":[{"href":"https:\/\/www.climatecoating.com\/fr\/wp-json\/wp\/v2\/types\/product"}],"wp:featuredmedia":[{"embeddable":true,"href":"https:\/\/www.climatecoating.com\/fr\/wp-json\/wp\/v2\/media\/28153"}],"wp:attachment":[{"href":"https:\/\/www.climatecoating.com\/fr\/wp-json\/wp\/v2\/media?parent=29037"}],"wp:term":[{"taxonomy":"product_brand","embeddable":true,"href":"https:\/\/www.climatecoating.com\/fr\/wp-json\/wp\/v2\/product_brand?post=29037"},{"taxonomy":"product_cat","embeddable":true,"href":"https:\/\/www.climatecoating.com\/fr\/wp-json\/wp\/v2\/product_cat?post=29037"},{"taxonomy":"product_tag","embeddable":true,"href":"https:\/\/www.climatecoating.com\/fr\/wp-json\/wp\/v2\/product_tag?post=29037"}],"curies":[{"name":"wp","href":"https:\/\/api.w.org\/{rel}","templated":true}]}}