{"id":29207,"date":"2020-08-09T15:39:52","date_gmt":"2020-08-09T13:39:52","guid":{"rendered":"https:\/\/www.climatecoating.com\/produkte\/thermovital\/"},"modified":"2026-03-13T13:39:52","modified_gmt":"2026-03-13T12:39:52","slug":"thermovital","status":"publish","type":"product","link":"https:\/\/www.climatecoating.com\/fr\/produkt\/thermovital\/","title":{"rendered":"ThermoVital"},"content":{"rendered":"<p><strong>Moisissures &#8211; Pourquoi la moisissure est-elle si dangereuse<br \/>\n<\/strong>Les taches de moisissure sur les murs ne sont pas seulement inesth\u00e9tiques, elles sont surtout dangereuses pour la sant\u00e9. M\u00eame de faibles quantit\u00e9s de spores de moisissure peuvent d\u00e9clencher des r\u00e9actions allergiques, et des quantit\u00e9s plus importantes peuvent m\u00eame endommager l&#8217;organisme.<\/p>\n<p>Les moisissures ont besoin de nutriments et d&#8217;humidit\u00e9 pour se d\u00e9velopper. Les \u00e9l\u00e9ments nutritifs \u00e9tant pr\u00e9sents dans les b\u00e2timents sous une forme plus ou moins facilement assimilable, l&#8217;humidit\u00e9 rev\u00eat une importance cruciale. La temp\u00e9rature et le pH ne jouent qu&#8217;un r\u00f4le secondaire, car les moisissures peuvent se d\u00e9velopper dans une large gamme de temp\u00e9ratures et de pH. Si des taches de moisissure noire ou des peluches de moisissure blanche sont d\u00e9j\u00e0 visibles, il faut agir.<\/p>\n<p style=\"text-align: left;\" data-pm-slice=\"1 1 []\"><strong>1, 2, 3&#8230; sans moisissure &#8211;<\/strong><strong> L&#8217;\u00e9limination syst\u00e9matique des moisissures<\/strong><\/p>\n<ol>\n<li><em><strong>Traitement des cultures de moisissures visibles avec <a href=\"https:\/\/www.climatecoating.com\/fr\/produkt\/sanosil-s010\/\" target=\"_blank\" rel=\"noopener\">Sanosil S010<\/a>.<\/strong><\/em> Temps d&#8217;action d&#8217;au moins 60 minutes. (Porter un masque de protection respiratoire !)<\/li>\n<li><em><strong>Traitement de l&#8217;air ambiant et de la contamination secondaire avec <a href=\"https:\/\/www.climatecoating.com\/fr\/produkt\/sanosil-s003\/\" target=\"_blank\" rel=\"noopener\">Sanosil S003<\/a>.<\/strong><\/em> Temps d&#8217;action d&#8217;environ 120 minutes.<\/li>\n<li><em><strong>Rev\u00eatement int\u00e9rieur avec ThermoVital<\/strong><\/em> pour une protection \u00e0 long terme et purement physique contre la r\u00e9apparition de moisissures.<\/li>\n<\/ol>\n<p><strong>Effet physique &#8211; grands avantages<br \/>\n<\/strong>ThermoVital est un bouclier innovant \u00e0 long terme contre les moisissures et assure l&#8217;hygi\u00e8ne de la pi\u00e8ce et la sant\u00e9 de l&#8217;habitat. Cette dispersion unique favorise physiquement le s\u00e9chage des murs jusqu&#8217;\u00e0 l&#8217;humidit\u00e9 d&#8217;\u00e9quilibre de la construction et r\u00e9gule l&#8217;humidit\u00e9 de l&#8217;air dans la pi\u00e8ce. Les responsables sont des millions de <a href=\"https:\/\/www.climatecoating.com\/fr\/glossaire\/glossaire\/\" target=\"_blank\" rel=\"noopener\">corps creux microscopiques en vitroc\u00e9ramique<\/a>, une dispersion de polyacrylate sp\u00e9cialement con\u00e7ue et des activateurs synchronisants. Une fois appliqu\u00e9e, la peinture active pour le climat est ouverte \u00e0 la diffusion de mani\u00e8re variable. Elle favorise le transport capillaire de l&#8217;humidit\u00e9 hors du mur et \u00e9limine ainsi la base des moisissures. Un autre effet positif est la r\u00e9duction des ponts thermiques et l&#8217;augmentation du confort thermique dans la pi\u00e8ce.<\/p>\n<p><img loading=\"lazy\" decoding=\"async\" class=\"alignnone wp-image-56852 size-full\" title=\"Wandschnitte ThermoVital\" src=\"https:\/\/www.climatecoating.com\/wp-content\/uploads\/2026\/01\/Wandschnitte_ThermoVital_FR-scaled.png\" alt=\"Wandschnitte ThermoVital\" width=\"2560\" height=\"2227\" \/><strong>Mieux vaut pr\u00e9venir que gu\u00e9rir &#8211; Une pr\u00e9vention astucieuse dans chaque couleur<br \/>\n<\/strong>Si vous voulez pr\u00e9venir, vous pouvez peindre directement avec ThermoVital les pi\u00e8ces pr\u00e9sentant un taux d&#8217;humidit\u00e9 \u00e9lev\u00e9 : La cuisine, la salle de bain et la cave ou m\u00eame tout l&#8217;appartement ou l&#8217;entrep\u00f4t. ThermoVital \u00e9tant une \u00e9volution de <a href=\"https:\/\/www.climatecoating.com\/fr\/product\/thermoplus\/\" target=\"_blank\" rel=\"noopener\">ThermoPlus<\/a>, il n&#8217;y a pas de limite \u00e0 la couleur. ThermoVital peut \u00eatre m\u00e9lang\u00e9 de mani\u00e8re flexible selon les teintes RAL, ce qui permet de cr\u00e9er des couleurs personnalis\u00e9es. La peinture sp\u00e9ciale trait\u00e9e est exempte de fongicides et presque inodore.<\/p>\n<p><strong>Avec ThermoVital, vos murs restent secs, propres et sans moisissures &#8211; pour un climat int\u00e9rieur sain et une qualit\u00e9 de vie durable dans tous les espaces int\u00e9rieurs.<\/strong><\/p>\n","protected":false},"excerpt":{"rendered":"<hr \/>\n<p><strong>ThermoVital &#8211; Aucune chance pour les moisissures !<br \/>\n<\/strong>ThermoVital est une protection physique \u00e0 long terme qui assure l&#8217;hygi\u00e8ne des locaux et la sant\u00e9 de l&#8217;habitat. Qu&#8217;il s&#8217;agisse de pi\u00e8ces \u00e0 forte humidit\u00e9 comme les salles de bains, les cuisines et les caves ou de halls de production et de stockage, par exemple dans l&#8217;industrie alimentaire, ThermoVital offre une protection durable contre la formation de moisissures sur les murs. La peinture respirante r\u00e9gule l&#8217;humidit\u00e9 de l&#8217;air et r\u00e9duit les effets n\u00e9gatifs des ponts thermiques. Elle est donc \u00e9galement id\u00e9ale pour ceux qui cherchent des id\u00e9es de peinture de salon avec une protection suppl\u00e9mentaire de la sant\u00e9.<\/p>\n<p><strong>Les principaux avantages en un coup d&#8217;\u0153il :<\/strong><\/p>\n<div>\n<div><img loading=\"lazy\" decoding=\"async\" class=\"alignnone wp-image-59776\" title=\"Icon healthy indoor climate green\" src=\"https:\/\/www.climatecoating.com\/wp-content\/uploads\/2025\/11\/Icon_healthy-indoor-climate_green.png\" alt=\"Icon healthy indoor climate green\" width=\"50\" height=\"50\" srcset=\"https:\/\/www.climatecoating.com\/wp-content\/uploads\/2025\/11\/Icon_healthy-indoor-climate_green.png 242w, https:\/\/www.climatecoating.com\/wp-content\/uploads\/2025\/11\/Icon_healthy-indoor-climate_green-150x150.png 150w, https:\/\/www.climatecoating.com\/wp-content\/uploads\/2025\/11\/Icon_healthy-indoor-climate_green-100x100.png 100w\" sizes=\"auto, (max-width: 50px) 100vw, 50px\" \/> un climat int\u00e9rieur sain<\/div>\n<div><img loading=\"lazy\" decoding=\"async\" class=\"alignnone wp-image-60446\" title=\"Icon evaporative cooling moisture regulating green\" src=\"https:\/\/www.climatecoating.com\/wp-content\/uploads\/2020\/08\/Icon_evaporative-cooling_moisture-regulating_green.png\" alt=\"Icon evaporative cooling moisture regulating green\" width=\"50\" height=\"50\" srcset=\"https:\/\/www.climatecoating.com\/wp-content\/uploads\/2020\/08\/Icon_evaporative-cooling_moisture-regulating_green.png 242w, https:\/\/www.climatecoating.com\/wp-content\/uploads\/2020\/08\/Icon_evaporative-cooling_moisture-regulating_green-150x150.png 150w, https:\/\/www.climatecoating.com\/wp-content\/uploads\/2020\/08\/Icon_evaporative-cooling_moisture-regulating_green-100x100.png 100w\" sizes=\"auto, (max-width: 50px) 100vw, 50px\" \/> r\u00e9gulation de l&#8217;humidit\u00e9<\/div>\n<div><img loading=\"lazy\" decoding=\"async\" class=\"alignnone wp-image-60447\" title=\"Icon safe for health green\" src=\"https:\/\/www.climatecoating.com\/wp-content\/uploads\/2020\/08\/Icon_safe-for-health_green.png\" alt=\"Icon safe for health green\" width=\"50\" height=\"50\" srcset=\"https:\/\/www.climatecoating.com\/wp-content\/uploads\/2020\/08\/Icon_safe-for-health_green.png 242w, https:\/\/www.climatecoating.com\/wp-content\/uploads\/2020\/08\/Icon_safe-for-health_green-150x150.png 150w, https:\/\/www.climatecoating.com\/wp-content\/uploads\/2020\/08\/Icon_safe-for-health_green-100x100.png 100w\" sizes=\"auto, (max-width: 50px) 100vw, 50px\" \/> sans danger pour la sant\u00e9<\/div>\n<div><img loading=\"lazy\" decoding=\"async\" class=\"alignnone wp-image-60450\" title=\"Icon long term effective\" src=\"https:\/\/www.climatecoating.com\/wp-content\/uploads\/2020\/08\/Icon_long-term-effective.png\" alt=\"Icon long term effective\" width=\"50\" height=\"50\" srcset=\"https:\/\/www.climatecoating.com\/wp-content\/uploads\/2020\/08\/Icon_long-term-effective.png 242w, https:\/\/www.climatecoating.com\/wp-content\/uploads\/2020\/08\/Icon_long-term-effective-150x150.png 150w, https:\/\/www.climatecoating.com\/wp-content\/uploads\/2020\/08\/Icon_long-term-effective-100x100.png 100w\" sizes=\"auto, (max-width: 50px) 100vw, 50px\" \/> efficace \u00e0 long terme<\/div>\n<div><img loading=\"lazy\" decoding=\"async\" class=\"alignnone wp-image-60449\" title=\"Icon protection mold green\" src=\"https:\/\/www.climatecoating.com\/wp-content\/uploads\/2020\/08\/Icon_protection-mold_green.png\" alt=\"Icon protection mold green\" width=\"50\" height=\"50\" srcset=\"https:\/\/www.climatecoating.com\/wp-content\/uploads\/2020\/08\/Icon_protection-mold_green.png 242w, https:\/\/www.climatecoating.com\/wp-content\/uploads\/2020\/08\/Icon_protection-mold_green-150x150.png 150w, https:\/\/www.climatecoating.com\/wp-content\/uploads\/2020\/08\/Icon_protection-mold_green-100x100.png 100w\" sizes=\"auto, (max-width: 50px) 100vw, 50px\" \/> r\u00e9duit le risque de formation de moisissures<\/div>\n<div><img loading=\"lazy\" decoding=\"async\" class=\"alignnone wp-image-59791\" title=\"Icon 100 000 colors green 2\" src=\"https:\/\/www.climatecoating.com\/wp-content\/uploads\/2020\/08\/Icon_100-000-colors_green_2.png\" alt=\"Icon 100 000 colors green 2\" width=\"50\" height=\"50\" srcset=\"https:\/\/www.climatecoating.com\/wp-content\/uploads\/2020\/08\/Icon_100-000-colors_green_2.png 242w, https:\/\/www.climatecoating.com\/wp-content\/uploads\/2020\/08\/Icon_100-000-colors_green_2-150x150.png 150w, https:\/\/www.climatecoating.com\/wp-content\/uploads\/2020\/08\/Icon_100-000-colors_green_2-100x100.png 100w\" sizes=\"auto, (max-width: 50px) 100vw, 50px\" \/> &gt; 100 000 nuances<\/div>\n<\/div>\n","protected":false},"featured_media":29235,"template":"","meta":[],"product_brand":[],"product_cat":[1142,1150,1419,1420,1275,1152,1421,1422,1271],"product_tag":[],"class_list":{"0":"post-29207","1":"product","2":"type-product","3":"status-publish","4":"has-post-thumbnail","6":"product_cat-domaines-dapplication","7":"product_cat-batir-et-vivre","8":"product_cat-industrie-alimentaire","9":"product_cat-industrie-manufacturiere","10":"product_cat-a-linterieur-de","11":"product_cat-batiments-publics","12":"product_cat-agriculture-et-elevage","13":"product_cat-soins-de-sante","14":"product_cat-hotellerie-et-gastronomie","16":"first","17":"instock","18":"taxable","19":"shipping-taxable","20":"purchasable","21":"product-type-variable"},"_links":{"self":[{"href":"https:\/\/www.climatecoating.com\/fr\/wp-json\/wp\/v2\/product\/29207","targetHints":{"allow":["GET"]}}],"collection":[{"href":"https:\/\/www.climatecoating.com\/fr\/wp-json\/wp\/v2\/product"}],"about":[{"href":"https:\/\/www.climatecoating.com\/fr\/wp-json\/wp\/v2\/types\/product"}],"wp:featuredmedia":[{"embeddable":true,"href":"https:\/\/www.climatecoating.com\/fr\/wp-json\/wp\/v2\/media\/29235"}],"wp:attachment":[{"href":"https:\/\/www.climatecoating.com\/fr\/wp-json\/wp\/v2\/media?parent=29207"}],"wp:term":[{"taxonomy":"product_brand","embeddable":true,"href":"https:\/\/www.climatecoating.com\/fr\/wp-json\/wp\/v2\/product_brand?post=29207"},{"taxonomy":"product_cat","embeddable":true,"href":"https:\/\/www.climatecoating.com\/fr\/wp-json\/wp\/v2\/product_cat?post=29207"},{"taxonomy":"product_tag","embeddable":true,"href":"https:\/\/www.climatecoating.com\/fr\/wp-json\/wp\/v2\/product_tag?post=29207"}],"curies":[{"name":"wp","href":"https:\/\/api.w.org\/{rel}","templated":true}]}}