{"id":29250,"date":"2020-08-26T09:45:36","date_gmt":"2020-08-26T07:45:36","guid":{"rendered":"https:\/\/www.climatecoating.com\/produkte\/thermoplus\/"},"modified":"2026-01-29T13:48:41","modified_gmt":"2026-01-29T12:48:41","slug":"thermoplus","status":"publish","type":"product","link":"https:\/\/www.climatecoating.com\/fr\/produkt\/thermoplus\/","title":{"rendered":"ThermoPlus"},"content":{"rendered":"<p><strong>Un climat int\u00e9rieur sain en toute saison<br \/>\n<\/strong>ThermoPlus est une peinture fonctionnelle innovante \u00e0 valeur ajout\u00e9e. Gr\u00e2ce \u00e0 sa <a href=\"https:\/\/www.climatecoating.com\/fr\/glossaire\/glossaire\/\" target=\"_blank\" rel=\"noopener\">technologie de membrane r\u00e9fl\u00e9chissante<\/a>, elle r\u00e9gule automatiquement le climat int\u00e9rieur et am\u00e9liore sensiblement le confort de vie. Une fois appliqu\u00e9e, la peinture forme une <a href=\"https:\/\/www.climatecoating.com\/fr\/glossaire\/glossaire\/\" target=\"_blank\" rel=\"noopener\">membrane r\u00e9fl\u00e9chissante<\/a>.<\/p>\n<p><strong>Protection thermique estivale<br \/>\n<\/strong><em>En \u00e9t\u00e9<\/em>, la peinture active sur le plan climatique absorbe l&#8217;humidit\u00e9 exc\u00e9dentaire de l&#8217;air, la stocke dans la membrane et la compense par un air ambiant plus sec. Il en r\u00e9sulte un refroidissement par \u00e9vaporation qui refroidit la surface des murs et abaisse sensiblement la temp\u00e9rature de la pi\u00e8ce &#8211; sans climatisation. La chaleur ext\u00e9rieure ne peut pas p\u00e9n\u00e9trer librement \u00e0 l&#8217;int\u00e9rieur, ce qui cr\u00e9e une fra\u00eecheur agr\u00e9able.<\/p>\n<p><strong>Protection thermique hivernale<br \/>\n<\/strong><em>En hiver<\/em>, ThermoPlus minimise les pertes de chaleur et permet de r\u00e9aliser des \u00e9conomies de chauffage, d&#8217;\u00e9lectricit\u00e9 et d&#8217;\u00e9nergie. La chaleur ambiante est stock\u00e9e, r\u00e9partie uniform\u00e9ment dans la membrane et r\u00e9fl\u00e9chie dans la pi\u00e8ce comme dans un po\u00eale en fa\u00efence. En m\u00eame temps, la peinture respirante r\u00e9duit <a href=\"https:\/\/www.climatecoating.com\/fr\/glossaire\/glossaire\/\" target=\"_blank\" rel=\"noopener\">les courants de convection<\/a>, minimise <a href=\"https:\/\/www.climatecoating.com\/fr\/glossaire\/glossaire\/\" target=\"_blank\" rel=\"noopener\">les ponts thermiques <\/a>et compense les diff\u00e9rences de temp\u00e9rature entre le sol et le plafond. Le r\u00e9sultat est un confort thermique sensiblement plus \u00e9lev\u00e9.<\/p>\n<p>De plus, ThermoPlus r\u00e9gule l&#8217;humidit\u00e9 de l&#8217;air dans la pi\u00e8ce \u00e0 un niveau sain d&#8217;environ 55 %. L&#8217;air reste ainsi agr\u00e9able, l&#8217;air sec d\u00fb au chauffage est \u00e9vit\u00e9 et la formation de moisissures est efficacement pr\u00e9venue. Cela cr\u00e9e un climat int\u00e9rieur durablement agr\u00e9able et \u00e9quilibr\u00e9.<\/p>\n<p><img loading=\"lazy\" decoding=\"async\" class=\"alignnone wp-image-59828 size-full\" title=\"ThermoPlus Schema Climo\" src=\"https:\/\/www.climatecoating.com\/wp-content\/uploads\/2026\/01\/ThermoPlus_Schema_Climo_FR-1.png\" alt=\"ThermoPlus Schema Climo\" width=\"1536\" height=\"1024\" \/><\/p>\n<p><strong>Intervalles de r\u00e9novation : plus, c&#8217;est moins<br \/>\n<\/strong>La peinture murale id\u00e9ale ThermoPlus garantit un plaisir durable sur vos murs int\u00e9rieurs. Gr\u00e2ce \u00e0 son effet anti-\u00e9lectrostatique, elle r\u00e9duit les d\u00e9p\u00f4ts de poussi\u00e8re et de nicotine, car les particules de salet\u00e9 ne forment pas de liaison chimique avec la surface. Les mati\u00e8res premi\u00e8res et les pigments de haute qualit\u00e9 garantissent une excellente r\u00e9sistance \u00e0 la lumi\u00e8re et prot\u00e8gent contre la d\u00e9coloration, le jaunissement ou le farinage.<\/p>\n<p>Que ce soit dans le couloir, au bureau, au restaurant ou comme solution d&#8217;inspiration pour peindre le salon et pour embellir l&#8217;habitat, ThermoPlus convainc partout par son aspect \u00e9l\u00e9gant et sa valeur ajout\u00e9e fonctionnelle. Vous associez ainsi un am\u00e9nagement cr\u00e9atif de l&#8217;espace \u00e0 un confort d&#8217;habitation durable et prolongez consid\u00e9rablement les intervalles de r\u00e9novation.<\/p>\n<p><strong>Faites briller vos pi\u00e8ces avec ThermoPlus, \u00e9conomisez des frais de chauffage, de l&#8217;\u00e9lectricit\u00e9 et de l&#8217;\u00e9nergie et profitez d&#8217;un climat int\u00e9rieur sain en toute saison.<\/strong><\/p>\n","protected":false},"excerpt":{"rendered":"<hr \/>\n<p><strong>Une peinture \u00e0 \u00e9conomie d&#8217;\u00e9nergie pour un habitat moderne<\/strong><\/p>\n<p>ThermoPlus est plus qu&#8217;une peinture murale classique. Cette peinture int\u00e9rieure performante associe l&#8217;esth\u00e9tique \u00e0 un confort de vie tangible. Elle offre une large palette de plus de 100 000 teintes pour les murs et les plafonds. Gr\u00e2ce \u00e0 ses propri\u00e9t\u00e9s particuli\u00e8res, elle assure un climat int\u00e9rieur sain et agr\u00e9able tout au long de l&#8217;ann\u00e9e. ThermoPlus r\u00e9gule la temp\u00e9rature, l&#8217;humidit\u00e9 et l&#8217;acoustique de la pi\u00e8ce, contribue activement aux \u00e9conomies de chauffage, d&#8217;\u00e9lectricit\u00e9 et d&#8217;\u00e9nergie et favorise le confort de la maison.<\/p>\n<p><strong>Les principaux avantages en un coup d&#8217;\u0153il :<\/strong><\/p>\n<blockquote>\n<div><img loading=\"lazy\" decoding=\"async\" class=\"alignnone wp-image-59776\" title=\"Icon healthy indoor climate green\" src=\"https:\/\/www.climatecoating.com\/wp-content\/uploads\/2025\/11\/Icon_healthy-indoor-climate_green.png\" alt=\"Icon healthy indoor climate green\" width=\"50\" height=\"50\" srcset=\"https:\/\/www.climatecoating.com\/wp-content\/uploads\/2025\/11\/Icon_healthy-indoor-climate_green.png 242w, https:\/\/www.climatecoating.com\/wp-content\/uploads\/2025\/11\/Icon_healthy-indoor-climate_green-150x150.png 150w, https:\/\/www.climatecoating.com\/wp-content\/uploads\/2025\/11\/Icon_healthy-indoor-climate_green-100x100.png 100w\" sizes=\"auto, (max-width: 50px) 100vw, 50px\" \/> un climat int\u00e9rieur sain<\/div>\n<div><img loading=\"lazy\" decoding=\"async\" class=\"alignnone wp-image-59777\" title=\"Ic\u00f4ne de r\u00e9gulation de l'humidit\u00e9 et de la temp\u00e9rature verte 2\" src=\"https:\/\/www.climatecoating.com\/wp-content\/uploads\/2025\/11\/Icon_humidity-and-temperature-regulating_green_2-1.png\" alt=\"Ic\u00f4ne de r\u00e9gulation de l'humidit\u00e9 et de la temp\u00e9rature verte 2\" width=\"50\" height=\"50\" srcset=\"https:\/\/www.climatecoating.com\/wp-content\/uploads\/2025\/11\/Icon_humidity-and-temperature-regulating_green_2-1.png 242w, https:\/\/www.climatecoating.com\/wp-content\/uploads\/2025\/11\/Icon_humidity-and-temperature-regulating_green_2-1-150x150.png 150w, https:\/\/www.climatecoating.com\/wp-content\/uploads\/2025\/11\/Icon_humidity-and-temperature-regulating_green_2-1-100x100.png 100w\" sizes=\"auto, (max-width: 50px) 100vw, 50px\" \/> r\u00e9gulation de l&#8217;humidit\u00e9 et de la temp\u00e9rature<\/div>\n<div><img loading=\"lazy\" decoding=\"async\" class=\"alignnone wp-image-59778\" title=\"Ic\u00f4ne d'\u00e9conomie d'\u00e9nergie verte\" src=\"https:\/\/www.climatecoating.com\/wp-content\/uploads\/2025\/11\/Icon_energy-saving_green-1.png\" alt=\"Ic\u00f4ne d'\u00e9conomie d'\u00e9nergie verte\" width=\"50\" height=\"50\" srcset=\"https:\/\/www.climatecoating.com\/wp-content\/uploads\/2025\/11\/Icon_energy-saving_green-1.png 242w, https:\/\/www.climatecoating.com\/wp-content\/uploads\/2025\/11\/Icon_energy-saving_green-1-150x150.png 150w, https:\/\/www.climatecoating.com\/wp-content\/uploads\/2025\/11\/Icon_energy-saving_green-1-100x100.png 100w\" sizes=\"auto, (max-width: 50px) 100vw, 50px\" \/> efficace sur le plan \u00e9nerg\u00e9tique et \u00e9conomique<\/div>\n<div><img loading=\"lazy\" decoding=\"async\" class=\"alignnone wp-image-59779\" title=\"Icon dirt &amp; nicotine repellent\" src=\"https:\/\/www.climatecoating.com\/wp-content\/uploads\/2025\/11\/Icon_dirt-nicotine-repellent.png\" alt=\"Icon dirt &amp; nicotine repellent\" width=\"50\" height=\"50\" srcset=\"https:\/\/www.climatecoating.com\/wp-content\/uploads\/2025\/11\/Icon_dirt-nicotine-repellent.png 242w, https:\/\/www.climatecoating.com\/wp-content\/uploads\/2025\/11\/Icon_dirt-nicotine-repellent-150x150.png 150w, https:\/\/www.climatecoating.com\/wp-content\/uploads\/2025\/11\/Icon_dirt-nicotine-repellent-100x100.png 100w\" sizes=\"auto, (max-width: 50px) 100vw, 50px\" \/> r\u00e9sistant \u00e0 la salet\u00e9 et \u00e0 la nicotine<\/div>\n<div><img loading=\"lazy\" decoding=\"async\" class=\"alignnone wp-image-59780\" title=\"Icon renovation intervals green\" src=\"https:\/\/www.climatecoating.com\/wp-content\/uploads\/2025\/11\/Icon_renovation-intervals_green.png\" alt=\"Icon renovation intervals green\" width=\"50\" height=\"50\" srcset=\"https:\/\/www.climatecoating.com\/wp-content\/uploads\/2025\/11\/Icon_renovation-intervals_green.png 242w, https:\/\/www.climatecoating.com\/wp-content\/uploads\/2025\/11\/Icon_renovation-intervals_green-150x150.png 150w, https:\/\/www.climatecoating.com\/wp-content\/uploads\/2025\/11\/Icon_renovation-intervals_green-100x100.png 100w\" sizes=\"auto, (max-width: 50px) 100vw, 50px\" \/> prolonge les intervalles de r\u00e9novation<\/div>\n<div><img loading=\"lazy\" decoding=\"async\" class=\"alignnone wp-image-59791\" title=\"Icon 100 000 colors green 2\" src=\"https:\/\/www.climatecoating.com\/wp-content\/uploads\/2020\/08\/Icon_100-000-colors_green_2.png\" alt=\"Icon 100 000 colors green 2\" width=\"50\" height=\"50\" srcset=\"https:\/\/www.climatecoating.com\/wp-content\/uploads\/2020\/08\/Icon_100-000-colors_green_2.png 242w, https:\/\/www.climatecoating.com\/wp-content\/uploads\/2020\/08\/Icon_100-000-colors_green_2-150x150.png 150w, https:\/\/www.climatecoating.com\/wp-content\/uploads\/2020\/08\/Icon_100-000-colors_green_2-100x100.png 100w\" sizes=\"auto, (max-width: 50px) 100vw, 50px\" \/> &gt; 100 000 teintes<\/div>\n<\/blockquote>\n","protected":false},"featured_media":60385,"template":"","meta":[],"product_brand":[],"product_cat":[1142,1150,1275,1152,1271],"product_tag":[],"class_list":{"0":"post-29250","1":"product","2":"type-product","3":"status-publish","4":"has-post-thumbnail","6":"product_cat-domaines-dapplication","7":"product_cat-batir-et-vivre","8":"product_cat-a-linterieur-de","9":"product_cat-batiments-publics","10":"product_cat-hotellerie-et-gastronomie","12":"first","13":"instock","14":"taxable","15":"shipping-taxable","16":"purchasable","17":"product-type-variable"},"_links":{"self":[{"href":"https:\/\/www.climatecoating.com\/fr\/wp-json\/wp\/v2\/product\/29250","targetHints":{"allow":["GET"]}}],"collection":[{"href":"https:\/\/www.climatecoating.com\/fr\/wp-json\/wp\/v2\/product"}],"about":[{"href":"https:\/\/www.climatecoating.com\/fr\/wp-json\/wp\/v2\/types\/product"}],"wp:featuredmedia":[{"embeddable":true,"href":"https:\/\/www.climatecoating.com\/fr\/wp-json\/wp\/v2\/media\/60385"}],"wp:attachment":[{"href":"https:\/\/www.climatecoating.com\/fr\/wp-json\/wp\/v2\/media?parent=29250"}],"wp:term":[{"taxonomy":"product_brand","embeddable":true,"href":"https:\/\/www.climatecoating.com\/fr\/wp-json\/wp\/v2\/product_brand?post=29250"},{"taxonomy":"product_cat","embeddable":true,"href":"https:\/\/www.climatecoating.com\/fr\/wp-json\/wp\/v2\/product_cat?post=29250"},{"taxonomy":"product_tag","embeddable":true,"href":"https:\/\/www.climatecoating.com\/fr\/wp-json\/wp\/v2\/product_tag?post=29250"}],"curies":[{"name":"wp","href":"https:\/\/api.w.org\/{rel}","templated":true}]}}