{"id":29292,"date":"2020-08-26T10:00:22","date_gmt":"2020-08-26T08:00:22","guid":{"rendered":"https:\/\/www.climatecoating.com\/produkte\/glossplus\/"},"modified":"2026-02-02T13:37:56","modified_gmt":"2026-02-02T12:37:56","slug":"glossplus","status":"publish","type":"product","link":"https:\/\/www.climatecoating.com\/fr\/produkt\/glossplus\/","title":{"rendered":"GlossPlus"},"content":{"rendered":"<p>GlossPlus est un rev\u00eatement de protection incolore \u00e0 base d&#8217;eau avec un bloqueur d&#8217;UV pour l&#8217;ext\u00e9rieur. GlossPlus am\u00e9liore la nettoyabilit\u00e9 des peintures ClimateCoating<sup>\u00ae<\/sup>\u00a0et augmente leur r\u00e9sistance m\u00e9canique.<\/p>\n","protected":false},"excerpt":{"rendered":"<hr \/>\n<p>L&#8217;aspect brillant du b\u00e2timent.<\/p>\n","protected":false},"featured_media":29297,"template":"","meta":[],"product_brand":[],"product_cat":[1142,1150,1260],"product_tag":[],"class_list":{"0":"post-29292","1":"product","2":"type-product","3":"status-publish","4":"has-post-thumbnail","6":"product_cat-domaines-dapplication","7":"product_cat-batir-et-vivre","8":"product_cat-produits-supplementaires","10":"first","11":"instock","12":"taxable","13":"shipping-taxable","14":"purchasable","15":"product-type-variable"},"_links":{"self":[{"href":"https:\/\/www.climatecoating.com\/fr\/wp-json\/wp\/v2\/product\/29292","targetHints":{"allow":["GET"]}}],"collection":[{"href":"https:\/\/www.climatecoating.com\/fr\/wp-json\/wp\/v2\/product"}],"about":[{"href":"https:\/\/www.climatecoating.com\/fr\/wp-json\/wp\/v2\/types\/product"}],"wp:featuredmedia":[{"embeddable":true,"href":"https:\/\/www.climatecoating.com\/fr\/wp-json\/wp\/v2\/media\/29297"}],"wp:attachment":[{"href":"https:\/\/www.climatecoating.com\/fr\/wp-json\/wp\/v2\/media?parent=29292"}],"wp:term":[{"taxonomy":"product_brand","embeddable":true,"href":"https:\/\/www.climatecoating.com\/fr\/wp-json\/wp\/v2\/product_brand?post=29292"},{"taxonomy":"product_cat","embeddable":true,"href":"https:\/\/www.climatecoating.com\/fr\/wp-json\/wp\/v2\/product_cat?post=29292"},{"taxonomy":"product_tag","embeddable":true,"href":"https:\/\/www.climatecoating.com\/fr\/wp-json\/wp\/v2\/product_tag?post=29292"}],"curies":[{"name":"wp","href":"https:\/\/api.w.org\/{rel}","templated":true}]}}