{"id":29370,"date":"2020-08-09T15:35:45","date_gmt":"2020-08-09T13:35:45","guid":{"rendered":"https:\/\/www.climatecoating.com\/produkte\/industriespecial\/"},"modified":"2026-02-02T12:38:20","modified_gmt":"2026-02-02T11:38:20","slug":"industryspecial","status":"publish","type":"product","link":"https:\/\/www.climatecoating.com\/fr\/produkt\/industryspecial\/","title":{"rendered":"IndustrieSp\u00e9cial"},"content":{"rendered":"<p><strong>Le multitalent<\/strong><br \/>\nLes multiples applications d&#8217;IndustrySpecial commencent par le simple rev\u00eatement de r\u00e9servoir de silo pour stabiliser la temp\u00e9rature et s&#8217;\u00e9tendent \u00e0 la protection contre l&#8217;humidit\u00e9 et la formation de condensation, \u00e0 l&#8217;anti-\u00e9lectricit\u00e9 statique et au blindage, \u00e0 la protection contre la chaleur et le bruit, \u00e0 l&#8217;augmentation de la surface et \u00e0 la r\u00e9flexion de la lumi\u00e8re. IndustrySpecial est un v\u00e9ritable multi-talent !<\/p>\n<p><strong>Extr\u00eamement extensible<\/strong><br \/>\nLe rev\u00eatement IndustrySpecial r\u00e9siste \u00e0 un certain nombre de contraintes m\u00e9caniques. La bande m\u00e9tallique perfor\u00e9e de 17 mm de large que l&#8217;on voit sur l&#8217;une des photos de gauche peut \u00eatre pli\u00e9e ou m\u00eame tordue plusieurs fois. Le rev\u00eatement ne pr\u00e9sente aucune fissure. IndustrySpecial est extr\u00eamement ductile, peut ponter diff\u00e9rents mat\u00e9riaux et dissimuler de fa\u00e7on permanente les fissures les plus fines.<\/p>\n<p><strong>Plage d&#8217;application typique entre -40\u00b0C et +150\u00b0C<\/strong><\/p>\n<p>La r\u00e9sistance \u00e0 la haute temp\u00e9rature d&#8217;IndustrySpecial et sa r\u00e9sistance aux influences environnementales agressives sont appr\u00e9ci\u00e9es par nos clients dans le monde entier. Enduit jusqu&#8217;\u00e0 pr\u00e9sent :<\/p>\n<ul>\n<li>R\u00e9servoirs, silos, grands conteneurs<\/li>\n<li>Tuyaux, tiges<\/li>\n<li>Conteneurs, bo\u00eetes m\u00e9talliques<\/li>\n<li>Rev\u00eatement de salle<\/li>\n<li>Chapiteau<\/li>\n<li>surfaces en plastique souple<\/li>\n<\/ul>\n<p>Vous souhaitez r\u00e9soudre un probl\u00e8me tr\u00e8s sp\u00e9cifique \u00e0 l&#8217;aide d&#8217;un rev\u00eatement ?<br \/>\nNous nous ferons un plaisir de trouver avec vous une <a href=\"https:\/\/www.climatecoating.com\/fr\/domaines-dapplication\/industrie-et-solutions-speciales\/\">SpecialSolution<\/a>.<\/p>\n","protected":false},"excerpt":{"rendered":"<hr \/>\n<p>IndustrySpecial est un rev\u00eatement de protection r\u00e9sistant \u00e0 une temp\u00e9rature allant de -40\u00b0C \u00e0 +150\u00b0C.<\/p>\n<p>Tous les rev\u00eatements et couleurs ClimateCoating\u00a9 sont bas\u00e9s sur la technologie des membranes r\u00e9fl\u00e9chissantes et ont un effet purement physique. Depuis 2003, ces rev\u00eatements \u00e9cologiques et performants impressionnent les utilisateurs du monde entier par leurs propri\u00e9t\u00e9s particuli\u00e8res et leur rentabilit\u00e9 \u00e9lev\u00e9e.<\/p>\n","protected":false},"featured_media":29387,"template":"","meta":[],"product_brand":[],"product_cat":[1142,1150,1419,1420,1484,1486,1421,1485],"product_tag":[],"class_list":{"0":"post-29370","1":"product","2":"type-product","3":"status-publish","4":"has-post-thumbnail","6":"product_cat-domaines-dapplication","7":"product_cat-batir-et-vivre","8":"product_cat-industrie-alimentaire","9":"product_cat-industrie-manufacturiere","10":"product_cat-transport-et-circulation","11":"product_cat-applications-industrielles","12":"product_cat-agriculture-et-elevage","13":"product_cat-constructions-techniques","15":"first","16":"instock","17":"taxable","18":"shipping-taxable","19":"product-type-variable"},"_links":{"self":[{"href":"https:\/\/www.climatecoating.com\/fr\/wp-json\/wp\/v2\/product\/29370","targetHints":{"allow":["GET"]}}],"collection":[{"href":"https:\/\/www.climatecoating.com\/fr\/wp-json\/wp\/v2\/product"}],"about":[{"href":"https:\/\/www.climatecoating.com\/fr\/wp-json\/wp\/v2\/types\/product"}],"wp:featuredmedia":[{"embeddable":true,"href":"https:\/\/www.climatecoating.com\/fr\/wp-json\/wp\/v2\/media\/29387"}],"wp:attachment":[{"href":"https:\/\/www.climatecoating.com\/fr\/wp-json\/wp\/v2\/media?parent=29370"}],"wp:term":[{"taxonomy":"product_brand","embeddable":true,"href":"https:\/\/www.climatecoating.com\/fr\/wp-json\/wp\/v2\/product_brand?post=29370"},{"taxonomy":"product_cat","embeddable":true,"href":"https:\/\/www.climatecoating.com\/fr\/wp-json\/wp\/v2\/product_cat?post=29370"},{"taxonomy":"product_tag","embeddable":true,"href":"https:\/\/www.climatecoating.com\/fr\/wp-json\/wp\/v2\/product_tag?post=29370"}],"curies":[{"name":"wp","href":"https:\/\/api.w.org\/{rel}","templated":true}]}}