{"id":54192,"date":"2020-05-27T11:58:52","date_gmt":"2020-05-27T09:58:52","guid":{"rendered":"https:\/\/www.climatecoating.com\/?post_type=product&#038;p=54192"},"modified":"2026-03-24T08:00:01","modified_gmt":"2026-03-24T07:00:01","slug":"isotex-r70","status":"publish","type":"product","link":"https:\/\/www.climatecoating.com\/fr\/produkt\/isotex-r70\/","title":{"rendered":"IsoTex R70"},"content":{"rendered":"<p><strong>Une bonne isolation en toute l\u00e9g\u00e8ret\u00e9 <\/strong><\/p>\n<p>En raison de sa granulom\u00e9trie sp\u00e9ciale, IsoTex R70 fait partie des enduits relativement souples. Avec une consommation de seulement 4,0 \u00e0 4,5 kg\/m\u00b2, il est tr\u00e8s l\u00e9ger et ne n\u00e9cessite pas d&#8217;ancrage suppl\u00e9mentaire. L&#8217;enduit d&#8217;isolation thermique est facile \u00e0 appliquer, tant \u00e0 la machine qu&#8217;\u00e0 la main, et peut \u00eatre appliqu\u00e9 sans effort \u00e0 la truelle ou au pistolet. Il convient \u00e0 l&#8217;application d&#8217;un enduit sur les supports en brique, en b\u00e9ton, en b\u00e9ton arm\u00e9, en b\u00e9ton cellulaire, en bois et en m\u00e9tal, \u00e0 l&#8217;int\u00e9rieur comme \u00e0 l&#8217;ext\u00e9rieur.<\/p>\n<p>Pour l&#8217;\u00e9galisation et la finition de la surface, IsoTex R70 peut \u00eatre recouvert, en fonction du syst\u00e8me, d&#8217;un enduit lisse fin et min\u00e9ral <a href=\"https:\/\/www.climatecoating.com\/fr\/?attachment_id=55944\" target=\"_blank\" rel=\"noopener\">IsoTex F50<\/a>. Il en r\u00e9sulte une surface lisse et homog\u00e8ne, base id\u00e9ale pour les rev\u00eatements ult\u00e9rieurs.<\/p>\n<p><strong>Syst\u00e8me ClimateCoating\u00ae IsoTex &#8211; Le trio d&#8217;\u00e9conomies d&#8217;\u00e9nergie pour les fa\u00e7ades<\/strong><\/p>\n<p><strong>Le probl\u00e8me :<\/strong> les murs ext\u00e9rieurs, peints ou non, absorbent l&#8217;eau lorsqu&#8217;il pleut. Plus les pr\u00e9cipitations durent longtemps, plus l&#8217;eau est absorb\u00e9e. Cette eau doit \u00e0 nouveau s&#8217;\u00e9vaporer du mur. Ce processus g\u00e9n\u00e8re du froid par \u00e9vaporation, ce qui prive le b\u00e2timent d&#8217;une quantit\u00e9 d&#8217;\u00e9nergie consid\u00e9rable. Ces pertes doivent \u00eatre compens\u00e9es par le chauffage ou la climatisation.<\/p>\n<p><strong>La solution :<\/strong> un syst\u00e8me d&#8217;isolation thermique avec <a href=\"https:\/\/youtu.be\/wZovk682oss\" target=\"_blank\" rel=\"noopener\">la technologie de la membrane r\u00e9fl\u00e9chissante<\/a><br \/>\nL&#8217;enduit l\u00e9ger d&#8217;isolation thermique IsoTex R70 est \u00e9galis\u00e9 apr\u00e8s l&#8217;application de l&#8217;enduit fin lisse <a href=\"https:\/\/www.climatecoating.com\/fr\/?attachment_id=55944\" target=\"_blank\" rel=\"noopener\">IsoTex F50<\/a>, puis recouvert d&#8217;une double couche de peinture fonctionnelle <a href=\"https:\/\/www.climatecoating.com\/fr\/product\/thermoprotect\/\" target=\"_blank\" rel=\"noopener\">ThermoProtect<\/a> de ClimateCoating\u00ae pour l&#8217;ext\u00e9rieur. La peinture agit comme une membrane : en cas de pluie, elle n&#8217;absorbe que de petites quantit\u00e9s d&#8217;eau sans que celles-ci ne p\u00e9n\u00e8trent dans le support de l&#8217;enduit. Une fois que la membrane est satur\u00e9e, elle n&#8217;absorbe plus d&#8217;eau, m\u00eame en cas de pluie continue. Apr\u00e8s la pluie, l&#8217;eau s&#8217;\u00e9vapore de la couche de peinture, tandis que l&#8217;humidit\u00e9 r\u00e9siduelle est extraite de l&#8217;enduit par l&#8217;effet capillaire de la peinture fonctionnelle et rapidement lib\u00e9r\u00e9e. Ainsi, la quantit\u00e9 d&#8217;\u00e9vaporation reste minimale et la peinture de fa\u00e7ade r\u00e9pond aux exigences de la norme EN 998-1 en tant que &#8220;hydrofuge&#8221;.<\/p>\n<p><img loading=\"lazy\" decoding=\"async\" class=\"aligncenter wp-image-0 size-full\" title=\"IsoTex System Funktionsweise DE\" src=\"https:\/\/www.climatecoating.com\/wp-content\/uploads\/2026\/01\/IsoTex-System_Funktionsweise_FR.png\" alt=\"IsoTex System Funktionsweise DE\" width=\"1600\" height=\"1150\" \/><\/p>\n<p>ThermoProtect est \u00e9galement tr\u00e8s stable face aux influences environnementales telles que les rayons UV ou l&#8217;acidit\u00e9 de l&#8217;eau de pluie. Son effet antistatique r\u00e9duit consid\u00e9rablement l&#8217;adh\u00e9rence de la poussi\u00e8re. Des fa\u00e7ades rev\u00eatues sont document\u00e9es, sur lesquelles, m\u00eame apr\u00e8s plus de 20 ans, le rev\u00eatement en forme de membrane est encore intact et exempt de fissures, ce qui permet d&#8217;obtenir un effet d&#8217;\u00e9conomie d&#8217;\u00e9nergie. Voir l&#8217;exemple de projet <a href=\"https:\/\/www.climatecoating.com\/fr\/references\/reference\/immeubles-a-appartements-a-perleberg\/\" target=\"_blank\" rel=\"noopener\">Perleberg &#8211; rev\u00eatement de fa\u00e7ade avec ThermoProtect<\/a> et le <a href=\"https:\/\/www.climatecoating.com\/pressemitteilung-innovative-fassadenbeschichtung-hilft-beim-sparen\/\" target=\"_blank\" rel=\"noopener\">communiqu\u00e9 de presse<\/a> \u00e0 ce sujet.<\/p>\n<p><strong>Avantages du syst\u00e8me IsoTex<\/strong><\/p>\n<p>La combinaison de l&#8217;enduit d&#8217;isolation thermique IsoTex R70, de la couche d&#8217;\u00e9galisation optionnelle IsoTex F50 et de la peinture fonctionnelle ThermoProtect forme un syst\u00e8me de fa\u00e7ade durable et performant. Il offre une protection fiable contre toutes les intemp\u00e9ries tout en contribuant \u00e0 une r\u00e9duction significative des co\u00fbts de chauffage et de climatisation. La gestion efficace de l&#8217;humidit\u00e9 et de la chaleur am\u00e9liore en outre durablement le climat int\u00e9rieur et contribue \u00e0 la pr\u00e9servation de la valeur du b\u00e2timent \u00e0 long terme.<\/p>\n<p><strong>PS : Une r\u00e9duction de 1 % de l&#8217;humidit\u00e9 dans la ma\u00e7onnerie peut d\u00e9j\u00e0 faire baisser les co\u00fbts de chauffage jusqu&#8217;\u00e0 10 %.<\/strong><\/p>\n","protected":false},"excerpt":{"rendered":"<hr \/>\n<p><strong>Mineralischer Leichtd\u00e4mmputz<\/strong><\/p>\n<p>IsoTex R70 est un enduit d&#8217;isolation thermique tr\u00e8s l\u00e9ger \u00e0 base min\u00e9rale pour l&#8217;int\u00e9rieur et l&#8217;ext\u00e9rieur. En raison de sa r\u00e9sistance thermique structurelle \u00e9lev\u00e9e, il r\u00e9duit efficacement les fuites de chaleur du b\u00e2timent et contribue ainsi \u00e0 une \u00e9conomie d&#8217;\u00e9nergie sensible. Gr\u00e2ce \u00e0 sa gestion intelligente de l&#8217;humidit\u00e9, les co\u00fbts de chauffage et de climatisation peuvent \u00eatre r\u00e9duits d&#8217;environ 15% \u00e0 40%. Avec une tr\u00e8s faible conductivit\u00e9 thermique de 0,077 W\/mK, IsoTex R70 prot\u00e8ge les b\u00e2timents de mani\u00e8re fiable contre les d\u00e9perditions de chaleur en hiver et assure un climat int\u00e9rieur agr\u00e9ablement frais en \u00e9t\u00e9. La faible absorption d&#8217;eau par capillarit\u00e9 garantit que la ma\u00e7onnerie reste s\u00e8che &#8211; un facteur d\u00e9cisif pour l&#8217;efficacit\u00e9 durable de l&#8217;isolation et la pr\u00e9servation de la valeur de la structure du b\u00e2timent.<\/p>\n<p><strong>Les principaux avantages en un coup d&#8217;\u0153il :<\/strong><\/p>\n<div><img loading=\"lazy\" decoding=\"async\" class=\"alignnone wp-image-60501\" title=\"Icon lightweight facade plaster 2 green\" src=\"https:\/\/www.climatecoating.com\/wp-content\/uploads\/2020\/07\/Icon_lightweight-facade-plaster_2_green.png\" alt=\"Icon lightweight facade plaster 2 green\" width=\"50\" height=\"50\" srcset=\"https:\/\/www.climatecoating.com\/wp-content\/uploads\/2020\/07\/Icon_lightweight-facade-plaster_2_green.png 242w, https:\/\/www.climatecoating.com\/wp-content\/uploads\/2020\/07\/Icon_lightweight-facade-plaster_2_green-150x150.png 150w, https:\/\/www.climatecoating.com\/wp-content\/uploads\/2020\/07\/Icon_lightweight-facade-plaster_2_green-100x100.png 100w\" sizes=\"auto, (max-width: 50px) 100vw, 50px\" \/> enduit min\u00e9ral d&#8217;isolation thermique tr\u00e8s l\u00e9ger pour l&#8217;ext\u00e9rieur et l&#8217;int\u00e9rieur<\/div>\n<div><img loading=\"lazy\" decoding=\"async\" class=\"alignnone wp-image-62161\" title=\"Icon mineral grain green\" src=\"https:\/\/www.climatecoating.com\/wp-content\/uploads\/2020\/05\/Icon_mineral-grain_green.png\" alt=\"Icon mineral grain green\" width=\"50\" height=\"50\" srcset=\"https:\/\/www.climatecoating.com\/wp-content\/uploads\/2020\/05\/Icon_mineral-grain_green.png 242w, https:\/\/www.climatecoating.com\/wp-content\/uploads\/2020\/05\/Icon_mineral-grain_green-150x150.png 150w, https:\/\/www.climatecoating.com\/wp-content\/uploads\/2020\/05\/Icon_mineral-grain_green-100x100.png 100w\" sizes=\"auto, (max-width: 50px) 100vw, 50px\" \/> grain min\u00e9ral jusqu&#8217;\u00e0 2 mm<\/div>\n<div><img loading=\"lazy\" decoding=\"async\" class=\"alignnone wp-image-59778\" title=\"Ic\u00f4ne d'\u00e9conomie d'\u00e9nergie verte\" src=\"https:\/\/www.climatecoating.com\/wp-content\/uploads\/2025\/11\/Icon_energy-saving_green-1.png\" alt=\"Ic\u00f4ne d'\u00e9conomie d'\u00e9nergie verte\" width=\"50\" height=\"50\" srcset=\"https:\/\/www.climatecoating.com\/wp-content\/uploads\/2025\/11\/Icon_energy-saving_green-1.png 242w, https:\/\/www.climatecoating.com\/wp-content\/uploads\/2025\/11\/Icon_energy-saving_green-1-150x150.png 150w, https:\/\/www.climatecoating.com\/wp-content\/uploads\/2025\/11\/Icon_energy-saving_green-1-100x100.png 100w\" sizes=\"auto, (max-width: 50px) 100vw, 50px\" \/> efficace sur le plan \u00e9nerg\u00e9tique et \u00e9conomique<\/div>\n<div><img loading=\"lazy\" decoding=\"async\" class=\"alignnone wp-image-60446\" title=\"Icon evaporative cooling moisture regulating green\" src=\"https:\/\/www.climatecoating.com\/wp-content\/uploads\/2020\/08\/Icon_evaporative-cooling_moisture-regulating_green.png\" alt=\"Icon evaporative cooling moisture regulating green\" width=\"50\" height=\"50\" srcset=\"https:\/\/www.climatecoating.com\/wp-content\/uploads\/2020\/08\/Icon_evaporative-cooling_moisture-regulating_green.png 242w, https:\/\/www.climatecoating.com\/wp-content\/uploads\/2020\/08\/Icon_evaporative-cooling_moisture-regulating_green-150x150.png 150w, https:\/\/www.climatecoating.com\/wp-content\/uploads\/2020\/08\/Icon_evaporative-cooling_moisture-regulating_green-100x100.png 100w\" sizes=\"auto, (max-width: 50px) 100vw, 50px\" \/> r\u00e9gulation de l&#8217;humidit\u00e9<\/div>\n<div><img loading=\"lazy\" decoding=\"async\" class=\"alignnone wp-image-59755\" title=\"en \u00e9t\u00e9 : fra\u00eecheur perceptible\" src=\"https:\/\/www.climatecoating.com\/wp-content\/uploads\/2025\/11\/Icon_summer-heat-protection_green.png\" alt=\"en \u00e9t\u00e9 : fra\u00eecheur perceptible\" width=\"57\" height=\"57\" srcset=\"https:\/\/www.climatecoating.com\/wp-content\/uploads\/2025\/11\/Icon_summer-heat-protection_green.png 242w, https:\/\/www.climatecoating.com\/wp-content\/uploads\/2025\/11\/Icon_summer-heat-protection_green-150x150.png 150w, https:\/\/www.climatecoating.com\/wp-content\/uploads\/2025\/11\/Icon_summer-heat-protection_green-100x100.png 100w\" sizes=\"auto, (max-width: 57px) 100vw, 57px\" \/> haute r\u00e9sistance thermique structurelle<\/div>\n","protected":false},"featured_media":54308,"template":"","meta":[],"product_brand":[],"product_cat":[4320,1142,1150,1153,1538,1543,1275,1152,1271],"product_tag":[],"class_list":{"0":"post-54192","1":"product","2":"type-product","3":"status-publish","4":"has-post-thumbnail","6":"product_cat-enduits-exterieurs-interieurs","7":"product_cat-domaines-dapplication","8":"product_cat-batir-et-vivre","9":"product_cat-exterieur","10":"product_cat-applications-a-lexterieur-fr-2","11":"product_cat-exterieur-du-batiment","12":"product_cat-a-linterieur-de","13":"product_cat-batiments-publics","14":"product_cat-hotellerie-et-gastronomie","16":"first","17":"instock","18":"taxable","19":"shipping-taxable","20":"purchasable","21":"product-type-variable"},"_links":{"self":[{"href":"https:\/\/www.climatecoating.com\/fr\/wp-json\/wp\/v2\/product\/54192","targetHints":{"allow":["GET"]}}],"collection":[{"href":"https:\/\/www.climatecoating.com\/fr\/wp-json\/wp\/v2\/product"}],"about":[{"href":"https:\/\/www.climatecoating.com\/fr\/wp-json\/wp\/v2\/types\/product"}],"wp:featuredmedia":[{"embeddable":true,"href":"https:\/\/www.climatecoating.com\/fr\/wp-json\/wp\/v2\/media\/54308"}],"wp:attachment":[{"href":"https:\/\/www.climatecoating.com\/fr\/wp-json\/wp\/v2\/media?parent=54192"}],"wp:term":[{"taxonomy":"product_brand","embeddable":true,"href":"https:\/\/www.climatecoating.com\/fr\/wp-json\/wp\/v2\/product_brand?post=54192"},{"taxonomy":"product_cat","embeddable":true,"href":"https:\/\/www.climatecoating.com\/fr\/wp-json\/wp\/v2\/product_cat?post=54192"},{"taxonomy":"product_tag","embeddable":true,"href":"https:\/\/www.climatecoating.com\/fr\/wp-json\/wp\/v2\/product_tag?post=54192"}],"curies":[{"name":"wp","href":"https:\/\/api.w.org\/{rel}","templated":true}]}}