{"id":64397,"date":"2025-08-06T17:33:46","date_gmt":"2025-08-06T15:33:46","guid":{"rendered":"https:\/\/www.climatecoating.com\/produkt\/isotex-f50\/"},"modified":"2026-03-24T08:03:16","modified_gmt":"2026-03-24T07:03:16","slug":"isotex-f50","status":"publish","type":"product","link":"https:\/\/www.climatecoating.com\/fr\/produkt\/isotex-f50\/","title":{"rendered":"IsoTex F50"},"content":{"rendered":"<p><strong>Un enduit lisse appliqu\u00e9 en toute l\u00e9g\u00e8ret\u00e9<\/strong><\/p>\n<p data-start=\"385\" data-end=\"663\">Gr\u00e2ce \u00e0 sa granulom\u00e9trie fine et \u00e0 sa faible densit\u00e9 apparente, IsoTex F50 fait partie des enduits de finition les plus faciles \u00e0 appliquer. Avec une consommation de seulement 0,65 kg\/m\u00b2 par mm d\u2019\u00e9paisseur de couche, il s\u2019applique ais\u00e9ment et permet d\u2019obtenir une surface homog\u00e8ne et lisse. L\u2019enduit peut \u00eatre appliqu\u00e9 manuellement \u00e0 la truelle ou m\u00e9caniquement par projection. IsoTex F50 convient pour des supports en brique, b\u00e9ton, b\u00e9ton arm\u00e9, b\u00e9ton cellulaire, bois et m\u00e9tal, aussi bien en int\u00e9rieur qu\u2019en ext\u00e9rieur.<\/p>\n<p><strong>ClimateCoating<sup>\u00ae <\/sup>IsoTex \u2013 le trio \u00e9conome en \u00e9nergie pour une fa\u00e7ade lisse<\/strong><\/p>\n<p>IsoTex F50 est appliqu\u00e9 sur l&#8217;enduit d&#8217;isolation thermique <a href=\"https:\/\/www.climatecoating.com\/fr\/produkt\/isotex-r70\/\" target=\"_blank\" rel=\"noopener\">IsoTex R70<\/a> et constitue la couche finale d&#8217;enduit lisse. Apr\u00e8s s\u00e9chage, la surface peut \u00eatre recouverte de peintures fonctionnelles ClimateCoating<sup>\u00ae<\/sup>, par exemple <a href=\"https:\/\/www.climatecoating.com\/fr\/produkt\/thermoprotect\/\" target=\"_blank\" rel=\"noopener\">ThermoProtect<\/a> pour les fa\u00e7ades. Cette combinaison de syst\u00e8mes permet de r\u00e9aliser des \u00e9conomies d&#8217;\u00e9nergie de 15 \u00e0 40 % en mati\u00e8re de chauffage et de climatisation.<\/p>\n<p><img loading=\"lazy\" decoding=\"async\" class=\"alignnone wp-image-62220 size-full\" title=\"Fonctionnement du syst\u00e8me IsoTex FR\" src=\"https:\/\/www.climatecoating.com\/wp-content\/uploads\/2026\/01\/IsoTex-System_Funktionsweise_FR.png\" alt=\"Fonctionnement du syst\u00e8me IsoTex FR\" width=\"1600\" height=\"1150\" \/><\/p>\n<p>Cette performance est rendue possible par l\u2019interaction entre l\u2019enduit isolant thermique et la <a href=\"https:\/\/www.youtube.com\/watch?v=wZovk682oss\" target=\"_blank\" rel=\"noopener\">technologie de membrane r\u00e9fl\u00e9chissante<\/a> r\u00e9fl\u00e9chissante contenue dans la peinture fonctionnelle ClimateCoating<sup>\u00ae<\/sup>. Le rev\u00eatement de fa\u00e7ade agit comme une membrane intelligente : en cas de pluie, il n\u2019absorbe qu\u2019une quantit\u00e9 limit\u00e9e d\u2019eau, sans la transmettre \u00e0 la ma\u00e7onnerie sous-jacente. Apr\u00e8s une courte phase de saturation, la membrane se ferme, emp\u00eachant toute absorption suppl\u00e9mentaire \u2013 ind\u00e9pendamment de la dur\u00e9e des pr\u00e9cipitations. La quantit\u00e9 d\u2019\u00e9vaporation reste ainsi faible. Conform\u00e9ment aux enduits ext\u00e9rieurs selon la norme EN 998-1, le rev\u00eatement peut \u00eatre class\u00e9 comme hydrofuge.<\/p>\n<p>La peinture de fa\u00e7ade ThermoProtect est en outre extr\u00eamement r\u00e9sistante aux agressions environnementales telles que les rayons UV et les pluies acides. Son effet antistatique r\u00e9duit consid\u00e9rablement l\u2019adh\u00e9rence de la poussi\u00e8re. Il existe des fa\u00e7ades document\u00e9es o\u00f9, m\u00eame apr\u00e8s plus de 20 ans, le rev\u00eatement de type membranaire est rest\u00e9 intact, sans fissures et pleinement fonctionnel \u2013 garantissant ainsi durablement l\u2019effet d\u2019\u00e9conomie d\u2019\u00e9nergie (voir l&#8217;exemple de projet <a href=\"https:\/\/www.climatecoating.com\/fr\/references\/reference\/immeubles-a-appartements-a-perleberg\/\" target=\"_blank\" rel=\"noopener\">Perleberg &#8211; rev\u00eatement de fa\u00e7ade avec ThermoProtect<\/a> et <a href=\"https:\/\/www.climatecoating.com\/pressemitteilung-mehrfamilienhaus-in-spremberg-fassade-nach-25-jahren-noch-wie-neu\/\" target=\"_blank\" rel=\"noopener\">l&#8217;article de presse).<\/a><\/p>\n<p>La combinaison de la peinture de fa\u00e7ade <a href=\"https:\/\/www.climatecoating.com\/fr\/produkt\/thermoprotect\/\" target=\"_blank\" rel=\"noopener\">ThermoProtect<\/a> avec l\u2019enduit isolant thermique <a href=\"https:\/\/www.climatecoating.com\/fr\/produkt\/isotex-r70\/\" target=\"_blank\" rel=\"noopener\">IsoTex R70<\/a> et l\u2019enduit de finition IsoTex F50 met clairement en \u00e9vidence les avantages du syst\u00e8me d\u2019isolation thermique r\u00e9volutionnaire IsoTex : une longue dur\u00e9e de vie, une protection compl\u00e8te contre les intemp\u00e9ries et une r\u00e9duction durable des co\u00fbts de chauffage et de climatisation.<\/p>\n<p><strong>PS : En r\u00e9duisant l\u2019humidit\u00e9 dans la ma\u00e7onnerie d\u2019un seul pour cent, vous pouvez \u00e9conomiser jusqu\u2019\u00e0 10 % de frais de chauffage ! <\/strong><\/p>\n","protected":false},"excerpt":{"rendered":"<hr \/>\n<p><strong>Enduit de finition min\u00e9ral lisse <\/strong><\/p>\n<p>IsoTex F50 est un enduit de finition min\u00e9ral fin destin\u00e9 aux applications int\u00e9rieures et ext\u00e9rieures. Il est utilis\u00e9 comme couche de finition et d\u2019\u00e9galisation dans le syst\u00e8me ClimateCoating<sup>\u00ae<\/sup> IsoTex, en particulier sur l\u2019enduit isolant thermique <a href=\"https:\/\/www.climatecoating.com\/fr\/produkt\/isotex-r70\/\" target=\"_blank\" rel=\"noopener\">IsoTex R70<\/a>.<\/p>\n<p>Gr\u00e2ce \u00e0 sa granulom\u00e9trie fine et \u00e0 sa faible densit\u00e9 apparente, IsoTex F50 permet d\u2019obtenir une surface lisse, homog\u00e8ne et sans contraintes. Les irr\u00e9gularit\u00e9s de l\u2019enduit isolant sont compens\u00e9es de mani\u00e8re fiable. En m\u00eame temps, IsoTex F50 constitue la base id\u00e9ale pour les peintures ClimateCoating<sup>\u00ae<\/sup> appliqu\u00e9es ult\u00e9rieurement,par exemple la peinture de fa\u00e7ade <a href=\"https:\/\/www.climatecoating.com\/fr\/product\/thermoprotect\/\" target=\"_blank\" rel=\"noopener\">ThermoProtect<\/a> ou des rev\u00eatements muraux int\u00e9rieurs de haute qualit\u00e9 tels que <a href=\"https:\/\/www.climatecoating.com\/fr\/produkt\/thermoplus\/\" target=\"_blank\" rel=\"noopener\">ThermoPlus<\/a>, <a href=\"https:\/\/www.climatecoating.com\/fr\/produkt\/lumen\/\" target=\"_blank\" rel=\"noopener\">Lumen<\/a> ou <a href=\"https:\/\/www.climatecoating.com\/fr\/produkt\/thermovital\/\" target=\"_blank\" rel=\"noopener\">Thermovital<\/a>.<\/p>\n<p>En combinaison avec IsoTex R70 et la peinture de fa\u00e7ade ThermoProtect, IsoTex F50 contribue \u00e0 une gestion physique efficace de l\u2019humidit\u00e9, permettant de r\u00e9duire de mani\u00e8re d\u00e9montrable les co\u00fbts de chauffage et de climatisation de 15 \u00e0 40 %.<\/p>\n<p><strong>Les principaux avantages en un coup d&#8217;\u0153il :<\/strong><\/p>\n<div><img loading=\"lazy\" decoding=\"async\" class=\"alignnone wp-image-60501\" title=\"Icon lightweight facade plaster 2 green\" src=\"https:\/\/www.climatecoating.com\/wp-content\/uploads\/2020\/07\/Icon_lightweight-facade-plaster_2_green.png\" alt=\"Icon lightweight facade plaster 2 green\" width=\"50\" height=\"50\" srcset=\"https:\/\/www.climatecoating.com\/wp-content\/uploads\/2020\/07\/Icon_lightweight-facade-plaster_2_green.png 242w, https:\/\/www.climatecoating.com\/wp-content\/uploads\/2020\/07\/Icon_lightweight-facade-plaster_2_green-150x150.png 150w, https:\/\/www.climatecoating.com\/wp-content\/uploads\/2020\/07\/Icon_lightweight-facade-plaster_2_green-100x100.png 100w\" sizes=\"auto, (max-width: 50px) 100vw, 50px\" \/> enduit de finition min\u00e9rale tr\u00e8s l\u00e9ger pour l\u2019ext\u00e9rieur et l\u2019int\u00e9rieur<\/div>\n<div><img loading=\"lazy\" decoding=\"async\" class=\"alignnone wp-image-62138\" title=\"Icon fine grained green\" src=\"https:\/\/www.climatecoating.com\/wp-content\/uploads\/2025\/08\/Icon_fine-grained_green_.png\" alt=\"Icon fine grained green\" width=\"50\" height=\"50\" srcset=\"https:\/\/www.climatecoating.com\/wp-content\/uploads\/2025\/08\/Icon_fine-grained_green_.png 242w, https:\/\/www.climatecoating.com\/wp-content\/uploads\/2025\/08\/Icon_fine-grained_green_-150x150.png 150w, https:\/\/www.climatecoating.com\/wp-content\/uploads\/2025\/08\/Icon_fine-grained_green_-100x100.png 100w\" sizes=\"auto, (max-width: 50px) 100vw, 50px\" \/> grain tr\u00e8s fin (jusqu\u2019\u00e0 0,03 mm) pour des surfaces particuli\u00e8rement lisses<\/div>\n<div><img loading=\"lazy\" decoding=\"async\" class=\"alignnone wp-image-59778\" title=\"Ic\u00f4ne d'\u00e9conomie d'\u00e9nergie verte\" src=\"https:\/\/www.climatecoating.com\/wp-content\/uploads\/2025\/11\/Icon_energy-saving_green-1.png\" alt=\"Ic\u00f4ne d'\u00e9conomie d'\u00e9nergie verte\" width=\"50\" height=\"50\" srcset=\"https:\/\/www.climatecoating.com\/wp-content\/uploads\/2025\/11\/Icon_energy-saving_green-1.png 242w, https:\/\/www.climatecoating.com\/wp-content\/uploads\/2025\/11\/Icon_energy-saving_green-1-150x150.png 150w, https:\/\/www.climatecoating.com\/wp-content\/uploads\/2025\/11\/Icon_energy-saving_green-1-100x100.png 100w\" sizes=\"auto, (max-width: 50px) 100vw, 50px\" \/> efficacit\u00e9 \u00e9nerg\u00e9tique dans la composition du syst\u00e8me<\/div>\n<div><img loading=\"lazy\" decoding=\"async\" class=\"alignnone wp-image-60446\" title=\"Icon evaporative cooling moisture regulating green\" src=\"https:\/\/www.climatecoating.com\/wp-content\/uploads\/2020\/08\/Icon_evaporative-cooling_moisture-regulating_green.png\" alt=\"Icon evaporative cooling moisture regulating green\" width=\"50\" height=\"50\" srcset=\"https:\/\/www.climatecoating.com\/wp-content\/uploads\/2020\/08\/Icon_evaporative-cooling_moisture-regulating_green.png 242w, https:\/\/www.climatecoating.com\/wp-content\/uploads\/2020\/08\/Icon_evaporative-cooling_moisture-regulating_green-150x150.png 150w, https:\/\/www.climatecoating.com\/wp-content\/uploads\/2020\/08\/Icon_evaporative-cooling_moisture-regulating_green-100x100.png 100w\" sizes=\"auto, (max-width: 50px) 100vw, 50px\" \/> r\u00e9gulation de l\u2019humidit\u00e9 &amp; perm\u00e9able \u00e0 la diffusion<\/div>\n<div><img loading=\"lazy\" decoding=\"async\" class=\"alignnone wp-image-62166\" title=\"Icon low stress &amp; crack minimizing green\" src=\"https:\/\/www.climatecoating.com\/wp-content\/uploads\/2025\/08\/Icon_low-stress-crack-minimizing_green-2.png\" alt=\"Icon low stress &amp; crack minimizing green\" width=\"50\" height=\"50\" srcset=\"https:\/\/www.climatecoating.com\/wp-content\/uploads\/2025\/08\/Icon_low-stress-crack-minimizing_green-2.png 242w, https:\/\/www.climatecoating.com\/wp-content\/uploads\/2025\/08\/Icon_low-stress-crack-minimizing_green-2-150x150.png 150w, https:\/\/www.climatecoating.com\/wp-content\/uploads\/2025\/08\/Icon_low-stress-crack-minimizing_green-2-100x100.png 100w\" sizes=\"auto, (max-width: 50px) 100vw, 50px\" \/> faible tension &amp; r\u00e9duction du risque de fissures<\/div>\n","protected":false},"featured_media":64394,"template":"","meta":[],"product_brand":[],"product_cat":[4320,1150,1153,1142,1535,1538,1543,1501,1275,1502,1152,1271],"product_tag":[],"class_list":{"0":"post-64397","1":"product","2":"type-product","3":"status-publish","4":"has-post-thumbnail","6":"product_cat-enduits-exterieurs-interieurs","7":"product_cat-batir-et-vivre","8":"product_cat-exterieur","9":"product_cat-domaines-dapplication","10":"product_cat-applications-a-linterieur-fr-3","11":"product_cat-applications-a-lexterieur-fr-2","12":"product_cat-exterieur-du-batiment","13":"product_cat-applications-a-lexterieur-fr","14":"product_cat-a-linterieur-de","15":"product_cat-applications-a-linterieur","16":"product_cat-batiments-publics","17":"product_cat-hotellerie-et-gastronomie","19":"first","20":"instock","21":"taxable","22":"shipping-taxable","23":"purchasable","24":"product-type-variable"},"_links":{"self":[{"href":"https:\/\/www.climatecoating.com\/fr\/wp-json\/wp\/v2\/product\/64397","targetHints":{"allow":["GET"]}}],"collection":[{"href":"https:\/\/www.climatecoating.com\/fr\/wp-json\/wp\/v2\/product"}],"about":[{"href":"https:\/\/www.climatecoating.com\/fr\/wp-json\/wp\/v2\/types\/product"}],"wp:featuredmedia":[{"embeddable":true,"href":"https:\/\/www.climatecoating.com\/fr\/wp-json\/wp\/v2\/media\/64394"}],"wp:attachment":[{"href":"https:\/\/www.climatecoating.com\/fr\/wp-json\/wp\/v2\/media?parent=64397"}],"wp:term":[{"taxonomy":"product_brand","embeddable":true,"href":"https:\/\/www.climatecoating.com\/fr\/wp-json\/wp\/v2\/product_brand?post=64397"},{"taxonomy":"product_cat","embeddable":true,"href":"https:\/\/www.climatecoating.com\/fr\/wp-json\/wp\/v2\/product_cat?post=64397"},{"taxonomy":"product_tag","embeddable":true,"href":"https:\/\/www.climatecoating.com\/fr\/wp-json\/wp\/v2\/product_tag?post=64397"}],"curies":[{"name":"wp","href":"https:\/\/api.w.org\/{rel}","templated":true}]}}