{"id":46835,"date":"2023-05-02T10:27:23","date_gmt":"2023-05-02T08:27:23","guid":{"rendered":"https:\/\/www.climatecoating.com\/lemondasi-szabalyzat\/"},"modified":"2023-05-02T10:27:26","modified_gmt":"2023-05-02T08:27:26","slug":"lemondasi-szabalyzat","status":"publish","type":"page","link":"https:\/\/www.climatecoating.com\/hu\/jogi\/lemondasi-szabalyzat\/","title":{"rendered":"Lemond\u00e1si szab\u00e1lyzat"},"content":{"rendered":"<div class=\"wpb-content-wrapper\"><p>[vc_row row_type=&#8221;row&#8221; use_row_as_full_screen_section=&#8221;no&#8221; type=&#8221;full_width&#8221; text_align=&#8221;left&#8221; background_animation=&#8221;none&#8221; css_animation=&#8221;&#8221; css=&#8221;.vc_custom_1655134508735{padding-bottom: 90px !important;}&#8221;][vc_column][vc_column_text]<\/p>\n<h1>Lemond\u00e1si szab\u00e1lyzat<\/h1>\n<h2>El\u00e1ll\u00e1si jog<\/h2>\n<p>\u00d6nnek joga van tizenn\u00e9gy napon bel\u00fcl indokl\u00e1s n\u00e9lk\u00fcl felmondani a szerz\u0151d\u00e9st. Az el\u00e1ll\u00e1si hat\u00e1rid\u0151 tizenn\u00e9gy nap att\u00f3l a napt\u00f3l sz\u00e1m\u00edtva, amikor \u00d6n vagy az \u00d6n \u00e1ltal megnevezett harmadik szem\u00e9ly, aki nem a fuvaroz\u00f3, \u00e1tvette az utols\u00f3 r\u00e9szsz\u00e1ll\u00edtm\u00e1nyt vagy az \u00e1ru utols\u00f3 darabj\u00e1t.<\/p>\n<p>Az el\u00e1ll\u00e1si jog gyakorl\u00e1s\u00e1hoz \u00e9rtes\u00edtenie kell minket (SICC Coatings GmbH, Wackenbergstr. 78-82, 13156 Berlin, telefonsz\u00e1m: 030 \/ 500 196-0; faxsz\u00e1m: 030 \/ 500 196-20, e-mail c\u00edm: <a href=\"mailto:shop@climatecoating.de\">shop@climatecoating.de)<\/a> egy\u00e9rtelm\u0171 nyilatkozatban (pl. postai \u00faton, faxon vagy e-mailben k\u00fcld\u00f6tt lev\u00e9lben) k\u00f6zli a szerz\u0151d\u00e9s visszavon\u00e1s\u00e1ra vonatkoz\u00f3 d\u00f6nt\u00e9s\u00e9t. Erre a c\u00e9lra haszn\u00e1lhatja a mell\u00e9kelt visszavon\u00e1si formanyomtatv\u00e1ny mint\u00e1j\u00e1t, amely azonban nem k\u00f6telez\u0151. Az el\u00e1ll\u00e1si formanyomtatv\u00e1nyt vagy m\u00e1s egy\u00e9rtelm\u0171 nyilatkozatot elektronikusan is kit\u00f6ltheti \u00e9s beny\u00fajthatja honlapunkon (www.climatecoating.com). Ha \u00d6n \u00e9l ezzel a lehet\u0151s\u00e9ggel, k\u00e9sedelem n\u00e9lk\u00fcl (pl. e-mailben) visszaigazol\u00e1st k\u00fcld\u00fcnk \u00d6nnek a visszavon\u00e1s k\u00e9zhezv\u00e9tel\u00e9r\u0151l.<\/p>\n<p>A felmond\u00e1si hat\u00e1rid\u0151 betart\u00e1s\u00e1hoz elegend\u0151, ha a felmond\u00e1si jog gyakorl\u00e1s\u00e1r\u00f3l sz\u00f3l\u00f3 \u00e9rtes\u00edt\u00e9st a felmond\u00e1si hat\u00e1rid\u0151 lej\u00e1rta el\u0151tt elk\u00fcldi.<\/p>\n<p>&nbsp;<\/p>\n<h2>A visszavon\u00e1s k\u00f6vetkezm\u00e9nyei<\/h2>\n<p>Ha \u00d6n el\u00e1ll a szerz\u0151d\u00e9st\u0151l, akkor halad\u00e9ktalanul, de legk\u00e9s\u0151bb att\u00f3l a napt\u00f3l sz\u00e1m\u00edtott tizenn\u00e9gy napon bel\u00fcl, amikor a szerz\u0151d\u00e9st\u0151l val\u00f3 el\u00e1ll\u00e1s\u00e1r\u00f3l sz\u00f3l\u00f3 \u00e9rtes\u00edt\u00e9st k\u00e9zhez kaptuk, vissza kell t\u00e9r\u00edten\u00fcnk az \u00d6nt\u0151l kapott \u00f6sszes kifizet\u00e9st, bele\u00e9rtve a sz\u00e1ll\u00edt\u00e1si k\u00f6lts\u00e9geket is (kiv\u00e9ve az abb\u00f3l ered\u0151 t\u00f6bbletk\u00f6lts\u00e9geket, hogy \u00d6n az \u00e1ltalunk k\u00edn\u00e1lt olcs\u00f3 standard sz\u00e1ll\u00edt\u00e1si m\u00f3dt\u00f3l elt\u00e9r\u0151 sz\u00e1ll\u00edt\u00e1si m\u00f3dot v\u00e1lasztott). A visszafizet\u00e9shez ugyanazt a fizet\u00e9si eszk\u00f6zt haszn\u00e1ljuk, amelyet \u00d6n az eredeti tranzakci\u00f3 sor\u00e1n haszn\u00e1lt, kiv\u00e9ve, ha kifejezetten m\u00e1sk\u00e9nt \u00e1llapodtunk meg; a visszafizet\u00e9s\u00e9rt semmilyen esetben nem sz\u00e1m\u00edtunk fel \u00d6nnek d\u00edjat.<\/p>\n<p>A visszafizet\u00e9st mindaddig megtagadhatjuk, am\u00edg vissza nem kapjuk az \u00e1rut, vagy am\u00edg \u00d6n nem bizony\u00edtja, hogy visszak\u00fcldte az \u00e1rut, att\u00f3l f\u00fcgg\u0151en, hogy melyik a kor\u00e1bbi id\u0151pont.<\/p>\n<p>Az \u00e1rut halad\u00e9ktalanul, de legk\u00e9s\u0151bb att\u00f3l a napt\u00f3l sz\u00e1m\u00edtott tizenn\u00e9gy napon bel\u00fcl, amelyen \u00d6n \u00e9rtes\u00edt minket a szerz\u0151d\u00e9s visszavon\u00e1s\u00e1r\u00f3l, vissza kell k\u00fcldenie vagy \u00e1t kell adnia nek\u00fcnk. A hat\u00e1rid\u0151 akkor teljes\u00fcl, ha \u00d6n a tizenn\u00e9gy napos hat\u00e1rid\u0151 lej\u00e1rta el\u0151tt elk\u00fcldi az \u00e1rut. Az \u00e1ru visszak\u00fcld\u00e9s\u00e9nek k\u00f6zvetlen k\u00f6lts\u00e9gei \u00d6nt terhelik.<\/p>\n<p>\u00d6nnek csak akkor kell megfizetnie az \u00e1ru \u00e9rt\u00e9kveszt\u00e9s\u00e9t, ha ez az \u00e9rt\u00e9kveszt\u00e9s az \u00e1ru olyan kezel\u00e9s\u00e9b\u0151l ad\u00f3dik, amely nem sz\u00fcks\u00e9ges az \u00e1ru min\u0151s\u00e9g\u00e9nek, tulajdons\u00e1gainak \u00e9s m\u0171k\u00f6d\u00e9s\u00e9nek vizsg\u00e1lat\u00e1hoz.<\/p>\n<p>&nbsp;<\/p>\n<h2>K\u00fcl\u00f6nleges megjegyz\u00e9sek:<\/h2>\n<p>Szolg\u00e1ltat\u00e1s eset\u00e9n az \u00d6n el\u00e1ll\u00e1si joga id\u0151 el\u0151tt lej\u00e1r, ha a szerz\u0151d\u00e9st \u00d6n \u00e9s mi az \u00d6n kifejezett k\u00e9r\u00e9s\u00e9re teljes m\u00e9rt\u00e9kben teljes\u00edtett\u00fck, miel\u0151tt \u00d6n az el\u00e1ll\u00e1si jog\u00e1t gyakorolta volna.<\/p>\n<p>&nbsp;<\/p>\n<h2>Az el\u00e1ll\u00e1si jog kiz\u00e1r\u00e1sa:<\/h2>\n<p>Az el\u00e1ll\u00e1si jog nem vonatkozik a k\u00f6vetkez\u0151 szerz\u0151d\u00e9sekre<\/p>\n<ul>\n<li>olyan \u00e1ruk sz\u00e1ll\u00edt\u00e1s\u00e1ra, amelyek nem el\u0151re gy\u00e1rtottak, \u00e9s amelyek el\u0151\u00e1ll\u00edt\u00e1sa sor\u00e1n a fogyaszt\u00f3 egy\u00e9ni v\u00e1laszt\u00e1sa vagy meghat\u00e1roz\u00e1sa a d\u00f6nt\u0151, vagy amelyek egy\u00e9rtelm\u0171en a fogyaszt\u00f3 szem\u00e9lyes ig\u00e9nyeihez igazodnak. Ez mag\u00e1ban foglalja az \u00fczletben tal\u00e1lhat\u00f3 \u00f6sszes term\u00e9ket sz\u00ednv\u00e1laszt\u00e9kkal, olyan \u00e1ruk sz\u00e1ll\u00edt\u00e1s\u00e1ra, amelyek gyorsan megromolhatnak, vagy amelyek lej\u00e1rati ideje gyorsan t\u00fall\u00e9phet\u0151,<\/li>\n<li>olyan lez\u00e1rt \u00e1ruk sz\u00e1ll\u00edt\u00e1sa eset\u00e9n, amelyek eg\u00e9szs\u00e9gv\u00e9delmi vagy higi\u00e9niai okokb\u00f3l nem alkalmasak a visszak\u00fcld\u00e9sre, ha a pecs\u00e9tet a sz\u00e1ll\u00edt\u00e1s ut\u00e1n elt\u00e1vol\u00edtott\u00e1k,<\/li>\n<li>az \u00e1ruk sz\u00e1ll\u00edt\u00e1sa eset\u00e9n, ha azok a sz\u00e1ll\u00edt\u00e1st k\u00f6vet\u0151en jelleg\u00fckb\u0151l ad\u00f3d\u00f3an elv\u00e1laszthatatlanul \u00f6sszekeveredtek m\u00e1s \u00e1rukkal,<\/li>\n<li>hang- vagy videofelv\u00e9telek vagy sz\u00e1m\u00edt\u00f3g\u00e9pes szoftverek z\u00e1rt csomagol\u00e1sban t\u00f6rt\u00e9n\u0151 sz\u00e1ll\u00edt\u00e1sa eset\u00e9n, ha a pecs\u00e9tet a sz\u00e1ll\u00edt\u00e1s ut\u00e1n elt\u00e1vol\u00edtott\u00e1k<\/li>\n<\/ul>\n<p>[\/vc_column_text][\/vc_column][\/vc_row]<\/p>\n<\/div>","protected":false},"excerpt":{"rendered":"<p>[vc_row row_type=&#8221;row&#8221; use_row_as_full_screen_section=&#8221;no&#8221; type=&#8221;full_width&#8221; text_align=&#8221;left&#8221; background_animation=&#8221;none&#8221; css_animation=&#8221;&#8221; css=&#8221;.vc_custom_1655134508735{padding-bottom: 90px !important;}&#8221;][vc_column][vc_column_text] Lemond\u00e1si szab\u00e1lyzat El\u00e1ll\u00e1si jog \u00d6nnek joga van tizenn\u00e9gy napon bel\u00fcl indokl\u00e1s n\u00e9lk\u00fcl felmondani a szerz\u0151d\u00e9st. Az el\u00e1ll\u00e1si hat\u00e1rid\u0151 tizenn\u00e9gy nap att\u00f3l a napt\u00f3l sz\u00e1m\u00edtva, amikor \u00d6n vagy az \u00d6n \u00e1ltal megnevezett harmadik szem\u00e9ly, aki nem&#8230;<\/p>\n","protected":false},"author":1,"featured_media":0,"parent":47191,"menu_order":0,"comment_status":"closed","ping_status":"closed","template":"","meta":{"footnotes":""},"class_list":["post-46835","page","type-page","status-publish","hentry"],"_links":{"self":[{"href":"https:\/\/www.climatecoating.com\/hu\/wp-json\/wp\/v2\/pages\/46835","targetHints":{"allow":["GET"]}}],"collection":[{"href":"https:\/\/www.climatecoating.com\/hu\/wp-json\/wp\/v2\/pages"}],"about":[{"href":"https:\/\/www.climatecoating.com\/hu\/wp-json\/wp\/v2\/types\/page"}],"author":[{"embeddable":true,"href":"https:\/\/www.climatecoating.com\/hu\/wp-json\/wp\/v2\/users\/1"}],"replies":[{"embeddable":true,"href":"https:\/\/www.climatecoating.com\/hu\/wp-json\/wp\/v2\/comments?post=46835"}],"version-history":[{"count":0,"href":"https:\/\/www.climatecoating.com\/hu\/wp-json\/wp\/v2\/pages\/46835\/revisions"}],"up":[{"embeddable":true,"href":"https:\/\/www.climatecoating.com\/hu\/wp-json\/wp\/v2\/pages\/47191"}],"wp:attachment":[{"href":"https:\/\/www.climatecoating.com\/hu\/wp-json\/wp\/v2\/media?parent=46835"}],"curies":[{"name":"wp","href":"https:\/\/api.w.org\/{rel}","templated":true}]}}