{"id":46854,"date":"2023-05-02T10:27:25","date_gmt":"2023-05-02T08:27:25","guid":{"rendered":"https:\/\/www.climatecoating.com\/calculus\/"},"modified":"2024-08-21T17:42:14","modified_gmt":"2024-08-21T15:42:14","slug":"calculus","status":"publish","type":"page","link":"https:\/\/www.climatecoating.com\/hu\/calculus\/","title":{"rendered":"Calculus"},"content":{"rendered":"<div class=\"wpb-content-wrapper\"><p>[vc_row row_type=&#8221;row&#8221; use_row_as_full_screen_section=&#8221;no&#8221; type=&#8221;full_width&#8221; text_align=&#8221;left&#8221; background_animation=&#8221;none&#8221; padding_bottom=&#8221;45&#8243; css_animation=&#8221;&#8221;][vc_column][vc_single_image image=&#8221;46710&#8243; img_size=&#8221;full&#8221; qode_css_animation=&#8221;&#8221;][vc_column_text css=&#8221;.vc_custom_1677228153488{margin-top: 20px !important;}&#8221;]<\/p>\n<h1>A h\u0151m\u00e9rs\u00e9klet-kalkul\u00e1tor Calculus<sup>\u00ae<\/sup><\/h1>\n<p>[\/vc_column_text][\/vc_column][\/vc_row][vc_row row_type=&#8221;row&#8221; use_row_as_full_screen_section=&#8221;no&#8221; type=&#8221;full_width&#8221; text_align=&#8221;left&#8221; background_animation=&#8221;none&#8221; padding_bottom=&#8221;45&#8243; css_animation=&#8221;&#8221; css=&#8221;.vc_custom_1677187662616{margin-top: -40px !important;}&#8221;][vc_column width=&#8221;1\/2&#8243;][vc_column_text css=&#8221;.vc_custom_1724253671190{padding-bottom: 30px !important;}&#8221;]<sup>A Calculus\u00ae<\/sup> egy mesters\u00e9ges intelligencia alap\u00fa webes eszk\u00f6z a belt\u00e9ri h\u0151m\u00e9rs\u00e9kleti k\u00fcl\u00f6nbs\u00e9gek el\u0151rejelz\u00e9s\u00e9re \u00e9s a potenci\u00e1lis energiamegtakar\u00edt\u00e1sok levezet\u00e9s\u00e9re, ha a falakat \u00e9s\/vagy tet\u0151ket a <sup>ClimateCoating\u00ae<\/sup> ThermoProtect \u00e9s ThermoActive term\u00e9kekkel vonj\u00e1k be.<br \/>\nA mesters\u00e9ges intelligenci\u00e1t (AI) a vil\u00e1gm\u00e9ret\u0171 gyakorlatb\u00f3l sz\u00e1rmaz\u00f3 nagy mennyis\u00e9g\u0171 adattal k\u00e9pezt\u00e9k \u00e9s k\u00e9pzik, bele\u00e9rtve a nagyon forr\u00f3 \u00e9ghajlatokat is.  Az algoritmus \u00e9p\u00fcletfizikai adatokra t\u00e1maszkodik: pl. a napsug\u00e1rz\u00e1s visszaver\u0151d\u00e9s\u00e9re. A <sup>Calculus\u00ae<\/sup> seg\u00edts\u00e9g\u00e9vel az \u00e9p\u00fcletek k\u00f6lts\u00e9gei \u00e9s energiahat\u00e9konys\u00e1ga jobban kisz\u00e1m\u00edthat\u00f3. Ez megk\u00f6nny\u00edti a k\u00fcl\u00f6nb\u00f6z\u0151 \u00e9p\u00fclett\u00edpusok energetikai koncepci\u00f3j\u00e1nak tervez\u00e9s\u00e9t elt\u00e9r\u0151 \u00e9ghajlati k\u00f6r\u00fclm\u00e9nyek k\u00f6z\u00f6tt. A webes eszk\u00f6zt folyamatosan tov\u00e1bbfejlesztj\u00fck. \u00d6r\u00f6mmel fogadjuk javaslatait \u00e9s k\u00e9rd\u00e9seit az <a href=\"#feedback\">\u0171rlapon<\/a> kereszt\u00fcl. &#8230;&#8230;&#8230;&#8230;&#8230;&#8230;&#8230;&#8230;&#8230;&#8230;&#8230;&#8230;&#8230;&#8230;&#8230;&#8230;&#8230;&#8230;&#8230;&#8230;&#8230; <strong>2024. m\u00e1jus 15-\u00e9n a <sup>Calculus\u00ae<\/sup> elnyerte a &#8220;Ger<\/strong><strong>man Innovation Award Special&#8221;.<br \/>\nA <a href=\"https:\/\/www.climatecoating.com\/verleihung-german-innovation-award-special\/\" target=\"_blank\" rel=\"noopener\">h\u00edrekhez<\/a>. <\/strong><\/p>\n<p><img loading=\"lazy\" decoding=\"async\" class=\"alignleft size-full wp-image-52028\" title=\"N\u00e9met-Innov\u00e1ci\u00f3s-d\u00edj-2024-Special\" src=\"https:\/\/www.climatecoating.com\/wp-content\/uploads\/2024\/08\/German-Innovation-Award-2024-Special-e1764768260224.jpg\" alt=\"n\u00e9met innov\u00e1ci\u00f3 2024 tan\u00fas\u00edtv\u00e1ny\" width=\"254\" height=\"201\"><\/p>\n<p>&nbsp;<\/p>\n<p>&nbsp;<\/p>\n<p>&nbsp;<\/p>\n<p>&nbsp;<\/p>\n<p>&nbsp;  &#8230;&#8230;&#8230;&#8230;&#8230;&#8230;&#8230;&#8230;&#8230;&#8230;&#8230;&#8230;&#8230;&#8230;&#8230;&#8230;&#8230;&#8230;&#8230;&#8230;&#8230;[\/vc_column_text][\/vc_column][vc_column width=&#8221;1\/2&#8243; css=&#8221;.vc_custom_1677187654806{padding-top: 25px !important;}&#8221;][vc_single_image image=&#8221;46713&#8243; img_size=&#8221;full&#8221; onclick=&#8221;custom_link&#8221; img_link_target=&#8221;_blank&#8221; qode_css_animation=&#8221;&#8221; link=&#8221;https:\/\/ki.sicc-coatings.de\/index\/de?&#8221;][\/vc_column][\/vc_row][vc_row row_type=&#8221;row&#8221; use_row_as_full_screen_section=&#8221;no&#8221; type=&#8221;full_width&#8221; text_align=&#8221;left&#8221; background_animation=&#8221;none&#8221; padding_bottom=&#8221;45&#8243; css_animation=&#8221;&#8221;][vc_column width=&#8221;1\/2&#8243;][vc_column_text css=&#8221;.vc_custom_1694610465920{padding-bottom: 30px !important;}&#8221;]<\/p>\n<h2>A c\u00e9l el\u00e9r\u00e9se n\u00e9h\u00e1ny param\u00e9terrel<\/h2>\n<p>  Adja meg ezeket az adatokat:  <\/p>\n<ul>\n<li>Helysz\u00edn \u00e9s \u00e9p\u00fclett\u00edpus (kiv\u00e1laszt\u00e1si mez\u0151k),<\/li>\n<li>L\u00e9gkondicion\u00e1lt vagy nem l\u00e9gkondicion\u00e1lt (v\u00e1laszthat\u00f3 mez\u0151)<\/li>\n<li>Az \u00e9p\u00fcletr\u00e9sz t\u00edpusa, az \u00e9p\u00fcletr\u00e9sz m\u00e9retei, f\u00f6ldrajzi t\u00e1jol\u00e1s (ir\u00e1nyt\u0171 ir\u00e1nya), megl\u00e9v\u0151 szigetel\u00e9s.<\/li>\n<\/ul>\n<p>  Az eredm\u00e9ny grafikon form\u00e1j\u00e1ban mutatja a h\u0151m\u00e9rs\u00e9klet alakul\u00e1s\u00e1t az \u00e9v minden h\u00f3napj\u00e1ra az \u00e9p\u00fcletben &#8211; bevonattal \u00e9s bevonat n\u00e9lk\u00fcl. Ezen k\u00edv\u00fcl felsorolj\u00e1k az \u00e9p\u00fclet \u00e1tlagos belt\u00e9ri h\u0151m\u00e9rs\u00e9klet\u00e9t (MKT = \u00e1tlagos kinetikus h\u0151m\u00e9rs\u00e9klet), \u00e9s azt, hogy ez \u00e9vente \u00f6sszess\u00e9g\u00e9ben hogyan cs\u00f6kkenthet\u0151 a bevonatokkal. Az eredm\u00e9nyek PDF form\u00e1tumban let\u00f6lthet\u0151k. Az AI-alap\u00fa webes eszk\u00f6z haszn\u00e1lata el\u0151tt vagy haszn\u00e1lata k\u00f6zben a legjobb, ha elolvassa a<strong> <a href=\"https:\/\/www.climatecoating.com\/wp-content\/uploads\/dlm_uploads\/2023\/09\/Gebrauchsanweisung-KI-Calculus.pdf\" target=\"_blank\" rel=\"noopener\">KI-Calculus haszn\u00e1lati \u00fatmutat\u00f3t<\/a><\/strong> az AI-alap\u00fa webes eszk\u00f6z haszn\u00e1lata el\u0151tt vagy k\u00f6zben.[\/vc_column_text]<a href=\"https:\/\/ki.sicc-coatings.de\/index\/de?\" target=\"_blank\" data-hover-background-color='#d6202d' data-hover-border-color='#d6202d' data-hover-color='#ffffff' class=\"qbutton  qbutton_with_icon\" style=\"color: #ffffff; border-color: #d6202d; background-color: #d6202d;\">A Calculus\u00ae h\u0151m\u00e9rs\u00e9klet-kalkul\u00e1torhoz<i class=\"qode_icon_font_awesome fa fa-arrow-right button_icon\" style=\"\" ><\/i><\/a>[\/vc_column][vc_column width=&#8221;1\/2&#8243;][vc_single_image image=&#8221;46711&#8243; img_size=&#8221;full&#8221; onclick=&#8221;custom_link&#8221; img_link_target=&#8221;_blank&#8221; qode_css_animation=&#8221;&#8221; link=&#8221;https:\/\/ki.sicc-coatings.de\/index\/de?&#8221;][vc_raw_html css=&#8221;.vc_custom_1677241592043{padding-bottom: 30px !important;}&#8221;]PGEgaWQ9ImZlZWRiYWNrIj48L2E+[\/vc_raw_html][\/vc_column][\/vc_row][vc_row row_type=&#8221;row&#8221; use_row_as_full_screen_section=&#8221;no&#8221; type=&#8221;full_width&#8221; text_align=&#8221;left&#8221; background_animation=&#8221;none&#8221; padding_bottom=&#8221;45&#8243; css_animation=&#8221;&#8221;][vc_column][vc_column_text css=&#8221;.vc_custom_1677241364765{padding-bottom: 30px !important;}&#8221; el_id=&#8221;feedback&#8221;]<\/p>\n<h2>Visszajelz\u00e9si \u0171rlap<\/h2>\n<p>[\/vc_column_text]\n<div class=\"wpcf7 no-js\" id=\"wpcf7-f46848-o1\" lang=\"hu-HU\" dir=\"ltr\" data-wpcf7-id=\"46848\">\n<div class=\"screen-reader-response\"><p role=\"status\" aria-live=\"polite\" aria-atomic=\"true\"><\/p> <ul><\/ul><\/div>\n<form action=\"\/hu\/wp-json\/wp\/v2\/pages\/46854#wpcf7-f46848-o1\" method=\"post\" class=\"wpcf7-form init default wpcf7-acceptance-as-validation\" aria-label=\"Kapcsolatfelv\u00e9teli \u0171rlap\" novalidate=\"novalidate\" data-status=\"init\">\n<fieldset class=\"hidden-fields-container\"><input type=\"hidden\" name=\"_wpcf7\" value=\"46848\" \/><input type=\"hidden\" name=\"_wpcf7_version\" value=\"6.1.5\" \/><input type=\"hidden\" name=\"_wpcf7_locale\" value=\"hu_HU\" \/><input type=\"hidden\" name=\"_wpcf7_unit_tag\" value=\"wpcf7-f46848-o1\" \/><input type=\"hidden\" name=\"_wpcf7_container_post\" value=\"0\" \/><input type=\"hidden\" name=\"_wpcf7_posted_data_hash\" value=\"\" \/><input type=\"hidden\" name=\"_wpcf7_recaptcha_response\" value=\"\" \/>\n<\/fieldset>\n<p><label>Az \u00d6n neve (k\u00f6telez\u0151 mez\u0151)<br \/>\n<span class=\"wpcf7-form-control-wrap\" data-name=\"your-name\"><input size=\"40\" maxlength=\"400\" class=\"wpcf7-form-control wpcf7-text wpcf7-validates-as-required\" aria-required=\"true\" aria-invalid=\"false\" value=\"\" type=\"text\" name=\"your-name\" \/><\/span> <\/label>\n<\/p>\n<p><label>Az \u00d6n e-mail c\u00edme (k\u00f6telez\u0151 mez\u0151)<br \/>\n<span class=\"wpcf7-form-control-wrap\" data-name=\"your-email\"><input size=\"40\" maxlength=\"400\" class=\"wpcf7-form-control wpcf7-email wpcf7-validates-as-required wpcf7-text wpcf7-validates-as-email\" aria-required=\"true\" aria-invalid=\"false\" value=\"\" type=\"email\" name=\"your-email\" \/><\/span> <\/label>\n<\/p>\n<p><label>Javaslataim \u00e9s k\u00e9rd\u00e9seim (k\u00f6telez\u0151 mez\u0151)<br \/>\n<span class=\"wpcf7-form-control-wrap\" data-name=\"your-message\"><textarea cols=\"40\" rows=\"10\" maxlength=\"2000\" class=\"wpcf7-form-control wpcf7-textarea\" aria-invalid=\"false\" name=\"your-message\"><\/textarea><\/span> <\/label>\n<\/p>\n<p><label>Szeretn\u00e9k v\u00e1laszt kapni (k\u00f6telez\u0151 mez\u0151)<\/label><br \/>\n<span class=\"wpcf7-form-control-wrap\" data-name=\"Antwort\"><span class=\"wpcf7-form-control wpcf7-checkbox wpcf7-validates-as-required\"><span class=\"wpcf7-list-item first\"><label><input type=\"checkbox\" name=\"Antwort[]\" value=\"Igen\" \/><span class=\"wpcf7-list-item-label\">Igen<\/span><\/label><\/span><span class=\"wpcf7-list-item last\"><label><input type=\"checkbox\" name=\"Antwort[]\" value=\"Nem\" \/><span class=\"wpcf7-list-item-label\">Nem<\/span><\/label><\/span><\/span><\/span>\n<\/p>\n<p><span id=\"wpcf7-69daf8ba5e2d5-wrapper\" class=\"wpcf7-form-control-wrap Lieblingsfarbe-wrap\" style=\"display:none !important; visibility:hidden !important;\"><label for=\"lieblingsfarbe\" class=\"hp-message\">Please leave this field empty.<\/label><input id=\"lieblingsfarbe\"  class=\"wpcf7-form-control wpcf7-text\" type=\"text\" name=\"Lieblingsfarbe\" value=\"\" size=\"40\" tabindex=\"-1\" autocomplete=\"new-password\" \/><\/span><br \/>\n<span class=\"wpcf7-form-control-wrap\" data-name=\"cmplz-acceptance\"><span class=\"wpcf7-form-control wpcf7-acceptance\"><span class=\"wpcf7-list-item\"><label><input type=\"checkbox\" name=\"cmplz-acceptance\" value=\"1\" aria-invalid=\"false\" \/><span class=\"wpcf7-list-item-label\">Az \u0171rlap elk\u00fcld\u00e9s\u00e9hez el kell fogadnia <a href=\"#?cmplz_region_redirect=true\">adatv\u00e9delmi szab\u00e1lyzatunkat<\/a>.<\/span><\/label><\/span><\/span><\/span>\n<\/p>\n<p><input class=\"wpcf7-form-control wpcf7-submit has-spinner\" type=\"submit\" value=\"K\u00fcld\" \/>\n<\/p><div class=\"wpcf7-response-output\" aria-hidden=\"true\"><\/div>\n<\/form>\n<\/div>\n[\/vc_column][\/vc_row]<\/p>\n<\/div>","protected":false},"excerpt":{"rendered":"<p>[vc_row row_type=&#8221;row&#8221; use_row_as_full_screen_section=&#8221;no&#8221; type=&#8221;full_width&#8221; text_align=&#8221;left&#8221; background_animation=&#8221;none&#8221; padding_bottom=&#8221;45&#8243; css_animation=&#8221;&#8221;][vc_column][vc_single_image image=&#8221;46710&#8243; img_size=&#8221;full&#8221; qode_css_animation=&#8221;&#8221;][vc_column_text css=&#8221;.vc_custom_1677228153488{margin-top: 20px !important;}&#8221;] A h\u0151m\u00e9rs\u00e9klet-kalkul\u00e1tor Calculus\u00ae [\/vc_column_text][\/vc_column][\/vc_row][vc_row row_type=&#8221;row&#8221; use_row_as_full_screen_section=&#8221;no&#8221; type=&#8221;full_width&#8221; text_align=&#8221;left&#8221; background_animation=&#8221;none&#8221; padding_bottom=&#8221;45&#8243; css_animation=&#8221;&#8221; css=&#8221;.vc_custom_1677187662616{margin-top: -40px !important;}&#8221;][vc_column width=&#8221;1\/2&#8243;][vc_column_text css=&#8221;.vc_custom_1724253671190{padding-bottom: 30px !important;}&#8221;]A Calculus\u00ae egy mesters\u00e9ges intelligencia alap\u00fa webes eszk\u00f6z a belt\u00e9ri h\u0151m\u00e9rs\u00e9kleti k\u00fcl\u00f6nbs\u00e9gek el\u0151rejelz\u00e9s\u00e9re \u00e9s&#8230;<\/p>\n","protected":false},"author":1,"featured_media":0,"parent":0,"menu_order":800,"comment_status":"closed","ping_status":"closed","template":"","meta":{"footnotes":""},"class_list":["post-46854","page","type-page","status-publish","hentry"],"_links":{"self":[{"href":"https:\/\/www.climatecoating.com\/hu\/wp-json\/wp\/v2\/pages\/46854","targetHints":{"allow":["GET"]}}],"collection":[{"href":"https:\/\/www.climatecoating.com\/hu\/wp-json\/wp\/v2\/pages"}],"about":[{"href":"https:\/\/www.climatecoating.com\/hu\/wp-json\/wp\/v2\/types\/page"}],"author":[{"embeddable":true,"href":"https:\/\/www.climatecoating.com\/hu\/wp-json\/wp\/v2\/users\/1"}],"replies":[{"embeddable":true,"href":"https:\/\/www.climatecoating.com\/hu\/wp-json\/wp\/v2\/comments?post=46854"}],"version-history":[{"count":0,"href":"https:\/\/www.climatecoating.com\/hu\/wp-json\/wp\/v2\/pages\/46854\/revisions"}],"wp:attachment":[{"href":"https:\/\/www.climatecoating.com\/hu\/wp-json\/wp\/v2\/media?parent=46854"}],"curies":[{"name":"wp","href":"https:\/\/api.w.org\/{rel}","templated":true}]}}