{"id":46861,"date":"2023-05-02T10:27:26","date_gmt":"2023-05-02T08:27:26","guid":{"rendered":"https:\/\/www.climatecoating.com\/szallitas\/"},"modified":"2023-05-02T10:27:27","modified_gmt":"2023-05-02T08:27:27","slug":"szallitas","status":"publish","type":"page","link":"https:\/\/www.climatecoating.com\/hu\/szallitas\/","title":{"rendered":"Sz\u00e1ll\u00edt\u00e1s"},"content":{"rendered":"<div class=\"wpb-content-wrapper\"><p>[vc_row row_type=&#8221;row&#8221; use_row_as_full_screen_section=&#8221;no&#8221; type=&#8221;full_width&#8221; text_align=&#8221;left&#8221; background_animation=&#8221;none&#8221; css_animation=&#8221;&#8221;][vc_column][vc_column_text]<\/p>\n<h1>Sz\u00e1ll\u00edt\u00e1s<\/h1>\n<p>A sz\u00e1ll\u00edt\u00e1s a megrendel\u00e9s t\u00edpus\u00e1t\u00f3l \u00e9s mennyis\u00e9g\u00e9t\u0151l f\u00fcgg (DPD, sz\u00e1ll\u00edtm\u00e1nyoz\u00e1s).<br \/>\nSz\u00e1ll\u00edt\u00e1si k\u00f6lts\u00e9gmentesen sz\u00e1ll\u00edtunk 350,00 \u20ac \u00e9rt\u00e9k\u0171 kos\u00e1r\u00e9rt\u00e9kt\u0151l. 350,00 \u20ac rendel\u00e9si \u00e9rt\u00e9k alatt 9,95 \u20ac \u00e1tal\u00e1nyd\u00edjat sz\u00e1m\u00edtunk fel a sz\u00e1ll\u00edt\u00e1si k\u00f6lts\u00e9gekkel egy\u00fctt. H\u00c9A rendel\u00e9senk\u00e9nt. A sz\u00e1ll\u00edt\u00e1s csak N\u00e9metorsz\u00e1gon bel\u00fcl lehets\u00e9ges.[\/vc_column_text][\/vc_column][\/vc_row]<\/p>\n<\/div>","protected":false},"excerpt":{"rendered":"<p>[vc_row row_type=&#8221;row&#8221; use_row_as_full_screen_section=&#8221;no&#8221; type=&#8221;full_width&#8221; text_align=&#8221;left&#8221; background_animation=&#8221;none&#8221; css_animation=&#8221;&#8221;][vc_column][vc_column_text] Sz\u00e1ll\u00edt\u00e1s A sz\u00e1ll\u00edt\u00e1s a megrendel\u00e9s t\u00edpus\u00e1t\u00f3l \u00e9s mennyis\u00e9g\u00e9t\u0151l f\u00fcgg (DPD, sz\u00e1ll\u00edtm\u00e1nyoz\u00e1s). Sz\u00e1ll\u00edt\u00e1si k\u00f6lts\u00e9gmentesen sz\u00e1ll\u00edtunk 350,00 \u20ac \u00e9rt\u00e9k\u0171 kos\u00e1r\u00e9rt\u00e9kt\u0151l. 350,00 \u20ac rendel\u00e9si \u00e9rt\u00e9k alatt 9,95 \u20ac \u00e1tal\u00e1nyd\u00edjat sz\u00e1m\u00edtunk fel a sz\u00e1ll\u00edt\u00e1si k\u00f6lts\u00e9gekkel egy\u00fctt. H\u00c9A rendel\u00e9senk\u00e9nt. A sz\u00e1ll\u00edt\u00e1s csak N\u00e9metorsz\u00e1gon&#8230;<\/p>\n","protected":false},"author":1,"featured_media":0,"parent":0,"menu_order":0,"comment_status":"closed","ping_status":"closed","template":"","meta":{"footnotes":""},"class_list":["post-46861","page","type-page","status-publish","hentry"],"_links":{"self":[{"href":"https:\/\/www.climatecoating.com\/hu\/wp-json\/wp\/v2\/pages\/46861","targetHints":{"allow":["GET"]}}],"collection":[{"href":"https:\/\/www.climatecoating.com\/hu\/wp-json\/wp\/v2\/pages"}],"about":[{"href":"https:\/\/www.climatecoating.com\/hu\/wp-json\/wp\/v2\/types\/page"}],"author":[{"embeddable":true,"href":"https:\/\/www.climatecoating.com\/hu\/wp-json\/wp\/v2\/users\/1"}],"replies":[{"embeddable":true,"href":"https:\/\/www.climatecoating.com\/hu\/wp-json\/wp\/v2\/comments?post=46861"}],"version-history":[{"count":0,"href":"https:\/\/www.climatecoating.com\/hu\/wp-json\/wp\/v2\/pages\/46861\/revisions"}],"wp:attachment":[{"href":"https:\/\/www.climatecoating.com\/hu\/wp-json\/wp\/v2\/media?parent=46861"}],"curies":[{"name":"wp","href":"https:\/\/api.w.org\/{rel}","templated":true}]}}