{"id":46913,"date":"2023-05-02T10:27:48","date_gmt":"2023-05-02T08:27:48","guid":{"rendered":"https:\/\/www.climatecoating.com\/teto-projektek\/"},"modified":"2023-08-30T12:48:25","modified_gmt":"2023-08-30T10:48:25","slug":"teto-projektek","status":"publish","type":"page","link":"https:\/\/www.climatecoating.com\/hu\/hivatkozasok\/teto-projektek\/","title":{"rendered":"Tet\u0151 projektek"},"content":{"rendered":"<div class=\"wpb-content-wrapper\"><p>[vc_row row_type=&#8221;row&#8221; use_row_as_full_screen_section=&#8221;no&#8221; type=&#8221;full_width&#8221; text_align=&#8221;left&#8221; background_animation=&#8221;none&#8221; padding_top=&#8221;14&#8243; padding_bottom=&#8221;100&#8243; css_animation=&#8221;&#8221;][vc_column][vc_column_text]<\/p>\n<h1>Referenci\u00e1k &#8211; Tet\u0151projektek<\/h1>\n<p>[\/vc_column_text]<div class='projects_holder_outer v3 portfolio_with_space portfolio_with_hover_text  qode-filter-position-left'>\n\t    \t<div class='projects_holder clearfix v3 hover_text portfolio_default_image '>\n\t\t<article class=\"mix portfolio_category_3067\">\n    <div class='image_holder elegant_hover'>\n        \n<span class='image'><img loading=\"lazy\" decoding=\"async\" width=\"550\" height=\"498\" src=\"https:\/\/www.climatecoating.com\/wp-content\/uploads\/2020\/10\/ThermoActive_Roof_SK_2650x1440px-550x498.jpg\" class=\"attachment-portfolio-default size-portfolio-default wp-post-image\" alt=\"\" srcset=\"https:\/\/www.climatecoating.com\/wp-content\/uploads\/2020\/10\/ThermoActive_Roof_SK_2650x1440px-550x498.jpg 550w, https:\/\/www.climatecoating.com\/wp-content\/uploads\/2020\/10\/ThermoActive_Roof_SK_2650x1440px-480x434.jpg 480w, https:\/\/www.climatecoating.com\/wp-content\/uploads\/2020\/10\/ThermoActive_Roof_SK_2650x1440px-125x112.jpg 125w\" sizes=\"auto, (max-width: 550px) 100vw, 550px\" \/><\/span>\n                    <a class='portfolio_link_class' href='https:\/\/www.climatecoating.com\/hu\/hivatkozasok\/referencia\/schindler-gyar-szlovakiaban\/' target='_self'><\/a>\n\t\t\n        <div class=\"portfolio_shader\"><\/div>\n<div class=\"text_holder\">\n\t<div class=\"text_holder_inner\">\n\t\t<div class=\"text_holder_inner2\">\n\t\t\t<h4 class=\"portfolio_title\" > Schindler gy\u00e1r Szlov\u00e1ki\u00e1ban<\/h4><h6 class=\"portfolio_subtitle\"> <\/h6>\t\t<\/div>\n\t<\/div>\n<\/div>\n\n\n\t    \n    <\/div>\n<\/article>\n\t\t\t\t\t<div class='filler'><\/div>\n\t\t\t\t\t\t\t\t\t<div class='filler'><\/div>\n\t\t\t\t\t\t\t\t\t<div class='filler'><\/div>\n\t\t\t\t\t<\/div>\n\n    \n\t<\/div>\n[\/vc_column][\/vc_row][vc_row row_type=&#8221;row&#8221; use_row_as_full_screen_section=&#8221;no&#8221; type=&#8221;full_width&#8221; text_align=&#8221;left&#8221; background_animation=&#8221;none&#8221; css_animation=&#8221;&#8221;][vc_column][\/vc_column][\/vc_row]<\/p>\n<\/div>","protected":false},"excerpt":{"rendered":"A szlov\u00e1kiai Dunskaj\u00e1 Stred\u00e1ban a Schindler v\u00fdtahy a eskal\u00e1tory a.s. felvon\u00f3gy\u00e1r mintegy 14 000 m\u00b2 tet\u0151fel\u00fclet\u00e9t 2019-ben ThermoActive bevonattal vont\u00e1k be. A v\u00e9grehajt\u00f3 partner a HOFER SK, s.r.o., 01001 \u017dilina volt. A probl\u00e9ma Magas h\u0151m\u00e9rs\u00e9klet a gy\u00e1rt\u00f3csarnokokban a tet\u0151k f\u0171t\u00e9se miatt. Egy \u00f6sszehasonl\u00edt\u00f3 m\u00e9r\u00e9s sor\u00e1n...","protected":false},"author":3,"featured_media":0,"parent":47505,"menu_order":410,"comment_status":"closed","ping_status":"closed","template":"","meta":{"footnotes":""},"class_list":["post-46913","page","type-page","status-publish","hentry"],"_links":{"self":[{"href":"https:\/\/www.climatecoating.com\/hu\/wp-json\/wp\/v2\/pages\/46913","targetHints":{"allow":["GET"]}}],"collection":[{"href":"https:\/\/www.climatecoating.com\/hu\/wp-json\/wp\/v2\/pages"}],"about":[{"href":"https:\/\/www.climatecoating.com\/hu\/wp-json\/wp\/v2\/types\/page"}],"author":[{"embeddable":true,"href":"https:\/\/www.climatecoating.com\/hu\/wp-json\/wp\/v2\/users\/3"}],"replies":[{"embeddable":true,"href":"https:\/\/www.climatecoating.com\/hu\/wp-json\/wp\/v2\/comments?post=46913"}],"version-history":[{"count":0,"href":"https:\/\/www.climatecoating.com\/hu\/wp-json\/wp\/v2\/pages\/46913\/revisions"}],"up":[{"embeddable":true,"href":"https:\/\/www.climatecoating.com\/hu\/wp-json\/wp\/v2\/pages\/47505"}],"wp:attachment":[{"href":"https:\/\/www.climatecoating.com\/hu\/wp-json\/wp\/v2\/media?parent=46913"}],"curies":[{"name":"wp","href":"https:\/\/api.w.org\/{rel}","templated":true}]}}