{"id":47000,"date":"2023-05-02T10:28:25","date_gmt":"2023-05-02T08:28:25","guid":{"rendered":"https:\/\/www.climatecoating.com\/ipari-es-specialis-megoldasok\/"},"modified":"2023-08-30T13:09:42","modified_gmt":"2023-08-30T11:09:42","slug":"ipari-es-specialis-megoldasok","status":"publish","type":"page","link":"https:\/\/www.climatecoating.com\/hu\/alkalmazasi-teruletek\/ipari-es-specialis-megoldasok\/","title":{"rendered":"Ipari \u00e9s speci\u00e1lis megold\u00e1sok"},"content":{"rendered":"<div class=\"wpb-content-wrapper\"><p>[vc_row row_type=&#8221;row&#8221; use_row_as_full_screen_section=&#8221;no&#8221; type=&#8221;full_width&#8221; text_align=&#8221;left&#8221; background_animation=&#8221;none&#8221; padding_bottom=&#8221;45&#8243; css_animation=&#8221;&#8221;][vc_column][vc_single_image image=&#8221;45732&#8243; img_size=&#8221;full&#8221; qode_css_animation=&#8221;&#8221; css=&#8221;.vc_custom_1605019348238{padding-bottom: 30px !important;}&#8221;][vc_column_text]<\/p>\n<h1>Ipari \u00e9s speci\u00e1lis megold\u00e1sok<\/h1>\n<p>[\/vc_column_text][vc_column_text css=&#8221;.vc_custom_1612427797961{padding-bottom: 30px !important;}&#8221;]Vannak olyan kih\u00edv\u00e1sok, amelyek egyik kateg\u00f3ri\u00e1ba sem illenek bele, p\u00e9ld\u00e1ul a m\u0171anyagok vagy text\u00edli\u00e1k bevon\u00e1sa. Vagy speci\u00e1lis param\u00e9terekr\u0151l, tulajdons\u00e1gokr\u00f3l vagy hat\u00e1sokr\u00f3l van sz\u00f3, mint p\u00e9ld\u00e1ul az akusztika, az anyag rugalmass\u00e1ga vagy a katal\u00edzis. Nem sz\u00e1m\u00edt, milyen probl\u00e9m\u00e1ra keres megold\u00e1st, <a href=\"https:\/\/www.climatecoating.com\/hu\/kapcsolat\/\">vegye fel vel\u00fcnk a kapcsolatot<\/a> bevonatokkal vagy kapcsol\u00f3d\u00f3 t\u00e9m\u00e1kkal kapcsolatban.[\/vc_column_text][\/vc_column][\/vc_row][vc_row row_type=&#8221;row&#8221; use_row_as_full_screen_section=&#8221;no&#8221; type=&#8221;full_width&#8221; text_align=&#8221;left&#8221; background_animation=&#8221;none&#8221; css_animation=&#8221;&#8221;][vc_column]<div class=\"templatera_shortcode\"><div     class=\"vc_row wpb_row section vc_row-fluid backlink\" style=' text-align:left;'><div class=\" full_section_inner clearfix\"><div class=\"wpb_column vc_column_container vc_col-sm-12\"><div class=\"vc_column-inner\"><div class=\"wpb_wrapper\">\n\t<div class=\"wpb_text_column wpb_content_element \">\n\t\t<div class=\"wpb_wrapper\">\n\t\t\t<p style=\"text-align: center;\"><strong><a href=\"https:\/\/www.climatecoating.com\/hu\/alkalmazasi-teruletek\/\">&lt;&lt; Vissza az alkalmaz\u00e1si ter\u00fcletek \u00e1ttekint\u00e9s\u00e9hez<\/a><\/strong><\/p>\n\n\t\t<\/div>\n\t<\/div><\/div><\/div><\/div><\/div><\/div><\/div>[\/vc_column][\/vc_row]<\/p>\n<\/div>","protected":false},"excerpt":{"rendered":"Ipari \u00e9s speci\u00e1lis megold\u00e1sok Vannak olyan kih\u00edv\u00e1sok, amelyek egyik kateg\u00f3ri\u00e1ba sem illenek bele, p\u00e9ld\u00e1ul a m\u0171anyagok vagy text\u00edli\u00e1k bevon\u00e1sa. Vagy speci\u00e1lis param\u00e9terekr\u0151l, tulajdons\u00e1gokr\u00f3l vagy hat\u00e1sokr\u00f3l van sz\u00f3, mint p\u00e9ld\u00e1ul az akusztika, az anyag rugalmass\u00e1ga vagy a katal\u00edzis. Nem sz\u00e1m\u00edt, milyen probl\u00e9m\u00e1ra keres megold\u00e1st, vegye fel...","protected":false},"author":1,"featured_media":0,"parent":47144,"menu_order":160,"comment_status":"closed","ping_status":"closed","template":"","meta":{"footnotes":""},"class_list":["post-47000","page","type-page","status-publish","hentry"],"_links":{"self":[{"href":"https:\/\/www.climatecoating.com\/hu\/wp-json\/wp\/v2\/pages\/47000","targetHints":{"allow":["GET"]}}],"collection":[{"href":"https:\/\/www.climatecoating.com\/hu\/wp-json\/wp\/v2\/pages"}],"about":[{"href":"https:\/\/www.climatecoating.com\/hu\/wp-json\/wp\/v2\/types\/page"}],"author":[{"embeddable":true,"href":"https:\/\/www.climatecoating.com\/hu\/wp-json\/wp\/v2\/users\/1"}],"replies":[{"embeddable":true,"href":"https:\/\/www.climatecoating.com\/hu\/wp-json\/wp\/v2\/comments?post=47000"}],"version-history":[{"count":0,"href":"https:\/\/www.climatecoating.com\/hu\/wp-json\/wp\/v2\/pages\/47000\/revisions"}],"up":[{"embeddable":true,"href":"https:\/\/www.climatecoating.com\/hu\/wp-json\/wp\/v2\/pages\/47144"}],"wp:attachment":[{"href":"https:\/\/www.climatecoating.com\/hu\/wp-json\/wp\/v2\/media?parent=47000"}],"curies":[{"name":"wp","href":"https:\/\/api.w.org\/{rel}","templated":true}]}}