{"id":47004,"date":"2023-05-02T10:28:26","date_gmt":"2023-05-02T08:28:26","guid":{"rendered":"https:\/\/www.climatecoating.com\/kozlekedes-es-kozlekedes\/"},"modified":"2023-08-30T13:08:13","modified_gmt":"2023-08-30T11:08:13","slug":"szallitas-es-kozlekedes","status":"publish","type":"page","link":"https:\/\/www.climatecoating.com\/hu\/alkalmazasi-teruletek\/szallitas-es-kozlekedes\/","title":{"rendered":"Sz\u00e1ll\u00edt\u00e1s \u00e9s k\u00f6zleked\u00e9s"},"content":{"rendered":"<div class=\"wpb-content-wrapper\"><p>[vc_row row_type=&#8221;row&#8221; use_row_as_full_screen_section=&#8221;no&#8221; type=&#8221;full_width&#8221; text_align=&#8221;left&#8221; background_animation=&#8221;none&#8221; padding_bottom=&#8221;45&#8243; css_animation=&#8221;&#8221;][vc_column][vc_single_image image=&#8221;45742&#8243; img_size=&#8221;full&#8221; qode_css_animation=&#8221;&#8221; css=&#8221;.vc_custom_1605018699445{padding-bottom: 30px !important;}&#8221;][vc_column_text]<\/p>\n<h1>Sz\u00e1ll\u00edt\u00e1s \u00e9s k\u00f6zleked\u00e9s<\/h1>\n<p>[\/vc_column_text][vc_column_text css=&#8221;.vc_custom_1612818648866{padding-bottom: 30px !important;}&#8221;]Vannak olyan kih\u00edv\u00e1sok, amelyeket els\u0151 pillant\u00e1sra nem l\u00e1t, p\u00e9ld\u00e1ul a p\u00e1ralecsap\u00f3d\u00e1s megakad\u00e1lyoz\u00e1sa, a h\u0151m\u00e9rs\u00e9klet stabiliz\u00e1l\u00e1sa, az elektrosztatikus vagy h\u0151v\u00e9delem. Ha az \u00d6n ig\u00e9nye a -40\u00b0C \u00e9s +150\u00b0C k\u00f6z\u00f6tti h\u0151m\u00e9rs\u00e9klet-tartom\u00e1nyban van, akkor \u00e9rdekel minket az \u00d6n kih\u00edv\u00e1sa.[\/vc_column_text][vc_row_inner row_type=&#8221;row&#8221; type=&#8221;full_width&#8221; use_row_as_full_screen_section_slide=&#8221;no&#8221; text_align=&#8221;left&#8221; css_animation=&#8221;&#8221;][vc_column_inner width=&#8221;1\/3&#8243;][vc_column_text]VAS\u00daT[\/vc_column_text][vc_gallery interval=&#8221;3&#8243; images=&#8221;45630&#8243; img_size=&#8221;full&#8221; onclick=&#8221;&#8221; el_class=&#8221;flex-noarrows&#8221;][vc_separator type=&#8221;small&#8221; position=&#8221;left&#8221; border_style=&#8221;&#8221; up=&#8221;18&#8243; down=&#8221;20&#8243; color=&#8221;#d6202d&#8221;][vc_column_text]H\u0151csillap\u00edt\u00e1s<\/p>\n<p>H\u0171t\u00e9s<\/p>\n<p>Kondenz\u00e1tum cs\u00f6kkent\u00e9se[\/vc_column_text][\/vc_column_inner][vc_column_inner width=&#8221;1\/3&#8243;][vc_column_text]K\u00d6Z\u00daT[\/vc_column_text][vc_gallery interval=&#8221;3&#8243; images=&#8221;45630&#8243; img_size=&#8221;full&#8221; onclick=&#8221;&#8221; el_class=&#8221;flex-noarrows&#8221;][vc_separator type=&#8221;small&#8221; position=&#8221;left&#8221; border_style=&#8221;&#8221; up=&#8221;18&#8243; down=&#8221;20&#8243; color=&#8221;#d6202d&#8221;][vc_column_text]H\u0171t\u00e9s<\/p>\n<p>S\u00edntorzul\u00e1s elleni v\u00e9delem[\/vc_column_text][\/vc_column_inner][vc_column_inner width=&#8221;1\/3&#8243;][vc_column_text]KONT\u00c9NER[\/vc_column_text][vc_gallery interval=&#8221;3&#8243; images=&#8221;45630&#8243; img_size=&#8221;full&#8221; onclick=&#8221;&#8221; el_class=&#8221;flex-noarrows&#8221;][vc_separator type=&#8221;small&#8221; position=&#8221;left&#8221; border_style=&#8221;&#8221; up=&#8221;18&#8243; down=&#8221;20&#8243; color=&#8221;#d6202d&#8221;][vc_column_text]V\u00e9delem a napf\u00e9nyt\u0151l<\/p>\n<p>H\u0171t\u00e9s[\/vc_column_text][\/vc_column_inner][\/vc_row_inner][\/vc_column][\/vc_row][vc_row row_type=&#8221;row&#8221; use_row_as_full_screen_section=&#8221;no&#8221; type=&#8221;full_width&#8221; text_align=&#8221;left&#8221; background_animation=&#8221;none&#8221; css_animation=&#8221;&#8221;][vc_column]<div class=\"templatera_shortcode\"><div     class=\"vc_row wpb_row section vc_row-fluid backlink\" style=' text-align:left;'><div class=\" full_section_inner clearfix\"><div class=\"wpb_column vc_column_container vc_col-sm-12\"><div class=\"vc_column-inner\"><div class=\"wpb_wrapper\">\n\t<div class=\"wpb_text_column wpb_content_element \">\n\t\t<div class=\"wpb_wrapper\">\n\t\t\t<p style=\"text-align: center;\"><strong><a href=\"https:\/\/www.climatecoating.com\/hu\/alkalmazasi-teruletek\/\">&lt;&lt; Vissza az alkalmaz\u00e1si ter\u00fcletek \u00e1ttekint\u00e9s\u00e9hez<\/a><\/strong><\/p>\n\n\t\t<\/div>\n\t<\/div><\/div><\/div><\/div><\/div><\/div><\/div>[\/vc_column][\/vc_row]<\/p>\n<\/div>","protected":false},"excerpt":{"rendered":"Sz\u00e1ll\u00edt\u00e1s \u00e9s k\u00f6zleked\u00e9s Vannak olyan kih\u00edv\u00e1sok, amelyeket els\u0151 pillant\u00e1sra nem l\u00e1t, p\u00e9ld\u00e1ul a p\u00e1ralecsap\u00f3d\u00e1s megakad\u00e1lyoz\u00e1sa, a h\u0151m\u00e9rs\u00e9klet stabiliz\u00e1l\u00e1sa, az elektrosztatikus vagy h\u0151v\u00e9delem. Ha az \u00d6n ig\u00e9nye a -40\u00b0C \u00e9s +150\u00b0C k\u00f6z\u00f6tti h\u0151m\u00e9rs\u00e9klet-tartom\u00e1nyban van, akkor \u00e9rdekel minket az \u00d6n kih\u00edv\u00e1sa. VAS\u00daT H\u0151csillap\u00edt\u00e1s H\u0171t\u00e9s Kondenz\u00e1tum cs\u00f6kkent\u00e9se K\u00d6Z\u00daT...","protected":false},"author":1,"featured_media":0,"parent":47144,"menu_order":130,"comment_status":"closed","ping_status":"closed","template":"","meta":{"footnotes":""},"class_list":["post-47004","page","type-page","status-publish","hentry"],"_links":{"self":[{"href":"https:\/\/www.climatecoating.com\/hu\/wp-json\/wp\/v2\/pages\/47004","targetHints":{"allow":["GET"]}}],"collection":[{"href":"https:\/\/www.climatecoating.com\/hu\/wp-json\/wp\/v2\/pages"}],"about":[{"href":"https:\/\/www.climatecoating.com\/hu\/wp-json\/wp\/v2\/types\/page"}],"author":[{"embeddable":true,"href":"https:\/\/www.climatecoating.com\/hu\/wp-json\/wp\/v2\/users\/1"}],"replies":[{"embeddable":true,"href":"https:\/\/www.climatecoating.com\/hu\/wp-json\/wp\/v2\/comments?post=47004"}],"version-history":[{"count":0,"href":"https:\/\/www.climatecoating.com\/hu\/wp-json\/wp\/v2\/pages\/47004\/revisions"}],"up":[{"embeddable":true,"href":"https:\/\/www.climatecoating.com\/hu\/wp-json\/wp\/v2\/pages\/47144"}],"wp:attachment":[{"href":"https:\/\/www.climatecoating.com\/hu\/wp-json\/wp\/v2\/media?parent=47004"}],"curies":[{"name":"wp","href":"https:\/\/api.w.org\/{rel}","templated":true}]}}