{"id":47008,"date":"2023-05-02T10:28:27","date_gmt":"2023-05-02T08:28:27","guid":{"rendered":"https:\/\/www.climatecoating.com\/muszaki-szerkezetek\/"},"modified":"2023-08-30T13:09:36","modified_gmt":"2023-08-30T11:09:36","slug":"ipari-szerkezetek","status":"publish","type":"page","link":"https:\/\/www.climatecoating.com\/hu\/alkalmazasi-teruletek\/ipari-szerkezetek\/","title":{"rendered":"M\u0171szaki szerkezetek"},"content":{"rendered":"<div class=\"wpb-content-wrapper\"><p>[vc_row row_type=&#8221;row&#8221; use_row_as_full_screen_section=&#8221;no&#8221; type=&#8221;full_width&#8221; text_align=&#8221;left&#8221; background_animation=&#8221;none&#8221; padding_bottom=&#8221;45&#8243; css_animation=&#8221;&#8221;][vc_column][vc_single_image image=&#8221;45741&#8243; img_size=&#8221;full&#8221; qode_css_animation=&#8221;&#8221; css=&#8221;.vc_custom_1605019300402{padding-bottom: 30px !important;}&#8221;][vc_column_text]<\/p>\n<h1>Ipari Szerkezetek<\/h1>\n<p>[\/vc_column_text][vc_column_text css=&#8221;.vc_custom_1692789722433{padding-bottom: 30px !important;}&#8221;]A tart\u00e1lyoknak\u00a0 \u00e9s cs\u0151vezet\u00e9keknek olyan bevonatra lehet sz\u00fcks\u00e9g\u00fck, amely az \u00e1tlagosn\u00e1l t\u00f6bbet tud \u00e9s t\u00f6bbet b\u00edr. A\u00a0ClimateCoating<sup>\u00ae<\/sup>\u00a0IndustrySpecial term\u00e9kkel megel\u0151zhet\u0151 a p\u00e1ralecsap\u00f3d\u00e1s, stabiliz\u00e1lhat\u00f3 a h\u0151m\u00e9rs\u00e9klet \u00e9s cs\u00f6kkenthet\u0151 a f\u0171t\u00e9si vagy h\u0151terhel\u00e9s. M\u00e9g egyedibb bevonatmegold\u00e1sra van sz\u00fcks\u00e9ge? Akkor vedd fel vel\u00fcnk a kapcsolatot![\/vc_column_text][vc_row_inner row_type=&#8221;row&#8221; type=&#8221;full_width&#8221; use_row_as_full_screen_section_slide=&#8221;no&#8221; text_align=&#8221;left&#8221; css_animation=&#8221;&#8221;][vc_column_inner width=&#8221;1\/3&#8243;][vc_column_text]ALKALMAZ\u00c1SOK<br \/>\nK\u00dcLS\u0150[\/vc_column_text][vc_gallery interval=&#8221;3&#8243; images=&#8221;45625,45630,45638&#8243; img_size=&#8221;full&#8221; onclick=&#8221;&#8221; el_class=&#8221;flex-noarrows&#8221;][vc_separator type=&#8221;small&#8221; position=&#8221;left&#8221; border_style=&#8221;&#8221; up=&#8221;18&#8243; down=&#8221;20&#8243; color=&#8221;#d6202d&#8221;][vc_column_text]Az \u00e9p\u00fclet energiam\u00e9rleg\u00e9nek jav\u00edt\u00e1sa<\/p>\n<p>Tart\u00f3ss\u00e1g, reped\u00e9smentess\u00e9g \u00e9s robusztuss\u00e1g<\/p>\n<p>Az alg\u00e1k, a moha \u00e9s a gomb\u00e1k n\u00f6veked\u00e9s\u00e9nek cs\u00f6kkent\u00e9se<\/p>\n<p>Nedvess\u00e9gszab\u00e1lyoz\u00e1s \u00e9s h\u0151m\u00e9rs\u00e9klet-szab\u00e1lyoz\u00e1s<\/p>\n<p>T\u00f6rt\u00e9nelmi homlokzatok: K\u00edm\u00e9letes p\u00e1ramentes\u00edt\u00e9s \u00e9s \u00e9rt\u00e9kmeg\u0151rz\u00e9s<\/p>\n<p>T\u0171zg\u00e1tl\u00e1s<\/p>\n<p>V\u00e9d\u0151bevonat PU-habhoz[\/vc_column_text][\/vc_column_inner][vc_column_inner width=&#8221;1\/3&#8243;][vc_column_text]ALKALMAZ\u00c1SOK<br \/>\nTET\u0150[\/vc_column_text][vc_gallery interval=&#8221;3&#8243; images=&#8221;45627,45792,45791&#8243; img_size=&#8221;full&#8221; onclick=&#8221;&#8221; el_class=&#8221;flex-noarrows&#8221;][vc_separator type=&#8221;small&#8221; position=&#8221;left&#8221; border_style=&#8221;&#8221; up=&#8221;18&#8243; down=&#8221;20&#8243; color=&#8221;#d6202d&#8221;][vc_column_text]<a href=\"https:\/\/www.climatecoating.com\/hu\/hutes-es-hutesi-koltsegek-csokkentese\/\">H\u0171t\u00e9s \u00e9s a h\u0171t\u00e9si kapacit\u00e1s cs\u00f6kkent\u00e9se<\/a><\/p>\n<p>Id\u0151j\u00e1r\u00e1s elleni v\u00e9delem \u00e9s tart\u00f3ss\u00e1g<\/p>\n<p>Reped\u00e9s\u00e1thidal\u00e1s<\/p>\n<p>H\u0151csillap\u00edt\u00e1s[\/vc_column_text][\/vc_column_inner][vc_column_inner width=&#8221;1\/3&#8243;][vc_column_text]ALKALMAZ\u00c1SOK<br \/>\nFA[\/vc_column_text][vc_gallery interval=&#8221;3&#8243; images=&#8221;45759,45758,45757&#8243; img_size=&#8221;full&#8221; onclick=&#8221;&#8221; el_class=&#8221;flex-noarrows&#8221;][vc_separator type=&#8221;small&#8221; position=&#8221;left&#8221; border_style=&#8221;&#8221; up=&#8221;18&#8243; down=&#8221;20&#8243; color=&#8221;#d6202d&#8221;][vc_column_text]Hossz\u00fa t\u00e1v\u00fa id\u0151j\u00e1r\u00e1s elleni v\u00e9delem[\/vc_column_text][\/vc_column_inner][\/vc_row_inner][\/vc_column][\/vc_row][vc_row row_type=&#8221;row&#8221; use_row_as_full_screen_section=&#8221;no&#8221; type=&#8221;full_width&#8221; text_align=&#8221;left&#8221; background_animation=&#8221;none&#8221; css_animation=&#8221;&#8221;][vc_column]<div class=\"templatera_shortcode\"><div     class=\"vc_row wpb_row section vc_row-fluid backlink\" style=' text-align:left;'><div class=\" full_section_inner clearfix\"><div class=\"wpb_column vc_column_container vc_col-sm-12\"><div class=\"vc_column-inner\"><div class=\"wpb_wrapper\">\n\t<div class=\"wpb_text_column wpb_content_element \">\n\t\t<div class=\"wpb_wrapper\">\n\t\t\t<p style=\"text-align: center;\"><strong><a href=\"https:\/\/www.climatecoating.com\/hu\/alkalmazasi-teruletek\/\">&lt;&lt; Vissza az alkalmaz\u00e1si ter\u00fcletek \u00e1ttekint\u00e9s\u00e9hez<\/a><\/strong><\/p>\n\n\t\t<\/div>\n\t<\/div><\/div><\/div><\/div><\/div><\/div><\/div>[\/vc_column][\/vc_row]<\/p>\n<\/div>","protected":false},"excerpt":{"rendered":"Ipari Szerkezetek A tart\u00e1lyoknak\u00a0 \u00e9s cs\u0151vezet\u00e9keknek olyan bevonatra lehet sz\u00fcks\u00e9g\u00fck, amely az \u00e1tlagosn\u00e1l t\u00f6bbet tud \u00e9s t\u00f6bbet b\u00edr. A\u00a0ClimateCoating\u00ae\u00a0IndustrySpecial term\u00e9kkel megel\u0151zhet\u0151 a p\u00e1ralecsap\u00f3d\u00e1s, stabiliz\u00e1lhat\u00f3 a h\u0151m\u00e9rs\u00e9klet \u00e9s cs\u00f6kkenthet\u0151 a f\u0171t\u00e9si vagy h\u0151terhel\u00e9s. M\u00e9g egyedibb bevonatmegold\u00e1sra van sz\u00fcks\u00e9ge? Akkor vedd fel vel\u00fcnk a kapcsolatot! ALKALMAZ\u00c1SOK K\u00dcLS\u0150...","protected":false},"author":1,"featured_media":0,"parent":47144,"menu_order":155,"comment_status":"closed","ping_status":"closed","template":"","meta":{"footnotes":""},"class_list":["post-47008","page","type-page","status-publish","hentry"],"_links":{"self":[{"href":"https:\/\/www.climatecoating.com\/hu\/wp-json\/wp\/v2\/pages\/47008","targetHints":{"allow":["GET"]}}],"collection":[{"href":"https:\/\/www.climatecoating.com\/hu\/wp-json\/wp\/v2\/pages"}],"about":[{"href":"https:\/\/www.climatecoating.com\/hu\/wp-json\/wp\/v2\/types\/page"}],"author":[{"embeddable":true,"href":"https:\/\/www.climatecoating.com\/hu\/wp-json\/wp\/v2\/users\/1"}],"replies":[{"embeddable":true,"href":"https:\/\/www.climatecoating.com\/hu\/wp-json\/wp\/v2\/comments?post=47008"}],"version-history":[{"count":0,"href":"https:\/\/www.climatecoating.com\/hu\/wp-json\/wp\/v2\/pages\/47008\/revisions"}],"up":[{"embeddable":true,"href":"https:\/\/www.climatecoating.com\/hu\/wp-json\/wp\/v2\/pages\/47144"}],"wp:attachment":[{"href":"https:\/\/www.climatecoating.com\/hu\/wp-json\/wp\/v2\/media?parent=47008"}],"curies":[{"name":"wp","href":"https:\/\/api.w.org\/{rel}","templated":true}]}}