{"id":47009,"date":"2023-05-02T10:28:27","date_gmt":"2023-05-02T08:28:27","guid":{"rendered":"https:\/\/www.climatecoating.com\/hutes-es-hutesi-koltsegek-csokkentese\/"},"modified":"2023-05-02T10:28:35","modified_gmt":"2023-05-02T08:28:35","slug":"hutes-es-hutesi-koltsegek-csokkentese","status":"publish","type":"page","link":"https:\/\/www.climatecoating.com\/hu\/alkalmazasi-teruletek\/hutes-es-hutesi-koltsegek-csokkentese\/","title":{"rendered":"H\u0171t\u00e9s \u00e9s h\u0171t\u00e9si k\u00f6lts\u00e9gek cs\u00f6kkent\u00e9se"},"content":{"rendered":"<div class=\"wpb-content-wrapper\"><p>[vc_row row_type=&#8221;row&#8221; use_row_as_full_screen_section=&#8221;no&#8221; type=&#8221;full_width&#8221; text_align=&#8221;left&#8221; background_animation=&#8221;none&#8221; padding_bottom=&#8221;45&#8243; css_animation=&#8221;&#8221;][vc_column][vc_column_text css=&#8221;.vc_custom_1605177899210{padding-bottom: 30px !important;}&#8221;]<\/p>\n<h1>H\u0171t\u00e9s \u00e9s h\u0171t\u00e9si k\u00f6lts\u00e9gek cs\u00f6kkent\u00e9se<\/h1>\n<p>[\/vc_column_text][vc_single_image image=&#8221;45683&#8243; img_size=&#8221;full&#8221; qode_css_animation=&#8221;&#8221; css=&#8221;.vc_custom_1603351461583{padding-bottom: 30px !important;}&#8221;][\/vc_column][\/vc_row][vc_row row_type=&#8221;row&#8221; use_row_as_full_screen_section=&#8221;no&#8221; type=&#8221;full_width&#8221; text_align=&#8221;left&#8221; background_animation=&#8221;none&#8221; padding_bottom=&#8221;45&#8243; css_animation=&#8221;&#8221; el_class=&#8221;reverse_order&#8221;][vc_column width=&#8221;1\/4&#8243;]<div class=\"ult_row_spacer\"><div class=\"ult-sticky-anchor\"><div class=\"ult-sticky-section ult-sticky \"  data-gutter= '100' data-stick_behaviour= 'stick_with_scroll_row'  data-sticky_position= 'top' data-mobile='no' data-support='no'>[vc_raw_html]PGRpdiBpZD0ibGVmdG1lbnUiPgo8dWwgY2xhc3M9InN1Yi1tZW51IHN1Yi1tZW51c21hbGwiPgoJPGxpIGlkPSJtZW51LWl0ZW0tMjI4NzIiIGNsYXNzPSJtZW51LWl0ZW0gbWVudS1pdGVtLXR5cGUtcG9zdF90eXBlIG1lbnUtaXRlbS1vYmplY3QtcGFnZSBjbXctbGV2ZWwtMiBtZW51LWl0ZW0tMjI4NzIiPjxhIGhyZWY9IiMxIj5NYWdhcyByZWZsZXhpw7NzIMOpcnTDqWtlayAtIG1hamRuZW0gb2x5YW4sIG1pbnQgYSBow7M8L2E+PC9saT4KCTxsaSBpZD0ibWVudS1pdGVtLTIyODc1IiBjbGFzcz0ibWVudS1pdGVtIG1lbnUtaXRlbS10eXBlLXBvc3RfdHlwZSBtZW51LWl0ZW0tb2JqZWN0LXBhZ2UgY213LWxldmVsLTIgbWVudS1pdGVtLTIyODc1Ij48YSBocmVmPSIjMiI+S8O2bHRzw6lnY3PDtmtrZW50w6lzIHBhc3N6w612IGzDqWdrb25kaWNpb27DoWzDoXNzYWw8L2E+PC9saT4KCTxsaSBpZD0ibWVudS1pdGVtLTIyODc5IiBjbGFzcz0ibWVudS1pdGVtIG1lbnUtaXRlbS10eXBlLXBvc3RfdHlwZSBtZW51LWl0ZW0tb2JqZWN0LXBhZ2UgY213LWxldmVsLTIgbWVudS1pdGVtLTIyODc5Ij48YSBocmVmPSIjMyI+QSB0ZXTFkXN6ZXJrZXpldCDDqWxldHRhcnRhbcOhbmFrIG1lZ2hvc3N6YWJiw610w6FzYTwvYT48L2xpPgo8L3VsPgo8L2Rpdj4=[\/vc_raw_html]<\/div><div class=\"ult-space\"><\/div><\/div><\/div>[\/vc_column][vc_column width=&#8221;3\/4&#8243;][vc_raw_html]PGEgY2xhc3M9ImFuY2hvciIgbmFtZT0iMSI+PC9hPg==[\/vc_raw_html][vc_separator type=&#8221;normal&#8221; border_style=&#8221;&#8221; down=&#8221;30&#8243;][vc_column_text css=&#8221;.vc_custom_1603884116230{padding-bottom: 30px !important;}&#8221;]<\/p>\n<h2>Magas reflexi\u00f3s \u00e9rt\u00e9kek &#8211; majdnem olyan, mint a h\u00f3<\/h2>\n<p>A ThermoActive tet\u0151bevonat a napf\u00e9ny t\u00f6bb mint 91%-\u00e1t k\u00e9pes visszaverni. Ez egy bizony\u00edtott cs\u00facs\u00e9rt\u00e9k. A tiszta h\u00f3 100%-ban visszaveri a napf\u00e9nyt.[\/vc_column_text][vc_raw_html]PGEgY2xhc3M9ImFuY2hvciIgbmFtZT0iMiI+PC9hPg==[\/vc_raw_html][vc_separator type=&#8221;normal&#8221; border_style=&#8221;&#8221; down=&#8221;30&#8243;][vc_column_text css=&#8221;.vc_custom_1603884147764{padding-bottom: 30px !important;}&#8221;]<\/p>\n<h2>K\u00f6lts\u00e9gcs\u00f6kkent\u00e9s passz\u00edv l\u00e9gkondicion\u00e1l\u00e1ssal<\/h2>\n<p>A f\u00e9nyvisszaver\u0151 ThermoActive bevonat elnyeli a napf\u00e9nyb\u0151l elp\u00e1rolg\u00f3 nedvess\u00e9get \u00e9s h\u0171s\u00edt. A tet\u0151t nem felt\u00e9tlen\u00fcl kell feh\u00e9rre festeni. A s\u00f6t\u00e9tebb \u00e1rnyalatokkal viszonylag nagy h\u0171t\u00e9si kapacit\u00e1s \u00e9rhet\u0151 el a p\u00e1rolg\u00e1s r\u00e9v\u00e9n. \u00cdgy<br \/>\na h\u0171t\u00e9sre ford\u00edtott energiafogyaszt\u00e1s mindenk\u00e9ppen cs\u00f6kkenthet\u0151, \u00e9s hozz\u00e1j\u00e1rul a CO2-kibocs\u00e1t\u00e1s cs\u00f6kkent\u00e9s\u00e9hez.[\/vc_column_text][vc_raw_html]PGEgY2xhc3M9ImFuY2hvciIgbmFtZT0iMyI+PC9hPg==[\/vc_raw_html][vc_separator type=&#8221;normal&#8221; border_style=&#8221;&#8221; down=&#8221;30&#8243;][vc_column_text css=&#8221;.vc_custom_1603884182317{padding-bottom: 30px !important;}&#8221;]<\/p>\n<h2>A tet\u0151szerkezet \u00e9lettartam\u00e1nak meghosszabb\u00edt\u00e1sa<\/h2>\n<p>A ThermoActive kiv\u00e1l\u00f3 rugalmass\u00e1ga lehet\u0151v\u00e9 teszi az anyag\u00e1tmenetek probl\u00e9mamentes \u00e1thidal\u00e1s\u00e1t, m\u00e9gpedig -40\u00b0C \u00e9s +150\u00b0C k\u00f6z\u00f6tti h\u0151m\u00e9rs\u00e9kleten. A tet\u0151 tov\u00e1bbra is v\u00edzhatlan marad.<br \/>\nA bevonat rendk\u00edv\u00fcl robusztus \u00e9s \u00e9rz\u00e9ketlen a k\u00f6rnyezeti hat\u00e1sokra, p\u00e9ld\u00e1ul savakra, l\u00fagokra, \u00f3zonra, nitrog\u00e9n- \u00e9s k\u00e9noxidokra. A bevonat emellett rendk\u00edv\u00fcl UV-\u00e1ll\u00f3. Nem t\u00f6rik meg, nem pattog le a fest\u00e9k, nincs id\u0151j\u00e1r\u00e1s, \u00e9s ez hossz\u00fa t\u00e1von.<\/p>\n<p>Mindez egy\u00fcttesen meghosszabb\u00edtja a tet\u0151szerkezet \u00e9lettartam\u00e1t \u00e9s cs\u00f6kkenti a karbantart\u00e1si k\u00f6lts\u00e9geket.<\/p>\n<p><strong>Szeretne t\u00f6bbet megtudni?<\/strong><br \/>\n<a href=\"https:\/\/www.climatecoating.com\/kontakt\/\"><strong>Vegye fel a kapcsolatot!<\/strong><\/a>[\/vc_column_text][vc_video link=&#8221;https:\/\/www.youtube.com\/watch?v=Lilz-969SIo&#8221;][\/vc_column][\/vc_row][vc_row row_type=&#8221;row&#8221; use_row_as_full_screen_section=&#8221;no&#8221; type=&#8221;full_width&#8221; text_align=&#8221;left&#8221; background_animation=&#8221;none&#8221; css_animation=&#8221;&#8221;][vc_column][vc_column_text]<\/p>\n<h3>Term\u00e9kek<\/h3>\n<p>[\/vc_column_text][vc_separator type=&#8221;small&#8221; position=&#8221;left&#8221; border_style=&#8221;&#8221; up=&#8221;18&#8243; down=&#8221;20&#8243; color=&#8221;#d6202d&#8221;]<div class=\"woocommerce columns-4 \"><ul class=\"products columns-4 clearfix default\">        <li class=\"product type-product post-47112 status-publish first instock product_cat-elelmiszeripar product_cat-gyartoipar product_cat-kulso product_cat-kozepuletek product_cat-mezogazdasag-es-allattenyesztes product_cat-alkalmazasi-teruletek product_cat-epites-es-elet has-post-thumbnail taxable shipping-taxable purchasable product-type-variable\">\n\n                        <div class=\"top-product-section\">\n\n                <a class=\"product_list_thumb_link\" href=\"https:\/\/www.climatecoating.com\/hu\/produkt\/thermoactive\/\">\n                    <span class=\"image-wrapper\">\n                    <img loading=\"lazy\" decoding=\"async\" width=\"300\" height=\"300\" src=\"https:\/\/www.climatecoating.com\/wp-content\/uploads\/2025\/10\/12L500ml_THERMOACTIVE_m_frei-2-2-300x300.png\" class=\"attachment-woocommerce_thumbnail size-woocommerce_thumbnail\" alt=\"Au\u00dfenanstrich ThermoActive, langanhaltender Fassadenschutz, Gebinde 12,5 Liter\" srcset=\"https:\/\/www.climatecoating.com\/wp-content\/uploads\/2025\/10\/12L500ml_THERMOACTIVE_m_frei-2-2-300x300.png 300w, https:\/\/www.climatecoating.com\/wp-content\/uploads\/2025\/10\/12L500ml_THERMOACTIVE_m_frei-2-2-100x100.png 100w, https:\/\/www.climatecoating.com\/wp-content\/uploads\/2025\/10\/12L500ml_THERMOACTIVE_m_frei-2-2-600x600.png 600w, https:\/\/www.climatecoating.com\/wp-content\/uploads\/2025\/10\/12L500ml_THERMOACTIVE_m_frei-2-2-1024x1024.png 1024w, https:\/\/www.climatecoating.com\/wp-content\/uploads\/2025\/10\/12L500ml_THERMOACTIVE_m_frei-2-2-150x150.png 150w, https:\/\/www.climatecoating.com\/wp-content\/uploads\/2025\/10\/12L500ml_THERMOACTIVE_m_frei-2-2-768x768.png 768w, https:\/\/www.climatecoating.com\/wp-content\/uploads\/2025\/10\/12L500ml_THERMOACTIVE_m_frei-2-2-1536x1536.png 1536w, https:\/\/www.climatecoating.com\/wp-content\/uploads\/2025\/10\/12L500ml_THERMOACTIVE_m_frei-2-2-550x550.png 550w, https:\/\/www.climatecoating.com\/wp-content\/uploads\/2025\/10\/12L500ml_THERMOACTIVE_m_frei-2-2-500x500.png 500w, https:\/\/www.climatecoating.com\/wp-content\/uploads\/2025\/10\/12L500ml_THERMOACTIVE_m_frei-2-2-1000x1000.png 1000w, https:\/\/www.climatecoating.com\/wp-content\/uploads\/2025\/10\/12L500ml_THERMOACTIVE_m_frei-2-2-700x700.png 700w, https:\/\/www.climatecoating.com\/wp-content\/uploads\/2025\/10\/12L500ml_THERMOACTIVE_m_frei-2-2-1100x1100.png 1100w, https:\/\/www.climatecoating.com\/wp-content\/uploads\/2025\/10\/12L500ml_THERMOACTIVE_m_frei-2-2.png 1920w\" sizes=\"auto, (max-width: 300px) 100vw, 300px\" \/>                    <\/span>\n                <\/a>\n\n                <div class=\"add-to-cart-button-outer\"><div class=\"add-to-cart-button-inner\"><div class=\"add-to-cart-button-inner2\"><a href=\"https:\/\/www.climatecoating.com\/hu\/produkt\/thermoactive\/\" aria-describedby=\"woocommerce_loop_add_to_cart_link_describedby_47112\" data-quantity=\"1\" class=\"qbutton add-to-cart-button button product_type_variable add_to_cart_button\" data-product_id=\"47112\" data-product_sku=\"\" aria-label=\"V\u00e1lasszunk &ldquo;ThermoActive&rdquo; lehet\u0151s\u00e9gek k\u00f6z\u00fcl\" rel=\"nofollow\">Optionen w\u00e4hlen<\/a><\/div><\/div><\/div>\t<span id=\"woocommerce_loop_add_to_cart_link_describedby_47112\" class=\"screen-reader-text\">\n\t\tEnnek a term\u00e9knek t\u00f6bb vari\u00e1ci\u00f3ja van. A v\u00e1ltozatok a term\u00e9koldalon v\u00e1laszthat\u00f3k ki\t<\/span>\n\n            <\/div>\n\n            <div class=\"product_info_box\">\n\t            <span class=\"product-categories\"><a href=\"https:\/\/www.climatecoating.com\/hu\/alkalmazasi-teruletek\/elelmiszeripar\/\" rel=\"tag\">\u00c9lelmiszeripar<\/a>, <a href=\"https:\/\/www.climatecoating.com\/hu\/alkalmazasi-teruletek\/gyartoipar\/\" rel=\"tag\">Gy\u00e1rt\u00f3ipar<\/a>, <a href=\"https:\/\/www.climatecoating.com\/hu\/termekek\/kulso\/\" rel=\"tag\">K\u00fcls\u0151<\/a>, <a href=\"https:\/\/www.climatecoating.com\/hu\/alkalmazasi-teruletek\/kozepuletek\/\" rel=\"tag\">K\u00f6z\u00e9p\u00fcletek<\/a>, <a href=\"https:\/\/www.climatecoating.com\/hu\/alkalmazasi-teruletek\/mezogazdasag-es-allattenyesztes\/\" rel=\"tag\">Mez\u0151gazdas\u00e1g \u00e9s \u00e1llatteny\u00e9szt\u00e9s<\/a>, <a href=\"https:\/\/www.climatecoating.com\/hu\/alkalmazasi-teruletek\/\" rel=\"tag\">Alkalmaz\u00e1si ter\u00fcletek<\/a>, <a href=\"https:\/\/www.climatecoating.com\/hu\/alkalmazasi-teruletek\/epites-es-elet\/\" rel=\"tag\">\u00c9p\u00edt\u00e9s \u00e9s \u00e9let<\/a><\/span>\n                <a href=\"https:\/\/www.climatecoating.com\/hu\/produkt\/thermoactive\/\" class=\"product-category\">\n                    <span class=\"product-title\">ThermoActive<\/span>\n\n                    \n\n\t<span class=\"price\">ab <span class=\"woocommerce-Price-amount amount\"><bdi>117,95&nbsp;<span class=\"woocommerce-Price-currencySymbol\">&euro;<\/span><\/bdi><\/span><\/span>\n\n\t<p class=\"price price-unit smaller wc-gzd-additional-info wc-gzd-additional-info-loop\"><span class=\"woocommerce-Price-amount amount\">23,59&nbsp;<span class=\"woocommerce-Price-currencySymbol\">&euro;<\/span><\/span> \/  <span class=\"unit\">l<\/span><\/p>\n\n                <\/a>\n            <\/div>\n\n            \n\t<p class=\"wc-gzd-additional-info wc-gzd-additional-info-loop tax-info\">incl. VAT<\/p>\n\n\t<p class=\"wc-gzd-additional-info wc-gzd-additional-info-loop shipping-costs-info\">zzgl. <a href=\"https:\/\/www.climatecoating.com\/hu\/szallitas\/\" target=\"_blank\">Versandkosten<\/a><\/p>\n\n\n\t<p class=\"wc-gzd-additional-info wc-gzd-additional-info-loop product-units-wrapper product-units\">Produkt enth\u00e4lt: 5 <span class=\"unit\">l<\/span> &ndash; 12,5 <span class=\"unit\">l<\/span> <\/p>\n<div class=\"add-to-cart-button-outer\"><div class=\"add-to-cart-button-inner\"><div class=\"add-to-cart-button-inner2\"><a href=\"https:\/\/www.climatecoating.com\/hu\/produkt\/thermoactive\/\" aria-describedby=\"woocommerce_loop_add_to_cart_link_describedby_47112\" data-quantity=\"1\" class=\"qbutton add-to-cart-button button product_type_variable add_to_cart_button\" data-product_id=\"47112\" data-product_sku=\"\" aria-label=\"V\u00e1lasszunk &ldquo;ThermoActive&rdquo; lehet\u0151s\u00e9gek k\u00f6z\u00fcl\" rel=\"nofollow\">Optionen w\u00e4hlen<\/a><\/div><\/div><\/div>\t<span id=\"woocommerce_loop_add_to_cart_link_describedby_47112\" class=\"screen-reader-text\">\n\t\tEnnek a term\u00e9knek t\u00f6bb vari\u00e1ci\u00f3ja van. A v\u00e1ltozatok a term\u00e9koldalon v\u00e1laszthat\u00f3k ki\t<\/span>\n        <\/li>\n\n        <\/ul>\n<\/div>[\/vc_column][\/vc_row][vc_row row_type=&#8221;row&#8221; use_row_as_full_screen_section=&#8221;no&#8221; type=&#8221;full_width&#8221; text_align=&#8221;left&#8221; background_animation=&#8221;none&#8221; css_animation=&#8221;&#8221; css=&#8221;.vc_custom_1605014654715{padding-bottom: 30px !important;}&#8221;][vc_column][vc_column_text]<\/p>\n<h3>Hivatkoz\u00e1sok<\/h3>\n<p>[\/vc_column_text][vc_separator type=&#8221;small&#8221; position=&#8221;left&#8221; border_style=&#8221;&#8221; up=&#8221;18&#8243; down=&#8221;20&#8243; color=&#8221;#d6202d&#8221;]<div class='projects_holder_outer v4 portfolio_with_space portfolio_standard  qode-filter-position-top'>\n\t    \t<div class='projects_holder clearfix v4 standard portfolio_default_image '>\n\t\t<article class=\"mix portfolio_category_3067\">\n    <div class='image_holder default_hover'>\n        \n<span class='image'><img loading=\"lazy\" decoding=\"async\" width=\"550\" height=\"498\" src=\"https:\/\/www.climatecoating.com\/wp-content\/uploads\/2020\/10\/ThermoActive_Roof_SK_2650x1440px-550x498.jpg\" class=\"attachment-portfolio-default size-portfolio-default wp-post-image\" alt=\"\" srcset=\"https:\/\/www.climatecoating.com\/wp-content\/uploads\/2020\/10\/ThermoActive_Roof_SK_2650x1440px-550x498.jpg 550w, https:\/\/www.climatecoating.com\/wp-content\/uploads\/2020\/10\/ThermoActive_Roof_SK_2650x1440px-480x434.jpg 480w, https:\/\/www.climatecoating.com\/wp-content\/uploads\/2020\/10\/ThermoActive_Roof_SK_2650x1440px-125x112.jpg 125w\" sizes=\"auto, (max-width: 550px) 100vw, 550px\" \/><\/span>\n                    <a class='portfolio_link_class' href='https:\/\/www.climatecoating.com\/hu\/hivatkozasok\/referencia\/schindler-gyar-szlovakiaban\/' target='_self'><\/a>\n\t\t\n        <div class=\"portfolio_shader\"><\/div>\n\t\t<div class=\"icons_holder\">\n\t<div class=\"icons_holder_inner\">\n\t\t\t\t\t<a class='portfolio_lightbox' title='H\u0171t\u00e9s \u00e9s h\u0171t\u00e9si k\u00f6lts\u00e9gek cs\u00f6kkent\u00e9se' href='https:\/\/www.climatecoating.com\/wp-content\/uploads\/2020\/10\/ThermoActive_Roof_SK_2650x1440px.jpg' data-rel='prettyPhoto[pretty_photo_gallery]'><\/a>\n\t\t\t\t\t<\/div>\n<\/div>\n    <\/div>\n\n    <div class='portfolio_description ' >\n            <h4 class=\"portfolio_title\" ><a href=\"https:\/\/www.climatecoating.com\/hu\/hivatkozasok\/referencia\/schindler-gyar-szlovakiaban\/\" target=\"_self\"> Schindler gy\u00e1r Szlov\u00e1ki\u00e1ban<\/a><\/h4>\n<h6 class=\"portfolio_subtitle\"> <\/h6>    <\/div>\n<\/article>\n<article class=\"mix portfolio_category_3221\">\n    <div class='image_holder default_hover'>\n        \n<span class='image'><img loading=\"lazy\" decoding=\"async\" width=\"550\" height=\"498\" src=\"https:\/\/www.climatecoating.com\/wp-content\/uploads\/2020\/07\/Sanierung-Bauernhaus-in-den-Niederlanden_07-550x498.jpg\" class=\"attachment-portfolio-default size-portfolio-default wp-post-image\" alt=\"\" srcset=\"https:\/\/www.climatecoating.com\/wp-content\/uploads\/2020\/07\/Sanierung-Bauernhaus-in-den-Niederlanden_07-550x498.jpg 550w, https:\/\/www.climatecoating.com\/wp-content\/uploads\/2020\/07\/Sanierung-Bauernhaus-in-den-Niederlanden_07-480x434.jpg 480w, https:\/\/www.climatecoating.com\/wp-content\/uploads\/2020\/07\/Sanierung-Bauernhaus-in-den-Niederlanden_07-125x112.jpg 125w\" sizes=\"auto, (max-width: 550px) 100vw, 550px\" \/><\/span>\n                    <a class='portfolio_link_class' href='https:\/\/www.climatecoating.com\/hu\/hivatkozasok\/referencia\/felujitas-paraszthaz-hollandiaban\/' target='_self'><\/a>\n\t\t\n        <div class=\"portfolio_shader\"><\/div>\n\t\t<div class=\"icons_holder\">\n\t<div class=\"icons_holder_inner\">\n\t\t\t\t\t<a class='portfolio_lightbox' title='H\u0171t\u00e9s \u00e9s h\u0171t\u00e9si k\u00f6lts\u00e9gek cs\u00f6kkent\u00e9se' href='https:\/\/www.climatecoating.com\/wp-content\/uploads\/2020\/07\/Sanierung-Bauernhaus-in-den-Niederlanden_07.jpg' data-rel='prettyPhoto[pretty_photo_gallery]'><\/a>\n\t\t\t\t\t<\/div>\n<\/div>\n    <\/div>\n\n    <div class='portfolio_description ' >\n            <h4 class=\"portfolio_title\" ><a href=\"https:\/\/www.climatecoating.com\/hu\/hivatkozasok\/referencia\/felujitas-paraszthaz-hollandiaban\/\" target=\"_self\"> Fel\u00faj\u00edt\u00e1s paraszth\u00e1z Hollandi\u00e1ban<\/a><\/h4>\n<h6 class=\"portfolio_subtitle\"> <\/h6>    <\/div>\n<\/article>\n<article class=\"mix portfolio_category_3223\">\n    <div class='image_holder default_hover'>\n        \n<span class='image'><img loading=\"lazy\" decoding=\"async\" width=\"550\" height=\"498\" src=\"https:\/\/www.climatecoating.com\/wp-content\/uploads\/2020\/07\/Holzfassaden-mit-Nature_01-550x498.jpg\" class=\"attachment-portfolio-default size-portfolio-default wp-post-image\" alt=\"\" srcset=\"https:\/\/www.climatecoating.com\/wp-content\/uploads\/2020\/07\/Holzfassaden-mit-Nature_01-550x498.jpg 550w, https:\/\/www.climatecoating.com\/wp-content\/uploads\/2020\/07\/Holzfassaden-mit-Nature_01-480x434.jpg 480w, https:\/\/www.climatecoating.com\/wp-content\/uploads\/2020\/07\/Holzfassaden-mit-Nature_01-125x112.jpg 125w\" sizes=\"auto, (max-width: 550px) 100vw, 550px\" \/><\/span>\n                    <a class='portfolio_link_class' href='https:\/\/www.climatecoating.com\/hu\/hivatkozasok\/referencia\/fa-homlokzatok-a-termeszettel\/' target='_self'><\/a>\n\t\t\n        <div class=\"portfolio_shader\"><\/div>\n\t\t<div class=\"icons_holder\">\n\t<div class=\"icons_holder_inner\">\n\t\t\t\t\t<a class='portfolio_lightbox' title='H\u0171t\u00e9s \u00e9s h\u0171t\u00e9si k\u00f6lts\u00e9gek cs\u00f6kkent\u00e9se' href='https:\/\/www.climatecoating.com\/wp-content\/uploads\/2020\/07\/Holzfassaden-mit-Nature_01.jpg' data-rel='prettyPhoto[pretty_photo_gallery]'><\/a>\n\t\t\t\t\t<\/div>\n<\/div>\n    <\/div>\n\n    <div class='portfolio_description ' >\n            <h4 class=\"portfolio_title\" ><a href=\"https:\/\/www.climatecoating.com\/hu\/hivatkozasok\/referencia\/fa-homlokzatok-a-termeszettel\/\" target=\"_self\"> Fa homlokzatok a term\u00e9szettel<\/a><\/h4>\n<h6 class=\"portfolio_subtitle\"> <\/h6>    <\/div>\n<\/article>\n<article class=\"mix portfolio_category_3223\">\n    <div class='image_holder default_hover'>\n        \n<span class='image'><img loading=\"lazy\" decoding=\"async\" width=\"550\" height=\"498\" src=\"https:\/\/www.climatecoating.com\/wp-content\/uploads\/2020\/07\/Nature-vs-Farben_01-550x498.jpg\" class=\"attachment-portfolio-default size-portfolio-default wp-post-image\" alt=\"\" srcset=\"https:\/\/www.climatecoating.com\/wp-content\/uploads\/2020\/07\/Nature-vs-Farben_01-550x498.jpg 550w, https:\/\/www.climatecoating.com\/wp-content\/uploads\/2020\/07\/Nature-vs-Farben_01-480x434.jpg 480w, https:\/\/www.climatecoating.com\/wp-content\/uploads\/2020\/07\/Nature-vs-Farben_01-125x112.jpg 125w\" sizes=\"auto, (max-width: 550px) 100vw, 550px\" \/><\/span>\n                    <a class='portfolio_link_class' href='https:\/\/www.climatecoating.com\/hu\/hivatkozasok\/referencia\/termeszet-vs-szinek\/' target='_self'><\/a>\n\t\t\n        <div class=\"portfolio_shader\"><\/div>\n\t\t<div class=\"icons_holder\">\n\t<div class=\"icons_holder_inner\">\n\t\t\t\t\t<a class='portfolio_lightbox' title='H\u0171t\u00e9s \u00e9s h\u0171t\u00e9si k\u00f6lts\u00e9gek cs\u00f6kkent\u00e9se' href='https:\/\/www.climatecoating.com\/wp-content\/uploads\/2020\/07\/Nature-vs-Farben_01.jpg' data-rel='prettyPhoto[pretty_photo_gallery]'><\/a>\n\t\t\t\t\t<\/div>\n<\/div>\n    <\/div>\n\n    <div class='portfolio_description ' >\n            <h4 class=\"portfolio_title\" ><a href=\"https:\/\/www.climatecoating.com\/hu\/hivatkozasok\/referencia\/termeszet-vs-szinek\/\" target=\"_self\"> Term\u00e9szet vs sz\u00ednek<\/a><\/h4>\n<h6 class=\"portfolio_subtitle\"> <\/h6>    <\/div>\n<\/article>\n\t\t\t\t\t<div class='filler'><\/div>\n\t\t\t\t\t\t\t\t\t<div class='filler'><\/div>\n\t\t\t\t\t\t\t\t\t<div class='filler'><\/div>\n\t\t\t\t\t\t\t\t\t<div class='filler'><\/div>\n\t\t\t\t\t<\/div>\n\n    \n\t\t\t<div class=\"portfolio_paging\"><span rel=\"10\" class=\"load_more\"><a href=\"https:\/\/www.climatecoating.com\/hu\/wp-json\/wp\/v2\/pages\/47009\/page\/2\/\" >Mutass t\u00f6bbet<\/a><\/span><\/div>\n\t\t<div class=\"portfolio_paging_loading\"><a href=\"javascript: void(0)\" class=\"qbutton\">Loading...<\/a><\/div>\n\t<\/div>\n[\/vc_column][\/vc_row][vc_row row_type=&#8221;row&#8221; use_row_as_full_screen_section=&#8221;no&#8221; type=&#8221;full_width&#8221; text_align=&#8221;left&#8221; background_animation=&#8221;none&#8221; css_animation=&#8221;&#8221;][vc_column][\/vc_column][\/vc_row]<\/p>\n<\/div>","protected":false},"excerpt":{"rendered":"A gyakorlati tapasztalatok bizony\u00edtj\u00e1k a ClimateCoating\u00ae Nature el\u0151nyeit. A ClimateCoating\u00ae Nature a faelemek fest\u00e9ke. Pontosabban: a f\u00e1b\u00f3l k\u00e9sz\u00fclt nem dimenzi\u00f3s alkatr\u00e9szek eset\u00e9ben. Ez azt jelenti, hogy a ClimateCoating\u00ae nem alkalmas ablakok \u00e9s ajt\u00f3k burkol\u00e1s\u00e1ra, mivel a termoker\u00e1mia membr\u00e1n nem k\u00e9pes elviselni a falazatban fell\u00e9p\u0151 mechanikai...","protected":false},"author":1,"featured_media":0,"parent":47144,"menu_order":9999,"comment_status":"closed","ping_status":"closed","template":"","meta":{"footnotes":""},"class_list":["post-47009","page","type-page","status-publish","hentry"],"_links":{"self":[{"href":"https:\/\/www.climatecoating.com\/hu\/wp-json\/wp\/v2\/pages\/47009","targetHints":{"allow":["GET"]}}],"collection":[{"href":"https:\/\/www.climatecoating.com\/hu\/wp-json\/wp\/v2\/pages"}],"about":[{"href":"https:\/\/www.climatecoating.com\/hu\/wp-json\/wp\/v2\/types\/page"}],"author":[{"embeddable":true,"href":"https:\/\/www.climatecoating.com\/hu\/wp-json\/wp\/v2\/users\/1"}],"replies":[{"embeddable":true,"href":"https:\/\/www.climatecoating.com\/hu\/wp-json\/wp\/v2\/comments?post=47009"}],"version-history":[{"count":0,"href":"https:\/\/www.climatecoating.com\/hu\/wp-json\/wp\/v2\/pages\/47009\/revisions"}],"up":[{"embeddable":true,"href":"https:\/\/www.climatecoating.com\/hu\/wp-json\/wp\/v2\/pages\/47144"}],"wp:attachment":[{"href":"https:\/\/www.climatecoating.com\/hu\/wp-json\/wp\/v2\/media?parent=47009"}],"curies":[{"name":"wp","href":"https:\/\/api.w.org\/{rel}","templated":true}]}}