{"id":47013,"date":"2023-05-02T10:28:27","date_gmt":"2023-05-02T08:28:27","guid":{"rendered":"https:\/\/www.climatecoating.com\/muemlekvedelem\/"},"modified":"2023-08-30T13:03:38","modified_gmt":"2023-08-30T11:03:38","slug":"muemlekvedelem","status":"publish","type":"page","link":"https:\/\/www.climatecoating.com\/hu\/alkalmazasi-teruletek\/muemlekvedelem\/","title":{"rendered":"M\u0171eml\u00e9kv\u00e9delem"},"content":{"rendered":"<div class=\"wpb-content-wrapper\"><p>[vc_row row_type=&#8221;row&#8221; use_row_as_full_screen_section=&#8221;no&#8221; type=&#8221;full_width&#8221; text_align=&#8221;left&#8221; background_animation=&#8221;none&#8221; padding_bottom=&#8221;45&#8243; css_animation=&#8221;&#8221;][vc_column][vc_single_image image=&#8221;45733&#8243; img_size=&#8221;full&#8221; qode_css_animation=&#8221;&#8221; css=&#8221;.vc_custom_1605017192328{padding-bottom: 30px !important;}&#8221;][vc_column_text]<\/p>\n<h1>M\u0171eml\u00e9kv\u00e9delem<\/h1>\n<p>[\/vc_column_text][vc_column_text css=&#8221;.vc_custom_1692784540122{padding-bottom: 30px !important;}&#8221;]A r\u00e9gi \u00e9p\u00fcletekben szinte minden \u00e1sv\u00e1nyi falazat v\u00edzzel \u00e9s s\u00f3val szennyezett, \u00e9s a fel\u00faj\u00edt\u00e1s sor\u00e1n k\u00fcl\u00f6n\u00f6s gondoss\u00e1got ig\u00e9nyel. A k\u00edm\u00e9letes falsz\u00e1r\u00edt\u00e1s, \u00e9s a hossz\u00fa t\u00e1v\u00fa sz\u00edntart\u00f3s\u00e1g mellett a homlokzati bevonat tov\u00e1bbi elk\u00e9peszt\u0151 funkci\u00f3kat k\u00edn\u00e1l.[\/vc_column_text][vc_row_inner row_type=&#8221;row&#8221; type=&#8221;full_width&#8221; use_row_as_full_screen_section_slide=&#8221;no&#8221; text_align=&#8221;left&#8221; css_animation=&#8221;&#8221;][vc_column_inner width=&#8221;1\/3&#8243;][vc_column_text]PROBL\u00c9MAMEGOLD\u00c1SOK<br \/>\nBELS\u0150[\/vc_column_text][vc_gallery interval=&#8221;3&#8243; images=&#8221;45610,45613,45794&#8243; img_size=&#8221;full&#8221; onclick=&#8221;&#8221; el_class=&#8221;flex-noarrows&#8221;][vc_separator type=&#8221;small&#8221; position=&#8221;left&#8221; border_style=&#8221;&#8221; up=&#8221;18&#8243; down=&#8221;20&#8243; color=&#8221;#d6202d&#8221;][vc_column_text]V\u00e9delem a pen\u00e9sz ellen<\/p>\n<p>Szobahigi\u00e9nia<\/p>\n<p>Kondenz\u00e1tum megel\u0151z\u00e9s<\/p>\n<p>P\u00e1ratartalom szab\u00e1lyoz\u00e1s<\/p>\n<p>A belt\u00e9ri kl\u00edma jav\u00edt\u00e1sa<\/p>\n<p>\u00c9letkomfort<\/p>\n<p>Szagsemlegess\u00e9g<\/p>\n<p>Szennyez\u00e9ssel szembeni ellen\u00e1ll\u00e1s<\/p>\n<p>Energiatakar\u00e9koss\u00e1g<\/p>\n<p>Sz\u00ednstabilit\u00e1s<\/p>\n<p>Akusztikai javul\u00e1s<\/p>\n<p>Vil\u00e1gosabb szoba a f\u00e9nyvisszat\u00fckr\u00f6z\u00e9s miatt[\/vc_column_text][\/vc_column_inner][vc_column_inner width=&#8221;1\/3&#8243;][vc_column_text]V\u00c9DELEM<br \/>\nT\u00d6RT\u00c9NELMI HOMLOKZATOK[\/vc_column_text][vc_gallery interval=&#8221;3&#8243; images=&#8221;45631&#8243; img_size=&#8221;full&#8221; onclick=&#8221;&#8221; el_class=&#8221;flex-noarrows&#8221;][vc_separator type=&#8221;small&#8221; position=&#8221;left&#8221; border_style=&#8221;&#8221; up=&#8221;18&#8243; down=&#8221;20&#8243; color=&#8221;#d6202d&#8221;][vc_column_text]Energiatakar\u00e9koss\u00e1g<\/p>\n<p>Hossz\u00fa \u00e9lettartam<\/p>\n<p>Reped\u00e9smentes<\/p>\n<p>Robusztuss\u00e1g<\/p>\n<p>Szennyez\u0151d\u00e9s tasz\u00edt\u00f3 hat\u00e1s<\/p>\n<p>P\u00e1raszab\u00e1lyoz\u00e1s<\/p>\n<p>T\u0171zg\u00e1tl\u00e1s<\/p>\n<p>T\u00f6rt\u00e9nelmi homlokzatok k\u00edm\u00e9letes p\u00e1ramentes\u00edt\u00e9s\u00e9re<\/p>\n<p>A t\u00f6rt\u00e9nelmi homlokzatok \u00e9rt\u00e9k\u00e9nek meg\u0151rz\u00e9se[\/vc_column_text][\/vc_column_inner][vc_column_inner width=&#8221;1\/3&#8243;][vc_column_text]K\u00dcLT\u00c9RI FAFEL\u00dcLETEK<br \/>\nV\u00c9DELME[\/vc_column_text][vc_gallery interval=&#8221;3&#8243; images=&#8221;45758,45757,45759&#8243; img_size=&#8221;full&#8221; onclick=&#8221;&#8221; el_class=&#8221;flex-noarrows&#8221;][vc_separator type=&#8221;small&#8221; position=&#8221;left&#8221; border_style=&#8221;&#8221; up=&#8221;18&#8243; down=&#8221;20&#8243; color=&#8221;#d6202d&#8221;][vc_column_text]Hossz\u00fa t\u00e1v\u00fa id\u0151j\u00e1r\u00e1s elleni v\u00e9delem a fa sz\u00e1m\u00e1ra<\/p>\n<p>[\/vc_column_text][\/vc_column_inner][\/vc_row_inner][\/vc_column][\/vc_row][vc_row row_type=&#8221;row&#8221; use_row_as_full_screen_section=&#8221;no&#8221; type=&#8221;full_width&#8221; text_align=&#8221;left&#8221; background_animation=&#8221;none&#8221; css_animation=&#8221;&#8221;][vc_column]<div class=\"templatera_shortcode\"><div     class=\"vc_row wpb_row section vc_row-fluid backlink\" style=' text-align:left;'><div class=\" full_section_inner clearfix\"><div class=\"wpb_column vc_column_container vc_col-sm-12\"><div class=\"vc_column-inner\"><div class=\"wpb_wrapper\">\n\t<div class=\"wpb_text_column wpb_content_element \">\n\t\t<div class=\"wpb_wrapper\">\n\t\t\t<p style=\"text-align: center;\"><strong><a href=\"https:\/\/www.climatecoating.com\/hu\/alkalmazasi-teruletek\/\">&lt;&lt; Vissza az alkalmaz\u00e1si ter\u00fcletek \u00e1ttekint\u00e9s\u00e9hez<\/a><\/strong><\/p>\n\n\t\t<\/div>\n\t<\/div><\/div><\/div><\/div><\/div><\/div><\/div>[\/vc_column][\/vc_row]<\/p>\n<\/div>","protected":false},"excerpt":{"rendered":"M\u0171eml\u00e9kv\u00e9delem A r\u00e9gi \u00e9p\u00fcletekben szinte minden \u00e1sv\u00e1nyi falazat v\u00edzzel \u00e9s s\u00f3val szennyezett, \u00e9s a fel\u00faj\u00edt\u00e1s sor\u00e1n k\u00fcl\u00f6n\u00f6s gondoss\u00e1got ig\u00e9nyel. A k\u00edm\u00e9letes falsz\u00e1r\u00edt\u00e1s, \u00e9s a hossz\u00fa t\u00e1v\u00fa sz\u00edntart\u00f3s\u00e1g mellett a homlokzati bevonat tov\u00e1bbi elk\u00e9peszt\u0151 funkci\u00f3kat k\u00edn\u00e1l. PROBL\u00c9MAMEGOLD\u00c1SOK BELS\u0150 V\u00e9delem a pen\u00e9sz ellen Szobahigi\u00e9nia Kondenz\u00e1tum megel\u0151z\u00e9s P\u00e1ratartalom...","protected":false},"author":1,"featured_media":0,"parent":47144,"menu_order":110,"comment_status":"closed","ping_status":"closed","template":"","meta":{"footnotes":""},"class_list":["post-47013","page","type-page","status-publish","hentry"],"_links":{"self":[{"href":"https:\/\/www.climatecoating.com\/hu\/wp-json\/wp\/v2\/pages\/47013","targetHints":{"allow":["GET"]}}],"collection":[{"href":"https:\/\/www.climatecoating.com\/hu\/wp-json\/wp\/v2\/pages"}],"about":[{"href":"https:\/\/www.climatecoating.com\/hu\/wp-json\/wp\/v2\/types\/page"}],"author":[{"embeddable":true,"href":"https:\/\/www.climatecoating.com\/hu\/wp-json\/wp\/v2\/users\/1"}],"replies":[{"embeddable":true,"href":"https:\/\/www.climatecoating.com\/hu\/wp-json\/wp\/v2\/comments?post=47013"}],"version-history":[{"count":0,"href":"https:\/\/www.climatecoating.com\/hu\/wp-json\/wp\/v2\/pages\/47013\/revisions"}],"up":[{"embeddable":true,"href":"https:\/\/www.climatecoating.com\/hu\/wp-json\/wp\/v2\/pages\/47144"}],"wp:attachment":[{"href":"https:\/\/www.climatecoating.com\/hu\/wp-json\/wp\/v2\/media?parent=47013"}],"curies":[{"name":"wp","href":"https:\/\/api.w.org\/{rel}","templated":true}]}}