{"id":47026,"date":"2023-05-02T10:28:28","date_gmt":"2023-05-02T08:28:28","guid":{"rendered":"https:\/\/www.climatecoating.com\/kert-es-szabadido\/"},"modified":"2023-08-30T13:07:31","modified_gmt":"2023-08-30T11:07:31","slug":"kert-es-szabadido","status":"publish","type":"page","link":"https:\/\/www.climatecoating.com\/hu\/alkalmazasi-teruletek\/kert-es-szabadido\/","title":{"rendered":"Kert \u00e9s szabadid\u0151"},"content":{"rendered":"<div class=\"wpb-content-wrapper\"><p>[vc_row row_type=&#8221;row&#8221; use_row_as_full_screen_section=&#8221;no&#8221; type=&#8221;full_width&#8221; text_align=&#8221;left&#8221; background_animation=&#8221;none&#8221; padding_bottom=&#8221;45&#8243; css_animation=&#8221;&#8221;][vc_column][vc_single_image image=&#8221;45734&#8243; img_size=&#8221;full&#8221; qode_css_animation=&#8221;&#8221; css=&#8221;.vc_custom_1605018940325{padding-bottom: 30px !important;}&#8221;][vc_column_text]<\/p>\n<h1>Kert \u00e9s szabadid\u0151<\/h1>\n<p>[\/vc_column_text][vc_column_text css=&#8221;.vc_custom_1692786311954{padding-bottom: 30px !important;}&#8221;]A\u00a0ClimateCoating<sup>\u00ae<\/sup>\u00a0a k\u00fcls\u0151 faelemek cs\u00facstechnol\u00f3gi\u00e1s bevonatrendszer\u00e9vel ott j\u00e1r sikerrel, ahol m\u00e1sok kudarcot vallanak: \u00e1tlagon fel\u00fcli hossz\u00fa t\u00e1v\u00fa v\u00e9delem, amely nem pereg le. T\u00f6k\u00e9letes fel\u00fcletv\u00e9delem pergola, ker\u00edt\u00e9s \u00e9s finn kunyh\u00f3 sz\u00e1m\u00e1ra.<\/p>\n<p><strong>A vil\u00e1g legszebb anyaga <\/strong><br \/>\nNincs m\u00e9g egy anyag, amely a sokf\u00e9les\u00e9g, a formatervez\u00e9s, a funkcionalit\u00e1s, az \u00e9rzelmek, az \u00f6kol\u00f3gia \u00e9s az \u00e9letmin\u0151s\u00e9g szempontj\u00e1b\u00f3l t\u00f6bb el\u0151nyt egyes\u00edtene mag\u00e1ban, mint a fa. A fa az ember \u00e1ltal ismert leg\u0151sibb \u00e9s legterm\u00e9szetesebb \u00e9p\u00edt\u0151anyag. Mivel azonban a fa annyira \u00e9l\u0151, \u00e9rz\u00e9kenyen reag\u00e1l az id\u0151j\u00e1r\u00e1si hat\u00e1sokra, p\u00e9ld\u00e1ul a nedvess\u00e9gre, az UV-sug\u00e1rz\u00e1sra, a l\u00e9gszennyez\u00e9sre, valamint a k\u00fclt\u00e9ri gomb\u00e1kra, k\u00e1rtev\u0151kre \u00e9s rovarokra. Ez\u00e9rt a f\u00e1nak rendszeres \u00e1pol\u00e1sra van sz\u00fcks\u00e9ge ahhoz, hogy hossz\u00fa t\u00e1von meg\u0151rizze sz\u00e9ps\u00e9g\u00e9t \u00e9s funkci\u00f3j\u00e1t.<\/p>\n<p><strong>Alkalmaz\u00e1si p\u00e9ld\u00e1k<br \/>\n<\/strong>Fed\u0151 \u00e9s lasur bevonatokat k\u00edn\u00e1lunk \u00d6nnek minden k\u00fcls\u0151 fafel\u00fcletre.. V\u00e9dje \u00e9s d\u00edsz\u00edtse p\u00e9ld\u00e1ul a hornyolt deszk\u00e1kat, a gerend\u00e1kat, a red\u0151ny\u00f6ket, az erk\u00e9lykorl\u00e1tokat, a zsindelyeket, a pergol\u00e1kat \u00e9s a ker\u00edt\u00e9seket. Szeretne t\u00f6bbet tudni? Tekintse meg ezeket a <a href=\"https:\/\/www.climatecoating.com\/hu\/fahaz\/\">megold\u00e1sokat<\/a>, vagy k\u00fcldje el nek\u00fcnk <a href=\"https:\/\/www.climatecoating.com\/hu\/term%C3%A9k\/nature\/\">a ClimateCoating<sup>\u00ae<\/sup> &#8211; Nature-vel kapcsolatos \u00e9rdekl\u0151d\u00e9s\u00e9t <\/a>.[\/vc_column_text][vc_row_inner row_type=&#8221;row&#8221; type=&#8221;full_width&#8221; use_row_as_full_screen_section_slide=&#8221;no&#8221; text_align=&#8221;left&#8221; css_animation=&#8221;&#8221;][vc_column_inner width=&#8221;1\/4&#8243;][vc_column_text]SZ\u00cdNES FAV\u00c9DELEM[\/vc_column_text][vc_gallery interval=&#8221;3&#8243; images=&#8221;45758,45757,45759&#8243; img_size=&#8221;full&#8221; onclick=&#8221;&#8221; el_class=&#8221;flex-noarrows&#8221;][vc_separator type=&#8221;small&#8221; position=&#8221;left&#8221; border_style=&#8221;&#8221; up=&#8221;18&#8243; down=&#8221;20&#8243; color=&#8221;#d6202d&#8221;][\/vc_column_inner][vc_column_inner width=&#8221;3\/4&#8243;][\/vc_column_inner][\/vc_row_inner][vc_column_text]Hossz\u00fa t\u00e1v\u00fa id\u0151j\u00e1r\u00e1s elleni v\u00e9delem a fa sz\u00e1m\u00e1ra[\/vc_column_text][\/vc_column][\/vc_row][vc_row row_type=&#8221;row&#8221; use_row_as_full_screen_section=&#8221;no&#8221; type=&#8221;full_width&#8221; text_align=&#8221;left&#8221; background_animation=&#8221;none&#8221; css_animation=&#8221;&#8221;][vc_column]<div class=\"templatera_shortcode\"><div     class=\"vc_row wpb_row section vc_row-fluid backlink\" style=' text-align:left;'><div class=\" full_section_inner clearfix\"><div class=\"wpb_column vc_column_container vc_col-sm-12\"><div class=\"vc_column-inner\"><div class=\"wpb_wrapper\">\n\t<div class=\"wpb_text_column wpb_content_element \">\n\t\t<div class=\"wpb_wrapper\">\n\t\t\t<p style=\"text-align: center;\"><strong><a href=\"https:\/\/www.climatecoating.com\/hu\/alkalmazasi-teruletek\/\">&lt;&lt; Vissza az alkalmaz\u00e1si ter\u00fcletek \u00e1ttekint\u00e9s\u00e9hez<\/a><\/strong><\/p>\n\n\t\t<\/div>\n\t<\/div><\/div><\/div><\/div><\/div><\/div><\/div>[\/vc_column][\/vc_row]<\/p>\n<\/div>","protected":false},"excerpt":{"rendered":"Kert \u00e9s szabadid\u0151 A\u00a0ClimateCoating\u00ae\u00a0a k\u00fcls\u0151 faelemek cs\u00facstechnol\u00f3gi\u00e1s bevonatrendszer\u00e9vel ott j\u00e1r sikerrel, ahol m\u00e1sok kudarcot vallanak: \u00e1tlagon fel\u00fcli hossz\u00fa t\u00e1v\u00fa v\u00e9delem, amely nem pereg le. T\u00f6k\u00e9letes fel\u00fcletv\u00e9delem pergola, ker\u00edt\u00e9s \u00e9s finn kunyh\u00f3 sz\u00e1m\u00e1ra. A vil\u00e1g legszebb anyaga Nincs m\u00e9g egy anyag, amely a sokf\u00e9les\u00e9g, a formatervez\u00e9s,...","protected":false},"author":1,"featured_media":0,"parent":47144,"menu_order":135,"comment_status":"closed","ping_status":"closed","template":"","meta":{"footnotes":""},"class_list":["post-47026","page","type-page","status-publish","hentry"],"_links":{"self":[{"href":"https:\/\/www.climatecoating.com\/hu\/wp-json\/wp\/v2\/pages\/47026","targetHints":{"allow":["GET"]}}],"collection":[{"href":"https:\/\/www.climatecoating.com\/hu\/wp-json\/wp\/v2\/pages"}],"about":[{"href":"https:\/\/www.climatecoating.com\/hu\/wp-json\/wp\/v2\/types\/page"}],"author":[{"embeddable":true,"href":"https:\/\/www.climatecoating.com\/hu\/wp-json\/wp\/v2\/users\/1"}],"replies":[{"embeddable":true,"href":"https:\/\/www.climatecoating.com\/hu\/wp-json\/wp\/v2\/comments?post=47026"}],"version-history":[{"count":0,"href":"https:\/\/www.climatecoating.com\/hu\/wp-json\/wp\/v2\/pages\/47026\/revisions"}],"up":[{"embeddable":true,"href":"https:\/\/www.climatecoating.com\/hu\/wp-json\/wp\/v2\/pages\/47144"}],"wp:attachment":[{"href":"https:\/\/www.climatecoating.com\/hu\/wp-json\/wp\/v2\/media?parent=47026"}],"curies":[{"name":"wp","href":"https:\/\/api.w.org\/{rel}","templated":true}]}}