{"id":47033,"date":"2023-05-02T10:28:29","date_gmt":"2023-05-02T08:28:29","guid":{"rendered":"https:\/\/www.climatecoating.com\/elelmiszeripar\/"},"modified":"2023-08-30T13:04:17","modified_gmt":"2023-08-30T11:04:17","slug":"elelmiszeripar","status":"publish","type":"page","link":"https:\/\/www.climatecoating.com\/hu\/alkalmazasi-teruletek\/elelmiszeripar\/","title":{"rendered":"\u00c9lelmiszeripar"},"content":{"rendered":"<div class=\"wpb-content-wrapper\"><p>[vc_row row_type=&#8221;row&#8221; use_row_as_full_screen_section=&#8221;no&#8221; type=&#8221;full_width&#8221; text_align=&#8221;left&#8221; background_animation=&#8221;none&#8221; padding_bottom=&#8221;45&#8243; css_animation=&#8221;&#8221;][vc_column][vc_single_image image=&#8221;45738&#8243; img_size=&#8221;full&#8221; qode_css_animation=&#8221;&#8221; css=&#8221;.vc_custom_1605018080810{padding-bottom: 30px !important;}&#8221;][vc_column_text]<\/p>\n<h1>\u00c9lelmiszeripar<\/h1>\n<p>[\/vc_column_text][vc_column_text css=&#8221;.vc_custom_1605018105742{padding-bottom: 30px !important;}&#8221;]A higi\u00e9nia az els\u0151. A h\u0171t\u00e9si k\u00f6lts\u00e9gek cs\u00f6kkent\u00e9se a m\u00e1sodik helyen. A ClimateCoating<sup>\u00ae<\/sup> funkcion\u00e1lis bevonatok hossz\u00fa t\u00e1von \u00e9s hat\u00e9konyan hozz\u00e1j\u00e1rulhatnak mindk\u00e9t kih\u00edv\u00e1shoz. Hadd adjunk tan\u00e1csot![\/vc_column_text][vc_row_inner row_type=&#8221;row&#8221; type=&#8221;full_width&#8221; use_row_as_full_screen_section_slide=&#8221;no&#8221; text_align=&#8221;left&#8221; css_animation=&#8221;&#8221;][vc_column_inner width=&#8221;1\/2&#8243;][vc_column_text]HIG\u00c9NIA[\/vc_column_text][vc_gallery interval=&#8221;3&#8243; images=&#8221;45794,45747,45610&#8243; img_size=&#8221;full&#8221; onclick=&#8221;&#8221; el_class=&#8221;flex-noarrows&#8221;][vc_separator type=&#8221;small&#8221; position=&#8221;left&#8221; border_style=&#8221;&#8221; up=&#8221;18&#8243; down=&#8221;20&#8243; color=&#8221;#d6202d&#8221;][vc_column_text]V\u00e9delem a pen\u00e9sz ellen<\/p>\n<p>Szobahigi\u00e9nia<\/p>\n<p>Kondenz\u00e1tum megel\u0151z\u00e9s<\/p>\n<p>P\u00e1ratartalom szab\u00e1lyoz\u00e1s<\/p>\n<p>Szagsemlegess\u00e9g<\/p>\n<p>Szennyez\u00e9ssel szembeni ellen\u00e1ll\u00e1s<\/p>\n<p>Energiatakar\u00e9koss\u00e1g<\/p>\n<p>Szennyez\u0151d\u00e9sek elt\u00e1vol\u00edt\u00e1sa fotokatal\u00edzissel<\/p>\n<p>Vil\u00e1gosabb szoba a f\u00e9nyvisszat\u00fckr\u00f6z\u00e9s miatt<\/p>\n<p>Mennyezeti burkol\u00f3lap \u00e1tfest\u00e9s[\/vc_column_text][\/vc_column_inner][vc_column_inner width=&#8221;1\/2&#8243;][vc_column_text]\u00c9P\u00dcLETH\u0170T\u00c9S[\/vc_column_text][vc_gallery interval=&#8221;3&#8243; images=&#8221;45611,45609,45630&#8243; img_size=&#8221;full&#8221; onclick=&#8221;&#8221; el_class=&#8221;flex-noarrows&#8221;][vc_separator type=&#8221;small&#8221; position=&#8221;left&#8221; border_style=&#8221;&#8221; up=&#8221;18&#8243; down=&#8221;20&#8243; color=&#8221;#d6202d&#8221;][vc_column_text]Energiatakar\u00e9koss\u00e1g<\/p>\n<p>Hossz\u00fa \u00e9lettartam<\/p>\n<p>Reped\u00e9smentes<\/p>\n<p>Robusztuss\u00e1g<\/p>\n<p>Szennyez\u0151d\u00e9s tasz\u00edt\u00f3 hat\u00e1s<\/p>\n<p>P\u00e1raszab\u00e1lyoz\u00e1s<\/p>\n<p>T\u0171zg\u00e1tl\u00e1s<\/p>\n<p>H\u0171t\u00e9s \u00e9s h\u0171t\u00e9si k\u00f6lts\u00e9gek cs\u00f6kkent\u00e9se<\/p>\n<p>Id\u0151j\u00e1r\u00e1s elleni v\u00e9delem<\/p>\n<p>Reped\u00e9s\u00e1thidal\u00e1s<\/p>\n<p>H\u0151csillap\u00edt\u00e1s[\/vc_column_text][\/vc_column_inner][\/vc_row_inner][\/vc_column][\/vc_row][vc_row row_type=&#8221;row&#8221; use_row_as_full_screen_section=&#8221;no&#8221; type=&#8221;full_width&#8221; text_align=&#8221;left&#8221; background_animation=&#8221;none&#8221; css_animation=&#8221;&#8221;][vc_column]<div class=\"templatera_shortcode\"><div     class=\"vc_row wpb_row section vc_row-fluid backlink\" style=' text-align:left;'><div class=\" full_section_inner clearfix\"><div class=\"wpb_column vc_column_container vc_col-sm-12\"><div class=\"vc_column-inner\"><div class=\"wpb_wrapper\">\n\t<div class=\"wpb_text_column wpb_content_element \">\n\t\t<div class=\"wpb_wrapper\">\n\t\t\t<p style=\"text-align: center;\"><strong><a href=\"https:\/\/www.climatecoating.com\/hu\/alkalmazasi-teruletek\/\">&lt;&lt; Vissza az alkalmaz\u00e1si ter\u00fcletek \u00e1ttekint\u00e9s\u00e9hez<\/a><\/strong><\/p>\n\n\t\t<\/div>\n\t<\/div><\/div><\/div><\/div><\/div><\/div><\/div>[\/vc_column][\/vc_row]<\/p>\n<\/div>","protected":false},"excerpt":{"rendered":"\u00c9lelmiszeripar A higi\u00e9nia az els\u0151. A h\u0171t\u00e9si k\u00f6lts\u00e9gek cs\u00f6kkent\u00e9se a m\u00e1sodik helyen. A ClimateCoating\u00ae funkcion\u00e1lis bevonatok hossz\u00fa t\u00e1von \u00e9s hat\u00e9konyan hozz\u00e1j\u00e1rulhatnak mindk\u00e9t kih\u00edv\u00e1shoz. Hadd adjunk tan\u00e1csot! HIG\u00c9NIA V\u00e9delem a pen\u00e9sz ellen Szobahigi\u00e9nia Kondenz\u00e1tum megel\u0151z\u00e9s P\u00e1ratartalom szab\u00e1lyoz\u00e1s Szagsemlegess\u00e9g Szennyez\u00e9ssel szembeni ellen\u00e1ll\u00e1s Energiatakar\u00e9koss\u00e1g Szennyez\u0151d\u00e9sek elt\u00e1vol\u00edt\u00e1sa fotokatal\u00edzissel Vil\u00e1gosabb...","protected":false},"author":1,"featured_media":0,"parent":47144,"menu_order":115,"comment_status":"closed","ping_status":"closed","template":"","meta":{"footnotes":""},"class_list":["post-47033","page","type-page","status-publish","hentry"],"_links":{"self":[{"href":"https:\/\/www.climatecoating.com\/hu\/wp-json\/wp\/v2\/pages\/47033","targetHints":{"allow":["GET"]}}],"collection":[{"href":"https:\/\/www.climatecoating.com\/hu\/wp-json\/wp\/v2\/pages"}],"about":[{"href":"https:\/\/www.climatecoating.com\/hu\/wp-json\/wp\/v2\/types\/page"}],"author":[{"embeddable":true,"href":"https:\/\/www.climatecoating.com\/hu\/wp-json\/wp\/v2\/users\/1"}],"replies":[{"embeddable":true,"href":"https:\/\/www.climatecoating.com\/hu\/wp-json\/wp\/v2\/comments?post=47033"}],"version-history":[{"count":0,"href":"https:\/\/www.climatecoating.com\/hu\/wp-json\/wp\/v2\/pages\/47033\/revisions"}],"up":[{"embeddable":true,"href":"https:\/\/www.climatecoating.com\/hu\/wp-json\/wp\/v2\/pages\/47144"}],"wp:attachment":[{"href":"https:\/\/www.climatecoating.com\/hu\/wp-json\/wp\/v2\/media?parent=47033"}],"curies":[{"name":"wp","href":"https:\/\/api.w.org\/{rel}","templated":true}]}}